{"id":122,"date":"2021-06-16T08:49:47","date_gmt":"2021-06-16T08:49:47","guid":{"rendered":"https:\/\/olivera.org\/?page_id=122"},"modified":"2026-01-19T09:41:54","modified_gmt":"2026-01-19T09:41:54","slug":"enoturisme","status":"publish","type":"page","link":"https:\/\/olivera.org\/ca\/visitans\/can-calopa\/enoturisme\/","title":{"rendered":"Enoturisme"},"content":{"rendered":"\t\t<div data-elementor-type=\"wp-page\" data-elementor-id=\"122\" class=\"elementor elementor-122\" data-elementor-post-type=\"page\">\n\t\t\t\t\t\t<section class=\"elementor-section elementor-top-section elementor-element elementor-element-3b779f0 elementor-section-boxed elementor-section-height-default elementor-section-height-default\" data-id=\"3b779f0\" data-element_type=\"section\">\n\t\t\t\t\t\t<div class=\"elementor-container elementor-column-gap-default\">\n\t\t\t\t\t<div class=\"elementor-column elementor-col-100 elementor-top-column elementor-element elementor-element-f34722e\" data-id=\"f34722e\" data-element_type=\"column\">\n\t\t\t<div class=\"elementor-widget-wrap elementor-element-populated\">\n\t\t\t\t\t\t<div class=\"elementor-element elementor-element-8d02f48 elementor-widget elementor-widget-text-editor\" data-id=\"8d02f48\" data-element_type=\"widget\" data-widget_type=\"text-editor.default\">\n\t\t\t\t<div class=\"elementor-widget-container\">\n\t\t\t\t\t\t\t\t\t<p style=\"text-align: center\">Una masia, vinyes recuperades, un petit celler i un projecte d\u2019inclusi\u00f3 social que dona sentit a tot plegat. A la masia de Can Calopa de Dalt hi trobareu un espai natural a pocs minuts del centre de Barcelona on deixar que el temps s&#8217;aturi gaudint de les vistes al Parc de Collserola, copa en m\u00e0, per descobrir com es viu el dia a dia de la feina en l\u2019\u00fanica vinya de la ciutat de Barcelona.<\/p>\t\t\t\t\t\t\t\t<\/div>\n\t\t\t\t<\/div>\n\t\t\t\t\t<\/div>\n\t\t<\/div>\n\t\t\t\t\t<\/div>\n\t\t<\/section>\n\t\t\t\t<section class=\"elementor-section elementor-top-section elementor-element elementor-element-322f736 elementor-section-boxed elementor-section-height-default elementor-section-height-default\" data-id=\"322f736\" data-element_type=\"section\">\n\t\t\t\t\t\t<div class=\"elementor-container elementor-column-gap-default\">\n\t\t\t\t\t<div class=\"elementor-column elementor-col-100 elementor-top-column elementor-element elementor-element-33bda4b\" data-id=\"33bda4b\" data-element_type=\"column\">\n\t\t\t<div class=\"elementor-widget-wrap elementor-element-populated\">\n\t\t\t\t\t\t<section class=\"elementor-section elementor-inner-section elementor-element elementor-element-2736f60 elementor-section-boxed elementor-section-height-default elementor-section-height-default\" data-id=\"2736f60\" data-element_type=\"section\">\n\t\t\t\t\t\t<div class=\"elementor-container elementor-column-gap-default\">\n\t\t\t\t\t<div class=\"elementor-column elementor-col-50 elementor-inner-column elementor-element elementor-element-27f92c2\" data-id=\"27f92c2\" data-element_type=\"column\">\n\t\t\t<div class=\"elementor-widget-wrap elementor-element-populated\">\n\t\t\t\t\t\t<div class=\"elementor-element elementor-element-0c8389a elementor-widget elementor-widget-text-editor\" data-id=\"0c8389a\" data-element_type=\"widget\" data-widget_type=\"text-editor.default\">\n\t\t\t\t<div class=\"elementor-widget-container\">\n\t\t\t\t\t\t\t\t\t<p class=\"label-sans-serif\">Horari habitual:<\/p><p class=\"small-sans-serif\">De dijous a diumenge: 10.00h &#8211; 12.30h<\/p>\t\t\t\t\t\t\t\t<\/div>\n\t\t\t\t<\/div>\n\t\t\t\t\t<\/div>\n\t\t<\/div>\n\t\t\t\t<div class=\"elementor-column elementor-col-50 elementor-inner-column elementor-element elementor-element-c15ff57\" data-id=\"c15ff57\" data-element_type=\"column\">\n\t\t\t<div class=\"elementor-widget-wrap elementor-element-populated\">\n\t\t\t\t\t\t\t<\/div>\n\t\t<\/div>\n\t\t\t\t\t<\/div>\n\t\t<\/section>\n\t\t\t\t\t<\/div>\n\t\t<\/div>\n\t\t\t\t\t<\/div>\n\t\t<\/section>\n\t\t\t\t<section class=\"elementor-section elementor-top-section elementor-element elementor-element-dd5c9e7 elementor-section-big elementor-section-height-default elementor-section-height-default\" data-id=\"dd5c9e7\" data-element_type=\"section\">\n\t\t\t\t\t\t<div class=\"elementor-container elementor-column-gap-default\">\n\t\t\t\t\t<div class=\"elementor-column elementor-col-100 elementor-top-column elementor-element elementor-element-4a6851c\" data-id=\"4a6851c\" data-element_type=\"column\">\n\t\t\t<div class=\"elementor-widget-wrap elementor-element-populated\">\n\t\t\t\t\t\t<div class=\"elementor-element elementor-element-485573b elementor-widget elementor-widget-olivera-activitylisting\" data-id=\"485573b\" data-element_type=\"widget\" data-widget_type=\"olivera-activitylisting.default\">\n\t\t\t\t<div class=\"elementor-widget-container\">\n\t\t\t\t\t<div class=\"activity-list\" data-background-color=\"grey\" ><article class=\"activity\"><a class=\"block-link\" href=\"https:\/\/olivera.org\/ca\/activitat\/tasta-can-calopa\/\"><div class=\"featured-image\"><div class=\"image\" style=\"background-image: url(https:\/\/olivera.org\/wp-content\/uploads\/2021\/01\/Diseno-sin-titulo-58.png);\"><\/div><\/div><div class=\"description\"><div class=\"details\"><p class=\"days\"><svg xmlns=\"http:\/\/www.w3.org\/2000\/svg\" width=\"15.57\" height=\"14.383\" viewBox=\"0 0 15.57 14.383\">\n  <path id=\"Trazado_11674\" data-name=\"Trazado 11674\" d=\"M4.445,1.563H15.117A2.152,2.152,0,0,0,17.563-.859V-10.4a2.152,2.152,0,0,0-2.445-2.422H4.445A2.155,2.155,0,0,0,1.992-10.4V-.859A2.155,2.155,0,0,0,4.445,1.563ZM4.328.3A.971.971,0,0,1,3.25-.789V-8.156A.974.974,0,0,1,4.328-9.25H15.219A.979.979,0,0,1,16.3-8.156V-.789A.976.976,0,0,1,15.219.3ZM8.25-6.445h.461c.273,0,.367-.078.367-.352v-.461c0-.273-.094-.359-.367-.359H8.25c-.273,0-.367.086-.367.359V-6.8C7.883-6.523,7.977-6.445,8.25-6.445Zm2.6,0H11.3c.273,0,.367-.078.367-.352v-.461c0-.273-.094-.359-.367-.359h-.453c-.281,0-.367.086-.367.359V-6.8C10.484-6.523,10.57-6.445,10.852-6.445Zm2.594,0h.461c.273,0,.359-.078.359-.352v-.461c0-.273-.086-.359-.359-.359h-.461c-.273,0-.367.086-.367.359V-6.8C13.078-6.523,13.172-6.445,13.445-6.445ZM5.656-3.891h.461c.273,0,.359-.078.359-.352V-4.7c0-.273-.086-.352-.359-.352H5.656c-.273,0-.367.078-.367.352v.461C5.289-3.969,5.383-3.891,5.656-3.891Zm2.594,0h.461c.273,0,.367-.078.367-.352V-4.7c0-.273-.094-.352-.367-.352H8.25c-.273,0-.367.078-.367.352v.461C7.883-3.969,7.977-3.891,8.25-3.891Zm2.6,0H11.3c.273,0,.367-.078.367-.352V-4.7c0-.273-.094-.352-.367-.352h-.453c-.281,0-.367.078-.367.352v.461C10.484-3.969,10.57-3.891,10.852-3.891Zm2.594,0h.461c.273,0,.359-.078.359-.352V-4.7c0-.273-.086-.352-.359-.352h-.461c-.273,0-.367.078-.367.352v.461C13.078-3.969,13.172-3.891,13.445-3.891ZM5.656-1.328h.461c.273,0,.359-.086.359-.359v-.461c0-.273-.086-.352-.359-.352H5.656c-.273,0-.367.078-.367.352v.461C5.289-1.414,5.383-1.328,5.656-1.328Zm2.594,0h.461c.273,0,.367-.086.367-.359v-.461c0-.273-.094-.352-.367-.352H8.25c-.273,0-.367.078-.367.352v.461C7.883-1.414,7.977-1.328,8.25-1.328Zm2.6,0H11.3c.273,0,.367-.086.367-.359v-.461c0-.273-.094-.352-.367-.352h-.453c-.281,0-.367.078-.367.352v.461C10.484-1.414,10.57-1.328,10.852-1.328Z\" transform=\"translate(-1.992 12.82)\" fill=\"#001e53\"\/>\n<\/svg>\nDe dijous a diumenge<\/p><p class=\"location\"><svg xmlns=\"http:\/\/www.w3.org\/2000\/svg\" width=\"17.157\" height=\"21.167\" viewBox=\"0 0 17.157 21.167\">\r\n  <path id=\"Trazado_11672\" data-name=\"Trazado 11672\" d=\"M56.723,23.591a2.025,2.025,0,0,0,2.7,0c2.414-2.21,7.224-7.287,7.224-12.684C66.637,6.5,62.8,2.94,58.068,2.94h-.554A8.3,8.3,0,0,0,49.49,11C49.547,16.365,54.318,21.378,56.723,23.591ZM54.639,10.907a3.438,3.438,0,0,1,6.859,0,3.439,3.439,0,0,1-6.859.016Z\" transform=\"translate(-49.49 -2.94)\" fill=\"#001e53\"\/>\r\n<\/svg>\r\nMasia Can Calopa de Dalt<\/p><p class=\"length\"><svg xmlns=\"http:\/\/www.w3.org\/2000\/svg\" width=\"15.938\" height=\"15.938\" viewBox=\"0 0 15.938 15.938\">\r\n  <path id=\"Trazado_11673\" data-name=\"Trazado 11673\" d=\"M9.367,2.328a8.023,8.023,0,0,0,7.969-7.969,8.035,8.035,0,0,0-7.977-7.969A8.026,8.026,0,0,0,1.4-5.641,8.028,8.028,0,0,0,9.367,2.328ZM9.367,1A6.609,6.609,0,0,1,2.734-5.641a6.607,6.607,0,0,1,6.625-6.641,6.632,6.632,0,0,1,6.648,6.641A6.61,6.61,0,0,1,9.367,1ZM5.281-4.8H9.359a.539.539,0,0,0,.547-.547v-5.266a.537.537,0,0,0-.547-.539.53.53,0,0,0-.539.539v4.727H5.281a.532.532,0,0,0-.547.539A.534.534,0,0,0,5.281-4.8Z\" transform=\"translate(-1.398 13.609)\" fill=\"#001e53\"\/>\r\n<\/svg>\r\n1,5 hores<\/p><p class=\"price\">24,50 \u20ac<\/p><\/div><h1 class=\"title\">Tasta Can Calopa<\/h1><p class=\"excerpt\">Descobreix les vinyes i el celler d\u2019on surten els \u00fanics vins i olis de Barcelona. Passeja entre ceps i recorre els racons amagats de la masia centen\u00e0ria de Can Calopa per con\u00e8ixer de prop el projecte agroecol\u00f2gic i social que impulsa L\u2019Olivera al cor de Collserola. <\/p><p class=\"button\">Saber m\u00e9s<\/p><\/div><\/a><\/article><article class=\"activity\"><a class=\"block-link\" href=\"https:\/\/olivera.org\/ca\/activitat\/esmorzar-a-la-masia-can-calopa\/\"><div class=\"featured-image\"><div class=\"image\" style=\"background-image: url(https:\/\/olivera.org\/wp-content\/uploads\/2021\/01\/esmorzar-vinya-can-calopa-lolivera.jpg);\"><\/div><\/div><div class=\"description\"><div class=\"details\"><p class=\"days\"><svg xmlns=\"http:\/\/www.w3.org\/2000\/svg\" width=\"15.57\" height=\"14.383\" viewBox=\"0 0 15.57 14.383\">\n  <path id=\"Trazado_11674\" data-name=\"Trazado 11674\" d=\"M4.445,1.563H15.117A2.152,2.152,0,0,0,17.563-.859V-10.4a2.152,2.152,0,0,0-2.445-2.422H4.445A2.155,2.155,0,0,0,1.992-10.4V-.859A2.155,2.155,0,0,0,4.445,1.563ZM4.328.3A.971.971,0,0,1,3.25-.789V-8.156A.974.974,0,0,1,4.328-9.25H15.219A.979.979,0,0,1,16.3-8.156V-.789A.976.976,0,0,1,15.219.3ZM8.25-6.445h.461c.273,0,.367-.078.367-.352v-.461c0-.273-.094-.359-.367-.359H8.25c-.273,0-.367.086-.367.359V-6.8C7.883-6.523,7.977-6.445,8.25-6.445Zm2.6,0H11.3c.273,0,.367-.078.367-.352v-.461c0-.273-.094-.359-.367-.359h-.453c-.281,0-.367.086-.367.359V-6.8C10.484-6.523,10.57-6.445,10.852-6.445Zm2.594,0h.461c.273,0,.359-.078.359-.352v-.461c0-.273-.086-.359-.359-.359h-.461c-.273,0-.367.086-.367.359V-6.8C13.078-6.523,13.172-6.445,13.445-6.445ZM5.656-3.891h.461c.273,0,.359-.078.359-.352V-4.7c0-.273-.086-.352-.359-.352H5.656c-.273,0-.367.078-.367.352v.461C5.289-3.969,5.383-3.891,5.656-3.891Zm2.594,0h.461c.273,0,.367-.078.367-.352V-4.7c0-.273-.094-.352-.367-.352H8.25c-.273,0-.367.078-.367.352v.461C7.883-3.969,7.977-3.891,8.25-3.891Zm2.6,0H11.3c.273,0,.367-.078.367-.352V-4.7c0-.273-.094-.352-.367-.352h-.453c-.281,0-.367.078-.367.352v.461C10.484-3.969,10.57-3.891,10.852-3.891Zm2.594,0h.461c.273,0,.359-.078.359-.352V-4.7c0-.273-.086-.352-.359-.352h-.461c-.273,0-.367.078-.367.352v.461C13.078-3.969,13.172-3.891,13.445-3.891ZM5.656-1.328h.461c.273,0,.359-.086.359-.359v-.461c0-.273-.086-.352-.359-.352H5.656c-.273,0-.367.078-.367.352v.461C5.289-1.414,5.383-1.328,5.656-1.328Zm2.594,0h.461c.273,0,.367-.086.367-.359v-.461c0-.273-.094-.352-.367-.352H8.25c-.273,0-.367.078-.367.352v.461C7.883-1.414,7.977-1.328,8.25-1.328Zm2.6,0H11.3c.273,0,.367-.086.367-.359v-.461c0-.273-.094-.352-.367-.352h-.453c-.281,0-.367.078-.367.352v.461C10.484-1.414,10.57-1.328,10.852-1.328Z\" transform=\"translate(-1.992 12.82)\" fill=\"#001e53\"\/>\n<\/svg>\nDe dijous a diumenge<\/p><p class=\"location\"><svg xmlns=\"http:\/\/www.w3.org\/2000\/svg\" width=\"17.157\" height=\"21.167\" viewBox=\"0 0 17.157 21.167\">\r\n  <path id=\"Trazado_11672\" data-name=\"Trazado 11672\" d=\"M56.723,23.591a2.025,2.025,0,0,0,2.7,0c2.414-2.21,7.224-7.287,7.224-12.684C66.637,6.5,62.8,2.94,58.068,2.94h-.554A8.3,8.3,0,0,0,49.49,11C49.547,16.365,54.318,21.378,56.723,23.591ZM54.639,10.907a3.438,3.438,0,0,1,6.859,0,3.439,3.439,0,0,1-6.859.016Z\" transform=\"translate(-49.49 -2.94)\" fill=\"#001e53\"\/>\r\n<\/svg>\r\nMasia Can Calopa de Dalt<\/p><p class=\"length\"><svg xmlns=\"http:\/\/www.w3.org\/2000\/svg\" width=\"15.938\" height=\"15.938\" viewBox=\"0 0 15.938 15.938\">\r\n  <path id=\"Trazado_11673\" data-name=\"Trazado 11673\" d=\"M9.367,2.328a8.023,8.023,0,0,0,7.969-7.969,8.035,8.035,0,0,0-7.977-7.969A8.026,8.026,0,0,0,1.4-5.641,8.028,8.028,0,0,0,9.367,2.328ZM9.367,1A6.609,6.609,0,0,1,2.734-5.641a6.607,6.607,0,0,1,6.625-6.641,6.632,6.632,0,0,1,6.648,6.641A6.61,6.61,0,0,1,9.367,1ZM5.281-4.8H9.359a.539.539,0,0,0,.547-.547v-5.266a.537.537,0,0,0-.547-.539.53.53,0,0,0-.539.539v4.727H5.281a.532.532,0,0,0-.547.539A.534.534,0,0,0,5.281-4.8Z\" transform=\"translate(-1.398 13.609)\" fill=\"#001e53\"\/>\r\n<\/svg>\r\n2 hores i mitja<\/p><p class=\"price\">42 \u20ac<\/p><\/div><h1 class=\"title\">Esmorza Collserola<\/h1><p class=\"excerpt\">Submergeix-te en el paisatge hum\u00e0 i agr\u00edcola que encara avui perdura a la serra de Collserola. Descobreix el projecte de L\u2019Olivera tot resseguint la finca municipal de Can Calopa i gaudeix d\u2019un esmorzar de pag\u00e8s que et permetr\u00e0 tastar els nostres vins i olis aix\u00ed com els productes elaborats per petits artesans del Parc Natural. <\/p><p class=\"button\">Saber m\u00e9s<\/p><\/div><\/a><\/article><article class=\"activity\"><a class=\"block-link\" href=\"https:\/\/olivera.org\/ca\/activitat\/visita-un-projecte-dos-paisatges\/\"><div class=\"featured-image\"><div class=\"image\" style=\"background-image: url(https:\/\/olivera.org\/wp-content\/uploads\/2021\/01\/Diseno-sin-titulo-57.jpg);\"><\/div><\/div><div class=\"description\"><div class=\"details\"><p class=\"days\"><svg xmlns=\"http:\/\/www.w3.org\/2000\/svg\" width=\"15.57\" height=\"14.383\" viewBox=\"0 0 15.57 14.383\">\n  <path id=\"Trazado_11674\" data-name=\"Trazado 11674\" d=\"M4.445,1.563H15.117A2.152,2.152,0,0,0,17.563-.859V-10.4a2.152,2.152,0,0,0-2.445-2.422H4.445A2.155,2.155,0,0,0,1.992-10.4V-.859A2.155,2.155,0,0,0,4.445,1.563ZM4.328.3A.971.971,0,0,1,3.25-.789V-8.156A.974.974,0,0,1,4.328-9.25H15.219A.979.979,0,0,1,16.3-8.156V-.789A.976.976,0,0,1,15.219.3ZM8.25-6.445h.461c.273,0,.367-.078.367-.352v-.461c0-.273-.094-.359-.367-.359H8.25c-.273,0-.367.086-.367.359V-6.8C7.883-6.523,7.977-6.445,8.25-6.445Zm2.6,0H11.3c.273,0,.367-.078.367-.352v-.461c0-.273-.094-.359-.367-.359h-.453c-.281,0-.367.086-.367.359V-6.8C10.484-6.523,10.57-6.445,10.852-6.445Zm2.594,0h.461c.273,0,.359-.078.359-.352v-.461c0-.273-.086-.359-.359-.359h-.461c-.273,0-.367.086-.367.359V-6.8C13.078-6.523,13.172-6.445,13.445-6.445ZM5.656-3.891h.461c.273,0,.359-.078.359-.352V-4.7c0-.273-.086-.352-.359-.352H5.656c-.273,0-.367.078-.367.352v.461C5.289-3.969,5.383-3.891,5.656-3.891Zm2.594,0h.461c.273,0,.367-.078.367-.352V-4.7c0-.273-.094-.352-.367-.352H8.25c-.273,0-.367.078-.367.352v.461C7.883-3.969,7.977-3.891,8.25-3.891Zm2.6,0H11.3c.273,0,.367-.078.367-.352V-4.7c0-.273-.094-.352-.367-.352h-.453c-.281,0-.367.078-.367.352v.461C10.484-3.969,10.57-3.891,10.852-3.891Zm2.594,0h.461c.273,0,.359-.078.359-.352V-4.7c0-.273-.086-.352-.359-.352h-.461c-.273,0-.367.078-.367.352v.461C13.078-3.969,13.172-3.891,13.445-3.891ZM5.656-1.328h.461c.273,0,.359-.086.359-.359v-.461c0-.273-.086-.352-.359-.352H5.656c-.273,0-.367.078-.367.352v.461C5.289-1.414,5.383-1.328,5.656-1.328Zm2.594,0h.461c.273,0,.367-.086.367-.359v-.461c0-.273-.094-.352-.367-.352H8.25c-.273,0-.367.078-.367.352v.461C7.883-1.414,7.977-1.328,8.25-1.328Zm2.6,0H11.3c.273,0,.367-.086.367-.359v-.461c0-.273-.094-.352-.367-.352h-.453c-.281,0-.367.078-.367.352v.461C10.484-1.414,10.57-1.328,10.852-1.328Z\" transform=\"translate(-1.992 12.82)\" fill=\"#001e53\"\/>\n<\/svg>\nDe dijous a diumenge<\/p><p class=\"location\"><svg xmlns=\"http:\/\/www.w3.org\/2000\/svg\" width=\"17.157\" height=\"21.167\" viewBox=\"0 0 17.157 21.167\">\r\n  <path id=\"Trazado_11672\" data-name=\"Trazado 11672\" d=\"M56.723,23.591a2.025,2.025,0,0,0,2.7,0c2.414-2.21,7.224-7.287,7.224-12.684C66.637,6.5,62.8,2.94,58.068,2.94h-.554A8.3,8.3,0,0,0,49.49,11C49.547,16.365,54.318,21.378,56.723,23.591ZM54.639,10.907a3.438,3.438,0,0,1,6.859,0,3.439,3.439,0,0,1-6.859.016Z\" transform=\"translate(-49.49 -2.94)\" fill=\"#001e53\"\/>\r\n<\/svg>\r\nMasia Can Calopa de Dalt<\/p><p class=\"length\"><svg xmlns=\"http:\/\/www.w3.org\/2000\/svg\" width=\"15.938\" height=\"15.938\" viewBox=\"0 0 15.938 15.938\">\r\n  <path id=\"Trazado_11673\" data-name=\"Trazado 11673\" d=\"M9.367,2.328a8.023,8.023,0,0,0,7.969-7.969,8.035,8.035,0,0,0-7.977-7.969A8.026,8.026,0,0,0,1.4-5.641,8.028,8.028,0,0,0,9.367,2.328ZM9.367,1A6.609,6.609,0,0,1,2.734-5.641a6.607,6.607,0,0,1,6.625-6.641,6.632,6.632,0,0,1,6.648,6.641A6.61,6.61,0,0,1,9.367,1ZM5.281-4.8H9.359a.539.539,0,0,0,.547-.547v-5.266a.537.537,0,0,0-.547-.539.53.53,0,0,0-.539.539v4.727H5.281a.532.532,0,0,0-.547.539A.534.534,0,0,0,5.281-4.8Z\" transform=\"translate(-1.398 13.609)\" fill=\"#001e53\"\/>\r\n<\/svg>\r\n3 hores<\/p><p class=\"price\">66,50 \u20ac<\/p><\/div><h1 class=\"title\">L&#8217;Olivera: un projecte, dos paisatges<\/h1><p class=\"excerpt\">L'Olivera \u00e9s una iniciativa d'agricultura social destinada a l'elaboraci\u00f3 de vins i olis singulars mentre afavoreix la integraci\u00f3 sociolaboral de persones vulnerables. Nascuda a Vallbona de les Monges (l'Urgell), tamb\u00e9 \u00e9s present a la serra de Collserola de Barcelona. Passa un dia a la nostra finca i coneix les realitats rurals i periurbanes d'on sorgeixen els nostres vins mentre gaudeixes d'un \u00e0pat maj\u00fascul elaborat amb productes de proximitat. <\/p><p class=\"button\">Saber m\u00e9s<\/p><\/div><\/a><\/article><\/div>\t\t\t\t<\/div>\n\t\t\t\t<\/div>\n\t\t\t\t\t<\/div>\n\t\t<\/div>\n\t\t\t\t\t<\/div>\n\t\t<\/section>\n\t\t\t\t<\/div>\n\t\t","protected":false},"excerpt":{"rendered":"<p>Una masia, vinyes recuperades, un petit celler i un projecte d\u2019inclusi\u00f3 social que dona sentit a tot plegat. A la masia de Can Calopa de Dalt hi trobareu un espai natural a pocs minuts del centre de Barcelona on deixar que el temps s&#8217;aturi gaudint de les vistes al Parc de Collserola, copa en m\u00e0, [&hellip;]<\/p>\n","protected":false},"author":12,"featured_media":0,"parent":13442,"menu_order":0,"comment_status":"closed","ping_status":"closed","template":"","meta":{"_acf_changed":false,"footnotes":""},"class_list":["post-122","page","type-page","status-publish","hentry"],"acf":[],"jetpack_sharing_enabled":true,"_links":{"self":[{"href":"https:\/\/olivera.org\/ca\/wp-json\/wp\/v2\/pages\/122","targetHints":{"allow":["GET"]}}],"collection":[{"href":"https:\/\/olivera.org\/ca\/wp-json\/wp\/v2\/pages"}],"about":[{"href":"https:\/\/olivera.org\/ca\/wp-json\/wp\/v2\/types\/page"}],"author":[{"embeddable":true,"href":"https:\/\/olivera.org\/ca\/wp-json\/wp\/v2\/users\/12"}],"replies":[{"embeddable":true,"href":"https:\/\/olivera.org\/ca\/wp-json\/wp\/v2\/comments?post=122"}],"version-history":[{"count":6,"href":"https:\/\/olivera.org\/ca\/wp-json\/wp\/v2\/pages\/122\/revisions"}],"predecessor-version":[{"id":33942,"href":"https:\/\/olivera.org\/ca\/wp-json\/wp\/v2\/pages\/122\/revisions\/33942"}],"up":[{"embeddable":true,"href":"https:\/\/olivera.org\/ca\/wp-json\/wp\/v2\/pages\/13442"}],"wp:attachment":[{"href":"https:\/\/olivera.org\/ca\/wp-json\/wp\/v2\/media?parent=122"}],"curies":[{"name":"wp","href":"https:\/\/api.w.org\/{rel}","templated":true}]}}