{"id":124,"date":"2020-10-15T08:50:17","date_gmt":"2020-10-15T08:50:17","guid":{"rendered":"https:\/\/olivera.org\/?page_id=124"},"modified":"2026-03-12T10:13:08","modified_gmt":"2026-03-12T10:13:08","slug":"vallbona-de-les-monges","status":"publish","type":"page","link":"https:\/\/olivera.org\/ca\/visitans\/vallbona-de-les-monges\/","title":{"rendered":"Vallbona de les Monges"},"content":{"rendered":"\t\t<div data-elementor-type=\"wp-page\" data-elementor-id=\"124\" class=\"elementor elementor-124\" data-elementor-post-type=\"page\">\n\t\t\t\t\t\t<section class=\"elementor-section elementor-top-section elementor-element elementor-element-b25f1a4 elementor-section-boxed elementor-section-height-default elementor-section-height-default\" data-id=\"b25f1a4\" data-element_type=\"section\">\n\t\t\t\t\t\t<div class=\"elementor-container elementor-column-gap-default\">\n\t\t\t\t\t<div class=\"elementor-column elementor-col-100 elementor-top-column elementor-element elementor-element-039c6dc\" data-id=\"039c6dc\" data-element_type=\"column\">\n\t\t\t<div class=\"elementor-widget-wrap elementor-element-populated\">\n\t\t\t\t\t\t<div class=\"elementor-element elementor-element-0ed0037 elementor-widget elementor-widget-text-editor\" data-id=\"0ed0037\" data-element_type=\"widget\" data-widget_type=\"text-editor.default\">\n\t\t\t\t<div class=\"elementor-widget-container\">\n\t\t\t\t\t\t\t\t\t<p class=\"MsoNormal\" style=\"text-align: center;\"><span style=\"font-size: 16.5pt; line-height: 115%;\">Entre carenes, valls petites i silenci mon\u00e0stic, Vallbona de les Monges dona la benvinguda al visitant. A dalt d\u2019un tur\u00f3, el celler de L\u2019Olivera us obre les portes per donar-vos a con\u00e8ixer l\u2019ess\u00e8ncia de la Vall del Corb a trav\u00e9s dels seus vins. Gaudiu de l\u2019experi\u00e8ncia d\u2019endinsar-vos en aquest paisatge de sec\u00e0 a trav\u00e9s dels sentits.\u00a0<\/span><\/p>\t\t\t\t\t\t\t\t<\/div>\n\t\t\t\t<\/div>\n\t\t\t\t\t<\/div>\n\t\t<\/div>\n\t\t\t\t\t<\/div>\n\t\t<\/section>\n\t\t\t\t<section class=\"elementor-section elementor-top-section elementor-element elementor-element-cb94c9c elementor-section-boxed elementor-section-height-default elementor-section-height-default\" data-id=\"cb94c9c\" data-element_type=\"section\">\n\t\t\t\t\t\t<div class=\"elementor-container elementor-column-gap-default\">\n\t\t\t\t\t<div class=\"elementor-column elementor-col-50 elementor-top-column elementor-element elementor-element-0d4418c\" data-id=\"0d4418c\" data-element_type=\"column\">\n\t\t\t<div class=\"elementor-widget-wrap elementor-element-populated\">\n\t\t\t\t\t\t<div class=\"elementor-element elementor-element-f931e4f elementor-widget elementor-widget-text-editor\" data-id=\"f931e4f\" data-element_type=\"widget\" data-widget_type=\"text-editor.default\">\n\t\t\t\t<div class=\"elementor-widget-container\">\n\t\t\t\t\t\t\t\t\t<p><b>Horaris del celler:<\/b><\/p><p>De dilluns a dijous: 8.00 h &#8211; 14.00 h | 15.00 h-17.00 h<br \/>Divendres: 8.00 h-14.00 h<br \/>Dissabte i diumenge: 10.00 h-14.00 h<\/p>\t\t\t\t\t\t\t\t<\/div>\n\t\t\t\t<\/div>\n\t\t\t\t\t<\/div>\n\t\t<\/div>\n\t\t\t\t<div class=\"elementor-column elementor-col-50 elementor-top-column elementor-element elementor-element-ce01434\" data-id=\"ce01434\" data-element_type=\"column\">\n\t\t\t<div class=\"elementor-widget-wrap elementor-element-populated\">\n\t\t\t\t\t\t\t<\/div>\n\t\t<\/div>\n\t\t\t\t\t<\/div>\n\t\t<\/section>\n\t\t\t\t<section class=\"elementor-section elementor-top-section elementor-element elementor-element-b2cde85 elementor-section-big elementor-section-height-default elementor-section-height-default\" data-id=\"b2cde85\" data-element_type=\"section\">\n\t\t\t\t\t\t<div class=\"elementor-container elementor-column-gap-default\">\n\t\t\t\t\t<div class=\"elementor-column elementor-col-100 elementor-top-column elementor-element elementor-element-ffb190c\" data-id=\"ffb190c\" data-element_type=\"column\">\n\t\t\t<div class=\"elementor-widget-wrap elementor-element-populated\">\n\t\t\t\t\t\t<div class=\"elementor-element elementor-element-f9b5c36 elementor-widget elementor-widget-olivera-activitylisting\" data-id=\"f9b5c36\" data-element_type=\"widget\" data-widget_type=\"olivera-activitylisting.default\">\n\t\t\t\t<div class=\"elementor-widget-container\">\n\t\t\t\t\t<div class=\"activity-list\" data-background-color=\"grey\" ><article class=\"activity\"><a class=\"block-link\" href=\"https:\/\/olivera.org\/ca\/activitat\/visita-al-celler\/\"><div class=\"featured-image\"><div class=\"image\" style=\"background-image: url(https:\/\/olivera.org\/wp-content\/uploads\/2020\/10\/Olivera_Enoturisme_juny_25-215-scaled.jpg);\"><\/div><\/div><div class=\"description\"><div class=\"details\"><p class=\"days\"><svg xmlns=\"http:\/\/www.w3.org\/2000\/svg\" width=\"15.57\" height=\"14.383\" viewBox=\"0 0 15.57 14.383\">\n  <path id=\"Trazado_11674\" data-name=\"Trazado 11674\" d=\"M4.445,1.563H15.117A2.152,2.152,0,0,0,17.563-.859V-10.4a2.152,2.152,0,0,0-2.445-2.422H4.445A2.155,2.155,0,0,0,1.992-10.4V-.859A2.155,2.155,0,0,0,4.445,1.563ZM4.328.3A.971.971,0,0,1,3.25-.789V-8.156A.974.974,0,0,1,4.328-9.25H15.219A.979.979,0,0,1,16.3-8.156V-.789A.976.976,0,0,1,15.219.3ZM8.25-6.445h.461c.273,0,.367-.078.367-.352v-.461c0-.273-.094-.359-.367-.359H8.25c-.273,0-.367.086-.367.359V-6.8C7.883-6.523,7.977-6.445,8.25-6.445Zm2.6,0H11.3c.273,0,.367-.078.367-.352v-.461c0-.273-.094-.359-.367-.359h-.453c-.281,0-.367.086-.367.359V-6.8C10.484-6.523,10.57-6.445,10.852-6.445Zm2.594,0h.461c.273,0,.359-.078.359-.352v-.461c0-.273-.086-.359-.359-.359h-.461c-.273,0-.367.086-.367.359V-6.8C13.078-6.523,13.172-6.445,13.445-6.445ZM5.656-3.891h.461c.273,0,.359-.078.359-.352V-4.7c0-.273-.086-.352-.359-.352H5.656c-.273,0-.367.078-.367.352v.461C5.289-3.969,5.383-3.891,5.656-3.891Zm2.594,0h.461c.273,0,.367-.078.367-.352V-4.7c0-.273-.094-.352-.367-.352H8.25c-.273,0-.367.078-.367.352v.461C7.883-3.969,7.977-3.891,8.25-3.891Zm2.6,0H11.3c.273,0,.367-.078.367-.352V-4.7c0-.273-.094-.352-.367-.352h-.453c-.281,0-.367.078-.367.352v.461C10.484-3.969,10.57-3.891,10.852-3.891Zm2.594,0h.461c.273,0,.359-.078.359-.352V-4.7c0-.273-.086-.352-.359-.352h-.461c-.273,0-.367.078-.367.352v.461C13.078-3.969,13.172-3.891,13.445-3.891ZM5.656-1.328h.461c.273,0,.359-.086.359-.359v-.461c0-.273-.086-.352-.359-.352H5.656c-.273,0-.367.078-.367.352v.461C5.289-1.414,5.383-1.328,5.656-1.328Zm2.594,0h.461c.273,0,.367-.086.367-.359v-.461c0-.273-.094-.352-.367-.352H8.25c-.273,0-.367.078-.367.352v.461C7.883-1.414,7.977-1.328,8.25-1.328Zm2.6,0H11.3c.273,0,.367-.086.367-.359v-.461c0-.273-.094-.352-.367-.352h-.453c-.281,0-.367.078-.367.352v.461C10.484-1.414,10.57-1.328,10.852-1.328Z\" transform=\"translate(-1.992 12.82)\" fill=\"#001e53\"\/>\n<\/svg>\nDissabte i diumenge<\/p><p class=\"location\"><svg xmlns=\"http:\/\/www.w3.org\/2000\/svg\" width=\"17.157\" height=\"21.167\" viewBox=\"0 0 17.157 21.167\">\r\n  <path id=\"Trazado_11672\" data-name=\"Trazado 11672\" d=\"M56.723,23.591a2.025,2.025,0,0,0,2.7,0c2.414-2.21,7.224-7.287,7.224-12.684C66.637,6.5,62.8,2.94,58.068,2.94h-.554A8.3,8.3,0,0,0,49.49,11C49.547,16.365,54.318,21.378,56.723,23.591ZM54.639,10.907a3.438,3.438,0,0,1,6.859,0,3.439,3.439,0,0,1-6.859.016Z\" transform=\"translate(-49.49 -2.94)\" fill=\"#001e53\"\/>\r\n<\/svg>\r\nVallbona de les Monges<\/p><p class=\"length\"><svg xmlns=\"http:\/\/www.w3.org\/2000\/svg\" width=\"15.938\" height=\"15.938\" viewBox=\"0 0 15.938 15.938\">\r\n  <path id=\"Trazado_11673\" data-name=\"Trazado 11673\" d=\"M9.367,2.328a8.023,8.023,0,0,0,7.969-7.969,8.035,8.035,0,0,0-7.977-7.969A8.026,8.026,0,0,0,1.4-5.641,8.028,8.028,0,0,0,9.367,2.328ZM9.367,1A6.609,6.609,0,0,1,2.734-5.641a6.607,6.607,0,0,1,6.625-6.641,6.632,6.632,0,0,1,6.648,6.641A6.61,6.61,0,0,1,9.367,1ZM5.281-4.8H9.359a.539.539,0,0,0,.547-.547v-5.266a.537.537,0,0,0-.547-.539.53.53,0,0,0-.539.539v4.727H5.281a.532.532,0,0,0-.547.539A.534.534,0,0,0,5.281-4.8Z\" transform=\"translate(-1.398 13.609)\" fill=\"#001e53\"\/>\r\n<\/svg>\r\n1 hora i mitja<\/p><p class=\"price\">16,50 \u20ac<\/p><\/div><h1 class=\"title\">Visita al celler<\/h1><p class=\"excerpt\">Aquesta visita \u00e9s un recorregut guiat pel celler de L\u2019Olivera a Vallbona de les Monges. Permet con\u00e8ixer de prop la hist\u00f2ria de la cooperativa i el proc\u00e9s d\u2019elaboraci\u00f3 dels vins. La visita acaba amb un tast guiat de tres vins i l\u2019oli de les nostres oliveres.<\/p><p class=\"button\">Saber m\u00e9s<\/p><\/div><\/a><\/article><article class=\"activity\"><a class=\"block-link\" href=\"https:\/\/olivera.org\/ca\/activitat\/esmorzar-a-la-vinyeta-de-missenyora\/\"><div class=\"featured-image\"><div class=\"image\" style=\"background-image: url(https:\/\/olivera.org\/wp-content\/uploads\/2021\/01\/esmorzar-vinyeta-vallbona-lolivera.jpg);\"><\/div><\/div><div class=\"description\"><div class=\"details\"><p class=\"days\"><svg xmlns=\"http:\/\/www.w3.org\/2000\/svg\" width=\"15.57\" height=\"14.383\" viewBox=\"0 0 15.57 14.383\">\n  <path id=\"Trazado_11674\" data-name=\"Trazado 11674\" d=\"M4.445,1.563H15.117A2.152,2.152,0,0,0,17.563-.859V-10.4a2.152,2.152,0,0,0-2.445-2.422H4.445A2.155,2.155,0,0,0,1.992-10.4V-.859A2.155,2.155,0,0,0,4.445,1.563ZM4.328.3A.971.971,0,0,1,3.25-.789V-8.156A.974.974,0,0,1,4.328-9.25H15.219A.979.979,0,0,1,16.3-8.156V-.789A.976.976,0,0,1,15.219.3ZM8.25-6.445h.461c.273,0,.367-.078.367-.352v-.461c0-.273-.094-.359-.367-.359H8.25c-.273,0-.367.086-.367.359V-6.8C7.883-6.523,7.977-6.445,8.25-6.445Zm2.6,0H11.3c.273,0,.367-.078.367-.352v-.461c0-.273-.094-.359-.367-.359h-.453c-.281,0-.367.086-.367.359V-6.8C10.484-6.523,10.57-6.445,10.852-6.445Zm2.594,0h.461c.273,0,.359-.078.359-.352v-.461c0-.273-.086-.359-.359-.359h-.461c-.273,0-.367.086-.367.359V-6.8C13.078-6.523,13.172-6.445,13.445-6.445ZM5.656-3.891h.461c.273,0,.359-.078.359-.352V-4.7c0-.273-.086-.352-.359-.352H5.656c-.273,0-.367.078-.367.352v.461C5.289-3.969,5.383-3.891,5.656-3.891Zm2.594,0h.461c.273,0,.367-.078.367-.352V-4.7c0-.273-.094-.352-.367-.352H8.25c-.273,0-.367.078-.367.352v.461C7.883-3.969,7.977-3.891,8.25-3.891Zm2.6,0H11.3c.273,0,.367-.078.367-.352V-4.7c0-.273-.094-.352-.367-.352h-.453c-.281,0-.367.078-.367.352v.461C10.484-3.969,10.57-3.891,10.852-3.891Zm2.594,0h.461c.273,0,.359-.078.359-.352V-4.7c0-.273-.086-.352-.359-.352h-.461c-.273,0-.367.078-.367.352v.461C13.078-3.969,13.172-3.891,13.445-3.891ZM5.656-1.328h.461c.273,0,.359-.086.359-.359v-.461c0-.273-.086-.352-.359-.352H5.656c-.273,0-.367.078-.367.352v.461C5.289-1.414,5.383-1.328,5.656-1.328Zm2.594,0h.461c.273,0,.367-.086.367-.359v-.461c0-.273-.094-.352-.367-.352H8.25c-.273,0-.367.078-.367.352v.461C7.883-1.414,7.977-1.328,8.25-1.328Zm2.6,0H11.3c.273,0,.367-.086.367-.359v-.461c0-.273-.094-.352-.367-.352h-.453c-.281,0-.367.078-.367.352v.461C10.484-1.414,10.57-1.328,10.852-1.328Z\" transform=\"translate(-1.992 12.82)\" fill=\"#001e53\"\/>\n<\/svg>\nDissabte i diumenge<\/p><p class=\"location\"><svg xmlns=\"http:\/\/www.w3.org\/2000\/svg\" width=\"17.157\" height=\"21.167\" viewBox=\"0 0 17.157 21.167\">\r\n  <path id=\"Trazado_11672\" data-name=\"Trazado 11672\" d=\"M56.723,23.591a2.025,2.025,0,0,0,2.7,0c2.414-2.21,7.224-7.287,7.224-12.684C66.637,6.5,62.8,2.94,58.068,2.94h-.554A8.3,8.3,0,0,0,49.49,11C49.547,16.365,54.318,21.378,56.723,23.591ZM54.639,10.907a3.438,3.438,0,0,1,6.859,0,3.439,3.439,0,0,1-6.859.016Z\" transform=\"translate(-49.49 -2.94)\" fill=\"#001e53\"\/>\r\n<\/svg>\r\nVallbona de les Monges<\/p><p class=\"length\"><svg xmlns=\"http:\/\/www.w3.org\/2000\/svg\" width=\"15.938\" height=\"15.938\" viewBox=\"0 0 15.938 15.938\">\r\n  <path id=\"Trazado_11673\" data-name=\"Trazado 11673\" d=\"M9.367,2.328a8.023,8.023,0,0,0,7.969-7.969,8.035,8.035,0,0,0-7.977-7.969A8.026,8.026,0,0,0,1.4-5.641,8.028,8.028,0,0,0,9.367,2.328ZM9.367,1A6.609,6.609,0,0,1,2.734-5.641a6.607,6.607,0,0,1,6.625-6.641,6.632,6.632,0,0,1,6.648,6.641A6.61,6.61,0,0,1,9.367,1ZM5.281-4.8H9.359a.539.539,0,0,0,.547-.547v-5.266a.537.537,0,0,0-.547-.539.53.53,0,0,0-.539.539v4.727H5.281a.532.532,0,0,0-.547.539A.534.534,0,0,0,5.281-4.8Z\" transform=\"translate(-1.398 13.609)\" fill=\"#001e53\"\/>\r\n<\/svg>\r\n2 hores i mitja<\/p><p class=\"price\">34 \u20ac<\/p><\/div><h1 class=\"title\">Esmorzar a la Vinyeta de Missenyora<\/h1><p class=\"excerpt\">Esmorzar entre vinyes amb productes de la terra per tal de descobrir la Vall del Corb amb els cinc sentits. Una experi\u00e8ncia ideal per gaudir en fam\u00edlia o amics, i per descobrir els vins de L\u2019Olivera i l\u2019entorn on neixen. <\/p><p class=\"button\">Saber m\u00e9s<\/p><\/div><\/a><\/article><article class=\"activity\"><a class=\"block-link\" href=\"https:\/\/olivera.org\/ca\/activitat\/tastavinyes\/\"><div class=\"featured-image\"><div class=\"image\" style=\"background-image: url(https:\/\/olivera.org\/wp-content\/uploads\/2021\/01\/tastavinyes-vallbona-lolivera.jpg);\"><\/div><\/div><div class=\"description\"><div class=\"details\"><p class=\"days\"><svg xmlns=\"http:\/\/www.w3.org\/2000\/svg\" width=\"15.57\" height=\"14.383\" viewBox=\"0 0 15.57 14.383\">\n  <path id=\"Trazado_11674\" data-name=\"Trazado 11674\" d=\"M4.445,1.563H15.117A2.152,2.152,0,0,0,17.563-.859V-10.4a2.152,2.152,0,0,0-2.445-2.422H4.445A2.155,2.155,0,0,0,1.992-10.4V-.859A2.155,2.155,0,0,0,4.445,1.563ZM4.328.3A.971.971,0,0,1,3.25-.789V-8.156A.974.974,0,0,1,4.328-9.25H15.219A.979.979,0,0,1,16.3-8.156V-.789A.976.976,0,0,1,15.219.3ZM8.25-6.445h.461c.273,0,.367-.078.367-.352v-.461c0-.273-.094-.359-.367-.359H8.25c-.273,0-.367.086-.367.359V-6.8C7.883-6.523,7.977-6.445,8.25-6.445Zm2.6,0H11.3c.273,0,.367-.078.367-.352v-.461c0-.273-.094-.359-.367-.359h-.453c-.281,0-.367.086-.367.359V-6.8C10.484-6.523,10.57-6.445,10.852-6.445Zm2.594,0h.461c.273,0,.359-.078.359-.352v-.461c0-.273-.086-.359-.359-.359h-.461c-.273,0-.367.086-.367.359V-6.8C13.078-6.523,13.172-6.445,13.445-6.445ZM5.656-3.891h.461c.273,0,.359-.078.359-.352V-4.7c0-.273-.086-.352-.359-.352H5.656c-.273,0-.367.078-.367.352v.461C5.289-3.969,5.383-3.891,5.656-3.891Zm2.594,0h.461c.273,0,.367-.078.367-.352V-4.7c0-.273-.094-.352-.367-.352H8.25c-.273,0-.367.078-.367.352v.461C7.883-3.969,7.977-3.891,8.25-3.891Zm2.6,0H11.3c.273,0,.367-.078.367-.352V-4.7c0-.273-.094-.352-.367-.352h-.453c-.281,0-.367.078-.367.352v.461C10.484-3.969,10.57-3.891,10.852-3.891Zm2.594,0h.461c.273,0,.359-.078.359-.352V-4.7c0-.273-.086-.352-.359-.352h-.461c-.273,0-.367.078-.367.352v.461C13.078-3.969,13.172-3.891,13.445-3.891ZM5.656-1.328h.461c.273,0,.359-.086.359-.359v-.461c0-.273-.086-.352-.359-.352H5.656c-.273,0-.367.078-.367.352v.461C5.289-1.414,5.383-1.328,5.656-1.328Zm2.594,0h.461c.273,0,.367-.086.367-.359v-.461c0-.273-.094-.352-.367-.352H8.25c-.273,0-.367.078-.367.352v.461C7.883-1.414,7.977-1.328,8.25-1.328Zm2.6,0H11.3c.273,0,.367-.086.367-.359v-.461c0-.273-.094-.352-.367-.352h-.453c-.281,0-.367.078-.367.352v.461C10.484-1.414,10.57-1.328,10.852-1.328Z\" transform=\"translate(-1.992 12.82)\" fill=\"#001e53\"\/>\n<\/svg>\nDissabte i diumenge<\/p><p class=\"location\"><svg xmlns=\"http:\/\/www.w3.org\/2000\/svg\" width=\"17.157\" height=\"21.167\" viewBox=\"0 0 17.157 21.167\">\r\n  <path id=\"Trazado_11672\" data-name=\"Trazado 11672\" d=\"M56.723,23.591a2.025,2.025,0,0,0,2.7,0c2.414-2.21,7.224-7.287,7.224-12.684C66.637,6.5,62.8,2.94,58.068,2.94h-.554A8.3,8.3,0,0,0,49.49,11C49.547,16.365,54.318,21.378,56.723,23.591ZM54.639,10.907a3.438,3.438,0,0,1,6.859,0,3.439,3.439,0,0,1-6.859.016Z\" transform=\"translate(-49.49 -2.94)\" fill=\"#001e53\"\/>\r\n<\/svg>\r\nVallbona de les Monges<\/p><p class=\"length\"><svg xmlns=\"http:\/\/www.w3.org\/2000\/svg\" width=\"15.938\" height=\"15.938\" viewBox=\"0 0 15.938 15.938\">\r\n  <path id=\"Trazado_11673\" data-name=\"Trazado 11673\" d=\"M9.367,2.328a8.023,8.023,0,0,0,7.969-7.969,8.035,8.035,0,0,0-7.977-7.969A8.026,8.026,0,0,0,1.4-5.641,8.028,8.028,0,0,0,9.367,2.328ZM9.367,1A6.609,6.609,0,0,1,2.734-5.641a6.607,6.607,0,0,1,6.625-6.641,6.632,6.632,0,0,1,6.648,6.641A6.61,6.61,0,0,1,9.367,1ZM5.281-4.8H9.359a.539.539,0,0,0,.547-.547v-5.266a.537.537,0,0,0-.547-.539.53.53,0,0,0-.539.539v4.727H5.281a.532.532,0,0,0-.547.539A.534.534,0,0,0,5.281-4.8Z\" transform=\"translate(-1.398 13.609)\" fill=\"#001e53\"\/>\r\n<\/svg>\r\n3 hores<\/p><p class=\"price\">23 \u20ac<\/p><\/div><h1 class=\"title\">Tastavinyes<\/h1><p class=\"excerpt\">El Tastavinyes \u00e9s una invitaci\u00f3 a passejar per la vinya tot tastant els vins de L\u2019Olivera. Un passeig aut\u00f2nom, sense presses i sense guia, en qu\u00e8 cadasc\u00fa decideix el temps que vol passar-hi, deixant que els peus us gui\u00efn entre ceps per anar descobrint, al vostre ritme, els secrets de la vinya, del vi i del nostre projecte. El punt de partida \u00e9s senzill: un mapa, una copa de vi i tres hores per passejar, descobrir i gaudir.<\/p><p class=\"button\">Saber m\u00e9s<\/p><\/div><\/a><\/article><article class=\"activity\"><a class=\"block-link\" href=\"https:\/\/olivera.org\/ca\/activitat\/visita-al-moli-doli\/\"><div class=\"featured-image\"><div class=\"image\" style=\"background-image: url(https:\/\/olivera.org\/wp-content\/uploads\/2021\/01\/DSC01390.jpg);\"><\/div><\/div><div class=\"description\"><div class=\"details\"><p class=\"days\"><svg xmlns=\"http:\/\/www.w3.org\/2000\/svg\" width=\"15.57\" height=\"14.383\" viewBox=\"0 0 15.57 14.383\">\n  <path id=\"Trazado_11674\" data-name=\"Trazado 11674\" d=\"M4.445,1.563H15.117A2.152,2.152,0,0,0,17.563-.859V-10.4a2.152,2.152,0,0,0-2.445-2.422H4.445A2.155,2.155,0,0,0,1.992-10.4V-.859A2.155,2.155,0,0,0,4.445,1.563ZM4.328.3A.971.971,0,0,1,3.25-.789V-8.156A.974.974,0,0,1,4.328-9.25H15.219A.979.979,0,0,1,16.3-8.156V-.789A.976.976,0,0,1,15.219.3ZM8.25-6.445h.461c.273,0,.367-.078.367-.352v-.461c0-.273-.094-.359-.367-.359H8.25c-.273,0-.367.086-.367.359V-6.8C7.883-6.523,7.977-6.445,8.25-6.445Zm2.6,0H11.3c.273,0,.367-.078.367-.352v-.461c0-.273-.094-.359-.367-.359h-.453c-.281,0-.367.086-.367.359V-6.8C10.484-6.523,10.57-6.445,10.852-6.445Zm2.594,0h.461c.273,0,.359-.078.359-.352v-.461c0-.273-.086-.359-.359-.359h-.461c-.273,0-.367.086-.367.359V-6.8C13.078-6.523,13.172-6.445,13.445-6.445ZM5.656-3.891h.461c.273,0,.359-.078.359-.352V-4.7c0-.273-.086-.352-.359-.352H5.656c-.273,0-.367.078-.367.352v.461C5.289-3.969,5.383-3.891,5.656-3.891Zm2.594,0h.461c.273,0,.367-.078.367-.352V-4.7c0-.273-.094-.352-.367-.352H8.25c-.273,0-.367.078-.367.352v.461C7.883-3.969,7.977-3.891,8.25-3.891Zm2.6,0H11.3c.273,0,.367-.078.367-.352V-4.7c0-.273-.094-.352-.367-.352h-.453c-.281,0-.367.078-.367.352v.461C10.484-3.969,10.57-3.891,10.852-3.891Zm2.594,0h.461c.273,0,.359-.078.359-.352V-4.7c0-.273-.086-.352-.359-.352h-.461c-.273,0-.367.078-.367.352v.461C13.078-3.969,13.172-3.891,13.445-3.891ZM5.656-1.328h.461c.273,0,.359-.086.359-.359v-.461c0-.273-.086-.352-.359-.352H5.656c-.273,0-.367.078-.367.352v.461C5.289-1.414,5.383-1.328,5.656-1.328Zm2.594,0h.461c.273,0,.367-.086.367-.359v-.461c0-.273-.094-.352-.367-.352H8.25c-.273,0-.367.078-.367.352v.461C7.883-1.414,7.977-1.328,8.25-1.328Zm2.6,0H11.3c.273,0,.367-.086.367-.359v-.461c0-.273-.094-.352-.367-.352h-.453c-.281,0-.367.078-.367.352v.461C10.484-1.414,10.57-1.328,10.852-1.328Z\" transform=\"translate(-1.992 12.82)\" fill=\"#001e53\"\/>\n<\/svg>\nOctubre - Desembre<\/p><p class=\"location\"><svg xmlns=\"http:\/\/www.w3.org\/2000\/svg\" width=\"17.157\" height=\"21.167\" viewBox=\"0 0 17.157 21.167\">\r\n  <path id=\"Trazado_11672\" data-name=\"Trazado 11672\" d=\"M56.723,23.591a2.025,2.025,0,0,0,2.7,0c2.414-2.21,7.224-7.287,7.224-12.684C66.637,6.5,62.8,2.94,58.068,2.94h-.554A8.3,8.3,0,0,0,49.49,11C49.547,16.365,54.318,21.378,56.723,23.591ZM54.639,10.907a3.438,3.438,0,0,1,6.859,0,3.439,3.439,0,0,1-6.859.016Z\" transform=\"translate(-49.49 -2.94)\" fill=\"#001e53\"\/>\r\n<\/svg>\r\nVallbona de les Monges<\/p><p class=\"length\"><svg xmlns=\"http:\/\/www.w3.org\/2000\/svg\" width=\"15.938\" height=\"15.938\" viewBox=\"0 0 15.938 15.938\">\r\n  <path id=\"Trazado_11673\" data-name=\"Trazado 11673\" d=\"M9.367,2.328a8.023,8.023,0,0,0,7.969-7.969,8.035,8.035,0,0,0-7.977-7.969A8.026,8.026,0,0,0,1.4-5.641,8.028,8.028,0,0,0,9.367,2.328ZM9.367,1A6.609,6.609,0,0,1,2.734-5.641a6.607,6.607,0,0,1,6.625-6.641,6.632,6.632,0,0,1,6.648,6.641A6.61,6.61,0,0,1,9.367,1ZM5.281-4.8H9.359a.539.539,0,0,0,.547-.547v-5.266a.537.537,0,0,0-.547-.539.53.53,0,0,0-.539.539v4.727H5.281a.532.532,0,0,0-.547.539A.534.534,0,0,0,5.281-4.8Z\" transform=\"translate(-1.398 13.609)\" fill=\"#001e53\"\/>\r\n<\/svg>\r\n2 hores <\/p><p class=\"price\">16,50 \u20ac<\/p><\/div><h1 class=\"title\">Visita al mol\u00ed d&#8217;oli<\/h1><p class=\"excerpt\">Durant els mesos de collita de l\u2019oliva (octubre-desembre) obrim les portes del mol\u00ed de L\u2019Olivera per ensenyar-vos de prop el proc\u00e9s d\u2019elaboraci\u00f3 dels nostres olis i participar, amb les vostres mans, en la collita de l\u2019oliva per acabar tastant els olis acabats de sortir del mol\u00ed.<\/p><p class=\"button\">Saber m\u00e9s<\/p><\/div><\/a><\/article><\/div>\t\t\t\t<\/div>\n\t\t\t\t<\/div>\n\t\t\t\t\t<\/div>\n\t\t<\/div>\n\t\t\t\t\t<\/div>\n\t\t<\/section>\n\t\t\t\t<section class=\"elementor-section elementor-top-section elementor-element elementor-element-fc2cf0e elementor-section-big elementor-section-height-default elementor-section-height-default\" data-id=\"fc2cf0e\" data-element_type=\"section\">\n\t\t\t\t\t\t<div class=\"elementor-container elementor-column-gap-default\">\n\t\t\t\t\t<div class=\"elementor-column elementor-col-100 elementor-top-column elementor-element elementor-element-ae626f6\" data-id=\"ae626f6\" data-element_type=\"column\">\n\t\t\t<div class=\"elementor-widget-wrap elementor-element-populated\">\n\t\t\t\t\t\t<div class=\"elementor-element elementor-element-a03007e elementor-widget elementor-widget-olivera-highlightslisting\" data-id=\"a03007e\" data-element_type=\"widget\" data-widget_type=\"olivera-highlightslisting.default\">\n\t\t\t\t<div class=\"elementor-widget-container\">\n\t\t\t\t\t<div class=\"highlights-listing\" data-alignment=\"middle\" data-disposition=\"single-columns\" ><article class=\"highlight\" style=\"background-image: url(https:\/\/olivera.org\/wp-content\/uploads\/2021\/01\/vinyes-barcelona-lolivera-02.jpg);\"><a class=\"block_link\" href=\"\/ca\/visitans\/can-calopa\"><div class=\"content\"><h1 class=\"heading\">Can Calopa, Barcelona<\/h1><\/div><\/a><\/article><\/div>\t\t\t\t<\/div>\n\t\t\t\t<\/div>\n\t\t\t\t\t<\/div>\n\t\t<\/div>\n\t\t\t\t\t<\/div>\n\t\t<\/section>\n\t\t\t\t<\/div>\n\t\t","protected":false},"excerpt":{"rendered":"<p>Entre carenes, valls petites i silenci mon\u00e0stic, Vallbona de les Monges dona la benvinguda al visitant. A dalt d\u2019un tur\u00f3, el celler de L\u2019Olivera us obre les portes per donar-vos a con\u00e8ixer l\u2019ess\u00e8ncia de la Vall del Corb a trav\u00e9s dels seus vins. Gaudiu de l\u2019experi\u00e8ncia d\u2019endinsar-vos en aquest paisatge de sec\u00e0 a trav\u00e9s dels [&hellip;]<\/p>\n","protected":false},"author":12,"featured_media":0,"parent":34,"menu_order":1,"comment_status":"closed","ping_status":"closed","template":"","meta":{"_acf_changed":false,"footnotes":""},"class_list":["post-124","page","type-page","status-publish","hentry"],"acf":[],"jetpack_sharing_enabled":true,"_links":{"self":[{"href":"https:\/\/olivera.org\/ca\/wp-json\/wp\/v2\/pages\/124","targetHints":{"allow":["GET"]}}],"collection":[{"href":"https:\/\/olivera.org\/ca\/wp-json\/wp\/v2\/pages"}],"about":[{"href":"https:\/\/olivera.org\/ca\/wp-json\/wp\/v2\/types\/page"}],"author":[{"embeddable":true,"href":"https:\/\/olivera.org\/ca\/wp-json\/wp\/v2\/users\/12"}],"replies":[{"embeddable":true,"href":"https:\/\/olivera.org\/ca\/wp-json\/wp\/v2\/comments?post=124"}],"version-history":[{"count":13,"href":"https:\/\/olivera.org\/ca\/wp-json\/wp\/v2\/pages\/124\/revisions"}],"predecessor-version":[{"id":34642,"href":"https:\/\/olivera.org\/ca\/wp-json\/wp\/v2\/pages\/124\/revisions\/34642"}],"up":[{"embeddable":true,"href":"https:\/\/olivera.org\/ca\/wp-json\/wp\/v2\/pages\/34"}],"wp:attachment":[{"href":"https:\/\/olivera.org\/ca\/wp-json\/wp\/v2\/media?parent=124"}],"curies":[{"name":"wp","href":"https:\/\/api.w.org\/{rel}","templated":true}]}}