{"id":13442,"date":"2022-02-15T15:26:43","date_gmt":"2022-02-15T15:26:43","guid":{"rendered":"https:\/\/olivera.org\/?page_id=13442"},"modified":"2026-04-09T13:17:16","modified_gmt":"2026-04-09T13:17:16","slug":"can-calopa","status":"publish","type":"page","link":"https:\/\/olivera.org\/ca\/visitans\/can-calopa\/","title":{"rendered":"Can Calopa"},"content":{"rendered":"\t\t<div data-elementor-type=\"wp-page\" data-elementor-id=\"13442\" class=\"elementor elementor-13442\" data-elementor-post-type=\"page\">\n\t\t\t\t\t\t<section class=\"elementor-section elementor-top-section elementor-element elementor-element-50d5a08 elementor-section-boxed elementor-section-height-default elementor-section-height-default\" data-id=\"50d5a08\" data-element_type=\"section\">\n\t\t\t\t\t\t<div class=\"elementor-container elementor-column-gap-default\">\n\t\t\t\t\t<div class=\"elementor-column elementor-col-100 elementor-top-column elementor-element elementor-element-7d3cd4d\" data-id=\"7d3cd4d\" data-element_type=\"column\">\n\t\t\t<div class=\"elementor-widget-wrap elementor-element-populated\">\n\t\t\t\t\t\t<div class=\"elementor-element elementor-element-8c6a634 elementor-widget elementor-widget-text-editor\" data-id=\"8c6a634\" data-element_type=\"widget\" data-widget_type=\"text-editor.default\">\n\t\t\t\t<div class=\"elementor-widget-container\">\n\t\t\t\t\t\t\t\t\t<p style=\"text-align: center\"><span style=\"font-weight: 400\">Situada al cor de Collserola, Can Calopa de Dalt \u00e9s la masia centen\u00e0ria on elaborem vins i olis singulars, els \u00fanics nascuts a Barcelona. <\/span><span style=\"font-weight: 400\">Des de 2010 hi mantenim viu el patrimoni vitivin\u00edcola de la ciutat donant <\/span>ales a un projecte d\u2019inclusi\u00f3 social que promou l\u2019agroecologia periurbana.<\/p><p style=\"text-align: center\">El nostre objectiu \u00e9s esdevenir <strong><a href=\"https:\/\/olivera.org\/ca\/vins\/\">un celler de refer\u00e8ncia<\/a><\/strong> i, alhora, <a href=\"https:\/\/olivera.org\/ca\/la-vinoteca\/\">un espai per a la promoci\u00f3 de la <\/a><strong><a href=\"https:\/\/olivera.org\/ca\/la-vinoteca\/\">cultura gastron\u00f2mica<\/a><\/strong>, <a href=\"https:\/\/olivera.org\/ca\/visitans\/can-calopa\/enoturisme\/\"><strong>l\u2019oci i el lleure de qualitat<\/strong><\/a>, la sensibilitzaci\u00f3 del<a href=\"https:\/\/olivera.org\/ca\/visitans\/can-calopa\/aula-rural\/\"><strong> patrimoni rural<\/strong><\/a> i <a href=\"https:\/\/olivera.org\/ca\/visitans\/can-calopa\/lloguer-despais\/\">la celebraci\u00f3<\/a><strong><a href=\"https:\/\/olivera.org\/ca\/visitans\/can-calopa\/lloguer-despais\/\"> d&#8217;esdeveniments \u00fanics<\/a><\/strong> a l\u2019\u00e0rea metropolitana de Barcelona.<\/p>\t\t\t\t\t\t\t\t<\/div>\n\t\t\t\t<\/div>\n\t\t\t\t\t<\/div>\n\t\t<\/div>\n\t\t\t\t\t<\/div>\n\t\t<\/section>\n\t\t\t\t<section class=\"elementor-section elementor-top-section elementor-element elementor-element-490d477 elementor-section-boxed elementor-section-height-default elementor-section-height-default\" data-id=\"490d477\" data-element_type=\"section\">\n\t\t\t\t\t\t<div class=\"elementor-container elementor-column-gap-default\">\n\t\t\t\t\t<div class=\"elementor-column elementor-col-100 elementor-top-column elementor-element elementor-element-7a06c37\" data-id=\"7a06c37\" data-element_type=\"column\">\n\t\t\t<div class=\"elementor-widget-wrap elementor-element-populated\">\n\t\t\t\t\t\t<div class=\"elementor-element elementor-element-ab882d3 elementor-widget elementor-widget-olivera-highlightslisting\" data-id=\"ab882d3\" data-element_type=\"widget\" data-widget_type=\"olivera-highlightslisting.default\">\n\t\t\t\t<div class=\"elementor-widget-container\">\n\t\t\t\t\t<div class=\"highlights-listing\" data-alignment=\"middle\" data-disposition=\"three-columns\" ><article class=\"highlight\" style=\"background-image: url(http:\/\/olivera.org\/wp-content\/uploads\/2026\/03\/Diseno-sin-titulo-48.png);\"><a class=\"block_link\" href=\"\/ca\/visitans\/can-calopa\/enoturisme\/\"><div class=\"content\"><h1 class=\"heading\">Enoturisme<\/h1><\/div><\/a><\/article><article class=\"highlight\" style=\"background-image: url(http:\/\/olivera.org\/wp-content\/uploads\/2026\/03\/Diseno-sin-titulo-50.png);\"><a class=\"block_link\" href=\"\/ca\/visitans\/can-calopa\/lloguer-despais\"><div class=\"content\"><h1 class=\"heading\">Cessi\u00f3 d'espais<\/h1><\/div><\/a><\/article><article class=\"highlight\" style=\"background-image: url(http:\/\/olivera.org\/wp-content\/uploads\/2026\/03\/Diseno-sin-titulo-51.png);\"><a class=\"block_link\" href=\"\/ca\/visitans\/can-calopa\/aula-rural\"><div class=\"content\"><h1 class=\"heading\">Aula Rural<\/h1><\/div><\/a><\/article><\/div>\t\t\t\t<\/div>\n\t\t\t\t<\/div>\n\t\t\t\t\t<\/div>\n\t\t<\/div>\n\t\t\t\t\t<\/div>\n\t\t<\/section>\n\t\t\t\t<section class=\"elementor-section elementor-top-section elementor-element elementor-element-7a0f57d elementor-section-boxed elementor-section-height-default elementor-section-height-default\" data-id=\"7a0f57d\" data-element_type=\"section\">\n\t\t\t\t\t\t<div class=\"elementor-container elementor-column-gap-default\">\n\t\t\t\t\t<div class=\"elementor-column elementor-col-100 elementor-top-column elementor-element elementor-element-c076aff\" data-id=\"c076aff\" data-element_type=\"column\">\n\t\t\t<div class=\"elementor-widget-wrap elementor-element-populated\">\n\t\t\t\t\t\t<div class=\"elementor-element elementor-element-122fbe7 elementor-widget elementor-widget-heading\" data-id=\"122fbe7\" data-element_type=\"widget\" data-widget_type=\"heading.default\">\n\t\t\t\t<div class=\"elementor-widget-container\">\n\t\t\t\t\t<h2 class=\"elementor-heading-title elementor-size-default\">ACTIVITATS<\/h2>\t\t\t\t<\/div>\n\t\t\t\t<\/div>\n\t\t\t\t\t<\/div>\n\t\t<\/div>\n\t\t\t\t\t<\/div>\n\t\t<\/section>\n\t\t\t\t<section class=\"elementor-section elementor-top-section elementor-element elementor-element-9c18fd5 elementor-section-boxed elementor-section-height-default elementor-section-height-default\" data-id=\"9c18fd5\" data-element_type=\"section\">\n\t\t\t\t\t\t<div class=\"elementor-container elementor-column-gap-default\">\n\t\t\t\t\t<div class=\"elementor-column elementor-col-100 elementor-top-column elementor-element elementor-element-ab0b5c1\" data-id=\"ab0b5c1\" data-element_type=\"column\">\n\t\t\t<div class=\"elementor-widget-wrap elementor-element-populated\">\n\t\t\t\t\t\t<div class=\"elementor-element elementor-element-40410db elementor-widget elementor-widget-olivera-activitylisting\" data-id=\"40410db\" data-element_type=\"widget\" data-widget_type=\"olivera-activitylisting.default\">\n\t\t\t\t<div class=\"elementor-widget-container\">\n\t\t\t\t\t<div class=\"activity-list\" data-background-color=\"white\" ><article class=\"activity\"><a class=\"block-link\" href=\"https:\/\/olivera.org\/ca\/activitat\/festa-de-la-primavera\/\"><div class=\"featured-image\"><div class=\"image\" style=\"background-image: url(https:\/\/olivera.org\/wp-content\/uploads\/2026\/04\/LO_CC_FestaPrimavera_XXSS.png);\"><\/div><\/div><div class=\"description\"><div class=\"details\"><p class=\"days\"><svg xmlns=\"http:\/\/www.w3.org\/2000\/svg\" width=\"15.57\" height=\"14.383\" viewBox=\"0 0 15.57 14.383\">\n  <path id=\"Trazado_11674\" data-name=\"Trazado 11674\" d=\"M4.445,1.563H15.117A2.152,2.152,0,0,0,17.563-.859V-10.4a2.152,2.152,0,0,0-2.445-2.422H4.445A2.155,2.155,0,0,0,1.992-10.4V-.859A2.155,2.155,0,0,0,4.445,1.563ZM4.328.3A.971.971,0,0,1,3.25-.789V-8.156A.974.974,0,0,1,4.328-9.25H15.219A.979.979,0,0,1,16.3-8.156V-.789A.976.976,0,0,1,15.219.3ZM8.25-6.445h.461c.273,0,.367-.078.367-.352v-.461c0-.273-.094-.359-.367-.359H8.25c-.273,0-.367.086-.367.359V-6.8C7.883-6.523,7.977-6.445,8.25-6.445Zm2.6,0H11.3c.273,0,.367-.078.367-.352v-.461c0-.273-.094-.359-.367-.359h-.453c-.281,0-.367.086-.367.359V-6.8C10.484-6.523,10.57-6.445,10.852-6.445Zm2.594,0h.461c.273,0,.359-.078.359-.352v-.461c0-.273-.086-.359-.359-.359h-.461c-.273,0-.367.086-.367.359V-6.8C13.078-6.523,13.172-6.445,13.445-6.445ZM5.656-3.891h.461c.273,0,.359-.078.359-.352V-4.7c0-.273-.086-.352-.359-.352H5.656c-.273,0-.367.078-.367.352v.461C5.289-3.969,5.383-3.891,5.656-3.891Zm2.594,0h.461c.273,0,.367-.078.367-.352V-4.7c0-.273-.094-.352-.367-.352H8.25c-.273,0-.367.078-.367.352v.461C7.883-3.969,7.977-3.891,8.25-3.891Zm2.6,0H11.3c.273,0,.367-.078.367-.352V-4.7c0-.273-.094-.352-.367-.352h-.453c-.281,0-.367.078-.367.352v.461C10.484-3.969,10.57-3.891,10.852-3.891Zm2.594,0h.461c.273,0,.359-.078.359-.352V-4.7c0-.273-.086-.352-.359-.352h-.461c-.273,0-.367.078-.367.352v.461C13.078-3.969,13.172-3.891,13.445-3.891ZM5.656-1.328h.461c.273,0,.359-.086.359-.359v-.461c0-.273-.086-.352-.359-.352H5.656c-.273,0-.367.078-.367.352v.461C5.289-1.414,5.383-1.328,5.656-1.328Zm2.594,0h.461c.273,0,.367-.086.367-.359v-.461c0-.273-.094-.352-.367-.352H8.25c-.273,0-.367.078-.367.352v.461C7.883-1.414,7.977-1.328,8.25-1.328Zm2.6,0H11.3c.273,0,.367-.086.367-.359v-.461c0-.273-.094-.352-.367-.352h-.453c-.281,0-.367.078-.367.352v.461C10.484-1.414,10.57-1.328,10.852-1.328Z\" transform=\"translate(-1.992 12.82)\" fill=\"#001e53\"\/>\n<\/svg>\n10 de maig<\/p><p class=\"location\"><svg xmlns=\"http:\/\/www.w3.org\/2000\/svg\" width=\"17.157\" height=\"21.167\" viewBox=\"0 0 17.157 21.167\">\r\n  <path id=\"Trazado_11672\" data-name=\"Trazado 11672\" d=\"M56.723,23.591a2.025,2.025,0,0,0,2.7,0c2.414-2.21,7.224-7.287,7.224-12.684C66.637,6.5,62.8,2.94,58.068,2.94h-.554A8.3,8.3,0,0,0,49.49,11C49.547,16.365,54.318,21.378,56.723,23.591ZM54.639,10.907a3.438,3.438,0,0,1,6.859,0,3.439,3.439,0,0,1-6.859.016Z\" transform=\"translate(-49.49 -2.94)\" fill=\"#001e53\"\/>\r\n<\/svg>\r\nMasia Can Calopa de Dalt<\/p><p class=\"length\"><svg xmlns=\"http:\/\/www.w3.org\/2000\/svg\" width=\"15.938\" height=\"15.938\" viewBox=\"0 0 15.938 15.938\">\r\n  <path id=\"Trazado_11673\" data-name=\"Trazado 11673\" d=\"M9.367,2.328a8.023,8.023,0,0,0,7.969-7.969,8.035,8.035,0,0,0-7.977-7.969A8.026,8.026,0,0,0,1.4-5.641,8.028,8.028,0,0,0,9.367,2.328ZM9.367,1A6.609,6.609,0,0,1,2.734-5.641a6.607,6.607,0,0,1,6.625-6.641,6.632,6.632,0,0,1,6.648,6.641A6.61,6.61,0,0,1,9.367,1ZM5.281-4.8H9.359a.539.539,0,0,0,.547-.547v-5.266a.537.537,0,0,0-.547-.539.53.53,0,0,0-.539.539v4.727H5.281a.532.532,0,0,0-.547.539A.534.534,0,0,0,5.281-4.8Z\" transform=\"translate(-1.398 13.609)\" fill=\"#001e53\"\/>\r\n<\/svg>\r\n11:30 h<\/p><p class=\"price\">32,50 \u20ac<\/p><\/div><h1 class=\"title\">Festa de la Primavera<\/h1><p class=\"excerpt\">Donem la benvinguda a la primavera amb un tast gastron\u00f2mic de proximitat acompanyat de m\u00fasica en directe. <\/p><p class=\"button\">Saber m\u00e9s<\/p><\/div><\/a><\/article><\/div>\t\t\t\t<\/div>\n\t\t\t\t<\/div>\n\t\t\t\t\t<\/div>\n\t\t<\/div>\n\t\t\t\t\t<\/div>\n\t\t<\/section>\n\t\t\t\t<\/div>\n\t\t","protected":false},"excerpt":{"rendered":"<p>Situada al cor de Collserola, Can Calopa de Dalt \u00e9s la masia centen\u00e0ria on elaborem vins i olis singulars, els \u00fanics nascuts a Barcelona. Des de 2010 hi mantenim viu el patrimoni vitivin\u00edcola de la ciutat donant ales a un projecte d\u2019inclusi\u00f3 social que promou l\u2019agroecologia periurbana. El nostre objectiu \u00e9s esdevenir un celler de [&hellip;]<\/p>\n","protected":false},"author":12,"featured_media":0,"parent":34,"menu_order":0,"comment_status":"closed","ping_status":"closed","template":"","meta":{"_acf_changed":false,"footnotes":""},"class_list":["post-13442","page","type-page","status-publish","hentry"],"acf":[],"jetpack_sharing_enabled":true,"_links":{"self":[{"href":"https:\/\/olivera.org\/ca\/wp-json\/wp\/v2\/pages\/13442","targetHints":{"allow":["GET"]}}],"collection":[{"href":"https:\/\/olivera.org\/ca\/wp-json\/wp\/v2\/pages"}],"about":[{"href":"https:\/\/olivera.org\/ca\/wp-json\/wp\/v2\/types\/page"}],"author":[{"embeddable":true,"href":"https:\/\/olivera.org\/ca\/wp-json\/wp\/v2\/users\/12"}],"replies":[{"embeddable":true,"href":"https:\/\/olivera.org\/ca\/wp-json\/wp\/v2\/comments?post=13442"}],"version-history":[{"count":33,"href":"https:\/\/olivera.org\/ca\/wp-json\/wp\/v2\/pages\/13442\/revisions"}],"predecessor-version":[{"id":34882,"href":"https:\/\/olivera.org\/ca\/wp-json\/wp\/v2\/pages\/13442\/revisions\/34882"}],"up":[{"embeddable":true,"href":"https:\/\/olivera.org\/ca\/wp-json\/wp\/v2\/pages\/34"}],"wp:attachment":[{"href":"https:\/\/olivera.org\/ca\/wp-json\/wp\/v2\/media?parent=13442"}],"curies":[{"name":"wp","href":"https:\/\/api.w.org\/{rel}","templated":true}]}}