{"id":24678,"date":"2024-02-01T16:37:37","date_gmt":"2024-02-01T16:37:37","guid":{"rendered":"https:\/\/olivera.org\/?page_id=24678"},"modified":"2024-11-13T15:56:44","modified_gmt":"2024-11-13T15:56:44","slug":"el-llibre","status":"publish","type":"page","link":"https:\/\/olivera.org\/ca\/el-llibre\/","title":{"rendered":"EL LLIBRE"},"content":{"rendered":"\t\t<div data-elementor-type=\"wp-page\" data-elementor-id=\"24678\" class=\"elementor elementor-24678\" data-elementor-post-type=\"page\">\n\t\t\t\t\t\t<section class=\"elementor-section elementor-top-section elementor-element elementor-element-c6ec130 elementor-section-boxed elementor-section-height-default elementor-section-height-default\" data-id=\"c6ec130\" data-element_type=\"section\">\n\t\t\t\t\t\t<div class=\"elementor-container elementor-column-gap-default\">\n\t\t\t\t\t<div class=\"elementor-column elementor-col-100 elementor-top-column elementor-element elementor-element-43c58d8\" data-id=\"43c58d8\" data-element_type=\"column\">\n\t\t\t<div class=\"elementor-widget-wrap\">\n\t\t\t\t\t\t\t<\/div>\n\t\t<\/div>\n\t\t\t\t\t<\/div>\n\t\t<\/section>\n\t\t\t\t<section class=\"elementor-section elementor-top-section elementor-element elementor-element-1d64403 elementor-section-boxed elementor-section-height-default elementor-section-height-default\" data-id=\"1d64403\" data-element_type=\"section\">\n\t\t\t\t\t\t<div class=\"elementor-container elementor-column-gap-default\">\n\t\t\t\t\t<div class=\"elementor-column elementor-col-100 elementor-top-column elementor-element elementor-element-ba82499\" data-id=\"ba82499\" data-element_type=\"column\">\n\t\t\t<div class=\"elementor-widget-wrap elementor-element-populated\">\n\t\t\t\t\t\t<div class=\"elementor-element elementor-element-909be18 elementor-widget elementor-widget-heading\" data-id=\"909be18\" data-element_type=\"widget\" data-widget_type=\"heading.default\">\n\t\t\t\t<div class=\"elementor-widget-container\">\n\t\t\t\t\t<h2 class=\"elementor-heading-title elementor-size-default\">50. L'OLIVERA, VEUS I VIDA<\/h2>\t\t\t\t<\/div>\n\t\t\t\t<\/div>\n\t\t\t\t\t<\/div>\n\t\t<\/div>\n\t\t\t\t\t<\/div>\n\t\t<\/section>\n\t\t\t\t<section class=\"elementor-section elementor-top-section elementor-element elementor-element-3992be3 elementor-section-boxed elementor-section-height-default elementor-section-height-default\" data-id=\"3992be3\" data-element_type=\"section\">\n\t\t\t\t\t\t<div class=\"elementor-container elementor-column-gap-default\">\n\t\t\t\t\t<div class=\"elementor-column elementor-col-100 elementor-top-column elementor-element elementor-element-de7b09f\" data-id=\"de7b09f\" data-element_type=\"column\">\n\t\t\t<div class=\"elementor-widget-wrap elementor-element-populated\">\n\t\t\t\t\t\t<div class=\"elementor-element elementor-element-4d2bbba elementor-widget elementor-widget-image\" data-id=\"4d2bbba\" data-element_type=\"widget\" data-widget_type=\"image.default\">\n\t\t\t\t<div class=\"elementor-widget-container\">\n\t\t\t\t\t\t\t\t\t\t\t\t\t\t\t<img fetchpriority=\"high\" decoding=\"async\" width=\"600\" height=\"716\" src=\"https:\/\/olivera.org\/wp-content\/uploads\/2024\/11\/llibre.jpg\" class=\"attachment-medium_large size-medium_large wp-image-28967\" alt=\"\" srcset=\"https:\/\/olivera.org\/wp-content\/uploads\/2024\/11\/llibre.jpg 600w, https:\/\/olivera.org\/wp-content\/uploads\/2024\/11\/llibre-251x300.jpg 251w\" sizes=\"(max-width: 600px) 100vw, 600px\" \/>\t\t\t\t\t\t\t\t\t\t\t\t\t\t\t<\/div>\n\t\t\t\t<\/div>\n\t\t\t\t\t<\/div>\n\t\t<\/div>\n\t\t\t\t\t<\/div>\n\t\t<\/section>\n\t\t\t\t<section class=\"elementor-section elementor-top-section elementor-element elementor-element-2e572d2 elementor-section-boxed elementor-section-height-default elementor-section-height-default\" data-id=\"2e572d2\" data-element_type=\"section\">\n\t\t\t\t\t\t<div class=\"elementor-container elementor-column-gap-default\">\n\t\t\t\t\t<div class=\"elementor-column elementor-col-100 elementor-top-column elementor-element elementor-element-f864c72\" data-id=\"f864c72\" data-element_type=\"column\">\n\t\t\t<div class=\"elementor-widget-wrap elementor-element-populated\">\n\t\t\t\t\t\t<div class=\"elementor-element elementor-element-4e12450 elementor-widget elementor-widget-text-editor\" data-id=\"4e12450\" data-element_type=\"widget\" data-widget_type=\"text-editor.default\">\n\t\t\t\t<div class=\"elementor-widget-container\">\n\t\t\t\t\t\t\t\t\t<p class=\"big-serif\">\u201c50. L\u2019Olivera veus i vida\u201d \u00e9s el t\u00edtol d\u2019aquest volum. Un llibre per a commemorar els 50 anys de L\u2019Olivera que \u00e9s una obra coral, on queden recollides veus i imatges de moltes de les persones que han format part de L\u2019Olivera.<\/p><p class=\"big-serif\">Per aix\u00f2, el llibre compta amb dues parts diferenciades. D\u2019una banda, una assaig de l\u2019economista i pastisser, Josep Manel Busqueta, que aporta la seva mirada a aquesta utopia feta realitat que \u00e9s L\u2019Olivera. D\u2019altra banda, el llibre cont\u00e9 50 entrevistes a persones molt vinculades al projecte, realitzades durant l\u2019any 2024 per Xavier Alonso, Joaquim Sempere i Roger Roca. S\u00f3n una mostra dels milers de persones que han estat \u201ctocades\u201d per la tasca que ha dut a terme L\u2019Olivera i amb les seves reflexions aporten mirades \u00faniques sobre el que ha estat i el que \u00e9s l\u2019entitat. El llibre es completa amb els retrats de la fot\u00f2grafa Paula Art\u00e9s i el disseny de l\u2019estudi 131 Disseny Gr\u00e0fic.<\/p><p class=\"big-serif\">En definitiva, un llibre de present, passat i futur, obert al di\u00e0leg i a idees noves, m\u00e9s que un simple rep\u00e0s a la traject\u00f2ria de tots aquests anys.<\/p>\t\t\t\t\t\t\t\t<\/div>\n\t\t\t\t<\/div>\n\t\t\t\t\t<\/div>\n\t\t<\/div>\n\t\t\t\t\t<\/div>\n\t\t<\/section>\n\t\t\t\t<section class=\"elementor-section elementor-top-section elementor-element elementor-element-46d15a1 elementor-section-boxed elementor-section-height-default elementor-section-height-default\" data-id=\"46d15a1\" data-element_type=\"section\">\n\t\t\t\t\t\t<div class=\"elementor-container elementor-column-gap-default\">\n\t\t\t\t\t<div class=\"elementor-column elementor-col-100 elementor-top-column elementor-element elementor-element-26a8491\" data-id=\"26a8491\" data-element_type=\"column\">\n\t\t\t<div class=\"elementor-widget-wrap elementor-element-populated\">\n\t\t\t\t\t\t<section class=\"elementor-section elementor-inner-section elementor-element elementor-element-67229cc elementor-section-boxed elementor-section-height-default elementor-section-height-default\" data-id=\"67229cc\" data-element_type=\"section\">\n\t\t\t\t\t\t<div class=\"elementor-container elementor-column-gap-default\">\n\t\t\t\t\t<div class=\"elementor-column elementor-col-50 elementor-inner-column elementor-element elementor-element-d2ea4d2\" data-id=\"d2ea4d2\" data-element_type=\"column\">\n\t\t\t<div class=\"elementor-widget-wrap elementor-element-populated\">\n\t\t\t\t\t\t<div class=\"elementor-element elementor-element-5968e0a elementor-widget elementor-widget-image\" data-id=\"5968e0a\" data-element_type=\"widget\" data-widget_type=\"image.default\">\n\t\t\t\t<div class=\"elementor-widget-container\">\n\t\t\t\t\t\t\t\t\t\t\t\t\t\t\t<img decoding=\"async\" width=\"683\" height=\"1024\" src=\"https:\/\/olivera.org\/wp-content\/uploads\/2024\/11\/llibre2-683x1024.jpg\" class=\"attachment-large size-large wp-image-28973\" alt=\"\" srcset=\"https:\/\/olivera.org\/wp-content\/uploads\/2024\/11\/llibre2-683x1024.jpg 683w, https:\/\/olivera.org\/wp-content\/uploads\/2024\/11\/llibre2-200x300.jpg 200w, https:\/\/olivera.org\/wp-content\/uploads\/2024\/11\/llibre2-768x1152.jpg 768w, https:\/\/olivera.org\/wp-content\/uploads\/2024\/11\/llibre2-1024x1536.jpg 1024w, https:\/\/olivera.org\/wp-content\/uploads\/2024\/11\/llibre2-1365x2048.jpg 1365w, https:\/\/olivera.org\/wp-content\/uploads\/2024\/11\/llibre2-600x900.jpg 600w, https:\/\/olivera.org\/wp-content\/uploads\/2024\/11\/llibre2-scaled.jpg 1707w\" sizes=\"(max-width: 683px) 100vw, 683px\" \/>\t\t\t\t\t\t\t\t\t\t\t\t\t\t\t<\/div>\n\t\t\t\t<\/div>\n\t\t\t\t\t<\/div>\n\t\t<\/div>\n\t\t\t\t<div class=\"elementor-column elementor-col-50 elementor-inner-column elementor-element elementor-element-f165c94\" data-id=\"f165c94\" data-element_type=\"column\">\n\t\t\t<div class=\"elementor-widget-wrap elementor-element-populated\">\n\t\t\t\t\t\t<div class=\"elementor-element elementor-element-3f653aa elementor-widget elementor-widget-image\" data-id=\"3f653aa\" data-element_type=\"widget\" data-widget_type=\"image.default\">\n\t\t\t\t<div class=\"elementor-widget-container\">\n\t\t\t\t\t\t\t\t\t\t\t\t\t\t\t<img decoding=\"async\" width=\"683\" height=\"1024\" src=\"https:\/\/olivera.org\/wp-content\/uploads\/2024\/11\/llibre3-1-683x1024.jpg\" class=\"attachment-large size-large wp-image-28979\" alt=\"\" srcset=\"https:\/\/olivera.org\/wp-content\/uploads\/2024\/11\/llibre3-1-683x1024.jpg 683w, https:\/\/olivera.org\/wp-content\/uploads\/2024\/11\/llibre3-1-200x300.jpg 200w, https:\/\/olivera.org\/wp-content\/uploads\/2024\/11\/llibre3-1-768x1152.jpg 768w, https:\/\/olivera.org\/wp-content\/uploads\/2024\/11\/llibre3-1-1024x1536.jpg 1024w, https:\/\/olivera.org\/wp-content\/uploads\/2024\/11\/llibre3-1-1365x2048.jpg 1365w, https:\/\/olivera.org\/wp-content\/uploads\/2024\/11\/llibre3-1-600x900.jpg 600w, https:\/\/olivera.org\/wp-content\/uploads\/2024\/11\/llibre3-1-scaled.jpg 1707w\" sizes=\"(max-width: 683px) 100vw, 683px\" \/>\t\t\t\t\t\t\t\t\t\t\t\t\t\t\t<\/div>\n\t\t\t\t<\/div>\n\t\t\t\t\t<\/div>\n\t\t<\/div>\n\t\t\t\t\t<\/div>\n\t\t<\/section>\n\t\t\t\t\t<\/div>\n\t\t<\/div>\n\t\t\t\t\t<\/div>\n\t\t<\/section>\n\t\t\t\t<section class=\"elementor-section elementor-top-section elementor-element elementor-element-4fa6406 elementor-section-boxed elementor-section-height-default elementor-section-height-default\" data-id=\"4fa6406\" data-element_type=\"section\">\n\t\t\t\t\t\t<div class=\"elementor-container elementor-column-gap-default\">\n\t\t\t\t\t<div class=\"elementor-column elementor-col-100 elementor-top-column elementor-element elementor-element-f5d2659\" data-id=\"f5d2659\" data-element_type=\"column\">\n\t\t\t<div class=\"elementor-widget-wrap elementor-element-populated\">\n\t\t\t\t\t\t<div class=\"elementor-element elementor-element-1bc2f23 elementor-align-center elementor-widget elementor-widget-button\" data-id=\"1bc2f23\" data-element_type=\"widget\" data-widget_type=\"button.default\">\n\t\t\t\t<div class=\"elementor-widget-container\">\n\t\t\t\t\t\t\t\t\t<div class=\"elementor-button-wrapper\">\n\t\t\t\t\t<a class=\"elementor-button elementor-button-link elementor-size-sm\" href=\"https:\/\/olivera.org\/ca\/producte\/llibre-dels-50-anys\/\">\n\t\t\t\t\t\t<span class=\"elementor-button-content-wrapper\">\n\t\t\t\t\t\t\t\t\t<span class=\"elementor-button-text\">disponible a la botiga online<\/span>\n\t\t\t\t\t<\/span>\n\t\t\t\t\t<\/a>\n\t\t\t\t<\/div>\n\t\t\t\t\t\t\t\t<\/div>\n\t\t\t\t<\/div>\n\t\t\t\t\t<\/div>\n\t\t<\/div>\n\t\t\t\t\t<\/div>\n\t\t<\/section>\n\t\t\t\t<\/div>\n\t\t","protected":false},"excerpt":{"rendered":"<p>50. L&#8217;OLIVERA, VEUS I VIDA \u201c50. L\u2019Olivera veus i vida\u201d \u00e9s el t\u00edtol d\u2019aquest volum. Un llibre per a commemorar els 50 anys de L\u2019Olivera que \u00e9s una obra coral, on queden recollides veus i imatges de moltes de les persones que han format part de L\u2019Olivera. Per aix\u00f2, el llibre compta amb dues parts [&hellip;]<\/p>\n","protected":false},"author":12,"featured_media":0,"parent":0,"menu_order":0,"comment_status":"closed","ping_status":"closed","template":"elementor_header_footer","meta":{"_acf_changed":false,"footnotes":""},"class_list":["post-24678","page","type-page","status-publish","hentry"],"acf":[],"jetpack_sharing_enabled":true,"_links":{"self":[{"href":"https:\/\/olivera.org\/ca\/wp-json\/wp\/v2\/pages\/24678","targetHints":{"allow":["GET"]}}],"collection":[{"href":"https:\/\/olivera.org\/ca\/wp-json\/wp\/v2\/pages"}],"about":[{"href":"https:\/\/olivera.org\/ca\/wp-json\/wp\/v2\/types\/page"}],"author":[{"embeddable":true,"href":"https:\/\/olivera.org\/ca\/wp-json\/wp\/v2\/users\/12"}],"replies":[{"embeddable":true,"href":"https:\/\/olivera.org\/ca\/wp-json\/wp\/v2\/comments?post=24678"}],"version-history":[{"count":0,"href":"https:\/\/olivera.org\/ca\/wp-json\/wp\/v2\/pages\/24678\/revisions"}],"wp:attachment":[{"href":"https:\/\/olivera.org\/ca\/wp-json\/wp\/v2\/media?parent=24678"}],"curies":[{"name":"wp","href":"https:\/\/api.w.org\/{rel}","templated":true}]}}