{"id":27,"date":"2020-10-15T07:25:02","date_gmt":"2020-10-15T07:25:02","guid":{"rendered":"https:\/\/olivera.org\/?page_id=27"},"modified":"2021-02-02T09:56:39","modified_gmt":"2021-02-02T09:56:39","slug":"olis","status":"publish","type":"page","link":"https:\/\/olivera.org\/ca\/olis\/","title":{"rendered":"Olis"},"content":{"rendered":"\t\t<div data-elementor-type=\"wp-page\" data-elementor-id=\"27\" class=\"elementor elementor-27\" data-elementor-post-type=\"page\">\n\t\t\t\t\t\t<section class=\"elementor-section elementor-top-section elementor-element elementor-element-402ef0c elementor-section-boxed elementor-section-height-default elementor-section-height-default\" data-id=\"402ef0c\" data-element_type=\"section\">\n\t\t\t\t\t\t<div class=\"elementor-container elementor-column-gap-default\">\n\t\t\t\t\t<div class=\"elementor-column elementor-col-100 elementor-top-column elementor-element elementor-element-3b68c4c\" data-id=\"3b68c4c\" data-element_type=\"column\">\n\t\t\t<div class=\"elementor-widget-wrap elementor-element-populated\">\n\t\t\t\t\t\t<div class=\"elementor-element elementor-element-8718b7f elementor-widget elementor-widget-text-editor\" data-id=\"8718b7f\" data-element_type=\"widget\" data-widget_type=\"text-editor.default\">\n\t\t\t\t<div class=\"elementor-widget-container\">\n\t\t\t\t\t\t\t\t\t<p style=\"text-align: center;\">Els nostres olis d\u2019oliva verge extra s\u00f3n b\u00e0sicament el suc de les olives que collim, manualment, en el moment adequat. L\u2019obtenim per procediments \u00fanicament mec\u00e0nics i aplicant processos suaus per respectar el car\u00e0cter de la nostra arbequina de sec\u00e0. D\u2019aquesta manera, obtenim una alta concentraci\u00f3 en polifenols que eleven les propietats antioxidants d\u2019aquest oli. Un oli que \u00e9s l\u2019expressi\u00f3 d\u2019aquest paisatge abancalat on practiquem una agricultura resistent, de sec\u00e0 i ecol\u00f2gica.<\/p>\t\t\t\t\t\t\t\t<\/div>\n\t\t\t\t<\/div>\n\t\t\t\t\t<\/div>\n\t\t<\/div>\n\t\t\t\t\t<\/div>\n\t\t<\/section>\n\t\t\t\t<section class=\"elementor-section elementor-top-section elementor-element elementor-element-878f957 elementor-section-big elementor-section-height-default elementor-section-height-default\" data-id=\"878f957\" data-element_type=\"section\">\n\t\t\t\t\t\t<div class=\"elementor-container elementor-column-gap-default\">\n\t\t\t\t\t<div class=\"elementor-column elementor-col-100 elementor-top-column elementor-element elementor-element-fb4df38\" data-id=\"fb4df38\" data-element_type=\"column\">\n\t\t\t<div class=\"elementor-widget-wrap elementor-element-populated\">\n\t\t\t\t\t\t<div class=\"elementor-element elementor-element-e2338b3 elementor-widget elementor-widget-olivera-highlightslisting\" data-id=\"e2338b3\" data-element_type=\"widget\" data-widget_type=\"olivera-highlightslisting.default\">\n\t\t\t\t<div class=\"elementor-widget-container\">\n\t\t\t\t\t<div class=\"highlights-listing\" data-alignment=\"bottom\" data-disposition=\"three-columns\" ><article class=\"highlight\" style=\"background-image: url(https:\/\/olivera.org\/wp-content\/uploads\/2021\/01\/oli-finques-lolivera-02.jpg);\"><a class=\"block_link\" href=\"\/ca\/olis\/oli-de-finques\/\"><div class=\"content\"><h1 class=\"heading\">Oli finques<\/h1><\/div><\/a><\/article><article class=\"highlight\" style=\"background-image: url(https:\/\/olivera.org\/wp-content\/uploads\/2021\/01\/oli-marges-lolivera-01.jpg);\"><a class=\"block_link\" href=\"\/ca\/olis\/oli-de-marges\/\"><div class=\"content\"><h1 class=\"heading\">Oli de marges<\/h1><\/div><\/a><\/article><article class=\"highlight\" style=\"background-image: url(https:\/\/olivera.org\/wp-content\/uploads\/2021\/01\/oli-marges-can-calopa-lolivera-01.jpg);\"><a class=\"block_link\" href=\"\/ca\/olis\/oli-de-cada-dia\/\"><div class=\"content\"><h1 class=\"heading\">Oli de cada dia<\/h1><\/div><\/a><\/article><article class=\"highlight\" style=\"background-image: url(https:\/\/olivera.org\/wp-content\/uploads\/2021\/01\/oli-cada-dia-ecologic-lolivera-01.jpg);\"><a class=\"block_link\" href=\"\/ca\/olis\/olis-urbans\/\"><div class=\"content\"><h1 class=\"heading\">Olis urbans<\/h1><\/div><\/a><\/article><\/div>\t\t\t\t<\/div>\n\t\t\t\t<\/div>\n\t\t\t\t\t<\/div>\n\t\t<\/div>\n\t\t\t\t\t<\/div>\n\t\t<\/section>\n\t\t\t\t<\/div>\n\t\t","protected":false},"excerpt":{"rendered":"<p>Els nostres olis d\u2019oliva verge extra s\u00f3n b\u00e0sicament el suc de les olives que collim, manualment, en el moment adequat. L\u2019obtenim per procediments \u00fanicament mec\u00e0nics i aplicant processos suaus per respectar el car\u00e0cter de la nostra arbequina de sec\u00e0. D\u2019aquesta manera, obtenim una alta concentraci\u00f3 en polifenols que eleven les propietats antioxidants d\u2019aquest oli. Un [&hellip;]<\/p>\n","protected":false},"author":12,"featured_media":0,"parent":0,"menu_order":0,"comment_status":"closed","ping_status":"closed","template":"","meta":{"_acf_changed":false,"footnotes":""},"class_list":["post-27","page","type-page","status-publish","hentry"],"acf":[],"jetpack_sharing_enabled":true,"_links":{"self":[{"href":"https:\/\/olivera.org\/ca\/wp-json\/wp\/v2\/pages\/27","targetHints":{"allow":["GET"]}}],"collection":[{"href":"https:\/\/olivera.org\/ca\/wp-json\/wp\/v2\/pages"}],"about":[{"href":"https:\/\/olivera.org\/ca\/wp-json\/wp\/v2\/types\/page"}],"author":[{"embeddable":true,"href":"https:\/\/olivera.org\/ca\/wp-json\/wp\/v2\/users\/12"}],"replies":[{"embeddable":true,"href":"https:\/\/olivera.org\/ca\/wp-json\/wp\/v2\/comments?post=27"}],"version-history":[{"count":0,"href":"https:\/\/olivera.org\/ca\/wp-json\/wp\/v2\/pages\/27\/revisions"}],"wp:attachment":[{"href":"https:\/\/olivera.org\/ca\/wp-json\/wp\/v2\/media?parent=27"}],"curies":[{"name":"wp","href":"https:\/\/api.w.org\/{rel}","templated":true}]}}