{"id":36,"date":"2020-10-15T07:26:15","date_gmt":"2020-10-15T07:26:15","guid":{"rendered":"https:\/\/olivera.org\/?page_id=36"},"modified":"2026-05-07T08:53:16","modified_gmt":"2026-05-07T08:53:16","slug":"la-vinoteca-2","status":"publish","type":"page","link":"https:\/\/olivera.org\/ca\/la-vinoteca-2\/","title":{"rendered":"La Vinoteca"},"content":{"rendered":"\t\t<div data-elementor-type=\"wp-page\" data-elementor-id=\"36\" class=\"elementor elementor-36\" data-elementor-post-type=\"page\">\n\t\t\t\t\t\t<section class=\"elementor-section elementor-top-section elementor-element elementor-element-974188d elementor-section-boxed elementor-section-height-default elementor-section-height-default\" data-id=\"974188d\" data-element_type=\"section\" data-settings=\"{&quot;background_background&quot;:&quot;classic&quot;}\">\n\t\t\t\t\t\t<div class=\"elementor-container elementor-column-gap-default\">\n\t\t\t\t\t<article class=\"elementor-column elementor-col-100 elementor-top-column elementor-element elementor-element-5b1109c\" data-id=\"5b1109c\" data-element_type=\"column\">\n\t\t\t<div class=\"elementor-widget-wrap elementor-element-populated\">\n\t\t\t\t\t\t<div class=\"elementor-element elementor-element-b1316dc elementor-widget elementor-widget-heading\" data-id=\"b1316dc\" data-element_type=\"widget\" data-widget_type=\"heading.default\">\n\t\t\t\t<div class=\"elementor-widget-container\">\n\t\t\t\t\t<h2 class=\"elementor-heading-title elementor-size-default\">LA VINOTECA<\/h2>\t\t\t\t<\/div>\n\t\t\t\t<\/div>\n\t\t\t\t\t<\/div>\n\t\t<\/article>\n\t\t\t\t\t<\/div>\n\t\t<\/section>\n\t\t\t\t<section class=\"elementor-section elementor-top-section elementor-element elementor-element-8bd068b elementor-section-big elementor-section-height-default elementor-section-height-default\" data-id=\"8bd068b\" data-element_type=\"section\">\n\t\t\t\t\t\t<div class=\"elementor-container elementor-column-gap-default\">\n\t\t\t\t\t<div class=\"elementor-column elementor-col-50 elementor-top-column elementor-element elementor-element-9f59187\" data-id=\"9f59187\" data-element_type=\"column\">\n\t\t\t<div class=\"elementor-widget-wrap elementor-element-populated\">\n\t\t\t\t\t\t<div class=\"elementor-element elementor-element-39745a5 elementor-widget elementor-widget-text-editor\" data-id=\"39745a5\" data-element_type=\"widget\" data-widget_type=\"text-editor.default\">\n\t\t\t\t<div class=\"elementor-widget-container\">\n\t\t\t\t\t\t\t\t\t<p class=\"small-serif\">Als peus de la masia Can Calopa, al cor de Collserola i a nom\u00e9s 20 minuts de Barcelona, La Vinoteca \u00e9s el nostre bar de vins on descobrireu els vins i olis que elaborem a L&#8217;Olivera. Un espai rodejat de natura i amb una terrassa-mirador que s&#8217;aboca sobre les nostres vinyes i amb vistes espectaculars a la cara menys coneguda del Tibidabo.<\/p><p>A La Vinoteca hi podreu tastar tots els nostres vins i olis: els blancs, negres, dol\u00e7os i escumosos que sorgeixen del celler de Vallbona de les Monges, aix\u00ed com els que elaborem gr\u00e0cies a les vinyes de Collserola i del Parc Agrari de Sabadell.<\/p><p>Tot plegat, acompanyat <a href=\"https:\/\/olivera.org\/en\/carta-vino-2025-web-2\/\"><strong>d&#8217;una carta (consulta-la aqu\u00ed)<\/strong><\/a> plena de tapes, conserves, platets i propostes desenfadades de cuina senzilla i de temporada, elaborades amb les verdures del nostre hort i productes de petits artesans de proximitat.<\/p><p>Per grups a partir de 10 persones, tenim un men\u00fa amb una selecci\u00f3 dels nostres plats. El pots consultar <a href=\"http:\/\/olivera.org\/wp-content\/uploads\/2025\/11\/CC_MenuVinoteca_CAT-1.pdf\"><strong>aqu\u00ed<\/strong><\/a>!<\/p><p><strong>HORARI (estiu):<\/strong><br \/>Dijous, de 12 h a 23 h<br \/>Divendres, de 10 h a 23 h<br \/>Dissabte, de 10 h a 23 h<br \/>Diumenge, de 10 h a 18 h<\/p><p><strong>Tel\u00e8fon: <\/strong>+34 646 619 188<\/p>\t\t\t\t\t\t\t\t<\/div>\n\t\t\t\t<\/div>\n\t\t\t\t<div class=\"elementor-element elementor-element-dfe54d6 elementor-button-ghost elementor-align-left elementor-widget elementor-widget-button\" data-id=\"dfe54d6\" data-element_type=\"widget\" data-widget_type=\"button.default\">\n\t\t\t\t<div class=\"elementor-widget-container\">\n\t\t\t\t\t\t\t\t\t<div class=\"elementor-button-wrapper\">\n\t\t\t\t\t<a class=\"elementor-button elementor-button-link elementor-size-sm\" href=\"http:\/\/olivera.org\/wp-content\/uploads\/2025\/11\/Carta-\u00b7-Can-Calopa-CAT.pdf\" target=\"_blank\">\n\t\t\t\t\t\t<span class=\"elementor-button-content-wrapper\">\n\t\t\t\t\t\t\t\t\t<span class=\"elementor-button-text\">Veure la carta<\/span>\n\t\t\t\t\t<\/span>\n\t\t\t\t\t<\/a>\n\t\t\t\t<\/div>\n\t\t\t\t\t\t\t\t<\/div>\n\t\t\t\t<\/div>\n\t\t\t\t<div class=\"elementor-element elementor-element-8bbd804 elementor-button-ghost elementor-align-left elementor-widget elementor-widget-button\" data-id=\"8bbd804\" data-element_type=\"widget\" data-widget_type=\"button.default\">\n\t\t\t\t<div class=\"elementor-widget-container\">\n\t\t\t\t\t\t\t\t\t<div class=\"elementor-button-wrapper\">\n\t\t\t\t\t<a class=\"elementor-button elementor-button-link elementor-size-sm\" href=\"http:\/\/olivera.org\/wp-content\/uploads\/2026\/02\/CARTA-VINO-2025-CATALA-WEBBegudes.pdf\" target=\"_blank\">\n\t\t\t\t\t\t<span class=\"elementor-button-content-wrapper\">\n\t\t\t\t\t\t\t\t\t<span class=\"elementor-button-text\">Veure la carta de begudes<\/span>\n\t\t\t\t\t<\/span>\n\t\t\t\t\t<\/a>\n\t\t\t\t<\/div>\n\t\t\t\t\t\t\t\t<\/div>\n\t\t\t\t<\/div>\n\t\t\t\t<div class=\"elementor-element elementor-element-3507a67 elementor-button-ghost elementor-align-left elementor-widget elementor-widget-button\" data-id=\"3507a67\" data-element_type=\"widget\" data-widget_type=\"button.default\">\n\t\t\t\t<div class=\"elementor-widget-container\">\n\t\t\t\t\t\t\t\t\t<div class=\"elementor-button-wrapper\">\n\t\t\t\t\t<a class=\"elementor-button elementor-button-link elementor-size-sm\" href=\"http:\/\/olivera.org\/wp-content\/uploads\/2025\/11\/CC_MenuVinoteca_CAT-1.pdf\">\n\t\t\t\t\t\t<span class=\"elementor-button-content-wrapper\">\n\t\t\t\t\t\t\t\t\t<span class=\"elementor-button-text\">Men\u00fa per grups<\/span>\n\t\t\t\t\t<\/span>\n\t\t\t\t\t<\/a>\n\t\t\t\t<\/div>\n\t\t\t\t\t\t\t\t<\/div>\n\t\t\t\t<\/div>\n\t\t\t\t\t<\/div>\n\t\t<\/div>\n\t\t\t\t<div class=\"elementor-column elementor-col-50 elementor-top-column elementor-element elementor-element-2db7571\" data-id=\"2db7571\" data-element_type=\"column\">\n\t\t\t<div class=\"elementor-widget-wrap elementor-element-populated\">\n\t\t\t\t\t\t<section class=\"elementor-section elementor-inner-section elementor-element elementor-element-5bcd429 elementor-section-boxed elementor-section-height-default elementor-section-height-default\" data-id=\"5bcd429\" data-element_type=\"section\">\n\t\t\t\t\t\t<div class=\"elementor-container elementor-column-gap-default\">\n\t\t\t\t\t<div class=\"elementor-column elementor-col-100 elementor-inner-column elementor-element elementor-element-9e2c2dd\" data-id=\"9e2c2dd\" data-element_type=\"column\">\n\t\t\t<div class=\"elementor-widget-wrap elementor-element-populated\">\n\t\t\t\t\t\t<div class=\"elementor-element elementor-element-86b2288 elementor-widget elementor-widget-image\" data-id=\"86b2288\" data-element_type=\"widget\" data-widget_type=\"image.default\">\n\t\t\t\t<div class=\"elementor-widget-container\">\n\t\t\t\t\t\t\t\t\t\t\t\t\t\t\t<img fetchpriority=\"high\" decoding=\"async\" width=\"768\" height=\"768\" src=\"https:\/\/olivera.org\/wp-content\/uploads\/2021\/02\/vinoteca-can-calopa-lolivera-4-768x768.jpg\" class=\"attachment-medium_large size-medium_large wp-image-3838\" alt=\"\" srcset=\"https:\/\/olivera.org\/wp-content\/uploads\/2021\/02\/vinoteca-can-calopa-lolivera-4-768x768.jpg 768w, https:\/\/olivera.org\/wp-content\/uploads\/2021\/02\/vinoteca-can-calopa-lolivera-4-300x300.jpg 300w, https:\/\/olivera.org\/wp-content\/uploads\/2021\/02\/vinoteca-can-calopa-lolivera-4-1024x1024.jpg 1024w, https:\/\/olivera.org\/wp-content\/uploads\/2021\/02\/vinoteca-can-calopa-lolivera-4-150x150.jpg 150w, https:\/\/olivera.org\/wp-content\/uploads\/2021\/02\/vinoteca-can-calopa-lolivera-4-600x600.jpg 600w, https:\/\/olivera.org\/wp-content\/uploads\/2021\/02\/vinoteca-can-calopa-lolivera-4-100x100.jpg 100w, https:\/\/olivera.org\/wp-content\/uploads\/2021\/02\/vinoteca-can-calopa-lolivera-4.jpg 1200w\" sizes=\"(max-width: 768px) 100vw, 768px\" \/>\t\t\t\t\t\t\t\t\t\t\t\t\t\t\t<\/div>\n\t\t\t\t<\/div>\n\t\t\t\t\t<\/div>\n\t\t<\/div>\n\t\t\t\t\t<\/div>\n\t\t<\/section>\n\t\t\t\t<div class=\"elementor-element elementor-element-2e53a46 elementor-arrows-position-inside elementor-pagination-position-outside elementor-widget elementor-widget-image-carousel\" data-id=\"2e53a46\" data-element_type=\"widget\" data-settings=\"{&quot;slides_to_show&quot;:&quot;2&quot;,&quot;image_spacing_custom&quot;:{&quot;unit&quot;:&quot;px&quot;,&quot;size&quot;:&quot;27&quot;,&quot;sizes&quot;:[]},&quot;navigation&quot;:&quot;both&quot;,&quot;autoplay&quot;:&quot;yes&quot;,&quot;pause_on_hover&quot;:&quot;yes&quot;,&quot;pause_on_interaction&quot;:&quot;yes&quot;,&quot;autoplay_speed&quot;:5000,&quot;infinite&quot;:&quot;yes&quot;,&quot;speed&quot;:500,&quot;image_spacing_custom_tablet&quot;:{&quot;unit&quot;:&quot;px&quot;,&quot;size&quot;:&quot;&quot;,&quot;sizes&quot;:[]},&quot;image_spacing_custom_mobile&quot;:{&quot;unit&quot;:&quot;px&quot;,&quot;size&quot;:&quot;&quot;,&quot;sizes&quot;:[]}}\" data-widget_type=\"image-carousel.default\">\n\t\t\t\t<div class=\"elementor-widget-container\">\n\t\t\t\t\t\t\t<div class=\"elementor-image-carousel-wrapper swiper\" role=\"region\" aria-roledescription=\"carousel\" aria-label=\"Carrusel d&#039;imatges\" dir=\"ltr\">\n\t\t\t<div class=\"elementor-image-carousel swiper-wrapper\" aria-live=\"off\">\n\t\t\t\t\t\t\t\t<div class=\"swiper-slide\" role=\"group\" aria-roledescription=\"slide\" aria-label=\"1 de 6\"><figure class=\"swiper-slide-inner\"><img decoding=\"async\" class=\"swiper-slide-image\" src=\"https:\/\/olivera.org\/wp-content\/uploads\/2022\/05\/mirador2-683x1024.jpg\" alt=\"vinoteca-can-calopa\" \/><\/figure><\/div><div class=\"swiper-slide\" role=\"group\" aria-roledescription=\"slide\" aria-label=\"2 de 6\"><figure class=\"swiper-slide-inner\"><img decoding=\"async\" class=\"swiper-slide-image\" src=\"https:\/\/olivera.org\/wp-content\/uploads\/2022\/05\/vinoteca1-691x1024.jpg\" alt=\"vinoteca-can-calopa\" \/><\/figure><\/div><div class=\"swiper-slide\" role=\"group\" aria-roledescription=\"slide\" aria-label=\"3 de 6\"><figure class=\"swiper-slide-inner\"><img decoding=\"async\" class=\"swiper-slide-image\" src=\"https:\/\/olivera.org\/wp-content\/uploads\/2022\/05\/cc10-683x1024.jpg\" alt=\"vinoteca-can-calopa\" \/><\/figure><\/div><div class=\"swiper-slide\" role=\"group\" aria-roledescription=\"slide\" aria-label=\"4 de 6\"><figure class=\"swiper-slide-inner\"><img decoding=\"async\" class=\"swiper-slide-image\" src=\"https:\/\/olivera.org\/wp-content\/uploads\/2022\/05\/cc9-683x1024.jpg\" alt=\"vinoteca-can-calopa\" \/><\/figure><\/div><div class=\"swiper-slide\" role=\"group\" aria-roledescription=\"slide\" aria-label=\"5 de 6\"><figure class=\"swiper-slide-inner\"><img decoding=\"async\" class=\"swiper-slide-image\" src=\"https:\/\/olivera.org\/wp-content\/uploads\/2022\/05\/vinoteca-vinyesdebarcelona4-683x1024.jpg\" alt=\"vinoteca-can-calopa\" \/><\/figure><\/div><div class=\"swiper-slide\" role=\"group\" aria-roledescription=\"slide\" aria-label=\"6 de 6\"><figure class=\"swiper-slide-inner\"><img decoding=\"async\" class=\"swiper-slide-image\" src=\"https:\/\/olivera.org\/wp-content\/uploads\/2022\/05\/vnoteca-servir-683x1024.jpg\" alt=\"vinoteca-can-calopa\" \/><\/figure><\/div>\t\t\t<\/div>\n\t\t\t\t\t\t\t\t\t\t\t\t<div class=\"elementor-swiper-button elementor-swiper-button-prev\" role=\"button\" tabindex=\"0\">\n\t\t\t\t\t\t<i aria-hidden=\"true\" class=\"eicon-chevron-left\"><\/i>\t\t\t\t\t<\/div>\n\t\t\t\t\t<div class=\"elementor-swiper-button elementor-swiper-button-next\" role=\"button\" tabindex=\"0\">\n\t\t\t\t\t\t<i aria-hidden=\"true\" class=\"eicon-chevron-right\"><\/i>\t\t\t\t\t<\/div>\n\t\t\t\t\n\t\t\t\t\t\t\t\t\t<div class=\"swiper-pagination\"><\/div>\n\t\t\t\t\t\t\t\t\t<\/div>\n\t\t\t\t\t\t<\/div>\n\t\t\t\t<\/div>\n\t\t\t\t\t<\/div>\n\t\t<\/div>\n\t\t\t\t\t<\/div>\n\t\t<\/section>\n\t\t\t\t<section class=\"elementor-section elementor-top-section elementor-element elementor-element-389eeb5 elementor-section-boxed elementor-section-height-default elementor-section-height-default\" data-id=\"389eeb5\" data-element_type=\"section\">\n\t\t\t\t\t\t<div class=\"elementor-container elementor-column-gap-default\">\n\t\t\t\t\t<div class=\"elementor-column elementor-col-100 elementor-top-column elementor-element elementor-element-0383a29\" data-id=\"0383a29\" data-element_type=\"column\">\n\t\t\t<div class=\"elementor-widget-wrap elementor-element-populated\">\n\t\t\t\t\t\t<div class=\"elementor-element elementor-element-48edbda elementor-widget elementor-widget-html\" data-id=\"48edbda\" data-element_type=\"widget\" data-widget_type=\"html.default\">\n\t\t\t\t<div class=\"elementor-widget-container\">\n\t\t\t\t\t<script type=\"text\/javascript\"\n                                                                                        src=\"https:\/\/www.covermanager.com\/js\/iframeResizer\/iframeResizer.min.js\"><\/script><iframe\n                                                            id=\"restaurante-vinotecadecancolapa\" title=\"Reservas\"\n                                                            src=\"https:\/\/www.covermanager.com\/reserve\/module_restaurant\/restaurante-vinotecadecancolapa\/catalan\"\n                                                            allow=\"payment\" frameborder=\"0\" height=\"550\" width=\"100%\" onload=\"iFrameResize();\"><\/iframe>\t\t\t\t<\/div>\n\t\t\t\t<\/div>\n\t\t\t\t\t<\/div>\n\t\t<\/div>\n\t\t\t\t\t<\/div>\n\t\t<\/section>\n\t\t\t\t<section class=\"elementor-section elementor-top-section elementor-element elementor-element-d1426c5 elementor-section-big elementor-section-height-default elementor-section-height-default\" data-id=\"d1426c5\" data-element_type=\"section\" data-settings=\"{&quot;background_background&quot;:&quot;classic&quot;}\">\n\t\t\t\t\t\t<div class=\"elementor-container elementor-column-gap-default\">\n\t\t\t\t\t<div class=\"elementor-column elementor-col-100 elementor-top-column elementor-element elementor-element-c221d40\" data-id=\"c221d40\" data-element_type=\"column\">\n\t\t\t<div class=\"elementor-widget-wrap elementor-element-populated\">\n\t\t\t\t\t\t<section class=\"elementor-section elementor-inner-section elementor-element elementor-element-a7a1b3c elementor-section-big elementor-section-height-default elementor-section-height-default\" data-id=\"a7a1b3c\" data-element_type=\"section\">\n\t\t\t\t\t\t<div class=\"elementor-container elementor-column-gap-default\">\n\t\t\t\t\t<div class=\"elementor-column elementor-col-100 elementor-inner-column elementor-element elementor-element-87c300e\" data-id=\"87c300e\" data-element_type=\"column\">\n\t\t\t<div class=\"elementor-widget-wrap elementor-element-populated\">\n\t\t\t\t\t\t<div class=\"elementor-element elementor-element-8034452 elementor-widget elementor-widget-heading\" data-id=\"8034452\" data-element_type=\"widget\" data-widget_type=\"heading.default\">\n\t\t\t\t<div class=\"elementor-widget-container\">\n\t\t\t\t\t<h2 class=\"elementor-heading-title elementor-size-default\">ACTIVITATS<\/h2>\t\t\t\t<\/div>\n\t\t\t\t<\/div>\n\t\t\t\t<div class=\"elementor-element elementor-element-c1eb6b0 elementor-widget elementor-widget-text-editor\" data-id=\"c1eb6b0\" data-element_type=\"widget\" data-widget_type=\"text-editor.default\">\n\t\t\t\t<div class=\"elementor-widget-container\">\n\t\t\t\t\t\t\t\t\t<p style=\"text-align: center\">Gastronomia, poesia, art, m\u00fasica&#8230; La Vinoteca \u00e9s un espai obert a la cultura entesa en el seu sentit m\u00e9s ampli. Per aix\u00f2, durant l&#8217;any, oferim diferents activitats l\u00fadiques i culturals que tenen, aix\u00f2 s\u00ed, el vi com a fil conductor. Tot, en un espai emblem\u00e0tic, rodejat de natura i molt a prop de Barcelona.\u00a0<\/p>\t\t\t\t\t\t\t\t<\/div>\n\t\t\t\t<\/div>\n\t\t\t\t\t<\/div>\n\t\t<\/div>\n\t\t\t\t\t<\/div>\n\t\t<\/section>\n\t\t\t\t<div class=\"elementor-element elementor-element-f2d5d31 elementor-widget elementor-widget-olivera-activitylisting\" data-id=\"f2d5d31\" data-element_type=\"widget\" data-widget_type=\"olivera-activitylisting.default\">\n\t\t\t\t<div class=\"elementor-widget-container\">\n\t\t\t\t\t<div class=\"activity-list\" data-background-color=\"white\" ><article class=\"activity\"><a class=\"block-link\" href=\"https:\/\/olivera.org\/ca\/activitat\/festa-de-la-primavera\/\"><div class=\"featured-image\"><div class=\"image\" style=\"background-image: url(https:\/\/olivera.org\/wp-content\/uploads\/2026\/04\/LO_CC_FestaPrimavera_XXSS.png);\"><\/div><\/div><div class=\"description\"><div class=\"details\"><p class=\"days\"><svg xmlns=\"http:\/\/www.w3.org\/2000\/svg\" width=\"15.57\" height=\"14.383\" viewBox=\"0 0 15.57 14.383\">\n  <path id=\"Trazado_11674\" data-name=\"Trazado 11674\" d=\"M4.445,1.563H15.117A2.152,2.152,0,0,0,17.563-.859V-10.4a2.152,2.152,0,0,0-2.445-2.422H4.445A2.155,2.155,0,0,0,1.992-10.4V-.859A2.155,2.155,0,0,0,4.445,1.563ZM4.328.3A.971.971,0,0,1,3.25-.789V-8.156A.974.974,0,0,1,4.328-9.25H15.219A.979.979,0,0,1,16.3-8.156V-.789A.976.976,0,0,1,15.219.3ZM8.25-6.445h.461c.273,0,.367-.078.367-.352v-.461c0-.273-.094-.359-.367-.359H8.25c-.273,0-.367.086-.367.359V-6.8C7.883-6.523,7.977-6.445,8.25-6.445Zm2.6,0H11.3c.273,0,.367-.078.367-.352v-.461c0-.273-.094-.359-.367-.359h-.453c-.281,0-.367.086-.367.359V-6.8C10.484-6.523,10.57-6.445,10.852-6.445Zm2.594,0h.461c.273,0,.359-.078.359-.352v-.461c0-.273-.086-.359-.359-.359h-.461c-.273,0-.367.086-.367.359V-6.8C13.078-6.523,13.172-6.445,13.445-6.445ZM5.656-3.891h.461c.273,0,.359-.078.359-.352V-4.7c0-.273-.086-.352-.359-.352H5.656c-.273,0-.367.078-.367.352v.461C5.289-3.969,5.383-3.891,5.656-3.891Zm2.594,0h.461c.273,0,.367-.078.367-.352V-4.7c0-.273-.094-.352-.367-.352H8.25c-.273,0-.367.078-.367.352v.461C7.883-3.969,7.977-3.891,8.25-3.891Zm2.6,0H11.3c.273,0,.367-.078.367-.352V-4.7c0-.273-.094-.352-.367-.352h-.453c-.281,0-.367.078-.367.352v.461C10.484-3.969,10.57-3.891,10.852-3.891Zm2.594,0h.461c.273,0,.359-.078.359-.352V-4.7c0-.273-.086-.352-.359-.352h-.461c-.273,0-.367.078-.367.352v.461C13.078-3.969,13.172-3.891,13.445-3.891ZM5.656-1.328h.461c.273,0,.359-.086.359-.359v-.461c0-.273-.086-.352-.359-.352H5.656c-.273,0-.367.078-.367.352v.461C5.289-1.414,5.383-1.328,5.656-1.328Zm2.594,0h.461c.273,0,.367-.086.367-.359v-.461c0-.273-.094-.352-.367-.352H8.25c-.273,0-.367.078-.367.352v.461C7.883-1.414,7.977-1.328,8.25-1.328Zm2.6,0H11.3c.273,0,.367-.086.367-.359v-.461c0-.273-.094-.352-.367-.352h-.453c-.281,0-.367.078-.367.352v.461C10.484-1.414,10.57-1.328,10.852-1.328Z\" transform=\"translate(-1.992 12.82)\" fill=\"#001e53\"\/>\n<\/svg>\n10 de maig<\/p><p class=\"location\"><svg xmlns=\"http:\/\/www.w3.org\/2000\/svg\" width=\"17.157\" height=\"21.167\" viewBox=\"0 0 17.157 21.167\">\r\n  <path id=\"Trazado_11672\" data-name=\"Trazado 11672\" d=\"M56.723,23.591a2.025,2.025,0,0,0,2.7,0c2.414-2.21,7.224-7.287,7.224-12.684C66.637,6.5,62.8,2.94,58.068,2.94h-.554A8.3,8.3,0,0,0,49.49,11C49.547,16.365,54.318,21.378,56.723,23.591ZM54.639,10.907a3.438,3.438,0,0,1,6.859,0,3.439,3.439,0,0,1-6.859.016Z\" transform=\"translate(-49.49 -2.94)\" fill=\"#001e53\"\/>\r\n<\/svg>\r\nMasia Can Calopa de Dalt<\/p><p class=\"length\"><svg xmlns=\"http:\/\/www.w3.org\/2000\/svg\" width=\"15.938\" height=\"15.938\" viewBox=\"0 0 15.938 15.938\">\r\n  <path id=\"Trazado_11673\" data-name=\"Trazado 11673\" d=\"M9.367,2.328a8.023,8.023,0,0,0,7.969-7.969,8.035,8.035,0,0,0-7.977-7.969A8.026,8.026,0,0,0,1.4-5.641,8.028,8.028,0,0,0,9.367,2.328ZM9.367,1A6.609,6.609,0,0,1,2.734-5.641a6.607,6.607,0,0,1,6.625-6.641,6.632,6.632,0,0,1,6.648,6.641A6.61,6.61,0,0,1,9.367,1ZM5.281-4.8H9.359a.539.539,0,0,0,.547-.547v-5.266a.537.537,0,0,0-.547-.539.53.53,0,0,0-.539.539v4.727H5.281a.532.532,0,0,0-.547.539A.534.534,0,0,0,5.281-4.8Z\" transform=\"translate(-1.398 13.609)\" fill=\"#001e53\"\/>\r\n<\/svg>\r\n11:30 h<\/p><p class=\"price\">32,50 \u20ac<\/p><\/div><h1 class=\"title\">Festa de la Primavera<\/h1><p class=\"excerpt\">Donem la benvinguda a la primavera amb un tast gastron\u00f2mic de proximitat acompanyat de m\u00fasica en directe. <\/p><p class=\"button\">Saber m\u00e9s<\/p><\/div><\/a><\/article><\/div>\t\t\t\t<\/div>\n\t\t\t\t<\/div>\n\t\t\t\t\t<\/div>\n\t\t<\/div>\n\t\t\t\t\t<\/div>\n\t\t<\/section>\n\t\t\t\t<section class=\"elementor-section elementor-top-section elementor-element elementor-element-d2ca431 elementor-section-boxed elementor-section-height-default elementor-section-height-default\" data-id=\"d2ca431\" data-element_type=\"section\">\n\t\t\t\t\t\t<div class=\"elementor-container elementor-column-gap-default\">\n\t\t\t\t\t<div class=\"elementor-column elementor-col-100 elementor-top-column elementor-element elementor-element-80f719e\" data-id=\"80f719e\" data-element_type=\"column\">\n\t\t\t<div class=\"elementor-widget-wrap elementor-element-populated\">\n\t\t\t\t\t\t<div class=\"elementor-element elementor-element-16c9aa8 elementor-widget elementor-widget-heading\" data-id=\"16c9aa8\" data-element_type=\"widget\" data-widget_type=\"heading.default\">\n\t\t\t\t<div class=\"elementor-widget-container\">\n\t\t\t\t\t<h2 class=\"elementor-heading-title elementor-size-default\">ON SOM<\/h2>\t\t\t\t<\/div>\n\t\t\t\t<\/div>\n\t\t\t\t\t<\/div>\n\t\t<\/div>\n\t\t\t\t\t<\/div>\n\t\t<\/section>\n\t\t\t\t<section class=\"elementor-section elementor-top-section elementor-element elementor-element-9471f60 elementor-section-boxed elementor-section-height-default elementor-section-height-default\" data-id=\"9471f60\" data-element_type=\"section\">\n\t\t\t\t\t\t<div class=\"elementor-container elementor-column-gap-default\">\n\t\t\t\t\t<div class=\"elementor-column elementor-col-100 elementor-top-column elementor-element elementor-element-0fed491\" data-id=\"0fed491\" data-element_type=\"column\">\n\t\t\t<div class=\"elementor-widget-wrap elementor-element-populated\">\n\t\t\t\t\t\t<div class=\"elementor-element elementor-element-5e85f58 elementor-widget elementor-widget-text-editor\" data-id=\"5e85f58\" data-element_type=\"widget\" data-widget_type=\"text-editor.default\">\n\t\t\t\t<div class=\"elementor-widget-container\">\n\t\t\t\t\t\t\t\t\t<p style=\"text-align: center\">La Vinoteca de Can Calopa est\u00e0 ubicada a la masia de Can Calopa de Dalt, a la carretera que uneix Vallvidrera i Molins de Rei, en el vessant nord de la Serra de Collserola. Forma part del terme municipal de Barcelona, al districte de Sarri\u00e0-Sant Gervasi i est\u00e0 inclosa dins el Parc de Collserola, classificada com a zona natural de valor ecol\u00f2gic i natural\u00edstic.<\/p>\t\t\t\t\t\t\t\t<\/div>\n\t\t\t\t<\/div>\n\t\t\t\t\t<\/div>\n\t\t<\/div>\n\t\t\t\t\t<\/div>\n\t\t<\/section>\n\t\t\t\t<section class=\"elementor-section elementor-top-section elementor-element elementor-element-d47dacc elementor-section-boxed elementor-section-height-default elementor-section-height-default\" data-id=\"d47dacc\" data-element_type=\"section\">\n\t\t\t\t\t\t<div class=\"elementor-container elementor-column-gap-default\">\n\t\t\t\t\t<div class=\"elementor-column elementor-col-100 elementor-top-column elementor-element elementor-element-20eb4e0\" data-id=\"20eb4e0\" data-element_type=\"column\">\n\t\t\t<div class=\"elementor-widget-wrap elementor-element-populated\">\n\t\t\t\t\t\t<div class=\"elementor-element elementor-element-fcc5cb1 elementor-widget elementor-widget-olivera-headquarterlisting\" data-id=\"fcc5cb1\" data-element_type=\"widget\" data-widget_type=\"olivera-headquarterlisting.default\">\n\t\t\t\t<div class=\"elementor-widget-container\">\n\t\t\t\t\t<div class=\"headquarter-list\"><article class=\"item\"><div class=\"media\"><div class=\"image\" style=\"background-image: url(https:\/\/olivera.org\/wp-content\/uploads\/2020\/10\/noticia-1.jpg);\"><img decoding=\"async\" width=\"600\" height=\"480\" src=\"https:\/\/olivera.org\/wp-content\/uploads\/2020\/10\/noticia-1.jpg\" class=\"attachment-post-thumbnail size-post-thumbnail wp-post-image\" alt=\"\" srcset=\"https:\/\/olivera.org\/wp-content\/uploads\/2020\/10\/noticia-1.jpg 600w, https:\/\/olivera.org\/wp-content\/uploads\/2020\/10\/noticia-1-300x240.jpg 300w\" sizes=\"(max-width: 600px) 100vw, 600px\" \/><\/div><div class=\"google-map\"><iframe src=\"https:\/\/www.google.com\/maps\/embed?pb=!1m18!1m12!1m3!1d1453.1549782928305!2d2.0619740024188684!3d41.42899514438562!2m3!1f0!2f0!3f0!3m2!1i1024!2i768!4f13.1!3m3!1m2!1s0x12a4914840555d0d%3A0xac14a3d10409903b!2sLa%20Vinoteca%20de%20Can%20Calopa!5e0!3m2!1sca!2ses!4v1611826036543!5m2!1sca!2ses\" width=\"600\" height=\"450\" frameborder=\"0\" style=\"border:0;\" allowfullscreen=\"\" aria-hidden=\"false\" tabindex=\"0\"><\/iframe><\/div><\/div><div class=\"description\"><h1 class=\"title\">La Vinoteca de Can Calopa<\/h1><p class=\"address\"><svg xmlns=\"http:\/\/www.w3.org\/2000\/svg\" width=\"17.157\" height=\"21.167\" viewBox=\"0 0 17.157 21.167\">\r\n  <path id=\"Trazado_11672\" data-name=\"Trazado 11672\" d=\"M56.723,23.591a2.025,2.025,0,0,0,2.7,0c2.414-2.21,7.224-7.287,7.224-12.684C66.637,6.5,62.8,2.94,58.068,2.94h-.554A8.3,8.3,0,0,0,49.49,11C49.547,16.365,54.318,21.378,56.723,23.591ZM54.639,10.907a3.438,3.438,0,0,1,6.859,0,3.439,3.439,0,0,1-6.859.016Z\" transform=\"translate(-49.49 -2.94)\" fill=\"#001e53\"\/>\r\n<\/svg>\r\nMasia Can Calopa de Dalt<br \/>\r\ncrta. BV-1468 Km 4,8<br \/>\r\n08017 Parc de Collserola<br \/>\r\nBarcelona<\/p><p class=\"button\"><span class=\"open\">Obrir mapa<\/span><span class=\"close\">Tancar mapa<\/span><\/p><p class=\"phone\">+34  646 619 188<\/p><p class=\"email\">lavinoteca@olivera.org<\/p><\/div><\/article><\/div>\t\t\t\t<\/div>\n\t\t\t\t<\/div>\n\t\t\t\t\t<\/div>\n\t\t<\/div>\n\t\t\t\t\t<\/div>\n\t\t<\/section>\n\t\t\t\t<\/div>\n\t\t","protected":false},"excerpt":{"rendered":"<p>LA VINOTECA Als peus de la masia Can Calopa, al cor de Collserola i a nom\u00e9s 20 minuts de Barcelona, La Vinoteca \u00e9s el nostre bar de vins on descobrireu els vins i olis que elaborem a L&#8217;Olivera. Un espai rodejat de natura i amb una terrassa-mirador que s&#8217;aboca sobre les nostres vinyes i amb [&hellip;]<\/p>\n","protected":false},"author":12,"featured_media":0,"parent":0,"menu_order":0,"comment_status":"closed","ping_status":"closed","template":"elementor_header_footer","meta":{"_acf_changed":false,"footnotes":""},"class_list":["post-36","page","type-page","status-publish","hentry"],"acf":[],"jetpack_sharing_enabled":true,"_links":{"self":[{"href":"https:\/\/olivera.org\/ca\/wp-json\/wp\/v2\/pages\/36","targetHints":{"allow":["GET"]}}],"collection":[{"href":"https:\/\/olivera.org\/ca\/wp-json\/wp\/v2\/pages"}],"about":[{"href":"https:\/\/olivera.org\/ca\/wp-json\/wp\/v2\/types\/page"}],"author":[{"embeddable":true,"href":"https:\/\/olivera.org\/ca\/wp-json\/wp\/v2\/users\/12"}],"replies":[{"embeddable":true,"href":"https:\/\/olivera.org\/ca\/wp-json\/wp\/v2\/comments?post=36"}],"version-history":[{"count":155,"href":"https:\/\/olivera.org\/ca\/wp-json\/wp\/v2\/pages\/36\/revisions"}],"predecessor-version":[{"id":35047,"href":"https:\/\/olivera.org\/ca\/wp-json\/wp\/v2\/pages\/36\/revisions\/35047"}],"wp:attachment":[{"href":"https:\/\/olivera.org\/ca\/wp-json\/wp\/v2\/media?parent=36"}],"curies":[{"name":"wp","href":"https:\/\/api.w.org\/{rel}","templated":true}]}}