{"id":76,"date":"2020-10-15T07:46:19","date_gmt":"2020-10-15T07:46:19","guid":{"rendered":"https:\/\/olivera.org\/?page_id=76"},"modified":"2022-06-13T14:19:54","modified_gmt":"2022-06-13T14:19:54","slug":"joves-amb-caracter","status":"publish","type":"page","link":"https:\/\/olivera.org\/ca\/vins\/joves-amb-caracter\/","title":{"rendered":"Joves amb car\u00e0cter"},"content":{"rendered":"\t\t<div data-elementor-type=\"wp-page\" data-elementor-id=\"76\" class=\"elementor elementor-76\" data-elementor-post-type=\"page\">\n\t\t\t\t\t\t<section class=\"elementor-section elementor-top-section elementor-element elementor-element-c6a7ec3 elementor-section-boxed elementor-section-height-default elementor-section-height-default\" data-id=\"c6a7ec3\" data-element_type=\"section\">\n\t\t\t\t\t\t<div class=\"elementor-container elementor-column-gap-default\">\n\t\t\t\t\t<div class=\"elementor-column elementor-col-100 elementor-top-column elementor-element elementor-element-e24daa6\" data-id=\"e24daa6\" data-element_type=\"column\">\n\t\t\t<div class=\"elementor-widget-wrap elementor-element-populated\">\n\t\t\t\t\t\t<div class=\"elementor-element elementor-element-bbc0573 elementor-widget elementor-widget-text-editor\" data-id=\"bbc0573\" data-element_type=\"widget\" data-widget_type=\"text-editor.default\">\n\t\t\t\t<div class=\"elementor-widget-container\">\n\t\t\t\t\t\t\t\t\t<p style=\"text-align: center;\">Joventut, maduresa i complexitat a parts iguals. Els vins joves de L\u2019Olivera busquen traslladar a l\u2019ampolla l\u2019expressi\u00f3 genu\u00efna de les varietats hist\u00f2riques que cultivem a la Vall del Corb, en un paisatge mediterrani d\u2019interior i de certa al\u00e7ada que proporciona al vi un equilibri just entre volum, frescor i una expressi\u00f3 \u00fanica de la mat\u00e8ria primera.<\/p>\t\t\t\t\t\t\t\t<\/div>\n\t\t\t\t<\/div>\n\t\t\t\t\t<\/div>\n\t\t<\/div>\n\t\t\t\t\t<\/div>\n\t\t<\/section>\n\t\t\t\t<section class=\"elementor-section elementor-top-section elementor-element elementor-element-a3ea0ac elementor-section-big elementor-section-height-default elementor-section-height-default\" data-id=\"a3ea0ac\" data-element_type=\"section\">\n\t\t\t\t\t\t<div class=\"elementor-container elementor-column-gap-default\">\n\t\t\t\t\t<div class=\"elementor-column elementor-col-100 elementor-top-column elementor-element elementor-element-4d5e4ed\" data-id=\"4d5e4ed\" data-element_type=\"column\">\n\t\t\t<div class=\"elementor-widget-wrap elementor-element-populated\">\n\t\t\t\t\t\t<div class=\"elementor-element elementor-element-e4b32c1 elementor-widget elementor-widget-olivera-productlisting\" data-id=\"e4b32c1\" data-element_type=\"widget\" data-widget_type=\"olivera-productlisting.default\">\n\t\t\t\t<div class=\"elementor-widget-container\">\n\t\t\t\t\t<div class=\"product-listing-container\" data-slider=\"no\"><div class=\"product-list\"><article class=\"entry\"><a href=\"https:\/\/olivera.org\/ca\/producte\/blanc-de-sere\/\"><img fetchpriority=\"high\" decoding=\"async\" width=\"600\" height=\"716\" src=\"https:\/\/olivera.org\/wp-content\/uploads\/2020\/10\/Blanc-de-Sere-web.png\" class=\"attachment-woocommerce_thumbnail size-woocommerce_thumbnail\" alt=\"Blanc de Ser\u00e8\" srcset=\"https:\/\/olivera.org\/wp-content\/uploads\/2020\/10\/Blanc-de-Sere-web.png 600w, https:\/\/olivera.org\/wp-content\/uploads\/2020\/10\/Blanc-de-Sere-web-251x300.png 251w\" sizes=\"(max-width: 600px) 100vw, 600px\" \/><h1 class=\"title\">Blanc de Ser\u00e8<\/h1><\/a><\/article><article class=\"entry\"><a href=\"https:\/\/olivera.org\/ca\/producte\/tossudes\/\"><img decoding=\"async\" width=\"600\" height=\"716\" src=\"https:\/\/olivera.org\/wp-content\/uploads\/2020\/10\/Tossudes-web-1.png\" class=\"attachment-woocommerce_thumbnail size-woocommerce_thumbnail\" alt=\"Tossudes\" srcset=\"https:\/\/olivera.org\/wp-content\/uploads\/2020\/10\/Tossudes-web-1.png 600w, https:\/\/olivera.org\/wp-content\/uploads\/2020\/10\/Tossudes-web-1-251x300.png 251w\" sizes=\"(max-width: 600px) 100vw, 600px\" \/><h1 class=\"title\">Tossudes<\/h1><\/a><\/article><\/div><\/div>\t\t\t\t<\/div>\n\t\t\t\t<\/div>\n\t\t\t\t\t<\/div>\n\t\t<\/div>\n\t\t\t\t\t<\/div>\n\t\t<\/section>\n\t\t\t\t<\/div>\n\t\t","protected":false},"excerpt":{"rendered":"<p>Joventut, maduresa i complexitat a parts iguals. Els vins joves de L\u2019Olivera busquen traslladar a l\u2019ampolla l\u2019expressi\u00f3 genu\u00efna de les varietats hist\u00f2riques que cultivem a la Vall del Corb, en un paisatge mediterrani d\u2019interior i de certa al\u00e7ada que proporciona al vi un equilibri just entre volum, frescor i una expressi\u00f3 \u00fanica de la mat\u00e8ria [&hellip;]<\/p>\n","protected":false},"author":12,"featured_media":0,"parent":15186,"menu_order":0,"comment_status":"closed","ping_status":"closed","template":"","meta":{"_acf_changed":false,"footnotes":""},"class_list":["post-76","page","type-page","status-publish","hentry"],"acf":[],"jetpack_sharing_enabled":true,"_links":{"self":[{"href":"https:\/\/olivera.org\/ca\/wp-json\/wp\/v2\/pages\/76","targetHints":{"allow":["GET"]}}],"collection":[{"href":"https:\/\/olivera.org\/ca\/wp-json\/wp\/v2\/pages"}],"about":[{"href":"https:\/\/olivera.org\/ca\/wp-json\/wp\/v2\/types\/page"}],"author":[{"embeddable":true,"href":"https:\/\/olivera.org\/ca\/wp-json\/wp\/v2\/users\/12"}],"replies":[{"embeddable":true,"href":"https:\/\/olivera.org\/ca\/wp-json\/wp\/v2\/comments?post=76"}],"version-history":[{"count":0,"href":"https:\/\/olivera.org\/ca\/wp-json\/wp\/v2\/pages\/76\/revisions"}],"up":[{"embeddable":true,"href":"https:\/\/olivera.org\/ca\/wp-json\/wp\/v2\/pages\/15186"}],"wp:attachment":[{"href":"https:\/\/olivera.org\/ca\/wp-json\/wp\/v2\/media?parent=76"}],"curies":[{"name":"wp","href":"https:\/\/api.w.org\/{rel}","templated":true}]}}