{"id":78,"date":"2020-10-15T07:46:58","date_gmt":"2020-10-15T07:46:58","guid":{"rendered":"https:\/\/olivera.org\/?page_id=78"},"modified":"2022-06-13T14:20:02","modified_gmt":"2022-06-13T14:20:02","slug":"els-macabeus","status":"publish","type":"page","link":"https:\/\/olivera.org\/ca\/vins\/els-macabeus\/","title":{"rendered":"Els macabeus"},"content":{"rendered":"\t\t<div data-elementor-type=\"wp-page\" data-elementor-id=\"78\" class=\"elementor elementor-78\" data-elementor-post-type=\"page\">\n\t\t\t\t\t\t<section class=\"elementor-section elementor-top-section elementor-element elementor-element-c546c20 elementor-section-boxed elementor-section-height-default elementor-section-height-default\" data-id=\"c546c20\" data-element_type=\"section\">\n\t\t\t\t\t\t<div class=\"elementor-container elementor-column-gap-default\">\n\t\t\t\t\t<div class=\"elementor-column elementor-col-100 elementor-top-column elementor-element elementor-element-cc5cfbc\" data-id=\"cc5cfbc\" data-element_type=\"column\">\n\t\t\t<div class=\"elementor-widget-wrap elementor-element-populated\">\n\t\t\t\t\t\t<div class=\"elementor-element elementor-element-c1315d9 elementor-widget elementor-widget-text-editor\" data-id=\"c1315d9\" data-element_type=\"widget\" data-widget_type=\"text-editor.default\">\n\t\t\t\t<div class=\"elementor-widget-container\">\n\t\t\t\t\t\t\t\t\t<p style=\"text-align: center;\">El Macabeu \u00e9s una varietat important i hist\u00f2ricament present a Vallbona de les Monges i a la Denominaci\u00f3 d&#8217;Origen Costers del Segre. Des dels seus inicis, L&#8217;Olivera ha fet una aposta per aquesta varietat i per descobrir-ne el seu potencial. Els monovarietals de Macabeu de L&#8217;Olivera s\u00f3n el resultat de l&#8217;exploraci\u00f3 de diferents elaboracions a la recerca de la seva expressi\u00f3 subtil tot participant, alhora, en la creaci\u00f3 de vins complexos.<\/p>\t\t\t\t\t\t\t\t<\/div>\n\t\t\t\t<\/div>\n\t\t\t\t\t<\/div>\n\t\t<\/div>\n\t\t\t\t\t<\/div>\n\t\t<\/section>\n\t\t\t\t<section class=\"elementor-section elementor-top-section elementor-element elementor-element-30a789f elementor-section-big elementor-section-height-default elementor-section-height-default\" data-id=\"30a789f\" data-element_type=\"section\">\n\t\t\t\t\t\t<div class=\"elementor-container elementor-column-gap-default\">\n\t\t\t\t\t<div class=\"elementor-column elementor-col-100 elementor-top-column elementor-element elementor-element-3388661\" data-id=\"3388661\" data-element_type=\"column\">\n\t\t\t<div class=\"elementor-widget-wrap elementor-element-populated\">\n\t\t\t\t\t\t<div class=\"elementor-element elementor-element-329fbe6 elementor-widget elementor-widget-olivera-productlisting\" data-id=\"329fbe6\" data-element_type=\"widget\" data-widget_type=\"olivera-productlisting.default\">\n\t\t\t\t<div class=\"elementor-widget-container\">\n\t\t\t\t\t<div class=\"product-listing-container\" data-slider=\"no\"><div class=\"product-list\"><article class=\"entry\"><a href=\"https:\/\/olivera.org\/ca\/producte\/agaliu-vi-blanc\/\"><img fetchpriority=\"high\" decoding=\"async\" width=\"600\" height=\"899\" src=\"https:\/\/olivera.org\/wp-content\/uploads\/2020\/10\/lasembra-olivera-fotos20--600x899.png\" class=\"attachment-woocommerce_thumbnail size-woocommerce_thumbnail\" alt=\"Agaliu\" srcset=\"https:\/\/olivera.org\/wp-content\/uploads\/2020\/10\/lasembra-olivera-fotos20--600x899.png 600w, https:\/\/olivera.org\/wp-content\/uploads\/2020\/10\/lasembra-olivera-fotos20--200x300.png 200w, https:\/\/olivera.org\/wp-content\/uploads\/2020\/10\/lasembra-olivera-fotos20--683x1024.png 683w, https:\/\/olivera.org\/wp-content\/uploads\/2020\/10\/lasembra-olivera-fotos20--768x1151.png 768w, https:\/\/olivera.org\/wp-content\/uploads\/2020\/10\/lasembra-olivera-fotos20--1025x1536.png 1025w, https:\/\/olivera.org\/wp-content\/uploads\/2020\/10\/lasembra-olivera-fotos20--1367x2048.png 1367w\" sizes=\"(max-width: 600px) 100vw, 600px\" \/><h1 class=\"title\">Agaliu<\/h1><\/a><\/article><article class=\"entry\"><a href=\"https:\/\/olivera.org\/ca\/producte\/missenyora\/\"><img decoding=\"async\" width=\"600\" height=\"899\" src=\"https:\/\/olivera.org\/wp-content\/uploads\/2020\/10\/lasembra-olivera-fotos28--600x899.png\" class=\"attachment-woocommerce_thumbnail size-woocommerce_thumbnail\" alt=\"Missenyora\" srcset=\"https:\/\/olivera.org\/wp-content\/uploads\/2020\/10\/lasembra-olivera-fotos28--600x899.png 600w, https:\/\/olivera.org\/wp-content\/uploads\/2020\/10\/lasembra-olivera-fotos28--200x300.png 200w, https:\/\/olivera.org\/wp-content\/uploads\/2020\/10\/lasembra-olivera-fotos28--683x1024.png 683w, https:\/\/olivera.org\/wp-content\/uploads\/2020\/10\/lasembra-olivera-fotos28--768x1151.png 768w, https:\/\/olivera.org\/wp-content\/uploads\/2020\/10\/lasembra-olivera-fotos28--1025x1536.png 1025w, https:\/\/olivera.org\/wp-content\/uploads\/2020\/10\/lasembra-olivera-fotos28--1367x2048.png 1367w\" sizes=\"(max-width: 600px) 100vw, 600px\" \/><h1 class=\"title\">Missenyora<\/h1><\/a><\/article><article class=\"entry\"><a href=\"https:\/\/olivera.org\/ca\/producte\/v89-vi-blanc-macabeu-ecologic\/\"><img decoding=\"async\" width=\"600\" height=\"716\" src=\"https:\/\/olivera.org\/wp-content\/uploads\/2020\/10\/V89-600x716.png\" class=\"attachment-woocommerce_thumbnail size-woocommerce_thumbnail\" alt=\"vi blanc macabeu ecol\u00f2gic\" srcset=\"https:\/\/olivera.org\/wp-content\/uploads\/2020\/10\/V89-600x716.png 600w, https:\/\/olivera.org\/wp-content\/uploads\/2020\/10\/V89-251x300.png 251w, https:\/\/olivera.org\/wp-content\/uploads\/2020\/10\/V89-768x917.png 768w, https:\/\/olivera.org\/wp-content\/uploads\/2020\/10\/V89.png 784w\" sizes=\"(max-width: 600px) 100vw, 600px\" \/><h1 class=\"title\">V89<\/h1><\/a><\/article><\/div><\/div>\t\t\t\t<\/div>\n\t\t\t\t<\/div>\n\t\t\t\t\t<\/div>\n\t\t<\/div>\n\t\t\t\t\t<\/div>\n\t\t<\/section>\n\t\t\t\t<\/div>\n\t\t","protected":false},"excerpt":{"rendered":"<p>El Macabeu \u00e9s una varietat important i hist\u00f2ricament present a Vallbona de les Monges i a la Denominaci\u00f3 d&#8217;Origen Costers del Segre. Des dels seus inicis, L&#8217;Olivera ha fet una aposta per aquesta varietat i per descobrir-ne el seu potencial. Els monovarietals de Macabeu de L&#8217;Olivera s\u00f3n el resultat de l&#8217;exploraci\u00f3 de diferents elaboracions a [&hellip;]<\/p>\n","protected":false},"author":12,"featured_media":0,"parent":15186,"menu_order":1,"comment_status":"closed","ping_status":"closed","template":"","meta":{"_acf_changed":false,"footnotes":""},"class_list":["post-78","page","type-page","status-publish","hentry"],"acf":[],"jetpack_sharing_enabled":true,"_links":{"self":[{"href":"https:\/\/olivera.org\/ca\/wp-json\/wp\/v2\/pages\/78","targetHints":{"allow":["GET"]}}],"collection":[{"href":"https:\/\/olivera.org\/ca\/wp-json\/wp\/v2\/pages"}],"about":[{"href":"https:\/\/olivera.org\/ca\/wp-json\/wp\/v2\/types\/page"}],"author":[{"embeddable":true,"href":"https:\/\/olivera.org\/ca\/wp-json\/wp\/v2\/users\/12"}],"replies":[{"embeddable":true,"href":"https:\/\/olivera.org\/ca\/wp-json\/wp\/v2\/comments?post=78"}],"version-history":[{"count":0,"href":"https:\/\/olivera.org\/ca\/wp-json\/wp\/v2\/pages\/78\/revisions"}],"up":[{"embeddable":true,"href":"https:\/\/olivera.org\/ca\/wp-json\/wp\/v2\/pages\/15186"}],"wp:attachment":[{"href":"https:\/\/olivera.org\/ca\/wp-json\/wp\/v2\/media?parent=78"}],"curies":[{"name":"wp","href":"https:\/\/api.w.org\/{rel}","templated":true}]}}