{"id":80,"date":"2020-10-15T07:48:34","date_gmt":"2020-10-15T07:48:34","guid":{"rendered":"https:\/\/olivera.org\/?page_id=80"},"modified":"2024-08-27T09:32:16","modified_gmt":"2024-08-27T09:32:16","slug":"vins-singulars","status":"publish","type":"page","link":"https:\/\/olivera.org\/ca\/vins\/vins-singulars\/","title":{"rendered":"Vins singulars"},"content":{"rendered":"\t\t<div data-elementor-type=\"wp-page\" data-elementor-id=\"80\" class=\"elementor elementor-80\" data-elementor-post-type=\"page\">\n\t\t\t\t\t\t<section class=\"elementor-section elementor-top-section elementor-element elementor-element-1f5f067 elementor-section-boxed elementor-section-height-default elementor-section-height-default\" data-id=\"1f5f067\" data-element_type=\"section\">\n\t\t\t\t\t\t<div class=\"elementor-container elementor-column-gap-default\">\n\t\t\t\t\t<div class=\"elementor-column elementor-col-100 elementor-top-column elementor-element elementor-element-3f90e3f\" data-id=\"3f90e3f\" data-element_type=\"column\">\n\t\t\t<div class=\"elementor-widget-wrap elementor-element-populated\">\n\t\t\t\t\t\t<div class=\"elementor-element elementor-element-0ac57c5 elementor-widget elementor-widget-text-editor\" data-id=\"0ac57c5\" data-element_type=\"widget\" data-widget_type=\"text-editor.default\">\n\t\t\t\t<div class=\"elementor-widget-container\">\n\t\t\t\t\t\t\t\t\t<p style=\"text-align: center;\">Vins que volen ser un reflex del paisatge d\u2019on provenen, un paisatge singular que d\u00f3na vins singulars. Personalitats buscades en cada vi perqu\u00e8 cada un expressi, a la seva manera, el mosaic agrari i territorial \u00fanic que l\u2019ha vist n\u00e9ixer. Varietats recuperades, elaboracions tradicionals o expressions varietals singulars s\u00f3n les propostes enol\u00f2giques que s\u2019amaguen darrere d\u2019aquests vins.<\/p>\t\t\t\t\t\t\t\t<\/div>\n\t\t\t\t<\/div>\n\t\t\t\t\t<\/div>\n\t\t<\/div>\n\t\t\t\t\t<\/div>\n\t\t<\/section>\n\t\t\t\t<section class=\"elementor-section elementor-top-section elementor-element elementor-element-67435e9 elementor-section-big elementor-section-height-default elementor-section-height-default\" data-id=\"67435e9\" data-element_type=\"section\">\n\t\t\t\t\t\t<div class=\"elementor-container elementor-column-gap-default\">\n\t\t\t\t\t<div class=\"elementor-column elementor-col-100 elementor-top-column elementor-element elementor-element-e5dee54\" data-id=\"e5dee54\" data-element_type=\"column\">\n\t\t\t<div class=\"elementor-widget-wrap elementor-element-populated\">\n\t\t\t\t\t\t<div class=\"elementor-element elementor-element-5596a3a elementor-widget elementor-widget-olivera-productlisting\" data-id=\"5596a3a\" data-element_type=\"widget\" data-widget_type=\"olivera-productlisting.default\">\n\t\t\t\t<div class=\"elementor-widget-container\">\n\t\t\t\t\t<div class=\"product-listing-container\" data-slider=\"no\"><div class=\"product-list\"><article class=\"entry\"><a href=\"https:\/\/olivera.org\/ca\/producte\/blanc-de-marges\/\"><img fetchpriority=\"high\" decoding=\"async\" width=\"600\" height=\"716\" src=\"https:\/\/olivera.org\/wp-content\/uploads\/2020\/10\/blancmarges-600x716-1.png\" class=\"attachment-woocommerce_thumbnail size-woocommerce_thumbnail\" alt=\"blanc-de-marges\" srcset=\"https:\/\/olivera.org\/wp-content\/uploads\/2020\/10\/blancmarges-600x716-1.png 600w, https:\/\/olivera.org\/wp-content\/uploads\/2020\/10\/blancmarges-600x716-1-251x300.png 251w\" sizes=\"(max-width: 600px) 100vw, 600px\" \/><h1 class=\"title\">Blanc de Marges<\/h1><\/a><\/article><article class=\"entry\"><a href=\"https:\/\/olivera.org\/ca\/producte\/eixaders\/\"><img decoding=\"async\" width=\"600\" height=\"716\" src=\"https:\/\/olivera.org\/wp-content\/uploads\/2020\/10\/Eixaders_2023.png\" class=\"attachment-woocommerce_thumbnail size-woocommerce_thumbnail\" alt=\"eixaders\" srcset=\"https:\/\/olivera.org\/wp-content\/uploads\/2020\/10\/Eixaders_2023.png 600w, https:\/\/olivera.org\/wp-content\/uploads\/2020\/10\/Eixaders_2023-251x300.png 251w\" sizes=\"(max-width: 600px) 100vw, 600px\" \/><h1 class=\"title\">Eixaders<\/h1><\/a><\/article><article class=\"entry\"><a href=\"https:\/\/olivera.org\/ca\/producte\/naltres\/\"><img decoding=\"async\" width=\"600\" height=\"716\" src=\"https:\/\/olivera.org\/wp-content\/uploads\/2020\/10\/naltres-600x716.png\" class=\"attachment-woocommerce_thumbnail size-woocommerce_thumbnail\" alt=\"Naltres\" srcset=\"https:\/\/olivera.org\/wp-content\/uploads\/2020\/10\/naltres-600x716.png 600w, https:\/\/olivera.org\/wp-content\/uploads\/2020\/10\/naltres-251x300.png 251w, https:\/\/olivera.org\/wp-content\/uploads\/2020\/10\/naltres-768x917.png 768w, https:\/\/olivera.org\/wp-content\/uploads\/2020\/10\/naltres.png 784w\" sizes=\"(max-width: 600px) 100vw, 600px\" \/><h1 class=\"title\">Naltres<\/h1><\/a><\/article><article class=\"entry\"><a href=\"https:\/\/olivera.org\/ca\/producte\/vi-dels-50-anys\/\"><img loading=\"lazy\" decoding=\"async\" width=\"600\" height=\"716\" src=\"https:\/\/olivera.org\/wp-content\/uploads\/2024\/06\/VI50-web.png\" class=\"attachment-woocommerce_thumbnail size-woocommerce_thumbnail\" alt=\"Vi dels 50 anys\" srcset=\"https:\/\/olivera.org\/wp-content\/uploads\/2024\/06\/VI50-web.png 600w, https:\/\/olivera.org\/wp-content\/uploads\/2024\/06\/VI50-web-251x300.png 251w\" sizes=\"(max-width: 600px) 100vw, 600px\" \/><h1 class=\"title\">Vi dels 50 anys<\/h1><\/a><\/article><\/div><\/div>\t\t\t\t<\/div>\n\t\t\t\t<\/div>\n\t\t\t\t\t<\/div>\n\t\t<\/div>\n\t\t\t\t\t<\/div>\n\t\t<\/section>\n\t\t\t\t<\/div>\n\t\t","protected":false},"excerpt":{"rendered":"<p>Vins que volen ser un reflex del paisatge d\u2019on provenen, un paisatge singular que d\u00f3na vins singulars. Personalitats buscades en cada vi perqu\u00e8 cada un expressi, a la seva manera, el mosaic agrari i territorial \u00fanic que l\u2019ha vist n\u00e9ixer. Varietats recuperades, elaboracions tradicionals o expressions varietals singulars s\u00f3n les propostes enol\u00f2giques que s\u2019amaguen darrere [&hellip;]<\/p>\n","protected":false},"author":12,"featured_media":0,"parent":15186,"menu_order":2,"comment_status":"closed","ping_status":"closed","template":"","meta":{"_acf_changed":false,"footnotes":""},"class_list":["post-80","page","type-page","status-publish","hentry"],"acf":[],"jetpack_sharing_enabled":true,"_links":{"self":[{"href":"https:\/\/olivera.org\/ca\/wp-json\/wp\/v2\/pages\/80","targetHints":{"allow":["GET"]}}],"collection":[{"href":"https:\/\/olivera.org\/ca\/wp-json\/wp\/v2\/pages"}],"about":[{"href":"https:\/\/olivera.org\/ca\/wp-json\/wp\/v2\/types\/page"}],"author":[{"embeddable":true,"href":"https:\/\/olivera.org\/ca\/wp-json\/wp\/v2\/users\/12"}],"replies":[{"embeddable":true,"href":"https:\/\/olivera.org\/ca\/wp-json\/wp\/v2\/comments?post=80"}],"version-history":[{"count":0,"href":"https:\/\/olivera.org\/ca\/wp-json\/wp\/v2\/pages\/80\/revisions"}],"up":[{"embeddable":true,"href":"https:\/\/olivera.org\/ca\/wp-json\/wp\/v2\/pages\/15186"}],"wp:attachment":[{"href":"https:\/\/olivera.org\/ca\/wp-json\/wp\/v2\/media?parent=80"}],"curies":[{"name":"wp","href":"https:\/\/api.w.org\/{rel}","templated":true}]}}