{"id":82,"date":"2020-10-15T07:50:03","date_gmt":"2020-10-15T07:50:03","guid":{"rendered":"https:\/\/olivera.org\/?page_id=82"},"modified":"2025-01-28T16:30:53","modified_gmt":"2025-01-28T16:30:53","slug":"vins-urbans","status":"publish","type":"page","link":"https:\/\/olivera.org\/ca\/vins\/vins-urbans\/","title":{"rendered":"Vins urbans"},"content":{"rendered":"\t\t<div data-elementor-type=\"wp-page\" data-elementor-id=\"82\" class=\"elementor elementor-82\" data-elementor-post-type=\"page\">\n\t\t\t\t\t\t<section class=\"elementor-section elementor-top-section elementor-element elementor-element-cf5e280 elementor-section-boxed elementor-section-height-default elementor-section-height-default\" data-id=\"cf5e280\" data-element_type=\"section\">\n\t\t\t\t\t\t<div class=\"elementor-container elementor-column-gap-default\">\n\t\t\t\t\t<div class=\"elementor-column elementor-col-100 elementor-top-column elementor-element elementor-element-00750f1\" data-id=\"00750f1\" data-element_type=\"column\">\n\t\t\t<div class=\"elementor-widget-wrap elementor-element-populated\">\n\t\t\t\t\t\t<div class=\"elementor-element elementor-element-caf1200 elementor-widget elementor-widget-text-editor\" data-id=\"caf1200\" data-element_type=\"widget\" data-widget_type=\"text-editor.default\">\n\t\t\t\t<div class=\"elementor-widget-container\">\n\t\t\t\t\t\t\t\t\t<p style=\"text-align: center;\">Vins que neixen en vinyes urbanes, a la finca de Can Calopa, al Parc Natural de Collserola a Barcelona i a la finca de Can Gamb\u00fas, al Parc Agrari de Sabadell. Dos projectes que abanderen la recuperaci\u00f3 de l\u2019activitat agr\u00edcola lligada a les grans ciutats. Vins fidels als seus paisatges periurbans, amb una mirada contempor\u00e0nia a la tradici\u00f3 agr\u00edcola d\u2019aquestes zones.<\/p>\t\t\t\t\t\t\t\t<\/div>\n\t\t\t\t<\/div>\n\t\t\t\t\t<\/div>\n\t\t<\/div>\n\t\t\t\t\t<\/div>\n\t\t<\/section>\n\t\t\t\t<section class=\"elementor-section elementor-top-section elementor-element elementor-element-5fec2e5 elementor-section-big elementor-section-height-default elementor-section-height-default\" data-id=\"5fec2e5\" data-element_type=\"section\">\n\t\t\t\t\t\t<div class=\"elementor-container elementor-column-gap-default\">\n\t\t\t\t\t<div class=\"elementor-column elementor-col-100 elementor-top-column elementor-element elementor-element-bf3b86b\" data-id=\"bf3b86b\" data-element_type=\"column\">\n\t\t\t<div class=\"elementor-widget-wrap elementor-element-populated\">\n\t\t\t\t\t\t<div class=\"elementor-element elementor-element-8c06426 elementor-widget elementor-widget-olivera-productlisting\" data-id=\"8c06426\" data-element_type=\"widget\" data-widget_type=\"olivera-productlisting.default\">\n\t\t\t\t<div class=\"elementor-widget-container\">\n\t\t\t\t\t<div class=\"product-listing-container\" data-slider=\"no\"><div class=\"product-list\"><article class=\"entry\"><a href=\"https:\/\/olivera.org\/ca\/producte\/vinyes-de-barcelona\/\"><img fetchpriority=\"high\" decoding=\"async\" width=\"600\" height=\"899\" src=\"https:\/\/olivera.org\/wp-content\/uploads\/2020\/11\/lasembra-olivera-fotos04--600x899.png\" class=\"attachment-woocommerce_thumbnail size-woocommerce_thumbnail\" alt=\"Vinyes de Barcelona negre\" srcset=\"https:\/\/olivera.org\/wp-content\/uploads\/2020\/11\/lasembra-olivera-fotos04--600x899.png 600w, https:\/\/olivera.org\/wp-content\/uploads\/2020\/11\/lasembra-olivera-fotos04--200x300.png 200w, https:\/\/olivera.org\/wp-content\/uploads\/2020\/11\/lasembra-olivera-fotos04--683x1024.png 683w, https:\/\/olivera.org\/wp-content\/uploads\/2020\/11\/lasembra-olivera-fotos04--768x1151.png 768w, https:\/\/olivera.org\/wp-content\/uploads\/2020\/11\/lasembra-olivera-fotos04--1025x1536.png 1025w, https:\/\/olivera.org\/wp-content\/uploads\/2020\/11\/lasembra-olivera-fotos04--1366x2048.png 1366w\" sizes=\"(max-width: 600px) 100vw, 600px\" \/><h1 class=\"title\">Vinyes de Barcelona negre<\/h1><\/a><\/article><article class=\"entry\"><a href=\"https:\/\/olivera.org\/ca\/producte\/vinyes-de-barcelona-blanc\/\"><img decoding=\"async\" width=\"600\" height=\"899\" src=\"https:\/\/olivera.org\/wp-content\/uploads\/2025\/01\/lasembra-olivera-fotos09--600x899.png\" class=\"attachment-woocommerce_thumbnail size-woocommerce_thumbnail\" alt=\"Vinyes de Barcelona blanc\" srcset=\"https:\/\/olivera.org\/wp-content\/uploads\/2025\/01\/lasembra-olivera-fotos09--600x899.png 600w, https:\/\/olivera.org\/wp-content\/uploads\/2025\/01\/lasembra-olivera-fotos09--200x300.png 200w, https:\/\/olivera.org\/wp-content\/uploads\/2025\/01\/lasembra-olivera-fotos09--683x1024.png 683w, https:\/\/olivera.org\/wp-content\/uploads\/2025\/01\/lasembra-olivera-fotos09--768x1151.png 768w, https:\/\/olivera.org\/wp-content\/uploads\/2025\/01\/lasembra-olivera-fotos09--1025x1536.png 1025w, https:\/\/olivera.org\/wp-content\/uploads\/2025\/01\/lasembra-olivera-fotos09--1366x2048.png 1366w\" sizes=\"(max-width: 600px) 100vw, 600px\" \/><h1 class=\"title\">Vinyes de Barcelona blanc<\/h1><\/a><\/article><article class=\"entry\"><a href=\"https:\/\/olivera.org\/ca\/producte\/arraona-blanc\/\"><img decoding=\"async\" width=\"600\" height=\"716\" src=\"https:\/\/olivera.org\/wp-content\/uploads\/2020\/11\/arraona-blanc-web.png\" class=\"attachment-woocommerce_thumbnail size-woocommerce_thumbnail\" alt=\"Arraona blanc\" srcset=\"https:\/\/olivera.org\/wp-content\/uploads\/2020\/11\/arraona-blanc-web.png 600w, https:\/\/olivera.org\/wp-content\/uploads\/2020\/11\/arraona-blanc-web-251x300.png 251w\" sizes=\"(max-width: 600px) 100vw, 600px\" \/><h1 class=\"title\">Arraona blanc<\/h1><\/a><\/article><article class=\"entry\"><a href=\"https:\/\/olivera.org\/ca\/producte\/arraona-negre\/\"><img loading=\"lazy\" decoding=\"async\" width=\"600\" height=\"716\" src=\"https:\/\/olivera.org\/wp-content\/uploads\/2020\/11\/arraona-negre-web-1.png\" class=\"attachment-woocommerce_thumbnail size-woocommerce_thumbnail\" alt=\"Arraona negre\" srcset=\"https:\/\/olivera.org\/wp-content\/uploads\/2020\/11\/arraona-negre-web-1.png 600w, https:\/\/olivera.org\/wp-content\/uploads\/2020\/11\/arraona-negre-web-1-251x300.png 251w\" sizes=\"(max-width: 600px) 100vw, 600px\" \/><h1 class=\"title\">Arraona negre<\/h1><\/a><\/article><\/div><\/div>\t\t\t\t<\/div>\n\t\t\t\t<\/div>\n\t\t\t\t\t<\/div>\n\t\t<\/div>\n\t\t\t\t\t<\/div>\n\t\t<\/section>\n\t\t\t\t<\/div>\n\t\t","protected":false},"excerpt":{"rendered":"<p>Vins que neixen en vinyes urbanes, a la finca de Can Calopa, al Parc Natural de Collserola a Barcelona i a la finca de Can Gamb\u00fas, al Parc Agrari de Sabadell. Dos projectes que abanderen la recuperaci\u00f3 de l\u2019activitat agr\u00edcola lligada a les grans ciutats. Vins fidels als seus paisatges periurbans, amb una mirada contempor\u00e0nia [&hellip;]<\/p>\n","protected":false},"author":12,"featured_media":0,"parent":15186,"menu_order":3,"comment_status":"closed","ping_status":"closed","template":"","meta":{"_acf_changed":false,"footnotes":""},"class_list":["post-82","page","type-page","status-publish","hentry"],"acf":[],"jetpack_sharing_enabled":true,"_links":{"self":[{"href":"https:\/\/olivera.org\/ca\/wp-json\/wp\/v2\/pages\/82","targetHints":{"allow":["GET"]}}],"collection":[{"href":"https:\/\/olivera.org\/ca\/wp-json\/wp\/v2\/pages"}],"about":[{"href":"https:\/\/olivera.org\/ca\/wp-json\/wp\/v2\/types\/page"}],"author":[{"embeddable":true,"href":"https:\/\/olivera.org\/ca\/wp-json\/wp\/v2\/users\/12"}],"replies":[{"embeddable":true,"href":"https:\/\/olivera.org\/ca\/wp-json\/wp\/v2\/comments?post=82"}],"version-history":[{"count":0,"href":"https:\/\/olivera.org\/ca\/wp-json\/wp\/v2\/pages\/82\/revisions"}],"up":[{"embeddable":true,"href":"https:\/\/olivera.org\/ca\/wp-json\/wp\/v2\/pages\/15186"}],"wp:attachment":[{"href":"https:\/\/olivera.org\/ca\/wp-json\/wp\/v2\/media?parent=82"}],"curies":[{"name":"wp","href":"https:\/\/api.w.org\/{rel}","templated":true}]}}