{"id":84,"date":"2020-10-15T07:50:28","date_gmt":"2020-10-15T07:50:28","guid":{"rendered":"https:\/\/olivera.org\/?page_id=84"},"modified":"2022-06-13T14:20:26","modified_gmt":"2022-06-13T14:20:26","slug":"projecte-rasim","status":"publish","type":"page","link":"https:\/\/olivera.org\/ca\/vins\/projecte-rasim\/","title":{"rendered":"Projecte Rasim"},"content":{"rendered":"\t\t<div data-elementor-type=\"wp-page\" data-elementor-id=\"84\" class=\"elementor elementor-84\" data-elementor-post-type=\"page\">\n\t\t\t\t\t\t<section class=\"elementor-section elementor-top-section elementor-element elementor-element-278c9df elementor-section-boxed elementor-section-height-default elementor-section-height-default\" data-id=\"278c9df\" data-element_type=\"section\">\n\t\t\t\t\t\t<div class=\"elementor-container elementor-column-gap-default\">\n\t\t\t\t\t<div class=\"elementor-column elementor-col-100 elementor-top-column elementor-element elementor-element-c799a63\" data-id=\"c799a63\" data-element_type=\"column\">\n\t\t\t<div class=\"elementor-widget-wrap elementor-element-populated\">\n\t\t\t\t\t\t<div class=\"elementor-element elementor-element-0a660dd elementor-widget elementor-widget-text-editor\" data-id=\"0a660dd\" data-element_type=\"widget\" data-widget_type=\"text-editor.default\">\n\t\t\t\t<div class=\"elementor-widget-container\">\n\t\t\t\t\t\t\t\t\t<p style=\"text-align: center;\">Rasim \u00e9s un projecte que neix de la passi\u00f3 pels vins dol\u00e7os dels seus promotors: en Claret Serrahima, dissenyador barcelon\u00ed i creador de la nostra imatge, i L\u2019Olivera. Un projecte per a fer possible a la nostra zona all\u00f2 que hem conegut en altres regions vit\u00edcoles hist\u00f2riques: arribar a crear vins dol\u00e7os amb elaboracions singulars i reivindicar el seu lloc a la nostra gastronomia. S\u00f3n vins que es mouen als ritmes que la natura demana, pansificant sobre llits de palla o b\u00e9 al propi cep, tot per concentrar la mat\u00e8ria de manera natural. Elaboracions lentes, arriscades, al l\u00edmit de la paci\u00e8ncia. El resultat s\u00f3n vins de meditaci\u00f3, vins per tenir temps per gaudir i descobrir-ne la seva complexitat amagada.<\/p>\t\t\t\t\t\t\t\t<\/div>\n\t\t\t\t<\/div>\n\t\t\t\t\t<\/div>\n\t\t<\/div>\n\t\t\t\t\t<\/div>\n\t\t<\/section>\n\t\t\t\t<section class=\"elementor-section elementor-top-section elementor-element elementor-element-208256d elementor-section-big elementor-section-height-default elementor-section-height-default\" data-id=\"208256d\" data-element_type=\"section\">\n\t\t\t\t\t\t<div class=\"elementor-container elementor-column-gap-default\">\n\t\t\t\t\t<div class=\"elementor-column elementor-col-100 elementor-top-column elementor-element elementor-element-a4893d8\" data-id=\"a4893d8\" data-element_type=\"column\">\n\t\t\t<div class=\"elementor-widget-wrap elementor-element-populated\">\n\t\t\t\t\t\t<div class=\"elementor-element elementor-element-534337a elementor-widget elementor-widget-olivera-productlisting\" data-id=\"534337a\" data-element_type=\"widget\" data-widget_type=\"olivera-productlisting.default\">\n\t\t\t\t<div class=\"elementor-widget-container\">\n\t\t\t\t\t<div class=\"product-listing-container\" data-slider=\"no\"><div class=\"product-list\"><article class=\"entry\"><a href=\"https:\/\/olivera.org\/ca\/producte\/rasim-vipansit\/\"><img fetchpriority=\"high\" decoding=\"async\" width=\"600\" height=\"716\" src=\"https:\/\/olivera.org\/wp-content\/uploads\/2020\/10\/rasimvipansit-600x716-1.png\" class=\"attachment-woocommerce_thumbnail size-woocommerce_thumbnail\" alt=\"rasim-vipansit\" srcset=\"https:\/\/olivera.org\/wp-content\/uploads\/2020\/10\/rasimvipansit-600x716-1.png 600w, https:\/\/olivera.org\/wp-content\/uploads\/2020\/10\/rasimvipansit-600x716-1-251x300.png 251w\" sizes=\"(max-width: 600px) 100vw, 600px\" \/><h1 class=\"title\">Rasim Vipansit<\/h1><\/a><\/article><article class=\"entry\"><a href=\"https:\/\/olivera.org\/ca\/producte\/rasim-vimadur\/\"><img decoding=\"async\" width=\"600\" height=\"716\" src=\"https:\/\/olivera.org\/wp-content\/uploads\/2020\/10\/rasimvimadur-600x716-1.png\" class=\"attachment-woocommerce_thumbnail size-woocommerce_thumbnail\" alt=\"rasim-vimadur\" srcset=\"https:\/\/olivera.org\/wp-content\/uploads\/2020\/10\/rasimvimadur-600x716-1.png 600w, https:\/\/olivera.org\/wp-content\/uploads\/2020\/10\/rasimvimadur-600x716-1-251x300.png 251w\" sizes=\"(max-width: 600px) 100vw, 600px\" \/><h1 class=\"title\">Rasim Vimadur<\/h1><\/a><\/article><\/div><\/div>\t\t\t\t<\/div>\n\t\t\t\t<\/div>\n\t\t\t\t\t<\/div>\n\t\t<\/div>\n\t\t\t\t\t<\/div>\n\t\t<\/section>\n\t\t\t\t<\/div>\n\t\t","protected":false},"excerpt":{"rendered":"<p>Rasim \u00e9s un projecte que neix de la passi\u00f3 pels vins dol\u00e7os dels seus promotors: en Claret Serrahima, dissenyador barcelon\u00ed i creador de la nostra imatge, i L\u2019Olivera. Un projecte per a fer possible a la nostra zona all\u00f2 que hem conegut en altres regions vit\u00edcoles hist\u00f2riques: arribar a crear vins dol\u00e7os amb elaboracions singulars [&hellip;]<\/p>\n","protected":false},"author":12,"featured_media":0,"parent":15186,"menu_order":4,"comment_status":"closed","ping_status":"closed","template":"","meta":{"_acf_changed":false,"footnotes":""},"class_list":["post-84","page","type-page","status-publish","hentry"],"acf":[],"jetpack_sharing_enabled":true,"_links":{"self":[{"href":"https:\/\/olivera.org\/ca\/wp-json\/wp\/v2\/pages\/84","targetHints":{"allow":["GET"]}}],"collection":[{"href":"https:\/\/olivera.org\/ca\/wp-json\/wp\/v2\/pages"}],"about":[{"href":"https:\/\/olivera.org\/ca\/wp-json\/wp\/v2\/types\/page"}],"author":[{"embeddable":true,"href":"https:\/\/olivera.org\/ca\/wp-json\/wp\/v2\/users\/12"}],"replies":[{"embeddable":true,"href":"https:\/\/olivera.org\/ca\/wp-json\/wp\/v2\/comments?post=84"}],"version-history":[{"count":0,"href":"https:\/\/olivera.org\/ca\/wp-json\/wp\/v2\/pages\/84\/revisions"}],"up":[{"embeddable":true,"href":"https:\/\/olivera.org\/ca\/wp-json\/wp\/v2\/pages\/15186"}],"wp:attachment":[{"href":"https:\/\/olivera.org\/ca\/wp-json\/wp\/v2\/media?parent=84"}],"curies":[{"name":"wp","href":"https:\/\/api.w.org\/{rel}","templated":true}]}}