{"id":969,"date":"2020-11-16T09:17:40","date_gmt":"2020-11-16T09:17:40","guid":{"rendered":"https:\/\/olivera.org\/?page_id=969"},"modified":"2022-06-13T14:20:31","modified_gmt":"2022-06-13T14:20:31","slug":"vins-experimentals","status":"publish","type":"page","link":"https:\/\/olivera.org\/ca\/vins\/vins-experimentals\/","title":{"rendered":"Vins experimentals"},"content":{"rendered":"\t\t<div data-elementor-type=\"wp-page\" data-elementor-id=\"969\" class=\"elementor elementor-969\" data-elementor-post-type=\"page\">\n\t\t\t\t\t\t<section class=\"elementor-section elementor-top-section elementor-element elementor-element-95d5d51 elementor-section-boxed elementor-section-height-default elementor-section-height-default\" data-id=\"95d5d51\" data-element_type=\"section\">\n\t\t\t\t\t\t<div class=\"elementor-container elementor-column-gap-default\">\n\t\t\t\t\t<div class=\"elementor-column elementor-col-100 elementor-top-column elementor-element elementor-element-1d6c929\" data-id=\"1d6c929\" data-element_type=\"column\">\n\t\t\t<div class=\"elementor-widget-wrap elementor-element-populated\">\n\t\t\t\t\t\t<div class=\"elementor-element elementor-element-a9b0684 elementor-widget elementor-widget-text-editor\" data-id=\"a9b0684\" data-element_type=\"widget\" data-widget_type=\"text-editor.default\">\n\t\t\t\t<div class=\"elementor-widget-container\">\n\t\t\t\t\t\t\t\t\t<p style=\"text-align: center;\">Vins que neixen de la inquietud i la pregunta permanent, la que ens mou a buscar noves maneres d\u2019interpretar el vi, noves elaboracions i noves mirades a la vinya i al celler. Vins amb vocaci\u00f3 experimental, que dibuixen les l\u00ednies en viticultura i enologia amb les quals anem fent el nostre itinerari inquiet cap a la recerca i la innovaci\u00f3.<\/p>\t\t\t\t\t\t\t\t<\/div>\n\t\t\t\t<\/div>\n\t\t\t\t\t<\/div>\n\t\t<\/div>\n\t\t\t\t\t<\/div>\n\t\t<\/section>\n\t\t\t\t<section class=\"elementor-section elementor-top-section elementor-element elementor-element-95ae1e4 elementor-section-big elementor-section-height-default elementor-section-height-default\" data-id=\"95ae1e4\" data-element_type=\"section\">\n\t\t\t\t\t\t<div class=\"elementor-container elementor-column-gap-default\">\n\t\t\t\t\t<div class=\"elementor-column elementor-col-100 elementor-top-column elementor-element elementor-element-3b84f40\" data-id=\"3b84f40\" data-element_type=\"column\">\n\t\t\t<div class=\"elementor-widget-wrap elementor-element-populated\">\n\t\t\t\t\t\t<div class=\"elementor-element elementor-element-f26894b elementor-widget elementor-widget-olivera-productlisting\" data-id=\"f26894b\" data-element_type=\"widget\" data-widget_type=\"olivera-productlisting.default\">\n\t\t\t\t<div class=\"elementor-widget-container\">\n\t\t\t\t\t<div class=\"product-listing-container\" data-slider=\"no\"><div class=\"product-list\"><article class=\"entry\"><a href=\"https:\/\/olivera.org\/ca\/producte\/vinyes-trobades\/\"><img fetchpriority=\"high\" decoding=\"async\" width=\"600\" height=\"716\" src=\"https:\/\/olivera.org\/wp-content\/uploads\/2020\/10\/vinyes-trobades-negre-600x716.png\" class=\"attachment-woocommerce_thumbnail size-woocommerce_thumbnail\" alt=\"vinyes-trobades\" srcset=\"https:\/\/olivera.org\/wp-content\/uploads\/2020\/10\/vinyes-trobades-negre-600x716.png 600w, https:\/\/olivera.org\/wp-content\/uploads\/2020\/10\/vinyes-trobades-negre-251x300.png 251w, https:\/\/olivera.org\/wp-content\/uploads\/2020\/10\/vinyes-trobades-negre-768x917.png 768w, https:\/\/olivera.org\/wp-content\/uploads\/2020\/10\/vinyes-trobades-negre.png 784w\" sizes=\"(max-width: 600px) 100vw, 600px\" \/><h1 class=\"title\">Vinyes Trobades<\/h1><\/a><\/article><article class=\"entry\"><a href=\"https:\/\/olivera.org\/ca\/producte\/natural-de-can-calopa\/\"><img decoding=\"async\" width=\"600\" height=\"899\" src=\"https:\/\/olivera.org\/wp-content\/uploads\/2020\/12\/lasembra-olivera-fotos15--600x899.png\" class=\"attachment-woocommerce_thumbnail size-woocommerce_thumbnail\" alt=\"Negre de Can Calopa\" srcset=\"https:\/\/olivera.org\/wp-content\/uploads\/2020\/12\/lasembra-olivera-fotos15--600x899.png 600w, https:\/\/olivera.org\/wp-content\/uploads\/2020\/12\/lasembra-olivera-fotos15--200x300.png 200w, https:\/\/olivera.org\/wp-content\/uploads\/2020\/12\/lasembra-olivera-fotos15--683x1024.png 683w, https:\/\/olivera.org\/wp-content\/uploads\/2020\/12\/lasembra-olivera-fotos15--768x1151.png 768w, https:\/\/olivera.org\/wp-content\/uploads\/2020\/12\/lasembra-olivera-fotos15--1025x1536.png 1025w, https:\/\/olivera.org\/wp-content\/uploads\/2020\/12\/lasembra-olivera-fotos15--1366x2048.png 1366w\" sizes=\"(max-width: 600px) 100vw, 600px\" \/><h1 class=\"title\">Negre de Can Calopa<\/h1><\/a><\/article><article class=\"entry\"><a href=\"https:\/\/olivera.org\/ca\/?post_type=product&p=11007\"><img decoding=\"async\" width=\"600\" height=\"716\" src=\"https:\/\/olivera.org\/wp-content\/uploads\/2022\/02\/unic21-600x716-1.png\" class=\"attachment-woocommerce_thumbnail size-woocommerce_thumbnail\" alt=\"unic-2020\" srcset=\"https:\/\/olivera.org\/wp-content\/uploads\/2022\/02\/unic21-600x716-1.png 600w, https:\/\/olivera.org\/wp-content\/uploads\/2022\/02\/unic21-600x716-1-251x300.png 251w\" sizes=\"(max-width: 600px) 100vw, 600px\" \/><h1 class=\"title\">\u00danic 2020<\/h1><\/a><\/article><\/div><\/div>\t\t\t\t<\/div>\n\t\t\t\t<\/div>\n\t\t\t\t\t<\/div>\n\t\t<\/div>\n\t\t\t\t\t<\/div>\n\t\t<\/section>\n\t\t\t\t<\/div>\n\t\t","protected":false},"excerpt":{"rendered":"<p>Vins que neixen de la inquietud i la pregunta permanent, la que ens mou a buscar noves maneres d\u2019interpretar el vi, noves elaboracions i noves mirades a la vinya i al celler. Vins amb vocaci\u00f3 experimental, que dibuixen les l\u00ednies en viticultura i enologia amb les quals anem fent el nostre itinerari inquiet cap a [&hellip;]<\/p>\n","protected":false},"author":12,"featured_media":0,"parent":15186,"menu_order":5,"comment_status":"closed","ping_status":"closed","template":"","meta":{"_acf_changed":false,"footnotes":""},"class_list":["post-969","page","type-page","status-publish","hentry"],"acf":[],"jetpack_sharing_enabled":true,"_links":{"self":[{"href":"https:\/\/olivera.org\/ca\/wp-json\/wp\/v2\/pages\/969","targetHints":{"allow":["GET"]}}],"collection":[{"href":"https:\/\/olivera.org\/ca\/wp-json\/wp\/v2\/pages"}],"about":[{"href":"https:\/\/olivera.org\/ca\/wp-json\/wp\/v2\/types\/page"}],"author":[{"embeddable":true,"href":"https:\/\/olivera.org\/ca\/wp-json\/wp\/v2\/users\/12"}],"replies":[{"embeddable":true,"href":"https:\/\/olivera.org\/ca\/wp-json\/wp\/v2\/comments?post=969"}],"version-history":[{"count":0,"href":"https:\/\/olivera.org\/ca\/wp-json\/wp\/v2\/pages\/969\/revisions"}],"up":[{"embeddable":true,"href":"https:\/\/olivera.org\/ca\/wp-json\/wp\/v2\/pages\/15186"}],"wp:attachment":[{"href":"https:\/\/olivera.org\/ca\/wp-json\/wp\/v2\/media?parent=969"}],"curies":[{"name":"wp","href":"https:\/\/api.w.org\/{rel}","templated":true}]}}