{"id":1495,"date":"2020-11-25T10:43:40","date_gmt":"2020-11-25T10:43:40","guid":{"rendered":"https:\/\/olivera.org\/?post_type=product&#038;p=1495"},"modified":"2026-04-27T08:47:07","modified_gmt":"2026-04-27T08:47:07","slug":"oli-de-cada-dia-del-raig","status":"publish","type":"product","link":"https:\/\/olivera.org\/ca\/producte\/oli-de-cada-dia-del-raig\/","title":{"rendered":"Oli de Cada Dia del Raig 5L"},"content":{"rendered":"","protected":false},"excerpt":{"rendered":"<p class=\"big-serif\">Oli de Cada Dia, de cada \u00e0pat, de cada taula. Aquest oli \u00e9s un reivindicaci\u00f3: la d&#8217;incloure l&#8217;oli d&#8217;oliva verge extra en el nostre consum quotidi\u00e0 i fer-ne un imprescindible en la nostra dieta di\u00e0ria, en la nostra cuina, en la nostra cultura gastron\u00f2mica del dia a dia.<\/p>\n<h2><img fetchpriority=\"high\" decoding=\"async\" class=\"alignnone wp-image-2044 size-full\" src=\"https:\/\/olivera.org\/wp-content\/uploads\/2021\/01\/oli-cada-dia-raig-lolivera-01.jpg\" alt=\"\" width=\"1200\" height=\"1600\" srcset=\"https:\/\/olivera.org\/wp-content\/uploads\/2021\/01\/oli-cada-dia-raig-lolivera-01.jpg 1200w, https:\/\/olivera.org\/wp-content\/uploads\/2021\/01\/oli-cada-dia-raig-lolivera-01-600x800.jpg 600w, https:\/\/olivera.org\/wp-content\/uploads\/2021\/01\/oli-cada-dia-raig-lolivera-01-225x300.jpg 225w, https:\/\/olivera.org\/wp-content\/uploads\/2021\/01\/oli-cada-dia-raig-lolivera-01-768x1024.jpg 768w, https:\/\/olivera.org\/wp-content\/uploads\/2021\/01\/oli-cada-dia-raig-lolivera-01-1152x1536.jpg 1152w\" sizes=\"(max-width: 1200px) 100vw, 1200px\" \/><\/h2>\n<p class=\"big-serif\">Procedent d&#8217;olives arbequines de la Granadella, a les Garrigues, l&#8217;Oli de Cada Dia del Raig s&#8217;obt\u00e9 de les olives collides les primeres setmanes, encara verdes, que li atorguen aromes salvatges i tocs verds. \u00c9s un oli poc filtrat, per tal d&#8217;expressar el seu car\u00e0cter verd. Per aix\u00f2, \u00e9s un producte estacional, nom\u00e9s disponible durant els mesos de novembre i desembre. \u00c9s recomanable consumir-lo aviat.<\/p>\n<p class=\"label-sans-serif\">Varietats<\/p>\n<p class=\"small-sans-serif\">Arbequina<\/p>\n<p class=\"label-sans-serif\">Tast<\/p>\n<p class=\"small-sans-serif\">Dens, verd i fruitat. Aromes potents i un punt salvatges. Tocs verds i final amb punts amargs i picants. Un oli per consumir en cru i per animar els plats m\u00e9s b\u00e0sics, els que ens acompanyen en la nostra cuina del dia a dia.<\/p>\n","protected":false},"featured_media":1582,"comment_status":"open","ping_status":"closed","template":"","meta":{"_acf_changed":false},"product_brand":[],"product_cat":[45],"product_tag":[],"class_list":{"0":"post-1495","1":"product","2":"type-product","3":"status-publish","4":"has-post-thumbnail","6":"product_cat-oils-ca","7":"pa_characteristics-oils-cada-dia","8":"pa_origin-vallbona-ca","9":"pa_unity-single-ca","10":"pa_unity-caixa-3-unitats","12":"first","13":"instock","14":"shipping-taxable","15":"purchasable","16":"product-type-simple"},"acf":[],"jetpack_sharing_enabled":true,"_links":{"self":[{"href":"https:\/\/olivera.org\/ca\/wp-json\/wp\/v2\/product\/1495","targetHints":{"allow":["GET"]}}],"collection":[{"href":"https:\/\/olivera.org\/ca\/wp-json\/wp\/v2\/product"}],"about":[{"href":"https:\/\/olivera.org\/ca\/wp-json\/wp\/v2\/types\/product"}],"replies":[{"embeddable":true,"href":"https:\/\/olivera.org\/ca\/wp-json\/wp\/v2\/comments?post=1495"}],"version-history":[{"count":1,"href":"https:\/\/olivera.org\/ca\/wp-json\/wp\/v2\/product\/1495\/revisions"}],"predecessor-version":[{"id":31060,"href":"https:\/\/olivera.org\/ca\/wp-json\/wp\/v2\/product\/1495\/revisions\/31060"}],"wp:featuredmedia":[{"embeddable":true,"href":"https:\/\/olivera.org\/ca\/wp-json\/wp\/v2\/media\/1582"}],"wp:attachment":[{"href":"https:\/\/olivera.org\/ca\/wp-json\/wp\/v2\/media?parent=1495"}],"wp:term":[{"taxonomy":"product_brand","embeddable":true,"href":"https:\/\/olivera.org\/ca\/wp-json\/wp\/v2\/product_brand?post=1495"},{"taxonomy":"product_cat","embeddable":true,"href":"https:\/\/olivera.org\/ca\/wp-json\/wp\/v2\/product_cat?post=1495"},{"taxonomy":"product_tag","embeddable":true,"href":"https:\/\/olivera.org\/ca\/wp-json\/wp\/v2\/product_tag?post=1495"}],"curies":[{"name":"wp","href":"https:\/\/api.w.org\/{rel}","templated":true}]}}