{"id":15013,"date":"2022-04-12T09:31:03","date_gmt":"2022-04-12T09:31:03","guid":{"rendered":"https:\/\/olivera.org\/?post_type=product&#038;p=15013"},"modified":"2026-03-11T14:54:42","modified_gmt":"2026-03-11T14:54:42","slug":"tasta-can-calopa","status":"publish","type":"product","link":"https:\/\/olivera.org\/ca\/producte\/tasta-can-calopa\/","title":{"rendered":"Tasta Can Calopa"},"content":{"rendered":"","protected":false},"excerpt":{"rendered":"<p><strong>Regala aquesta visita! Afegeix al cistell les quantitats i rebr\u00e0s un xec regal. Recorda que aquest xec t\u00e9 una vig\u00e8ncia d&#8217;un any.<\/strong><\/p>\n<p>Descobreix el celler on neix l&#8217;\u00fanic vi elaborat a Barcelona.<\/p>\n<p><span style=\"font-weight: 400;\">M\u00e9s informaci\u00f3 i reserves a <\/span><a href=\"mailto:visitescancalopa@olivera.org\"><span style=\"font-weight: 400;\">visitescancalopa@olivera.org<\/span><\/a><\/p>\n","protected":false},"featured_media":34487,"comment_status":"open","ping_status":"closed","template":"","meta":{"_acf_changed":false},"product_brand":[],"product_cat":[150],"product_tag":[],"class_list":{"0":"post-15013","1":"product","2":"type-product","3":"status-publish","4":"has-post-thumbnail","6":"product_cat-regals","8":"first","9":"instock","10":"shipping-taxable","11":"purchasable","12":"product-type-variable"},"acf":[],"jetpack_sharing_enabled":true,"_links":{"self":[{"href":"https:\/\/olivera.org\/ca\/wp-json\/wp\/v2\/product\/15013","targetHints":{"allow":["GET"]}}],"collection":[{"href":"https:\/\/olivera.org\/ca\/wp-json\/wp\/v2\/product"}],"about":[{"href":"https:\/\/olivera.org\/ca\/wp-json\/wp\/v2\/types\/product"}],"replies":[{"embeddable":true,"href":"https:\/\/olivera.org\/ca\/wp-json\/wp\/v2\/comments?post=15013"}],"version-history":[{"count":1,"href":"https:\/\/olivera.org\/ca\/wp-json\/wp\/v2\/product\/15013\/revisions"}],"predecessor-version":[{"id":31376,"href":"https:\/\/olivera.org\/ca\/wp-json\/wp\/v2\/product\/15013\/revisions\/31376"}],"wp:featuredmedia":[{"embeddable":true,"href":"https:\/\/olivera.org\/ca\/wp-json\/wp\/v2\/media\/34487"}],"wp:attachment":[{"href":"https:\/\/olivera.org\/ca\/wp-json\/wp\/v2\/media?parent=15013"}],"wp:term":[{"taxonomy":"product_brand","embeddable":true,"href":"https:\/\/olivera.org\/ca\/wp-json\/wp\/v2\/product_brand?post=15013"},{"taxonomy":"product_cat","embeddable":true,"href":"https:\/\/olivera.org\/ca\/wp-json\/wp\/v2\/product_cat?post=15013"},{"taxonomy":"product_tag","embeddable":true,"href":"https:\/\/olivera.org\/ca\/wp-json\/wp\/v2\/product_tag?post=15013"}],"curies":[{"name":"wp","href":"https:\/\/api.w.org\/{rel}","templated":true}]}}