{"id":1548,"date":"2020-11-25T12:07:43","date_gmt":"2020-11-25T12:07:43","guid":{"rendered":"https:\/\/olivera.org\/?post_type=product&#038;p=1548"},"modified":"2026-04-01T01:43:12","modified_gmt":"2026-04-01T01:43:12","slug":"vinyes-de-barcelona","status":"publish","type":"product","link":"https:\/\/olivera.org\/ca\/producte\/vinyes-de-barcelona\/","title":{"rendered":"Vinyes de Barcelona negre"},"content":{"rendered":"\t\t<div data-elementor-type=\"wp-post\" data-elementor-id=\"1548\" class=\"elementor elementor-1548\" data-elementor-post-type=\"product\">\n\t\t\t\t\t\t<section class=\"elementor-section elementor-top-section elementor-element elementor-element-355625e elementor-section-boxed elementor-section-height-default elementor-section-height-default\" data-id=\"355625e\" data-element_type=\"section\">\n\t\t\t\t\t\t<div class=\"elementor-container elementor-column-gap-default\">\n\t\t\t\t\t<div class=\"elementor-column elementor-col-100 elementor-top-column elementor-element elementor-element-dfc6ce8\" data-id=\"dfc6ce8\" data-element_type=\"column\">\n\t\t\t<div class=\"elementor-widget-wrap elementor-element-populated\">\n\t\t\t\t\t\t<div class=\"elementor-element elementor-element-9e8d04e elementor-widget elementor-widget-heading\" data-id=\"9e8d04e\" data-element_type=\"widget\" data-widget_type=\"heading.default\">\n\t\t\t\t<div class=\"elementor-widget-container\">\n\t\t\t\t\t<h2 class=\"elementor-heading-title elementor-size-default\">Vinyes de Barcelona negre 2023<\/h2>\t\t\t\t<\/div>\n\t\t\t\t<\/div>\n\t\t\t\t\t<\/div>\n\t\t<\/div>\n\t\t\t\t\t<\/div>\n\t\t<\/section>\n\t\t\t\t<section class=\"elementor-section elementor-top-section elementor-element elementor-element-74c278a elementor-section-boxed elementor-section-height-default elementor-section-height-default\" data-id=\"74c278a\" data-element_type=\"section\">\n\t\t\t\t\t\t<div class=\"elementor-container elementor-column-gap-default\">\n\t\t\t\t\t<div class=\"elementor-column elementor-col-100 elementor-top-column elementor-element elementor-element-b97666f\" data-id=\"b97666f\" data-element_type=\"column\">\n\t\t\t<div class=\"elementor-widget-wrap elementor-element-populated\">\n\t\t\t\t\t\t<div class=\"elementor-element elementor-element-a49966d elementor-widget elementor-widget-text-editor\" data-id=\"a49966d\" data-element_type=\"widget\" data-widget_type=\"text-editor.default\">\n\t\t\t\t<div class=\"elementor-widget-container\">\n\t\t\t\t\t\t\t\t\t<p class=\"label-sans-serif\">Caracter\u00edstiques de l\u2019anyada<\/p><p class=\"big-serif\">L\u2019anyada 2023 a la regi\u00f3 de Barcelona ha estat marcada per una pluviometria escassa amb algunes precipitacions puntuals durant l\u2019hivern i una primavera seca. L\u2019estiu ha estat molt calor\u00f3s i sec, amb temperatures elevades durant tota l\u2019estaci\u00f3, fortes onades de calor i una pluviometria acumulada inferior als 150mm, cosa que ha provocat una situaci\u00f3 de sequera persistent. Tot i aquestes condicions, les bones pr\u00e0ctiques en la gesti\u00f3 del s\u00f2l, amb cobertes vegetals durant l\u2019hivern per infiltrar la poca aigua que va caure, van ajudar a preservar la salut de les plantes. Les vinyes van resistir b\u00e9 tot i que ha calgut realitzar aportacions d\u2019aigua puntuals a les parcel\u00b7les m\u00e9s debilitades. En general, la producci\u00f3 ha estat m\u00e9s baixa de la prevista per\u00f2 equilibrada i de qualitat, ja que la forta sequera va afavorir una sanitat excepcional de les plantes i el ra\u00efm.<\/p>\t\t\t\t\t\t\t\t<\/div>\n\t\t\t\t<\/div>\n\t\t\t\t\t<\/div>\n\t\t<\/div>\n\t\t\t\t\t<\/div>\n\t\t<\/section>\n\t\t\t\t<section class=\"elementor-section elementor-top-section elementor-element elementor-element-73d2fe0 elementor-section-big elementor-section-height-default elementor-section-height-default\" data-id=\"73d2fe0\" data-element_type=\"section\">\n\t\t\t\t\t\t<div class=\"elementor-container elementor-column-gap-default\">\n\t\t\t\t\t<div class=\"elementor-column elementor-col-50 elementor-top-column elementor-element elementor-element-5ca4d9f\" data-id=\"5ca4d9f\" data-element_type=\"column\">\n\t\t\t<div class=\"elementor-widget-wrap elementor-element-populated\">\n\t\t\t\t\t\t<div class=\"elementor-element elementor-element-d0278d4 elementor-widget elementor-widget-video\" data-id=\"d0278d4\" data-element_type=\"widget\" data-settings=\"{&quot;video_type&quot;:&quot;hosted&quot;,&quot;autoplay&quot;:&quot;yes&quot;,&quot;play_on_mobile&quot;:&quot;yes&quot;,&quot;mute&quot;:&quot;yes&quot;,&quot;loop&quot;:&quot;yes&quot;}\" data-widget_type=\"video.default\">\n\t\t\t\t<div class=\"elementor-widget-container\">\n\t\t\t\t\t\t\t<div class=\"e-hosted-video elementor-wrapper elementor-open-inline\">\n\t\t\t\t\t<video class=\"elementor-video\" src=\"https:\/\/olivera.org\/wp-content\/uploads\/2020\/11\/vinyes-barcelona-lolivera.mp4\" autoplay=\"\" loop=\"\" muted=\"muted\" playsinline=\"\" controlsList=\"nodownload\"><\/video>\n\t\t\t\t<\/div>\n\t\t\t\t\t\t<\/div>\n\t\t\t\t<\/div>\n\t\t\t\t\t<\/div>\n\t\t<\/div>\n\t\t\t\t<div class=\"elementor-column elementor-col-50 elementor-top-column elementor-element elementor-element-4157e8d\" data-id=\"4157e8d\" data-element_type=\"column\">\n\t\t\t<div class=\"elementor-widget-wrap elementor-element-populated\">\n\t\t\t\t\t\t<div class=\"elementor-element elementor-element-fff1d3c elementor-widget elementor-widget-image\" data-id=\"fff1d3c\" data-element_type=\"widget\" data-widget_type=\"image.default\">\n\t\t\t\t<div class=\"elementor-widget-container\">\n\t\t\t\t\t\t\t\t\t\t\t\t\t\t\t<img fetchpriority=\"high\" decoding=\"async\" width=\"1333\" height=\"2000\" src=\"https:\/\/olivera.org\/wp-content\/uploads\/2020\/11\/DSC01354.jpg\" class=\"attachment-full size-full wp-image-8710\" alt=\"\" srcset=\"https:\/\/olivera.org\/wp-content\/uploads\/2020\/11\/DSC01354.jpg 1333w, https:\/\/olivera.org\/wp-content\/uploads\/2020\/11\/DSC01354-200x300.jpg 200w, https:\/\/olivera.org\/wp-content\/uploads\/2020\/11\/DSC01354-682x1024.jpg 682w, https:\/\/olivera.org\/wp-content\/uploads\/2020\/11\/DSC01354-768x1152.jpg 768w, https:\/\/olivera.org\/wp-content\/uploads\/2020\/11\/DSC01354-1024x1536.jpg 1024w, https:\/\/olivera.org\/wp-content\/uploads\/2020\/11\/DSC01354-600x900.jpg 600w\" sizes=\"(max-width: 1333px) 100vw, 1333px\" \/>\t\t\t\t\t\t\t\t\t\t\t\t\t\t\t<\/div>\n\t\t\t\t<\/div>\n\t\t\t\t\t<\/div>\n\t\t<\/div>\n\t\t\t\t\t<\/div>\n\t\t<\/section>\n\t\t\t\t<section class=\"elementor-section elementor-top-section elementor-element elementor-element-3f51ca6 elementor-section-boxed elementor-section-height-default elementor-section-height-default\" data-id=\"3f51ca6\" data-element_type=\"section\">\n\t\t\t\t\t\t<div class=\"elementor-container elementor-column-gap-default\">\n\t\t\t\t\t<div class=\"elementor-column elementor-col-100 elementor-top-column elementor-element elementor-element-716b6a6\" data-id=\"716b6a6\" data-element_type=\"column\">\n\t\t\t<div class=\"elementor-widget-wrap elementor-element-populated\">\n\t\t\t\t\t\t<div class=\"elementor-element elementor-element-bbf37fe elementor-widget elementor-widget-text-editor\" data-id=\"bbf37fe\" data-element_type=\"widget\" data-widget_type=\"text-editor.default\">\n\t\t\t\t<div class=\"elementor-widget-container\">\n\t\t\t\t\t\t\t\t\t<p class=\"label-sans-serif\">Viticultura i elaboraci\u00f3<\/p><p class=\"big-serif\">Viticultura ecol\u00f2gica certificada. Verema manual amb selecci\u00f3 de ra\u00efm a la vinya, buscant majors concentracions. Desrapat i aixafat lleuger i fermentaci\u00f3 en dip\u00f2sit de pigeage amb enfonsament peri\u00f2dic del barret i a una temperatura controlada de 25-28\u00baC. El 50% del vi ha fet una crian\u00e7a de 4 mesos en barrica de fusta<\/p>\t\t\t\t\t\t\t\t<\/div>\n\t\t\t\t<\/div>\n\t\t\t\t\t<\/div>\n\t\t<\/div>\n\t\t\t\t\t<\/div>\n\t\t<\/section>\n\t\t\t\t<section class=\"elementor-section elementor-top-section elementor-element elementor-element-d3a1569 elementor-section-boxed elementor-section-height-default elementor-section-height-default\" data-id=\"d3a1569\" data-element_type=\"section\">\n\t\t\t\t\t\t<div class=\"elementor-container elementor-column-gap-default\">\n\t\t\t\t\t<div class=\"elementor-column elementor-col-100 elementor-top-column elementor-element elementor-element-4dbf8f6\" data-id=\"4dbf8f6\" data-element_type=\"column\">\n\t\t\t<div class=\"elementor-widget-wrap elementor-element-populated\">\n\t\t\t\t\t\t<div class=\"elementor-element elementor-element-8f0e5db elementor-widget elementor-widget-text-editor\" data-id=\"8f0e5db\" data-element_type=\"widget\" data-widget_type=\"text-editor.default\">\n\t\t\t\t<div class=\"elementor-widget-container\">\n\t\t\t\t\t\t\t\t\t<p class=\"label-sans-serif\">Anal\u00edtica<\/p><p class=\"small-sans-serif\">Grau alcoh\u00f2lic: 15%<br \/>Acidesa total: 3,71 g\/l (\u00e0cid sulf\u00faric)<br \/>Acidesa vol\u00e0til: 0,40 g\/l<br \/>Sucre residual: &lt;0,5 g\/l (glucosa + fructosa)<br \/>Sulfur\u00f3s total: 29 mg\/l<\/p>\t\t\t\t\t\t\t\t<\/div>\n\t\t\t\t<\/div>\n\t\t\t\t\t<\/div>\n\t\t<\/div>\n\t\t\t\t\t<\/div>\n\t\t<\/section>\n\t\t\t\t<section class=\"elementor-section elementor-top-section elementor-element elementor-element-574b0aa elementor-section-boxed elementor-section-height-default elementor-section-height-default\" data-id=\"574b0aa\" data-element_type=\"section\">\n\t\t\t\t\t\t<div class=\"elementor-container elementor-column-gap-default\">\n\t\t\t\t\t<div class=\"elementor-column elementor-col-100 elementor-top-column elementor-element elementor-element-336f79d\" data-id=\"336f79d\" data-element_type=\"column\">\n\t\t\t<div class=\"elementor-widget-wrap elementor-element-populated\">\n\t\t\t\t\t\t<div class=\"elementor-element elementor-element-deaebaa elementor-widget elementor-widget-text-editor\" data-id=\"deaebaa\" data-element_type=\"widget\" data-widget_type=\"text-editor.default\">\n\t\t\t\t<div class=\"elementor-widget-container\">\n\t\t\t\t\t\t\t\t\t<p class=\"label-sans-serif\">Tast<\/p><p class=\"big-serif\">Color vermell rob\u00ed intens amb lleugers tons violacis. En nas destaca la seva intensitat arom\u00e0tica, amb notes de fruita negra madura sobre un fons de bals\u00e0mics i especiats. En boca \u00e9s un vi envolvent, sed\u00f3s i amb un tan\u00ed fi i elegant. Entrada en boca golosa. Trobem l\u2019equilibri entre la fruita, la frescor pr\u00f2pia del terrer i notes d\u2019evoluci\u00f3 en el pas del temps. Ideal per acompanyar tot tipus de carns, estofats i formatges. L\u2019especialitat: cassola de xai de Collserola al forn amb <em>parmentier<\/em> de patata.<\/p>\t\t\t\t\t\t\t\t<\/div>\n\t\t\t\t<\/div>\n\t\t\t\t\t<\/div>\n\t\t<\/div>\n\t\t\t\t\t<\/div>\n\t\t<\/section>\n\t\t\t\t<section class=\"elementor-section elementor-top-section elementor-element elementor-element-a4e26a3 elementor-section-boxed elementor-section-height-default elementor-section-height-default\" data-id=\"a4e26a3\" data-element_type=\"section\">\n\t\t\t\t\t\t<div class=\"elementor-container elementor-column-gap-default\">\n\t\t\t\t\t<div class=\"elementor-column elementor-col-100 elementor-top-column elementor-element elementor-element-e422701\" data-id=\"e422701\" data-element_type=\"column\">\n\t\t\t<div class=\"elementor-widget-wrap elementor-element-populated\">\n\t\t\t\t\t\t<section class=\"elementor-section elementor-inner-section elementor-element elementor-element-f6d6496 elementor-section-boxed elementor-section-height-default elementor-section-height-default\" data-id=\"f6d6496\" data-element_type=\"section\">\n\t\t\t\t\t\t<div class=\"elementor-container elementor-column-gap-default\">\n\t\t\t\t\t<div class=\"elementor-column elementor-col-50 elementor-inner-column elementor-element elementor-element-fc6a57d\" data-id=\"fc6a57d\" data-element_type=\"column\">\n\t\t\t<div class=\"elementor-widget-wrap elementor-element-populated\">\n\t\t\t\t\t\t<div class=\"elementor-element elementor-element-5f50488 elementor-widget elementor-widget-text-editor\" data-id=\"5f50488\" data-element_type=\"widget\" data-widget_type=\"text-editor.default\">\n\t\t\t\t<div class=\"elementor-widget-container\">\n\t\t\t\t\t\t\t\t\t<p class=\"label-sans-serif\">Reconeixements<\/p><p class=\"small-sans-serif\"><strong>Guia Pe\u00f1\u00edn:<br \/><\/strong>2023: 89 punts (anyada 2019)<br \/>2022: 89 punts (anyada 2017)<\/p><p class=\"small-sans-serif\"><strong>Decanter 2022:<\/strong><br \/>Medalla de plata (anyada 2019)<\/p>\t\t\t\t\t\t\t\t<\/div>\n\t\t\t\t<\/div>\n\t\t\t\t\t<\/div>\n\t\t<\/div>\n\t\t\t\t<div class=\"elementor-column elementor-col-50 elementor-inner-column elementor-element elementor-element-e1d0b1d\" data-id=\"e1d0b1d\" data-element_type=\"column\">\n\t\t\t<div class=\"elementor-widget-wrap elementor-element-populated\">\n\t\t\t\t\t\t<div class=\"elementor-element elementor-element-6fe168d elementor-widget elementor-widget-text-editor\" data-id=\"6fe168d\" data-element_type=\"widget\" data-widget_type=\"text-editor.default\">\n\t\t\t\t<div class=\"elementor-widget-container\">\n\t\t\t\t\t\t\t\t\t<p class=\"small-sans-serif\"><strong><br \/>Hamersma DHG 2021:<br \/><\/strong>8,5 punts (anyada 2017)<strong><br \/><br \/>Catavinum 2017:<br \/><\/strong>Medalla de plata (anyada 2014)<\/p>\t\t\t\t\t\t\t\t<\/div>\n\t\t\t\t<\/div>\n\t\t\t\t\t<\/div>\n\t\t<\/div>\n\t\t\t\t\t<\/div>\n\t\t<\/section>\n\t\t\t\t\t<\/div>\n\t\t<\/div>\n\t\t\t\t\t<\/div>\n\t\t<\/section>\n\t\t\t\t<\/div>\n\t\t","protected":false},"excerpt":{"rendered":"<p class=\"big-serif\">Vinyes de Barcelona \u00e9s l&#8217;\u00fanic vi que es produeix a la ciutat de Barcelona. Neix a la masia <a href=\"https:\/\/olivera.org\/ca\/lolivera-vins-i-olis-ecologics-2\/#section-un-projecte-dos-paisatges\">Can Calopa de Dalt<\/a>, a la cara nord de la Serra de Collserola. All\u00e0, cultivem la vinya i elaborem el vi en un petit celler rehabilitat, un projecte impulsat per l&#8217;Ajuntament de Barcelona l&#8217;any 2001 i gestionat per L&#8217;Olivera des del 2010 amb una proposta d&#8217;agricultura social que combina qualitat dels productes amb inclusi\u00f3 social i respecte al medi ambient.<\/p>\n<p><img decoding=\"async\" class=\"alignnone wp-image-2128 size-full\" src=\"https:\/\/olivera.org\/wp-content\/uploads\/2021\/01\/vinyes-barcelona-lolivera-02.jpg\" alt=\"\" width=\"1200\" height=\"1600\" srcset=\"https:\/\/olivera.org\/wp-content\/uploads\/2021\/01\/vinyes-barcelona-lolivera-02.jpg 1200w, https:\/\/olivera.org\/wp-content\/uploads\/2021\/01\/vinyes-barcelona-lolivera-02-600x800.jpg 600w, https:\/\/olivera.org\/wp-content\/uploads\/2021\/01\/vinyes-barcelona-lolivera-02-225x300.jpg 225w, https:\/\/olivera.org\/wp-content\/uploads\/2021\/01\/vinyes-barcelona-lolivera-02-768x1024.jpg 768w, https:\/\/olivera.org\/wp-content\/uploads\/2021\/01\/vinyes-barcelona-lolivera-02-1152x1536.jpg 1152w\" sizes=\"(max-width: 1200px) 100vw, 1200px\" \/><\/p>\n<p class=\"big-serif\">El Vinyes de Barcelona \u00e9s el resultat d&#8217;una aposta col\u00b7lectiva per l&#8217;agricultura periurbana, que planteja una mirada contempor\u00e0nia a la recuperaci\u00f3 de l&#8217;activitat agr\u00edcola lligada a les grans ciutats. Honest i desacomplexat, el Vinyes de Barcelona \u00e9s fidel a aquest paisatge agr\u00edcola i hum\u00e0. Elaborat amb Garnatxa, mant\u00e9 l&#8217;agilitat i l&#8217;acidesa d&#8217;un jove per\u00f2 amb la complexitat d&#8217;un any d&#8217;envelliment en b\u00f3ta de roure.<\/p>\n<p class=\"label-sans-serif\">Paisatge<\/p>\n<p class=\"small-sans-serif\">ORIGEN: Vinyes de la finca de Can Calopa, al vessant nord-est de la serra de Collserola i dins el municipi de Barcelona, a 300 metres sobre el nivell del mar. Paisatge de mosaics agraris enmig de zones boscoses conquerides per pins, alzines i esp\u00e8cies arbustives mediterr\u00e0nies. La finca combina terrasses amb petites parcel\u00b7les planes.<br \/>\nS\u00d2LS: S\u00f2ls de textura franca, amb substractes de pissarres i lutites.<br \/>\nCLIMA: Clima d&#8217;influ\u00e8ncia mediterr\u00e0nia, amb hiverns suaus, estius calorosos, oscil\u00b7laci\u00f3 t\u00e8rmica moderada i precipitacions estacionals escasses i fortament irregulars. La finca de Can Calopa t\u00e9 una orientaci\u00f3 nord-oest-sud-est que la converteix en una finca frescal on les maduracions s\u00f3n lentes i pausades. L&#8217;entrada de la marinada a la tarda modera les elevades temperatures de l&#8217;estiu.<\/p>\n<p class=\"label-sans-serif\">Varietats<\/p>\n<p class=\"small-sans-serif\">Garnatxa (100%)<\/p>\n<p class=\"label-sans-serif\">Viticultura<\/p>\n<p class=\"small-sans-serif\">Agricultura ecol\u00f2gica. Verema manual amb selecci\u00f3 de ra\u00efm a la vinya, buscant majors concentracions.<\/p>\n<p class=\"label-sans-serif\">Vinificaci\u00f3<\/p>\n<p class=\"small-sans-serif\">Desrapat i aixafat lleuger i fermentaci\u00f3 en dip\u00f2sit de <em>pigeage<\/em> amb enfonsament peri\u00f2dic del barret i a una temperatura controlada de 25-28\u00baC. El 50% del vi ha fet una crian\u00e7a de 4 mesos en barrica de fusta nova.<\/p>\n<p class=\"label-sans-serif\">Producci\u00f3<\/p>\n<p class=\"small-sans-serif\">Anyada 2023: 4.500 ampolles<\/p>\n","protected":false},"featured_media":31125,"comment_status":"open","ping_status":"closed","template":"","meta":{"_acf_changed":false},"product_brand":[],"product_cat":[44],"product_tag":[],"class_list":{"0":"post-1548","1":"product","2":"type-product","3":"status-publish","4":"has-post-thumbnail","6":"product_cat-wines-ca","7":"pa_characteristics-wines-urbans-ca","8":"pa_origin-can-calopa-ca","9":"pa_unity-single-ca","10":"pa_unity-box-ca","11":"pa_wine-type-negres","13":"first","14":"instock","15":"shipping-taxable","16":"purchasable","17":"product-type-simple"},"acf":[],"jetpack_sharing_enabled":true,"_links":{"self":[{"href":"https:\/\/olivera.org\/ca\/wp-json\/wp\/v2\/product\/1548","targetHints":{"allow":["GET"]}}],"collection":[{"href":"https:\/\/olivera.org\/ca\/wp-json\/wp\/v2\/product"}],"about":[{"href":"https:\/\/olivera.org\/ca\/wp-json\/wp\/v2\/types\/product"}],"replies":[{"embeddable":true,"href":"https:\/\/olivera.org\/ca\/wp-json\/wp\/v2\/comments?post=1548"}],"version-history":[{"count":18,"href":"https:\/\/olivera.org\/ca\/wp-json\/wp\/v2\/product\/1548\/revisions"}],"predecessor-version":[{"id":34323,"href":"https:\/\/olivera.org\/ca\/wp-json\/wp\/v2\/product\/1548\/revisions\/34323"}],"wp:featuredmedia":[{"embeddable":true,"href":"https:\/\/olivera.org\/ca\/wp-json\/wp\/v2\/media\/31125"}],"wp:attachment":[{"href":"https:\/\/olivera.org\/ca\/wp-json\/wp\/v2\/media?parent=1548"}],"wp:term":[{"taxonomy":"product_brand","embeddable":true,"href":"https:\/\/olivera.org\/ca\/wp-json\/wp\/v2\/product_brand?post=1548"},{"taxonomy":"product_cat","embeddable":true,"href":"https:\/\/olivera.org\/ca\/wp-json\/wp\/v2\/product_cat?post=1548"},{"taxonomy":"product_tag","embeddable":true,"href":"https:\/\/olivera.org\/ca\/wp-json\/wp\/v2\/product_tag?post=1548"}],"curies":[{"name":"wp","href":"https:\/\/api.w.org\/{rel}","templated":true}]}}