{"id":1605,"date":"2020-11-25T16:10:51","date_gmt":"2020-11-25T16:10:51","guid":{"rendered":"https:\/\/olivera.org\/?post_type=product&#038;p=1605"},"modified":"2026-02-06T16:41:57","modified_gmt":"2026-02-06T16:41:57","slug":"vi-de-cada-dia-negre-3l","status":"publish","type":"product","link":"https:\/\/olivera.org\/ca\/producte\/vi-de-cada-dia-negre-3l\/","title":{"rendered":"Vi de Cada Dia negre 3L"},"content":{"rendered":"","protected":false},"excerpt":{"rendered":"<p class=\"big-serif\">Pensat per gaudir-lo cada dia, ideal per aquelles persones que incorporen el vi com un aliment m\u00e9s en la seva dieta mediterr\u00e0nia en el dia a dia, buscant perfils suaus i \u00e0gils que les acompanyin a taula.<\/p>\n<p><img fetchpriority=\"high\" decoding=\"async\" class=\"alignnone wp-image-2122 size-full\" src=\"https:\/\/olivera.org\/wp-content\/uploads\/2021\/01\/vi-negre-cada-dia-lolivera-02.jpg\" alt=\"\" width=\"1200\" height=\"1600\" srcset=\"https:\/\/olivera.org\/wp-content\/uploads\/2021\/01\/vi-negre-cada-dia-lolivera-02.jpg 1200w, https:\/\/olivera.org\/wp-content\/uploads\/2021\/01\/vi-negre-cada-dia-lolivera-02-600x800.jpg 600w, https:\/\/olivera.org\/wp-content\/uploads\/2021\/01\/vi-negre-cada-dia-lolivera-02-225x300.jpg 225w, https:\/\/olivera.org\/wp-content\/uploads\/2021\/01\/vi-negre-cada-dia-lolivera-02-768x1024.jpg 768w, https:\/\/olivera.org\/wp-content\/uploads\/2021\/01\/vi-negre-cada-dia-lolivera-02-1152x1536.jpg 1152w\" sizes=\"(max-width: 1200px) 100vw, 1200px\" \/><\/p>\n<p class=\"big-serif\">Suau i llaminer, el vi de Cada Dia negre recull la frescor i agilitat d&#8217;un vi jove en un format <em>bag-in-box<\/em> que conserva el vi en bones condicions, \u00e9s apte per guardar-lo al frigor\u00edfic i permet un f\u00e0cil servei.<\/p>\n<p class=\"label-sans-serif\">Varietats<\/p>\n<p class=\"small-sans-serif\">El cupatge pot ser variable en funci\u00f3 de cada anyada i lot, integrant sobretot Garnatxa i Ull de llebre.<\/p>\n<p class=\"label-sans-serif\">Tast<\/p>\n<p class=\"small-sans-serif\">Fresc i \u00e0gil, el Vi de Cada Dia negre \u00e9s un vi f\u00e0cil de beure ideal com a aperitiu. \u00c9s un bon acompanyant de la carn a la brasa i la seva subtilitat combina b\u00e9 tamb\u00e9 amb el peix.<\/p>\n","protected":false},"featured_media":25408,"comment_status":"open","ping_status":"closed","template":"","meta":{"_acf_changed":false},"product_brand":[],"product_cat":[44],"product_tag":[],"class_list":{"0":"post-1605","1":"product","2":"type-product","3":"status-publish","4":"has-post-thumbnail","6":"product_cat-wines-ca","7":"pa_characteristics-wines-cada-dia","8":"pa_origin-vallbona-ca","9":"pa_unity-single-ca","10":"pa_wine-type-negres","12":"first","13":"instock","14":"shipping-taxable","15":"purchasable","16":"product-type-variable"},"acf":[],"jetpack_sharing_enabled":true,"_links":{"self":[{"href":"https:\/\/olivera.org\/ca\/wp-json\/wp\/v2\/product\/1605","targetHints":{"allow":["GET"]}}],"collection":[{"href":"https:\/\/olivera.org\/ca\/wp-json\/wp\/v2\/product"}],"about":[{"href":"https:\/\/olivera.org\/ca\/wp-json\/wp\/v2\/types\/product"}],"replies":[{"embeddable":true,"href":"https:\/\/olivera.org\/ca\/wp-json\/wp\/v2\/comments?post=1605"}],"version-history":[{"count":1,"href":"https:\/\/olivera.org\/ca\/wp-json\/wp\/v2\/product\/1605\/revisions"}],"predecessor-version":[{"id":33741,"href":"https:\/\/olivera.org\/ca\/wp-json\/wp\/v2\/product\/1605\/revisions\/33741"}],"wp:featuredmedia":[{"embeddable":true,"href":"https:\/\/olivera.org\/ca\/wp-json\/wp\/v2\/media\/25408"}],"wp:attachment":[{"href":"https:\/\/olivera.org\/ca\/wp-json\/wp\/v2\/media?parent=1605"}],"wp:term":[{"taxonomy":"product_brand","embeddable":true,"href":"https:\/\/olivera.org\/ca\/wp-json\/wp\/v2\/product_brand?post=1605"},{"taxonomy":"product_cat","embeddable":true,"href":"https:\/\/olivera.org\/ca\/wp-json\/wp\/v2\/product_cat?post=1605"},{"taxonomy":"product_tag","embeddable":true,"href":"https:\/\/olivera.org\/ca\/wp-json\/wp\/v2\/product_tag?post=1605"}],"curies":[{"name":"wp","href":"https:\/\/api.w.org\/{rel}","templated":true}]}}