{"id":20469,"date":"2023-04-17T14:57:55","date_gmt":"2023-04-17T14:57:55","guid":{"rendered":"https:\/\/olivera.org\/?post_type=product&#038;p=20469"},"modified":"2026-04-09T09:44:07","modified_gmt":"2026-04-09T09:44:07","slug":"airos","status":"publish","type":"product","link":"https:\/\/olivera.org\/ca\/producte\/airos\/","title":{"rendered":"Air\u00f3s"},"content":{"rendered":"\t\t<div data-elementor-type=\"product-post\" data-elementor-id=\"20469\" class=\"elementor elementor-20469\" data-elementor-post-type=\"product\">\n\t\t\t\t\t\t<section class=\"elementor-section elementor-top-section elementor-element elementor-element-fc18012 elementor-section-boxed elementor-section-height-default elementor-section-height-default\" data-id=\"fc18012\" data-element_type=\"section\">\n\t\t\t\t\t\t<div class=\"elementor-container elementor-column-gap-default\">\n\t\t\t\t\t<div class=\"elementor-column elementor-col-100 elementor-top-column elementor-element elementor-element-f66ffd9\" data-id=\"f66ffd9\" data-element_type=\"column\">\n\t\t\t<div class=\"elementor-widget-wrap elementor-element-populated\">\n\t\t\t\t\t\t<div class=\"elementor-element elementor-element-33000e2 elementor-widget elementor-widget-heading\" data-id=\"33000e2\" data-element_type=\"widget\" data-widget_type=\"heading.default\">\n\t\t\t\t<div class=\"elementor-widget-container\">\n\t\t\t\t\t<h2 class=\"elementor-heading-title elementor-size-default\">Air\u00f3s 2024<\/h2>\t\t\t\t<\/div>\n\t\t\t\t<\/div>\n\t\t\t\t\t<\/div>\n\t\t<\/div>\n\t\t\t\t\t<\/div>\n\t\t<\/section>\n\t\t\t\t<section class=\"elementor-section elementor-top-section elementor-element elementor-element-c4b525b elementor-section-boxed elementor-section-height-default elementor-section-height-default\" data-id=\"c4b525b\" data-element_type=\"section\">\n\t\t\t\t\t\t<div class=\"elementor-container elementor-column-gap-default\">\n\t\t\t\t\t<div class=\"elementor-column elementor-col-100 elementor-top-column elementor-element elementor-element-c85b12b\" data-id=\"c85b12b\" data-element_type=\"column\">\n\t\t\t<div class=\"elementor-widget-wrap elementor-element-populated\">\n\t\t\t\t\t\t<div class=\"elementor-element elementor-element-3d13c41 elementor-widget elementor-widget-text-editor\" data-id=\"3d13c41\" data-element_type=\"widget\" data-widget_type=\"text-editor.default\">\n\t\t\t\t<div class=\"elementor-widget-container\">\n\t\t\t\t\t\t\t\t\t<p class=\"label-sans-serif\">Caracter\u00edstiques de l&#8217;anyada<\/p><p>L\u2019anyada 2024, com les de 2022 i 2023, va ser molt complicada a nivell clim\u00e0tic. En aquesta zona d\u2019interior, la pluviometria fins a la tardor va ser molt escassa, fet que se sumava a la sequera persistent dels dos anys anteriors. Aix\u00f2 va fer que, en condicions de sec\u00e0, el desenvolupament de les plantes fos m\u00e9s de resist\u00e8ncia que de productivitat. A m\u00e9s, la gla\u00e7ada de la nit del 23 d\u2019abril va afectar greument els brots tendres, sobretot a les vinyes situades al fons de vall. Aquestes condicions van reduir la productivitat a un 20% de la mitjana interanual. T\u00e8rmicament, la verema no es va avan\u00e7ar tant com en les dues darreres anyades i es va allargar una mica m\u00e9s: va tenir lloc entre el 21 d\u2019agost i el 8 d\u2019octubre. Tanmateix, la sequera i la baixa humitat van afavorir un ra\u00efm amb un estat sanitari excel\u00b7lent, sense pres\u00e8ncia de fongs ni malalties.<\/p>\t\t\t\t\t\t\t\t<\/div>\n\t\t\t\t<\/div>\n\t\t\t\t<section class=\"elementor-section elementor-inner-section elementor-element elementor-element-157f135 elementor-section-boxed elementor-section-height-default elementor-section-height-default\" data-id=\"157f135\" data-element_type=\"section\">\n\t\t\t\t\t\t<div class=\"elementor-container elementor-column-gap-default\">\n\t\t\t\t\t<div class=\"elementor-column elementor-col-50 elementor-inner-column elementor-element elementor-element-9323c21\" data-id=\"9323c21\" data-element_type=\"column\">\n\t\t\t<div class=\"elementor-widget-wrap elementor-element-populated\">\n\t\t\t\t\t\t<div class=\"elementor-element elementor-element-a1ef61f elementor-widget elementor-widget-image\" data-id=\"a1ef61f\" data-element_type=\"widget\" data-widget_type=\"image.default\">\n\t\t\t\t<div class=\"elementor-widget-container\">\n\t\t\t\t\t\t\t\t\t\t\t\t\t\t\t<img fetchpriority=\"high\" decoding=\"async\" width=\"800\" height=\"800\" src=\"https:\/\/olivera.org\/wp-content\/uploads\/2023\/04\/airos-web2-1-1024x1024.jpg\" class=\"attachment-large size-large wp-image-20624\" alt=\"\" srcset=\"https:\/\/olivera.org\/wp-content\/uploads\/2023\/04\/airos-web2-1-1024x1024.jpg 1024w, https:\/\/olivera.org\/wp-content\/uploads\/2023\/04\/airos-web2-1-300x300.jpg 300w, https:\/\/olivera.org\/wp-content\/uploads\/2023\/04\/airos-web2-1-150x150.jpg 150w, https:\/\/olivera.org\/wp-content\/uploads\/2023\/04\/airos-web2-1-768x768.jpg 768w, https:\/\/olivera.org\/wp-content\/uploads\/2023\/04\/airos-web2-1-1536x1536.jpg 1536w, https:\/\/olivera.org\/wp-content\/uploads\/2023\/04\/airos-web2-1-2048x2048.jpg 2048w, https:\/\/olivera.org\/wp-content\/uploads\/2023\/04\/airos-web2-1-600x600.jpg 600w, https:\/\/olivera.org\/wp-content\/uploads\/2023\/04\/airos-web2-1-100x100.jpg 100w\" sizes=\"(max-width: 800px) 100vw, 800px\" \/>\t\t\t\t\t\t\t\t\t\t\t\t\t\t\t<\/div>\n\t\t\t\t<\/div>\n\t\t\t\t\t<\/div>\n\t\t<\/div>\n\t\t\t\t<div class=\"elementor-column elementor-col-50 elementor-inner-column elementor-element elementor-element-245ade7\" data-id=\"245ade7\" data-element_type=\"column\">\n\t\t\t<div class=\"elementor-widget-wrap elementor-element-populated\">\n\t\t\t\t\t\t<div class=\"elementor-element elementor-element-281a2a6 elementor-widget elementor-widget-image\" data-id=\"281a2a6\" data-element_type=\"widget\" data-widget_type=\"image.default\">\n\t\t\t\t<div class=\"elementor-widget-container\">\n\t\t\t\t\t\t\t\t\t\t\t\t\t\t\t<img decoding=\"async\" width=\"683\" height=\"1024\" src=\"https:\/\/olivera.org\/wp-content\/uploads\/2023\/04\/airos3-683x1024.jpg\" class=\"attachment-large size-large wp-image-20628\" alt=\"\" srcset=\"https:\/\/olivera.org\/wp-content\/uploads\/2023\/04\/airos3-683x1024.jpg 683w, https:\/\/olivera.org\/wp-content\/uploads\/2023\/04\/airos3-200x300.jpg 200w, https:\/\/olivera.org\/wp-content\/uploads\/2023\/04\/airos3-768x1152.jpg 768w, https:\/\/olivera.org\/wp-content\/uploads\/2023\/04\/airos3-1024x1536.jpg 1024w, https:\/\/olivera.org\/wp-content\/uploads\/2023\/04\/airos3-1365x2048.jpg 1365w, https:\/\/olivera.org\/wp-content\/uploads\/2023\/04\/airos3-600x900.jpg 600w, https:\/\/olivera.org\/wp-content\/uploads\/2023\/04\/airos3-scaled.jpg 1707w\" sizes=\"(max-width: 683px) 100vw, 683px\" \/>\t\t\t\t\t\t\t\t\t\t\t\t\t\t\t<\/div>\n\t\t\t\t<\/div>\n\t\t\t\t\t<\/div>\n\t\t<\/div>\n\t\t\t\t\t<\/div>\n\t\t<\/section>\n\t\t\t\t\t<\/div>\n\t\t<\/div>\n\t\t\t\t\t<\/div>\n\t\t<\/section>\n\t\t\t\t<section class=\"elementor-section elementor-top-section elementor-element elementor-element-cf0c709 elementor-section-boxed elementor-section-height-default elementor-section-height-default\" data-id=\"cf0c709\" data-element_type=\"section\">\n\t\t\t\t\t\t<div class=\"elementor-container elementor-column-gap-default\">\n\t\t\t\t\t<div class=\"elementor-column elementor-col-100 elementor-top-column elementor-element elementor-element-69ec824\" data-id=\"69ec824\" data-element_type=\"column\">\n\t\t\t<div class=\"elementor-widget-wrap elementor-element-populated\">\n\t\t\t\t\t\t<div class=\"elementor-element elementor-element-2fd6811 elementor-widget elementor-widget-text-editor\" data-id=\"2fd6811\" data-element_type=\"widget\" data-widget_type=\"text-editor.default\">\n\t\t\t\t<div class=\"elementor-widget-container\">\n\t\t\t\t\t\t\t\t\t<p class=\"label-sans-serif\">Viticultura i elaboraci\u00f3<\/p><p class=\"big-serif\">Viticultura de sec\u00e0 ecol\u00f2gica certificada. Veremat a m\u00e0 i en petites caixes de 10-12 quilos. Aquest vi rosat \u00e9s fruit de dues elaboracions diferents: d&#8217;una banda, un premsat directe d&#8217;una part de la Garnatxa (majorit\u00e0riament dels Boscos de Nalec) amb una lleugera maceraci\u00f3 a la pr\u00f2pia premsa. D&#8217;altra banda, l&#8217;altra part de Garnatxes de la Vall del Corb, \u00e9s fruit d&#8217;un sangrat d&#8217;un dip\u00f2sit de <em>pigeage<\/em> a les 48 hores. Despr\u00e9s, en ambd\u00f3s casos, el most fermenta en dip\u00f2sit a temperatura controlada fins al moment del seu embotellament.<\/p>\t\t\t\t\t\t\t\t<\/div>\n\t\t\t\t<\/div>\n\t\t\t\t\t<\/div>\n\t\t<\/div>\n\t\t\t\t\t<\/div>\n\t\t<\/section>\n\t\t\t\t<section class=\"elementor-section elementor-top-section elementor-element elementor-element-d1041e9 elementor-section-boxed elementor-section-height-default elementor-section-height-default\" data-id=\"d1041e9\" data-element_type=\"section\">\n\t\t\t\t\t\t<div class=\"elementor-container elementor-column-gap-default\">\n\t\t\t\t\t<div class=\"elementor-column elementor-col-100 elementor-top-column elementor-element elementor-element-5041818\" data-id=\"5041818\" data-element_type=\"column\">\n\t\t\t<div class=\"elementor-widget-wrap elementor-element-populated\">\n\t\t\t\t\t\t<div class=\"elementor-element elementor-element-4f09fd9 elementor-widget elementor-widget-text-editor\" data-id=\"4f09fd9\" data-element_type=\"widget\" data-widget_type=\"text-editor.default\">\n\t\t\t\t<div class=\"elementor-widget-container\">\n\t\t\t\t\t\t\t\t\t<p class=\"label-sans-serif\">Anal\u00edtica<\/p><p class=\"small-sans-serif\">Grau alcoh\u00f2lic: 14,22%<br \/>Acidesa total: 4,3 g\/l (\u00e0cid sulf\u00faric)<br \/>Acidesa vol\u00e0til: 0,4 g\/l<br \/>Sucre residual: 0,3 g\/l (glucosa+fructosa)<br \/>Sulfur\u00f3s total: 42 mg\/l<\/p>\t\t\t\t\t\t\t\t<\/div>\n\t\t\t\t<\/div>\n\t\t\t\t\t<\/div>\n\t\t<\/div>\n\t\t\t\t\t<\/div>\n\t\t<\/section>\n\t\t\t\t<section class=\"elementor-section elementor-top-section elementor-element elementor-element-e9ddae4 elementor-section-boxed elementor-section-height-default elementor-section-height-default\" data-id=\"e9ddae4\" data-element_type=\"section\">\n\t\t\t\t\t\t<div class=\"elementor-container elementor-column-gap-default\">\n\t\t\t\t\t<div class=\"elementor-column elementor-col-100 elementor-top-column elementor-element elementor-element-f9338af\" data-id=\"f9338af\" data-element_type=\"column\">\n\t\t\t<div class=\"elementor-widget-wrap elementor-element-populated\">\n\t\t\t\t\t\t<div class=\"elementor-element elementor-element-1ed94c1 elementor-widget elementor-widget-text-editor\" data-id=\"1ed94c1\" data-element_type=\"widget\" data-widget_type=\"text-editor.default\">\n\t\t\t\t<div class=\"elementor-widget-container\">\n\t\t\t\t\t\t\t\t\t<p class=\"label-sans-serif\">Tast<\/p><p class=\"big-serif\">Color rosa p\u00e0l\u00b7lid brillant. En nas \u00e9s complex amb notes de fruita fresca maduixes silvestres i cirera vermella, l\u00e0ctics, i un punt de crema pastissera. En boca \u00e9s delicat, certa amplitud i frescor i un postgust persistent. L\u2019Air\u00f3s \u00e9s perfecte per prendre a copes a totes hores. Acompanyant perfecte dels plats freds i els embotits, combina molt b\u00e9 amb qualsevol tipus de pasta o al costat d\u2019una coca amb base de tom\u00e0quet.<\/p>\t\t\t\t\t\t\t\t<\/div>\n\t\t\t\t<\/div>\n\t\t\t\t\t<\/div>\n\t\t<\/div>\n\t\t\t\t\t<\/div>\n\t\t<\/section>\n\t\t\t\t<section class=\"elementor-section elementor-top-section elementor-element elementor-element-5712fcc elementor-section-boxed elementor-section-height-default elementor-section-height-default\" data-id=\"5712fcc\" data-element_type=\"section\">\n\t\t\t\t\t\t<div class=\"elementor-container elementor-column-gap-default\">\n\t\t\t\t\t<div class=\"elementor-column elementor-col-100 elementor-top-column elementor-element elementor-element-acf9e3d\" data-id=\"acf9e3d\" data-element_type=\"column\">\n\t\t\t<div class=\"elementor-widget-wrap elementor-element-populated\">\n\t\t\t\t\t\t<section class=\"elementor-section elementor-inner-section elementor-element elementor-element-38810ac elementor-section-boxed elementor-section-height-default elementor-section-height-default\" data-id=\"38810ac\" data-element_type=\"section\">\n\t\t\t\t\t\t<div class=\"elementor-container elementor-column-gap-default\">\n\t\t\t\t\t<div class=\"elementor-column elementor-col-50 elementor-inner-column elementor-element elementor-element-af7e14c\" data-id=\"af7e14c\" data-element_type=\"column\">\n\t\t\t<div class=\"elementor-widget-wrap elementor-element-populated\">\n\t\t\t\t\t\t<div class=\"elementor-element elementor-element-c07c295 elementor-widget elementor-widget-text-editor\" data-id=\"c07c295\" data-element_type=\"widget\" data-widget_type=\"text-editor.default\">\n\t\t\t\t<div class=\"elementor-widget-container\">\n\t\t\t\t\t\t\t\t\t<p class=\"small-sans-serif label-sans-serif\">Reconeixements<\/p><p class=\"small-sans-serif\"><strong>Guia de Vins de Catalunya:<br \/><\/strong>2025: 9,50 punts (anyada 2023)<\/p>\t\t\t\t\t\t\t\t<\/div>\n\t\t\t\t<\/div>\n\t\t\t\t\t<\/div>\n\t\t<\/div>\n\t\t\t\t<div class=\"elementor-column elementor-col-50 elementor-inner-column elementor-element elementor-element-8f5e37e\" data-id=\"8f5e37e\" data-element_type=\"column\">\n\t\t\t<div class=\"elementor-widget-wrap\">\n\t\t\t\t\t\t\t<\/div>\n\t\t<\/div>\n\t\t\t\t\t<\/div>\n\t\t<\/section>\n\t\t\t\t\t<\/div>\n\t\t<\/div>\n\t\t\t\t\t<\/div>\n\t\t<\/section>\n\t\t\t\t<\/div>\n\t\t","protected":false},"excerpt":{"rendered":"<p class=\"big-serif\">Air\u00f3s com les tardes de marinada a les vinyes de Vallbona de les Monges. De car\u00e0cter fresc i \u00e0gil, aquest vi \u00e9s un reflex del paisatge de la Vall del Corb i \u00e9s, tamb\u00e9, un pas m\u00e9s en el caminar de L&#8217;Olivera: \u00e9s el primer rosat que elaborem, explorant noves elaboracions de la Garnatxa.<\/p>\n<p><a href=\"https:\/\/olivera.org\/wp-content\/uploads\/2023\/04\/airos-web33-scaled.jpg\"><img decoding=\"async\" class=\"alignnone size-large wp-image-20617\" src=\"https:\/\/olivera.org\/wp-content\/uploads\/2023\/04\/airos-web33-1024x1024.jpg\" alt=\"\" width=\"800\" height=\"800\" srcset=\"https:\/\/olivera.org\/wp-content\/uploads\/2023\/04\/airos-web33-1024x1024.jpg 1024w, https:\/\/olivera.org\/wp-content\/uploads\/2023\/04\/airos-web33-300x300.jpg 300w, https:\/\/olivera.org\/wp-content\/uploads\/2023\/04\/airos-web33-150x150.jpg 150w, https:\/\/olivera.org\/wp-content\/uploads\/2023\/04\/airos-web33-768x768.jpg 768w, https:\/\/olivera.org\/wp-content\/uploads\/2023\/04\/airos-web33-1536x1536.jpg 1536w, https:\/\/olivera.org\/wp-content\/uploads\/2023\/04\/airos-web33-2048x2048.jpg 2048w, https:\/\/olivera.org\/wp-content\/uploads\/2023\/04\/airos-web33-600x600.jpg 600w, https:\/\/olivera.org\/wp-content\/uploads\/2023\/04\/airos-web33-100x100.jpg 100w\" sizes=\"(max-width: 800px) 100vw, 800px\" \/><\/a><\/p>\n<p class=\"big-serif\">Aquest vi rosat recull l\u2019experi\u00e8ncia adquirida en l\u2019elaboraci\u00f3 de la Garnatxa en vins negres i ens demostra la seva versatilitat per elaborar-la en un vi rosat que \u00e9s una expressi\u00f3 genu\u00efna d\u2019aquesta varietat, molt adaptada a la Vall del Corb i que en constitueix un tret identitari. Subtil i delicat, amb un perfil especiat i original d\u2019una Garnatxa de certa al\u00e7ada (600 metres) que des de fa anys anem descobrint.<\/p>\n<p class=\"label-sans-serif\">Paisatge<\/p>\n<p class=\"small-sans-serif\">ORIGEN: Vinyes de diferents municipis de la subzona Valls del Riu Corb de la DO Costers del Segre. Paisatges de parcel\u00b7les caracteritzades pels marges de pedra seca, que delimiten les vinyes i conserven la fertilitat dels s\u00f2ls i l\u2019efici\u00e8ncia de l\u2019aigua.<br \/>\nS\u00d2LS: S\u00f2ls argilocalcaris amb nivells de pedregositat i profunditats variables.<br \/>\nCLIMA: El clima \u00e9s mediterrani continental, amb hiverns freds i secs i estius calorosos, dulcificats pel vent que, a les tardes, ve del mar (la marinada) i refresca les nits, sobretot durant el per\u00edode de maduraci\u00f3. Les pluges, escasses, es concentren a la tardor i a la primavera (350-450mm anuals).<\/p>\n<p class=\"label-sans-serif\">Varietats<\/p>\n<p class=\"small-sans-serif\">Garnatxa negra 100%<\/p>\n<p class=\"label-sans-serif\">Viticultura<\/p>\n<p class=\"small-sans-serif\">Agricultura ecol\u00f2gica. Verema manual en caixes de 10-12 kg.<\/p>\n<p class=\"label-sans-serif\">Vinificaci\u00f3<\/p>\n<p class=\"small-sans-serif\">Premsat directe d&#8217;una part de la Garnatxa amb una lleugera maceraci\u00f3 en premsa. L&#8217;altra part de Garnatxa \u00e9s fruit d&#8217;un sangrat d&#8217;un dip\u00f2sit de pigeage a les 48 hores. En ambd\u00f3s casos, posterior fermentaci\u00f3 en dip\u00f2sit a temperatura controlada.<\/p>\n<p class=\"label-sans-serif\">Producci\u00f3<\/p>\n<p class=\"small-sans-serif\">Anyada 2024: 4.973 ampolles<\/p>\n","protected":false},"featured_media":31069,"comment_status":"open","ping_status":"closed","template":"","meta":{"_acf_changed":false},"product_brand":[],"product_cat":[44],"product_tag":[],"class_list":{"0":"post-20469","1":"product","2":"type-product","3":"status-publish","4":"has-post-thumbnail","6":"product_cat-wines-ca","7":"pa_characteristics-wines-joves","8":"pa_origin-vallbona-ca","9":"pa_unity-single-ca","10":"pa_unity-box-ca","11":"pa_wine-type-rosats","13":"first","14":"instock","15":"featured","16":"shipping-taxable","17":"purchasable","18":"product-type-simple"},"acf":[],"jetpack_sharing_enabled":true,"_links":{"self":[{"href":"https:\/\/olivera.org\/ca\/wp-json\/wp\/v2\/product\/20469","targetHints":{"allow":["GET"]}}],"collection":[{"href":"https:\/\/olivera.org\/ca\/wp-json\/wp\/v2\/product"}],"about":[{"href":"https:\/\/olivera.org\/ca\/wp-json\/wp\/v2\/types\/product"}],"replies":[{"embeddable":true,"href":"https:\/\/olivera.org\/ca\/wp-json\/wp\/v2\/comments?post=20469"}],"version-history":[{"count":13,"href":"https:\/\/olivera.org\/ca\/wp-json\/wp\/v2\/product\/20469\/revisions"}],"predecessor-version":[{"id":34697,"href":"https:\/\/olivera.org\/ca\/wp-json\/wp\/v2\/product\/20469\/revisions\/34697"}],"wp:featuredmedia":[{"embeddable":true,"href":"https:\/\/olivera.org\/ca\/wp-json\/wp\/v2\/media\/31069"}],"wp:attachment":[{"href":"https:\/\/olivera.org\/ca\/wp-json\/wp\/v2\/media?parent=20469"}],"wp:term":[{"taxonomy":"product_brand","embeddable":true,"href":"https:\/\/olivera.org\/ca\/wp-json\/wp\/v2\/product_brand?post=20469"},{"taxonomy":"product_cat","embeddable":true,"href":"https:\/\/olivera.org\/ca\/wp-json\/wp\/v2\/product_cat?post=20469"},{"taxonomy":"product_tag","embeddable":true,"href":"https:\/\/olivera.org\/ca\/wp-json\/wp\/v2\/product_tag?post=20469"}],"curies":[{"name":"wp","href":"https:\/\/api.w.org\/{rel}","templated":true}]}}