{"id":28966,"date":"2024-11-13T15:30:52","date_gmt":"2024-11-13T15:30:52","guid":{"rendered":"https:\/\/olivera.org\/?post_type=product&#038;p=28966"},"modified":"2025-11-12T14:17:13","modified_gmt":"2025-11-12T14:17:13","slug":"llibre-dels-50-anys","status":"publish","type":"product","link":"https:\/\/olivera.org\/ca\/producte\/llibre-dels-50-anys\/","title":{"rendered":"Llibre dels 50 anys"},"content":{"rendered":"\t\t<div data-elementor-type=\"product-post\" data-elementor-id=\"28966\" class=\"elementor elementor-28966\" data-elementor-post-type=\"product\">\n\t\t\t\t\t\t<section class=\"elementor-section elementor-top-section elementor-element elementor-element-fe6c73a elementor-section-boxed elementor-section-height-default elementor-section-height-default\" data-id=\"fe6c73a\" data-element_type=\"section\">\n\t\t\t\t\t\t<div class=\"elementor-container elementor-column-gap-default\">\n\t\t\t\t\t<div class=\"elementor-column elementor-col-100 elementor-top-column elementor-element elementor-element-74780d6\" data-id=\"74780d6\" data-element_type=\"column\">\n\t\t\t<div class=\"elementor-widget-wrap elementor-element-populated\">\n\t\t\t\t\t\t<section class=\"elementor-section elementor-inner-section elementor-element elementor-element-d038cfd elementor-section-boxed elementor-section-height-default elementor-section-height-default\" data-id=\"d038cfd\" data-element_type=\"section\">\n\t\t\t\t\t\t<div class=\"elementor-container elementor-column-gap-default\">\n\t\t\t\t\t<div class=\"elementor-column elementor-col-50 elementor-inner-column elementor-element elementor-element-677357f\" data-id=\"677357f\" data-element_type=\"column\">\n\t\t\t<div class=\"elementor-widget-wrap elementor-element-populated\">\n\t\t\t\t\t\t<div class=\"elementor-element elementor-element-f0258b0 elementor-widget elementor-widget-image\" data-id=\"f0258b0\" data-element_type=\"widget\" data-widget_type=\"image.default\">\n\t\t\t\t<div class=\"elementor-widget-container\">\n\t\t\t\t\t\t\t\t\t\t\t\t\t\t\t<img fetchpriority=\"high\" decoding=\"async\" width=\"683\" height=\"1024\" src=\"https:\/\/olivera.org\/wp-content\/uploads\/2024\/11\/llibre2-683x1024.jpg\" class=\"attachment-large size-large wp-image-28973\" alt=\"\" srcset=\"https:\/\/olivera.org\/wp-content\/uploads\/2024\/11\/llibre2-683x1024.jpg 683w, https:\/\/olivera.org\/wp-content\/uploads\/2024\/11\/llibre2-200x300.jpg 200w, https:\/\/olivera.org\/wp-content\/uploads\/2024\/11\/llibre2-768x1152.jpg 768w, https:\/\/olivera.org\/wp-content\/uploads\/2024\/11\/llibre2-1024x1536.jpg 1024w, https:\/\/olivera.org\/wp-content\/uploads\/2024\/11\/llibre2-1365x2048.jpg 1365w, https:\/\/olivera.org\/wp-content\/uploads\/2024\/11\/llibre2-600x900.jpg 600w, https:\/\/olivera.org\/wp-content\/uploads\/2024\/11\/llibre2-scaled.jpg 1707w\" sizes=\"(max-width: 683px) 100vw, 683px\" \/>\t\t\t\t\t\t\t\t\t\t\t\t\t\t\t<\/div>\n\t\t\t\t<\/div>\n\t\t\t\t\t<\/div>\n\t\t<\/div>\n\t\t\t\t<div class=\"elementor-column elementor-col-50 elementor-inner-column elementor-element elementor-element-f16fa53\" data-id=\"f16fa53\" data-element_type=\"column\">\n\t\t\t<div class=\"elementor-widget-wrap elementor-element-populated\">\n\t\t\t\t\t\t<div class=\"elementor-element elementor-element-a71ec29 elementor-widget elementor-widget-image\" data-id=\"a71ec29\" data-element_type=\"widget\" data-widget_type=\"image.default\">\n\t\t\t\t<div class=\"elementor-widget-container\">\n\t\t\t\t\t\t\t\t\t\t\t\t\t\t\t<img decoding=\"async\" width=\"683\" height=\"1024\" src=\"https:\/\/olivera.org\/wp-content\/uploads\/2024\/11\/llibre3-1-683x1024.jpg\" class=\"attachment-large size-large wp-image-28979\" alt=\"\" srcset=\"https:\/\/olivera.org\/wp-content\/uploads\/2024\/11\/llibre3-1-683x1024.jpg 683w, https:\/\/olivera.org\/wp-content\/uploads\/2024\/11\/llibre3-1-200x300.jpg 200w, https:\/\/olivera.org\/wp-content\/uploads\/2024\/11\/llibre3-1-768x1152.jpg 768w, https:\/\/olivera.org\/wp-content\/uploads\/2024\/11\/llibre3-1-1024x1536.jpg 1024w, https:\/\/olivera.org\/wp-content\/uploads\/2024\/11\/llibre3-1-1365x2048.jpg 1365w, https:\/\/olivera.org\/wp-content\/uploads\/2024\/11\/llibre3-1-600x900.jpg 600w, https:\/\/olivera.org\/wp-content\/uploads\/2024\/11\/llibre3-1-scaled.jpg 1707w\" sizes=\"(max-width: 683px) 100vw, 683px\" \/>\t\t\t\t\t\t\t\t\t\t\t\t\t\t\t<\/div>\n\t\t\t\t<\/div>\n\t\t\t\t\t<\/div>\n\t\t<\/div>\n\t\t\t\t\t<\/div>\n\t\t<\/section>\n\t\t\t\t\t<\/div>\n\t\t<\/div>\n\t\t\t\t\t<\/div>\n\t\t<\/section>\n\t\t\t\t<\/div>\n\t\t","protected":false},"excerpt":{"rendered":"<p class=\"big-serif\">&#8220;50. L&#8217;Olivera veus i vida&#8221; \u00e9s el t\u00edtol d&#8217;aquest volum. Un llibre per a commemorar els 50 anys de L&#8217;Olivera que \u00e9s una obra coral, on queden recollides veus i imatges de moltes de les persones que han format part de L&#8217;Olivera.<\/p>\n<p class=\"big-serif\">Per aix\u00f2, el llibre compta amb dues parts diferenciades. D&#8217;una banda, una assaig de l&#8217;economista i pastisser, Josep Manel Busqueta, que aporta la seva mirada a aquesta utopia feta realitat que \u00e9s L&#8217;Olivera. D&#8217;altra banda, el llibre cont\u00e9 50 entrevistes a persones molt vinculades al projecte, realitzades durant l&#8217;any 2024 per Xavier Alonso, Joaquim Sempere i Roger Roca. S\u00f3n una mostra dels milers de persones que han estat &#8220;tocades&#8221; per la tasca que ha dut a terme L&#8217;Olivera i amb les seves reflexions aporten mirades \u00faniques sobre el que ha estat i el que \u00e9s l&#8217;entitat. El llibre es completa amb els retrats de la fot\u00f2grafa Paula Art\u00e9s i el disseny de l&#8217;estudi 131 Disseny Gr\u00e0fic.<\/p>\n<p class=\"big-serif\">En definitiva, un llibre de present, passat i futur, obert al di\u00e0leg i a idees noves, m\u00e9s que un simple rep\u00e0s a la traject\u00f2ria de tots aquests anys.<\/p>\n","protected":false},"featured_media":28967,"comment_status":"open","ping_status":"closed","template":"","meta":{"_acf_changed":false},"product_brand":[],"product_cat":[150],"product_tag":[],"class_list":{"0":"post-28966","1":"product","2":"type-product","3":"status-publish","4":"has-post-thumbnail","6":"product_cat-regals","7":"pa_unity-single-ca","9":"first","10":"instock","11":"shipping-taxable","12":"purchasable","13":"product-type-simple"},"acf":[],"jetpack_sharing_enabled":true,"_links":{"self":[{"href":"https:\/\/olivera.org\/ca\/wp-json\/wp\/v2\/product\/28966","targetHints":{"allow":["GET"]}}],"collection":[{"href":"https:\/\/olivera.org\/ca\/wp-json\/wp\/v2\/product"}],"about":[{"href":"https:\/\/olivera.org\/ca\/wp-json\/wp\/v2\/types\/product"}],"replies":[{"embeddable":true,"href":"https:\/\/olivera.org\/ca\/wp-json\/wp\/v2\/comments?post=28966"}],"version-history":[{"count":1,"href":"https:\/\/olivera.org\/ca\/wp-json\/wp\/v2\/product\/28966\/revisions"}],"predecessor-version":[{"id":33293,"href":"https:\/\/olivera.org\/ca\/wp-json\/wp\/v2\/product\/28966\/revisions\/33293"}],"wp:featuredmedia":[{"embeddable":true,"href":"https:\/\/olivera.org\/ca\/wp-json\/wp\/v2\/media\/28967"}],"wp:attachment":[{"href":"https:\/\/olivera.org\/ca\/wp-json\/wp\/v2\/media?parent=28966"}],"wp:term":[{"taxonomy":"product_brand","embeddable":true,"href":"https:\/\/olivera.org\/ca\/wp-json\/wp\/v2\/product_brand?post=28966"},{"taxonomy":"product_cat","embeddable":true,"href":"https:\/\/olivera.org\/ca\/wp-json\/wp\/v2\/product_cat?post=28966"},{"taxonomy":"product_tag","embeddable":true,"href":"https:\/\/olivera.org\/ca\/wp-json\/wp\/v2\/product_tag?post=28966"}],"curies":[{"name":"wp","href":"https:\/\/api.w.org\/{rel}","templated":true}]}}