{"id":33050,"date":"2025-11-10T15:32:45","date_gmt":"2025-11-10T15:32:45","guid":{"rendered":"https:\/\/olivera.org\/?post_type=product&#038;p=33050"},"modified":"2026-01-21T13:56:15","modified_gmt":"2026-01-21T13:56:15","slug":"lot-barcelona","status":"publish","type":"product","link":"https:\/\/olivera.org\/ca\/producte\/lot-barcelona\/","title":{"rendered":"Lot Barcelona"},"content":{"rendered":"","protected":false},"excerpt":{"rendered":"<p>Els Vinyes de Barcelona s\u00f3n els \u00fanics vins que es produeix a la ciutat de Barcelona. Neixen a la masia Can Calopa de Dalt, a la cara nord de la Serra de Collserola. All\u00e0, cultivem la vinya i elaborem el vi en un petit celler rehabilitat, un projecte impulsat per l\u2019Ajuntament de Barcelona l\u2019any 2001 i gestionat per L\u2019Olivera des del 2010 amb una proposta d\u2019agricultura social que combina qualitat dels productes amb inclusi\u00f3 social i respecte al medi ambient.<\/p>\n<p>Els Vinyes de Barcelona s\u00f3n el resultat d\u2019una aposta col\u00b7lectiva per l\u2019agricultura periurbana, que planteja una mirada contempor\u00e0nia a la recuperaci\u00f3 de l\u2019activitat agr\u00edcola lligada a les grans ciutats.<\/p>\n<p>Aquest lot inclou els vins urbans de Barcelona que elabora L&#8217;Olivera: el <strong><a href=\"https:\/\/olivera.org\/ca\/producte\/vinyes-de-barcelona-blanc\/\">Vinyes de Barcelona Blanc<\/a><\/strong> i el <strong><a href=\"https:\/\/olivera.org\/ca\/producte\/vinyes-de-barcelona\/\">Vinyes de Barcelona Negre<\/a><\/strong>.<\/p>\n<p><a href=\"http:\/\/olivera.org\/wp-content\/uploads\/2025\/11\/097-scaled.jpg\"><img fetchpriority=\"high\" decoding=\"async\" class=\"alignnone wp-image-33137 size-large\" src=\"http:\/\/olivera.org\/wp-content\/uploads\/2025\/11\/097-683x1024.jpg\" alt=\"\" width=\"683\" height=\"1024\" srcset=\"https:\/\/olivera.org\/wp-content\/uploads\/2025\/11\/097-683x1024.jpg 683w, https:\/\/olivera.org\/wp-content\/uploads\/2025\/11\/097-200x300.jpg 200w, https:\/\/olivera.org\/wp-content\/uploads\/2025\/11\/097-768x1152.jpg 768w, https:\/\/olivera.org\/wp-content\/uploads\/2025\/11\/097-1024x1536.jpg 1024w, https:\/\/olivera.org\/wp-content\/uploads\/2025\/11\/097-1365x2048.jpg 1365w, https:\/\/olivera.org\/wp-content\/uploads\/2025\/11\/097-600x900.jpg 600w, https:\/\/olivera.org\/wp-content\/uploads\/2025\/11\/097-scaled.jpg 1706w\" sizes=\"(max-width: 683px) 100vw, 683px\" \/><\/a><\/p>\n<p class=\"label-sans-serif\">Paisatge<\/p>\n<p class=\"small-sans-serif\">ORIGEN: Vinyes de la finca de Can Calopa, ubicades al vessant nord-est de la serra de Collserola i dins el municipi de Barcelona, a 300 metres sobre el nivell del mar. Paisatge de mosaics agraris enmig de zones boscoses conquerides per pins, alzines i esp\u00e8cies arbustives mediterr\u00e0nies. La finca combina terrasses amb petites parcel\u00b7les planes.<br \/>\nS\u00d2LS: S\u00f2ls de textura franca, amb substractes de pissarres i lutites.<br \/>\nCLIMA: Clima d\u2019influ\u00e8ncia mediterr\u00e0nia, amb hiverns suaus, estius calorosos, oscil\u00b7laci\u00f3 t\u00e8rmica moderada i precipitacions estacionals escasses i fortament irregulars, que solen situar-se entre 500 i 600 mm anuals. La finca de Can Calopa t\u00e9 una orientaci\u00f3 nord-est que la converteix en una finca frescal on les maduracions s\u00f3n lentes i pausades. L\u2019entrada de la marinada a la tarda modera les elevades temperatures de l\u2019estiu.<\/p>\n<p class=\"label-sans-serif\">Varietats<\/p>\n<p class=\"small-sans-serif\">Vinyes de Barcelona Blanc: Xarel\u00b7lo (100%) \/\/ Vinyes de Barcelona Negre: Garnatxa (100%)<\/p>\n<p class=\"label-sans-serif\">Viticultura<\/p>\n<p class=\"small-sans-serif\">Agricultura ecol\u00f2gica. Verema seleccionada i manual en caixes de 10-12 kg i selecci\u00f3 del ra\u00efm a la vinya.<\/p>\n","protected":false},"featured_media":33035,"comment_status":"closed","ping_status":"closed","template":"","meta":{"_acf_changed":false},"product_brand":[],"product_cat":[138,44],"product_tag":[],"class_list":{"0":"post-33050","1":"product","2":"type-product","3":"status-publish","4":"has-post-thumbnail","6":"product_cat-lots-nadal","7":"product_cat-wines-ca","9":"first","10":"instock","11":"shipping-taxable","12":"purchasable","13":"product-type-simple"},"acf":[],"jetpack_sharing_enabled":true,"_links":{"self":[{"href":"https:\/\/olivera.org\/ca\/wp-json\/wp\/v2\/product\/33050","targetHints":{"allow":["GET"]}}],"collection":[{"href":"https:\/\/olivera.org\/ca\/wp-json\/wp\/v2\/product"}],"about":[{"href":"https:\/\/olivera.org\/ca\/wp-json\/wp\/v2\/types\/product"}],"replies":[{"embeddable":true,"href":"https:\/\/olivera.org\/ca\/wp-json\/wp\/v2\/comments?post=33050"}],"version-history":[{"count":5,"href":"https:\/\/olivera.org\/ca\/wp-json\/wp\/v2\/product\/33050\/revisions"}],"predecessor-version":[{"id":33179,"href":"https:\/\/olivera.org\/ca\/wp-json\/wp\/v2\/product\/33050\/revisions\/33179"}],"wp:featuredmedia":[{"embeddable":true,"href":"https:\/\/olivera.org\/ca\/wp-json\/wp\/v2\/media\/33035"}],"wp:attachment":[{"href":"https:\/\/olivera.org\/ca\/wp-json\/wp\/v2\/media?parent=33050"}],"wp:term":[{"taxonomy":"product_brand","embeddable":true,"href":"https:\/\/olivera.org\/ca\/wp-json\/wp\/v2\/product_brand?post=33050"},{"taxonomy":"product_cat","embeddable":true,"href":"https:\/\/olivera.org\/ca\/wp-json\/wp\/v2\/product_cat?post=33050"},{"taxonomy":"product_tag","embeddable":true,"href":"https:\/\/olivera.org\/ca\/wp-json\/wp\/v2\/product_tag?post=33050"}],"curies":[{"name":"wp","href":"https:\/\/api.w.org\/{rel}","templated":true}]}}