{"id":33168,"date":"2025-11-12T09:39:29","date_gmt":"2025-11-12T09:39:29","guid":{"rendered":"https:\/\/olivera.org\/?post_type=product&#038;p=33168"},"modified":"2026-02-02T11:01:55","modified_gmt":"2026-02-02T11:01:55","slug":"lot-vallbona","status":"publish","type":"product","link":"https:\/\/olivera.org\/ca\/producte\/lot-vallbona\/","title":{"rendered":"Lot Vallbona"},"content":{"rendered":"","protected":false},"excerpt":{"rendered":"<div class=\"text-base my-auto mx-auto pb-10 [--thread-content-margin:--spacing(4)] thread-sm:[--thread-content-margin:--spacing(6)] thread-lg:[--thread-content-margin:--spacing(16)] px-(--thread-content-margin)\">\n<div class=\"[--thread-content-max-width:40rem] thread-lg:[--thread-content-max-width:48rem] mx-auto max-w-(--thread-content-max-width) flex-1 group\/turn-messages focus-visible:outline-hidden relative flex w-full min-w-0 flex-col agent-turn\" tabindex=\"-1\">\n<div class=\"flex max-w-full flex-col grow\">\n<div class=\"min-h-8 text-message relative flex w-full flex-col items-end gap-2 text-start break-words whitespace-normal [.text-message+&amp;]:mt-1\" dir=\"auto\" data-message-author-role=\"assistant\" data-message-id=\"48c82f6e-bed8-468a-9b13-70fd04895644\" data-message-model-slug=\"gpt-5\">\n<div class=\"flex w-full flex-col gap-1 empty:hidden first:pt-[1px]\">\n<div class=\"markdown prose dark:prose-invert w-full break-words light markdown-new-styling\">\n<p>A Vallbona de les Monges, al cor de la DO Costers del Segre, L\u2019Olivera cultiva les vinyes i elabora els seus vins m\u00e9s emblem\u00e0tics. En aquest petit poble de la Vall del Corb, l\u2019activitat vitivin\u00edcola conviu amb un projecte cooperatiu que posa les persones al centre i que, des de fa m\u00e9s de 40 anys, combina la qualitat dels productes amb la inclusi\u00f3 social i el respecte pel territori.<\/p>\n<p>Els vins de Vallbona expressen l\u2019ess\u00e8ncia d\u2019un paisatge mediterrani d\u2019interior, on la vinya, la pedra seca i els monestirs configuren un entorn \u00fanic i aut\u00e8ntic.<\/p>\n<p>Aquest lot inclou tres vins de la DO Costers del Segre que elabora L\u2019Olivera: <strong><a href=\"https:\/\/olivera.org\/ca\/producte\/agaliu-vi-blanc\/\">Agaliu<\/a>, <a href=\"https:\/\/olivera.org\/ca\/producte\/naltres\/\">Naltres<\/a> i <a href=\"https:\/\/olivera.org\/es\/producte\/lolivera-reserva\/\">Escum\u00f3s L\u2019Olivera Reserva<\/a><\/strong>.<\/p>\n<\/div>\n<\/div>\n<\/div>\n<\/div>\n<\/div>\n<\/div>\n<p><a href=\"http:\/\/olivera.org\/wp-content\/uploads\/2025\/11\/073-scaled.jpg\"><img fetchpriority=\"high\" decoding=\"async\" class=\"alignnone wp-image-33178 size-large\" src=\"http:\/\/olivera.org\/wp-content\/uploads\/2025\/11\/073-683x1024.jpg\" alt=\"\" width=\"683\" height=\"1024\" srcset=\"https:\/\/olivera.org\/wp-content\/uploads\/2025\/11\/073-683x1024.jpg 683w, https:\/\/olivera.org\/wp-content\/uploads\/2025\/11\/073-200x300.jpg 200w, https:\/\/olivera.org\/wp-content\/uploads\/2025\/11\/073-768x1152.jpg 768w, https:\/\/olivera.org\/wp-content\/uploads\/2025\/11\/073-1024x1536.jpg 1024w, https:\/\/olivera.org\/wp-content\/uploads\/2025\/11\/073-1365x2048.jpg 1365w, https:\/\/olivera.org\/wp-content\/uploads\/2025\/11\/073-600x900.jpg 600w, https:\/\/olivera.org\/wp-content\/uploads\/2025\/11\/073-scaled.jpg 1706w\" sizes=\"(max-width: 683px) 100vw, 683px\" \/><\/a><\/p>\n<p class=\"label-sans-serif\">Paisatge<\/p>\n<p class=\"small-sans-serif\">ORIGEN: Vinyes de Vallbona de les Monges, a la subzona Valls del Riu Corb de la DO Costers del Segre. Paisatges de parcel\u00b7les caracteritzades pels marges de pedra seca, que delimiten les vinyes i conserven la fertilitat dels s\u00f2ls i l\u2019efici\u00e8ncia de l\u2019aigua.<br \/>\nS\u00d2LS: S\u00f2ls argilocalcaris amb nivells de pedregositat i profunditat variables.<br \/>\nCLIMA: El clima \u00e9s mediterrani continental, amb hiverns freds i secs i estius calorosos, dulcificats pel vent que, a les tardes, ve del mar (la marinada) i refresca les nits, sobretot durant el per\u00edode de maduraci\u00f3. Les pluges, escasses, es concentren a la tardor i a la primavera (350-450 mm anuals).<\/p>\n<p class=\"label-sans-serif\">Varietats<\/p>\n<p class=\"small-sans-serif\">Agaliu: Macabeu (100%) \/\/ Naltres: Garnatxa (76%), Cabernet Sauvignon (14%) i Sams\u00f3 (10%) \/\/ Escum\u00f3s L&#8217;Olivera Reserva: Macabeu (84%), Parellada (16%)<\/p>\n<p class=\"label-sans-serif\">Viticultura<\/p>\n<p class=\"small-sans-serif\">Agricultura ecol\u00f2gica. Verema seleccionada i manual en caixes de 10-12 kg i selecci\u00f3 del ra\u00efm a la vinya.<\/p>\n","protected":false},"featured_media":33034,"comment_status":"closed","ping_status":"closed","template":"","meta":{"_acf_changed":false},"product_brand":[],"product_cat":[138,44],"product_tag":[],"class_list":{"0":"post-33168","1":"product","2":"type-product","3":"status-publish","4":"has-post-thumbnail","6":"product_cat-lots-nadal","7":"product_cat-wines-ca","9":"first","10":"instock","11":"shipping-taxable","12":"purchasable","13":"product-type-simple"},"acf":[],"jetpack_sharing_enabled":true,"_links":{"self":[{"href":"https:\/\/olivera.org\/ca\/wp-json\/wp\/v2\/product\/33168","targetHints":{"allow":["GET"]}}],"collection":[{"href":"https:\/\/olivera.org\/ca\/wp-json\/wp\/v2\/product"}],"about":[{"href":"https:\/\/olivera.org\/ca\/wp-json\/wp\/v2\/types\/product"}],"replies":[{"embeddable":true,"href":"https:\/\/olivera.org\/ca\/wp-json\/wp\/v2\/comments?post=33168"}],"version-history":[{"count":2,"href":"https:\/\/olivera.org\/ca\/wp-json\/wp\/v2\/product\/33168\/revisions"}],"predecessor-version":[{"id":33188,"href":"https:\/\/olivera.org\/ca\/wp-json\/wp\/v2\/product\/33168\/revisions\/33188"}],"wp:featuredmedia":[{"embeddable":true,"href":"https:\/\/olivera.org\/ca\/wp-json\/wp\/v2\/media\/33034"}],"wp:attachment":[{"href":"https:\/\/olivera.org\/ca\/wp-json\/wp\/v2\/media?parent=33168"}],"wp:term":[{"taxonomy":"product_brand","embeddable":true,"href":"https:\/\/olivera.org\/ca\/wp-json\/wp\/v2\/product_brand?post=33168"},{"taxonomy":"product_cat","embeddable":true,"href":"https:\/\/olivera.org\/ca\/wp-json\/wp\/v2\/product_cat?post=33168"},{"taxonomy":"product_tag","embeddable":true,"href":"https:\/\/olivera.org\/ca\/wp-json\/wp\/v2\/product_tag?post=33168"}],"curies":[{"name":"wp","href":"https:\/\/api.w.org\/{rel}","templated":true}]}}