{"id":34660,"date":"2026-03-12T16:19:41","date_gmt":"2026-03-12T16:19:41","guid":{"rendered":"https:\/\/olivera.org\/?post_type=product&#038;p=34660"},"modified":"2026-03-26T10:28:36","modified_gmt":"2026-03-26T10:28:36","slug":"oli-nou-de-barcelona-05l","status":"publish","type":"product","link":"https:\/\/olivera.org\/ca\/producte\/oli-nou-de-barcelona-05l\/","title":{"rendered":"Oli nou de Barcelona 0,5L"},"content":{"rendered":"\t\t<div data-elementor-type=\"wp-post\" data-elementor-id=\"34660\" class=\"elementor elementor-34660\" data-elementor-post-type=\"product\">\n\t\t\t\t\t\t<section class=\"elementor-section elementor-top-section elementor-element elementor-element-74c278a elementor-section-boxed elementor-section-height-default elementor-section-height-default\" data-id=\"74c278a\" data-element_type=\"section\">\n\t\t\t\t\t\t<div class=\"elementor-container elementor-column-gap-default\">\n\t\t\t\t\t<div class=\"elementor-column elementor-col-100 elementor-top-column elementor-element elementor-element-b97666f\" data-id=\"b97666f\" data-element_type=\"column\">\n\t\t\t<div class=\"elementor-widget-wrap elementor-element-populated\">\n\t\t\t\t\t\t<div class=\"elementor-element elementor-element-a49966d elementor-widget elementor-widget-text-editor\" data-id=\"a49966d\" data-element_type=\"widget\" data-widget_type=\"text-editor.default\">\n\t\t\t\t<div class=\"elementor-widget-container\">\n\t\t\t\t\t\t\t\t\t<p class=\"label-sans-serif\">Cultiu i elaboraci\u00f3<\/p><p class=\"big-serif\">Olivicultura tradicional de sec\u00e0. Collita manual i transport de l&#8217;oliva en petites caixes de 10-12 kg per mantenir les olives en \u00f2ptimes condicions al pati de recepci\u00f3 fins al moment de ser elaborades. L&#8217;oliva es mol amb un batut lleuger a baixa temperatura (21-23\u00baC). Posteriorment, es fa una separaci\u00f3 centr\u00edfuga en dues fases i finalment el filtrat. Envasat en petits lots segons demanda.<\/p>\t\t\t\t\t\t\t\t<\/div>\n\t\t\t\t<\/div>\n\t\t\t\t\t<\/div>\n\t\t<\/div>\n\t\t\t\t\t<\/div>\n\t\t<\/section>\n\t\t\t\t<section class=\"elementor-section elementor-top-section elementor-element elementor-element-73d2fe0 elementor-section-big elementor-section-height-default elementor-section-height-default\" data-id=\"73d2fe0\" data-element_type=\"section\">\n\t\t\t\t\t\t<div class=\"elementor-container elementor-column-gap-default\">\n\t\t\t\t\t<div class=\"elementor-column elementor-col-50 elementor-top-column elementor-element elementor-element-5ca4d9f\" data-id=\"5ca4d9f\" data-element_type=\"column\">\n\t\t\t<div class=\"elementor-widget-wrap elementor-element-populated\">\n\t\t\t\t\t\t<div class=\"elementor-element elementor-element-0caf2f2 elementor-widget elementor-widget-image\" data-id=\"0caf2f2\" data-element_type=\"widget\" data-widget_type=\"image.default\">\n\t\t\t\t<div class=\"elementor-widget-container\">\n\t\t\t\t\t\t\t\t\t\t\t\t\t\t\t<img fetchpriority=\"high\" decoding=\"async\" width=\"1080\" height=\"1350\" src=\"https:\/\/olivera.org\/wp-content\/uploads\/2026\/03\/Diseno-sin-titulo-34.png\" class=\"attachment-2048x2048 size-2048x2048 wp-image-34763\" alt=\"\" srcset=\"https:\/\/olivera.org\/wp-content\/uploads\/2026\/03\/Diseno-sin-titulo-34.png 1080w, https:\/\/olivera.org\/wp-content\/uploads\/2026\/03\/Diseno-sin-titulo-34-240x300.png 240w, https:\/\/olivera.org\/wp-content\/uploads\/2026\/03\/Diseno-sin-titulo-34-819x1024.png 819w, https:\/\/olivera.org\/wp-content\/uploads\/2026\/03\/Diseno-sin-titulo-34-768x960.png 768w, https:\/\/olivera.org\/wp-content\/uploads\/2026\/03\/Diseno-sin-titulo-34-600x750.png 600w\" sizes=\"(max-width: 1080px) 100vw, 1080px\" \/>\t\t\t\t\t\t\t\t\t\t\t\t\t\t\t<\/div>\n\t\t\t\t<\/div>\n\t\t\t\t\t<\/div>\n\t\t<\/div>\n\t\t\t\t<div class=\"elementor-column elementor-col-50 elementor-top-column elementor-element elementor-element-4157e8d\" data-id=\"4157e8d\" data-element_type=\"column\">\n\t\t\t<div class=\"elementor-widget-wrap elementor-element-populated\">\n\t\t\t\t\t\t<div class=\"elementor-element elementor-element-fff1d3c elementor-widget elementor-widget-image\" data-id=\"fff1d3c\" data-element_type=\"widget\" data-widget_type=\"image.default\">\n\t\t\t\t<div class=\"elementor-widget-container\">\n\t\t\t\t\t\t\t\t\t\t\t\t\t\t\t<img decoding=\"async\" width=\"1400\" height=\"1707\" src=\"https:\/\/olivera.org\/wp-content\/uploads\/2026\/03\/IMG_1576-scaled-e1773929120574.jpg\" class=\"attachment-full size-full wp-image-34760\" alt=\"\" srcset=\"https:\/\/olivera.org\/wp-content\/uploads\/2026\/03\/IMG_1576-scaled-e1773929120574.jpg 1400w, https:\/\/olivera.org\/wp-content\/uploads\/2026\/03\/IMG_1576-scaled-e1773929120574-246x300.jpg 246w, https:\/\/olivera.org\/wp-content\/uploads\/2026\/03\/IMG_1576-scaled-e1773929120574-840x1024.jpg 840w, https:\/\/olivera.org\/wp-content\/uploads\/2026\/03\/IMG_1576-scaled-e1773929120574-768x936.jpg 768w, https:\/\/olivera.org\/wp-content\/uploads\/2026\/03\/IMG_1576-scaled-e1773929120574-1260x1536.jpg 1260w, https:\/\/olivera.org\/wp-content\/uploads\/2026\/03\/IMG_1576-scaled-e1773929120574-600x732.jpg 600w\" sizes=\"(max-width: 1400px) 100vw, 1400px\" \/>\t\t\t\t\t\t\t\t\t\t\t\t\t\t\t<\/div>\n\t\t\t\t<\/div>\n\t\t\t\t\t<\/div>\n\t\t<\/div>\n\t\t\t\t\t<\/div>\n\t\t<\/section>\n\t\t\t\t<section class=\"elementor-section elementor-top-section elementor-element elementor-element-161deed elementor-section-boxed elementor-section-height-default elementor-section-height-default\" data-id=\"161deed\" data-element_type=\"section\">\n\t\t\t\t\t\t<div class=\"elementor-container elementor-column-gap-default\">\n\t\t\t\t\t<div class=\"elementor-column elementor-col-100 elementor-top-column elementor-element elementor-element-d231561\" data-id=\"d231561\" data-element_type=\"column\">\n\t\t\t<div class=\"elementor-widget-wrap elementor-element-populated\">\n\t\t\t\t\t\t<div class=\"elementor-element elementor-element-245340e elementor-widget elementor-widget-text-editor\" data-id=\"245340e\" data-element_type=\"widget\" data-widget_type=\"text-editor.default\">\n\t\t\t\t<div class=\"elementor-widget-container\">\n\t\t\t\t\t\t\t\t\t<p class=\"label-sans-serif\">Anal\u00edtica<\/p><p class=\"big-serif small-sans-serif\">Acidesa (% \u00e0cid oleic): 0,17<br \/>Polifenols (mg\/kg, ppm): 400-409 ppm<br \/>\u00c0cid oleic: &gt;70%<\/p>\t\t\t\t\t\t\t\t<\/div>\n\t\t\t\t<\/div>\n\t\t\t\t<div class=\"elementor-element elementor-element-68b638b elementor-widget elementor-widget-text-editor\" data-id=\"68b638b\" data-element_type=\"widget\" data-widget_type=\"text-editor.default\">\n\t\t\t\t<div class=\"elementor-widget-container\">\n\t\t\t\t\t\t\t\t\t<p class=\"label-sans-serif\">Perfil sensorial<\/p><p class=\"big-serif small-sans-serif\">Fruitat d&#8217;oliva: &gt;5,2<br \/>Amarg: &gt;4<br \/>Picant: &gt;4,5<\/p>\t\t\t\t\t\t\t\t<\/div>\n\t\t\t\t<\/div>\n\t\t\t\t\t<\/div>\n\t\t<\/div>\n\t\t\t\t\t<\/div>\n\t\t<\/section>\n\t\t\t\t<section class=\"elementor-section elementor-top-section elementor-element elementor-element-574b0aa elementor-section-boxed elementor-section-height-default elementor-section-height-default\" data-id=\"574b0aa\" data-element_type=\"section\">\n\t\t\t\t\t\t<div class=\"elementor-container elementor-column-gap-default\">\n\t\t\t\t\t<div class=\"elementor-column elementor-col-100 elementor-top-column elementor-element elementor-element-336f79d\" data-id=\"336f79d\" data-element_type=\"column\">\n\t\t\t<div class=\"elementor-widget-wrap elementor-element-populated\">\n\t\t\t\t\t\t<div class=\"elementor-element elementor-element-deaebaa elementor-widget elementor-widget-text-editor\" data-id=\"deaebaa\" data-element_type=\"widget\" data-widget_type=\"text-editor.default\">\n\t\t\t\t<div class=\"elementor-widget-container\">\n\t\t\t\t\t\t\t\t\t<p class=\"label-sans-serif\">Tast<\/p><p class=\"big-serif\">Aromes fruitades amb tocs verds de branca de tom\u00e0quet, herba tallada, ametll\u00f3 i carxofa. En boca \u00e9s lleugerament amarg i un picant final que s&#8217;expressa lentament. Ideal per prendre en cru, combina b\u00e9 amb plats calents perqu\u00e8 en potencia la fracci\u00f3 arom\u00e0tica: pa torrat de massa mare, cassola de verdures o peix al vapor.<\/p>\t\t\t\t\t\t\t\t<\/div>\n\t\t\t\t<\/div>\n\t\t\t\t\t<\/div>\n\t\t<\/div>\n\t\t\t\t\t<\/div>\n\t\t<\/section>\n\t\t\t\t<\/div>\n\t\t","protected":false},"excerpt":{"rendered":"<p class=\"big-serif\">Collserola \u00e9s el pulm\u00f3 verd de la ciutat de Barcelona, un paisatge resilient on intentem mantenir la tradici\u00f3 agr\u00edcola viva. Amb l\u2019Oli Nou de Barcelona, L\u2019Olivera i la Fundaci\u00f3 Catalunya La Pedrera reten homenatge a aquesta serra viva.<\/p>\n<p><a href=\"http:\/\/olivera.org\/wp-content\/uploads\/2026\/03\/LOli-de-Marges-de-Can-Calopa-un-dels-millors-olis-doliva-verge-extra-de-Catalunya.jpg\"><img decoding=\"async\" class=\"alignnone wp-image-34744 size-full\" src=\"http:\/\/olivera.org\/wp-content\/uploads\/2026\/03\/LOli-de-Marges-de-Can-Calopa-un-dels-millors-olis-doliva-verge-extra-de-Catalunya.jpg\" alt=\"\" width=\"1080\" height=\"1350\" srcset=\"https:\/\/olivera.org\/wp-content\/uploads\/2026\/03\/LOli-de-Marges-de-Can-Calopa-un-dels-millors-olis-doliva-verge-extra-de-Catalunya.jpg 1080w, https:\/\/olivera.org\/wp-content\/uploads\/2026\/03\/LOli-de-Marges-de-Can-Calopa-un-dels-millors-olis-doliva-verge-extra-de-Catalunya-240x300.jpg 240w, https:\/\/olivera.org\/wp-content\/uploads\/2026\/03\/LOli-de-Marges-de-Can-Calopa-un-dels-millors-olis-doliva-verge-extra-de-Catalunya-819x1024.jpg 819w, https:\/\/olivera.org\/wp-content\/uploads\/2026\/03\/LOli-de-Marges-de-Can-Calopa-un-dels-millors-olis-doliva-verge-extra-de-Catalunya-768x960.jpg 768w, https:\/\/olivera.org\/wp-content\/uploads\/2026\/03\/LOli-de-Marges-de-Can-Calopa-un-dels-millors-olis-doliva-verge-extra-de-Catalunya-600x750.jpg 600w\" sizes=\"(max-width: 1080px) 100vw, 1080px\" \/><\/a><\/p>\n<p>&nbsp;<\/p>\n<p class=\"big-serif\">Arom\u00e0tic i d\u2019expressi\u00f3 lenta, \u00e9s una fusi\u00f3 de tres varietats catalanes amb un valor afegit molt especial: la seva elaboraci\u00f3 contribueix a prevenir els incendis forestals en aquest entorn periurb\u00e0.<\/p>\n<p class=\"label-sans-serif\">Paisatge<\/p>\n<p class=\"small-sans-serif\">ORIGEN: Parcel\u00b7les del Parc Natural de Collserola i rodalies. S\u00f3n petites superf\u00edcies que juguen un paper important en l&#8217;equilibri ecol\u00f2gic i la disminuci\u00f3 del risc d&#8217;incendis, creant espais oberts en la continu\u00eftat del bosc actual.<\/p>\n<p class=\"small-sans-serif\">S\u00d2LS: Diferents tipologies de s\u00f2ls, molts d&#8217;ells d&#8217;origen metam\u00f2rfic i amb pres\u00e8ncia de pissarres al llarg del perfil.<br \/>\nCLIMA: Clima d\u2019influ\u00e8ncia mediterr\u00e0nia i mar\u00edtima, amb hiverns suaus, estius calorosos i una pluviometria que oscil\u00b7la entre els 500 i els 700 mm anuals, concentrats a la primavera.<\/p>\n<p class=\"label-sans-serif\">Varietats<\/p>\n<p class=\"small-sans-serif\">Arbequina, Becaruda i Vera del Vall\u00e8s<\/p>\n<p class=\"label-sans-serif\">Olivicultura<\/p>\n<p class=\"small-sans-serif\">Agricultura de sec\u00e0 certificada. Collita manual.<\/p>\n<p class=\"label-sans-serif\">Elaboraci\u00f3<\/p>\n<p class=\"small-sans-serif\">Collita en caixes de 10-12 kg, transport r\u00e0pid al mol\u00ed i elaboraci\u00f3 amb batut lleuger a baixa temperatura. Separaci\u00f3 centr\u00edfuga en dues fases i filtrat un cop elaborat.<\/p>\n<p class=\"label-sans-serif\">Producci\u00f3<\/p>\n<p class=\"small-sans-serif\">Collita 2025: 400 ampolles<\/p>\n","protected":false},"featured_media":34794,"comment_status":"open","ping_status":"closed","template":"","meta":{"_acf_changed":false},"product_brand":[],"product_cat":[45],"product_tag":[],"class_list":{"0":"post-34660","1":"product","2":"type-product","3":"status-publish","4":"has-post-thumbnail","6":"product_cat-oils-ca","7":"product_shipping_class-winebox","8":"pa_characteristics-oils-premium-ca","9":"pa_origin-vallbona-ca","10":"pa_unity-single-ca","11":"pa_unity-caixa-12-unitats","13":"first","14":"instock","15":"shipping-taxable","16":"purchasable","17":"product-type-simple"},"acf":[],"jetpack_sharing_enabled":true,"_links":{"self":[{"href":"https:\/\/olivera.org\/ca\/wp-json\/wp\/v2\/product\/34660","targetHints":{"allow":["GET"]}}],"collection":[{"href":"https:\/\/olivera.org\/ca\/wp-json\/wp\/v2\/product"}],"about":[{"href":"https:\/\/olivera.org\/ca\/wp-json\/wp\/v2\/types\/product"}],"replies":[{"embeddable":true,"href":"https:\/\/olivera.org\/ca\/wp-json\/wp\/v2\/comments?post=34660"}],"version-history":[{"count":21,"href":"https:\/\/olivera.org\/ca\/wp-json\/wp\/v2\/product\/34660\/revisions"}],"predecessor-version":[{"id":34806,"href":"https:\/\/olivera.org\/ca\/wp-json\/wp\/v2\/product\/34660\/revisions\/34806"}],"wp:featuredmedia":[{"embeddable":true,"href":"https:\/\/olivera.org\/ca\/wp-json\/wp\/v2\/media\/34794"}],"wp:attachment":[{"href":"https:\/\/olivera.org\/ca\/wp-json\/wp\/v2\/media?parent=34660"}],"wp:term":[{"taxonomy":"product_brand","embeddable":true,"href":"https:\/\/olivera.org\/ca\/wp-json\/wp\/v2\/product_brand?post=34660"},{"taxonomy":"product_cat","embeddable":true,"href":"https:\/\/olivera.org\/ca\/wp-json\/wp\/v2\/product_cat?post=34660"},{"taxonomy":"product_tag","embeddable":true,"href":"https:\/\/olivera.org\/ca\/wp-json\/wp\/v2\/product_tag?post=34660"}],"curies":[{"name":"wp","href":"https:\/\/api.w.org\/{rel}","templated":true}]}}