{"id":34859,"date":"2026-04-08T11:29:48","date_gmt":"2026-04-08T11:29:48","guid":{"rendered":"https:\/\/olivera.org\/?post_type=product&#038;p=34859"},"modified":"2026-04-10T11:47:29","modified_gmt":"2026-04-10T11:47:29","slug":"entrada-festa-de-la-primavera","status":"publish","type":"product","link":"https:\/\/olivera.org\/ca\/producte\/entrada-festa-de-la-primavera\/","title":{"rendered":"ENTRADA FESTA DE LA PRIMAVERA"},"content":{"rendered":"","protected":false},"excerpt":{"rendered":"<p>10 de maig | 11:30 h a 13:30 h | Can Calopa<\/p>\n<p>Durant la jornada coneixer\u00e0s el projecte de Can Calopa i mitjan\u00e7ant un circuit de quatre estacions descobrir\u00e0s els racons m\u00e9s bonics de la finca. En cada espai hi trobar\u00e0s una beguda maridada amb un aperitiu elaborat per La Vinoteca de Can Calopa amb productes de Collserola i de temporada. A m\u00e9s, cada una de les parades estar\u00e0 amenitzada pel grup de folk-a-billy arrelat a Barcelona, <em>Astrogatos<\/em>.<\/p>\n<p>L&#8217;entrada inclou:<\/p>\n<ul>\n<li>Dos vins de m\u00ednima intervenci\u00f3 de L\u2019Olivera.<\/li>\n<li>La beguda casolana amb plantes de temporada que es troben a l\u2019entorn<\/li>\n<li>Vermut de Rabassaires \u201cFlors de Collserola\u201d<\/li>\n<li>Tastets per maridar cadascuna de les begudes<\/li>\n<\/ul>\n<div class=\"elementor elementor-34850\" data-elementor-type=\"wp-post\" data-elementor-id=\"34850\" data-elementor-post-type=\"olivera_activity\">\n<section class=\"elementor-section elementor-top-section elementor-element elementor-element-ce94d47 elementor-section-boxed elementor-section-height-default elementor-section-height-default\" data-id=\"ce94d47\" data-element_type=\"section\">\n<div class=\"elementor-container elementor-column-gap-default\">\n<div class=\"elementor-column elementor-col-100 elementor-top-column elementor-element elementor-element-27fee50\" data-id=\"27fee50\" data-element_type=\"column\">\n<div class=\"elementor-widget-wrap elementor-element-populated\">\n<div class=\"elementor-element elementor-element-ef30c66 elementor-widget elementor-widget-text-editor\" data-id=\"ef30c66\" data-element_type=\"widget\" data-widget_type=\"text-editor.default\">\n<div class=\"elementor-widget-container\">\n<p>*Si voleu quedar-vos a dinar a La Vinoteca, haureu de fer una reserva pr\u00e8via a +34 646 619 188\u00a0a\u00a0<a href=\"mailto:lavinoteca@olivera.org\">lavinoteca@olivera.org<\/a><\/p>\n<\/div>\n<\/div>\n<\/div>\n<\/div>\n<\/div>\n<\/section>\n<\/div>\n","protected":false},"featured_media":34851,"comment_status":"closed","ping_status":"closed","template":"","meta":{"_acf_changed":false},"product_brand":[],"product_cat":[44],"product_tag":[],"class_list":{"0":"post-34859","1":"product","2":"type-product","3":"status-publish","4":"has-post-thumbnail","6":"product_cat-wines-ca","8":"first","9":"instock","10":"virtual","11":"purchasable","12":"product-type-simple"},"acf":[],"jetpack_sharing_enabled":true,"_links":{"self":[{"href":"https:\/\/olivera.org\/ca\/wp-json\/wp\/v2\/product\/34859","targetHints":{"allow":["GET"]}}],"collection":[{"href":"https:\/\/olivera.org\/ca\/wp-json\/wp\/v2\/product"}],"about":[{"href":"https:\/\/olivera.org\/ca\/wp-json\/wp\/v2\/types\/product"}],"replies":[{"embeddable":true,"href":"https:\/\/olivera.org\/ca\/wp-json\/wp\/v2\/comments?post=34859"}],"version-history":[{"count":3,"href":"https:\/\/olivera.org\/ca\/wp-json\/wp\/v2\/product\/34859\/revisions"}],"predecessor-version":[{"id":34871,"href":"https:\/\/olivera.org\/ca\/wp-json\/wp\/v2\/product\/34859\/revisions\/34871"}],"wp:featuredmedia":[{"embeddable":true,"href":"https:\/\/olivera.org\/ca\/wp-json\/wp\/v2\/media\/34851"}],"wp:attachment":[{"href":"https:\/\/olivera.org\/ca\/wp-json\/wp\/v2\/media?parent=34859"}],"wp:term":[{"taxonomy":"product_brand","embeddable":true,"href":"https:\/\/olivera.org\/ca\/wp-json\/wp\/v2\/product_brand?post=34859"},{"taxonomy":"product_cat","embeddable":true,"href":"https:\/\/olivera.org\/ca\/wp-json\/wp\/v2\/product_cat?post=34859"},{"taxonomy":"product_tag","embeddable":true,"href":"https:\/\/olivera.org\/ca\/wp-json\/wp\/v2\/product_tag?post=34859"}],"curies":[{"name":"wp","href":"https:\/\/api.w.org\/{rel}","templated":true}]}}