{"id":439,"date":"2020-10-22T18:05:46","date_gmt":"2020-10-22T18:05:46","guid":{"rendered":"https:\/\/olivera.org\/?post_type=product&#038;p=439"},"modified":"2026-05-03T11:46:12","modified_gmt":"2026-05-03T11:46:12","slug":"rasim-vimadur","status":"publish","type":"product","link":"https:\/\/olivera.org\/ca\/producte\/rasim-vimadur\/","title":{"rendered":"Rasim Vimadur"},"content":{"rendered":"\t\t<div data-elementor-type=\"wp-post\" data-elementor-id=\"439\" class=\"elementor elementor-439\" data-elementor-post-type=\"product\">\n\t\t\t\t\t\t<section class=\"elementor-section elementor-top-section elementor-element elementor-element-355625e elementor-section-boxed elementor-section-height-default elementor-section-height-default\" data-id=\"355625e\" data-element_type=\"section\">\n\t\t\t\t\t\t<div class=\"elementor-container elementor-column-gap-default\">\n\t\t\t\t\t<div class=\"elementor-column elementor-col-100 elementor-top-column elementor-element elementor-element-dfc6ce8\" data-id=\"dfc6ce8\" data-element_type=\"column\">\n\t\t\t<div class=\"elementor-widget-wrap elementor-element-populated\">\n\t\t\t\t\t\t<div class=\"elementor-element elementor-element-9e8d04e elementor-widget elementor-widget-heading\" data-id=\"9e8d04e\" data-element_type=\"widget\" data-widget_type=\"heading.default\">\n\t\t\t\t<div class=\"elementor-widget-container\">\n\t\t\t\t\t<h2 class=\"elementor-heading-title elementor-size-default\">Rasim Vimadur 2018<\/h2>\t\t\t\t<\/div>\n\t\t\t\t<\/div>\n\t\t\t\t\t<\/div>\n\t\t<\/div>\n\t\t\t\t\t<\/div>\n\t\t<\/section>\n\t\t\t\t<section class=\"elementor-section elementor-top-section elementor-element elementor-element-74c278a elementor-section-boxed elementor-section-height-default elementor-section-height-default\" data-id=\"74c278a\" data-element_type=\"section\">\n\t\t\t\t\t\t<div class=\"elementor-container elementor-column-gap-default\">\n\t\t\t\t\t<div class=\"elementor-column elementor-col-100 elementor-top-column elementor-element elementor-element-b97666f\" data-id=\"b97666f\" data-element_type=\"column\">\n\t\t\t<div class=\"elementor-widget-wrap elementor-element-populated\">\n\t\t\t\t\t\t<div class=\"elementor-element elementor-element-a49966d elementor-widget elementor-widget-text-editor\" data-id=\"a49966d\" data-element_type=\"widget\" data-widget_type=\"text-editor.default\">\n\t\t\t\t<div class=\"elementor-widget-container\">\n\t\t\t\t\t\t\t\t\t<p class=\"label-sans-serif\">Caracter\u00edstiques de l\u2019anyada<\/p><p class=\"big-serif\">L\u2019anyada 2018 es va caracteritzar per ser molt plujosa (625mm). Aix\u00f2 ens va obligar a actuar sovint a la vinya per garantir-ne la qualitat del ra\u00efm. El bon temps durant la verema ens va permetre collir en \u00f2ptimes condicions i amb madureses equilibrades. Vam comen\u00e7ar la verema el 5 de setembre i la vam acabar el 17 d&#8217;octubre.<\/p>\t\t\t\t\t\t\t\t<\/div>\n\t\t\t\t<\/div>\n\t\t\t\t\t<\/div>\n\t\t<\/div>\n\t\t\t\t\t<\/div>\n\t\t<\/section>\n\t\t\t\t<section class=\"elementor-section elementor-top-section elementor-element elementor-element-73d2fe0 elementor-section-big elementor-section-height-default elementor-section-height-default\" data-id=\"73d2fe0\" data-element_type=\"section\">\n\t\t\t\t\t\t<div class=\"elementor-container elementor-column-gap-default\">\n\t\t\t\t\t<div class=\"elementor-column elementor-col-50 elementor-top-column elementor-element elementor-element-5ca4d9f\" data-id=\"5ca4d9f\" data-element_type=\"column\">\n\t\t\t<div class=\"elementor-widget-wrap elementor-element-populated\">\n\t\t\t\t\t\t<div class=\"elementor-element elementor-element-20bdbea elementor-widget elementor-widget-video\" data-id=\"20bdbea\" data-element_type=\"widget\" data-settings=\"{&quot;video_type&quot;:&quot;hosted&quot;,&quot;autoplay&quot;:&quot;yes&quot;,&quot;play_on_mobile&quot;:&quot;yes&quot;,&quot;mute&quot;:&quot;yes&quot;,&quot;loop&quot;:&quot;yes&quot;}\" data-widget_type=\"video.default\">\n\t\t\t\t<div class=\"elementor-widget-container\">\n\t\t\t\t\t\t\t<div class=\"e-hosted-video elementor-wrapper elementor-open-inline\">\n\t\t\t\t\t<video class=\"elementor-video\" src=\"https:\/\/olivera.org\/wp-content\/uploads\/2020\/10\/rasim-vimadur-lolivera.mp4\" autoplay=\"\" loop=\"\" muted=\"muted\" playsinline=\"\" controlsList=\"nodownload\"><\/video>\n\t\t\t\t<\/div>\n\t\t\t\t\t\t<\/div>\n\t\t\t\t<\/div>\n\t\t\t\t\t<\/div>\n\t\t<\/div>\n\t\t\t\t<div class=\"elementor-column elementor-col-50 elementor-top-column elementor-element elementor-element-4157e8d\" data-id=\"4157e8d\" data-element_type=\"column\">\n\t\t\t<div class=\"elementor-widget-wrap elementor-element-populated\">\n\t\t\t\t\t\t<div class=\"elementor-element elementor-element-fff1d3c elementor-widget elementor-widget-image\" data-id=\"fff1d3c\" data-element_type=\"widget\" data-widget_type=\"image.default\">\n\t\t\t\t<div class=\"elementor-widget-container\">\n\t\t\t\t\t\t\t\t\t\t\t\t\t\t\t<img fetchpriority=\"high\" decoding=\"async\" width=\"1200\" height=\"1600\" src=\"https:\/\/olivera.org\/wp-content\/uploads\/2021\/01\/rasim-vimadur-lolivera-02.jpg\" class=\"attachment-full size-full wp-image-2086\" alt=\"\" srcset=\"https:\/\/olivera.org\/wp-content\/uploads\/2021\/01\/rasim-vimadur-lolivera-02.jpg 1200w, https:\/\/olivera.org\/wp-content\/uploads\/2021\/01\/rasim-vimadur-lolivera-02-600x800.jpg 600w, https:\/\/olivera.org\/wp-content\/uploads\/2021\/01\/rasim-vimadur-lolivera-02-225x300.jpg 225w, https:\/\/olivera.org\/wp-content\/uploads\/2021\/01\/rasim-vimadur-lolivera-02-768x1024.jpg 768w, https:\/\/olivera.org\/wp-content\/uploads\/2021\/01\/rasim-vimadur-lolivera-02-1152x1536.jpg 1152w\" sizes=\"(max-width: 1200px) 100vw, 1200px\" \/>\t\t\t\t\t\t\t\t\t\t\t\t\t\t\t<\/div>\n\t\t\t\t<\/div>\n\t\t\t\t\t<\/div>\n\t\t<\/div>\n\t\t\t\t\t<\/div>\n\t\t<\/section>\n\t\t\t\t<section class=\"elementor-section elementor-top-section elementor-element elementor-element-3f51ca6 elementor-section-boxed elementor-section-height-default elementor-section-height-default\" data-id=\"3f51ca6\" data-element_type=\"section\">\n\t\t\t\t\t\t<div class=\"elementor-container elementor-column-gap-default\">\n\t\t\t\t\t<div class=\"elementor-column elementor-col-100 elementor-top-column elementor-element elementor-element-716b6a6\" data-id=\"716b6a6\" data-element_type=\"column\">\n\t\t\t<div class=\"elementor-widget-wrap elementor-element-populated\">\n\t\t\t\t\t\t<div class=\"elementor-element elementor-element-bbf37fe elementor-widget elementor-widget-text-editor\" data-id=\"bbf37fe\" data-element_type=\"widget\" data-widget_type=\"text-editor.default\">\n\t\t\t\t<div class=\"elementor-widget-container\">\n\t\t\t\t\t\t\t\t\t<p class=\"label-sans-serif\">Viticultura i elaboraci\u00f3<\/p><p class=\"big-serif\">Viticultura de sec\u00e0 ecol\u00f2gica. Vi dol\u00e7 elaborat per sobremaduraci\u00f3 al cep i posterior pansificaci\u00f3 a la vinya. El ra\u00efm es desrapa, s\u2019aixafa i fermenta en dip\u00f2sits d\u2019acer inoxidable de 500 litres a una temperatura controlada d\u2019entre 20 i 25\u00baC. Durant l\u2019inici de la fermentaci\u00f3 fem un <em>pigeage<\/em> manual intens que anem suavitzant progressivament a mesura que avan\u00e7a el proc\u00e9s. El tast i les dades anal\u00edtiques dels sucres residuals determinen el moment del desencubat, i \u00e9s llavors quan aturem la fermentaci\u00f3.<\/p>\t\t\t\t\t\t\t\t<\/div>\n\t\t\t\t<\/div>\n\t\t\t\t\t<\/div>\n\t\t<\/div>\n\t\t\t\t\t<\/div>\n\t\t<\/section>\n\t\t\t\t<section class=\"elementor-section elementor-top-section elementor-element elementor-element-161deed elementor-section-boxed elementor-section-height-default elementor-section-height-default\" data-id=\"161deed\" data-element_type=\"section\">\n\t\t\t\t\t\t<div class=\"elementor-container elementor-column-gap-default\">\n\t\t\t\t\t<div class=\"elementor-column elementor-col-100 elementor-top-column elementor-element elementor-element-d231561\" data-id=\"d231561\" data-element_type=\"column\">\n\t\t\t<div class=\"elementor-widget-wrap elementor-element-populated\">\n\t\t\t\t\t\t<div class=\"elementor-element elementor-element-245340e elementor-widget elementor-widget-text-editor\" data-id=\"245340e\" data-element_type=\"widget\" data-widget_type=\"text-editor.default\">\n\t\t\t\t<div class=\"elementor-widget-container\">\n\t\t\t\t\t\t\t\t\t<p class=\"label-sans-serif\">Anal\u00edtica<\/p><p class=\"big-serif small-sans-serif\">Grau alcoh\u00f2lic: 15%<br \/>Acidesa total: 4,36 g\/l (\u00e0cid sulf\u00faric)<br \/>Acidesa vol\u00e0til: 1,06 g\/l<br \/>Sucre residual: 72 g\/l (glucosa+fructosa) <br \/>Sulfur\u00f3s total: 51 mg\/l<br \/>pH: 3,20<\/p>\t\t\t\t\t\t\t\t<\/div>\n\t\t\t\t<\/div>\n\t\t\t\t\t<\/div>\n\t\t<\/div>\n\t\t\t\t\t<\/div>\n\t\t<\/section>\n\t\t\t\t<section class=\"elementor-section elementor-top-section elementor-element elementor-element-574b0aa elementor-section-boxed elementor-section-height-default elementor-section-height-default\" data-id=\"574b0aa\" data-element_type=\"section\">\n\t\t\t\t\t\t<div class=\"elementor-container elementor-column-gap-default\">\n\t\t\t\t\t<div class=\"elementor-column elementor-col-100 elementor-top-column elementor-element elementor-element-336f79d\" data-id=\"336f79d\" data-element_type=\"column\">\n\t\t\t<div class=\"elementor-widget-wrap elementor-element-populated\">\n\t\t\t\t\t\t<div class=\"elementor-element elementor-element-deaebaa elementor-widget elementor-widget-text-editor\" data-id=\"deaebaa\" data-element_type=\"widget\" data-widget_type=\"text-editor.default\">\n\t\t\t\t<div class=\"elementor-widget-container\">\n\t\t\t\t\t\t\t\t\t<p class=\"label-sans-serif\">Tast<\/p><p class=\"big-serif\">Color vermell-grana de gran intensitat. En nas sobresurten les aromes de fruita vermella (mores, gerds) i notes bals\u00e0miques. En boca \u00e9s dens i gol\u00f3s i retornen els records de fruita vermella i els bals\u00e0mics, amb notes de regal\u00e8ssia i pegadol\u00e7a en un vi \u00e0gil i fresc i amb una bona acidesa que li d\u00f3na longitud. \u00c9s el company perfecte de les postres que mescles dol\u00e7or i amargor o postres a base de fruites vermelles o xocolata amarga. Tamb\u00e9 acompanya a la perfecci\u00f3 els plats agredol\u00e7os, formatges blaus i curats secs o plats m\u00e9s elaborats com el magret d\u2019\u00e0nec.<\/p>\t\t\t\t\t\t\t\t<\/div>\n\t\t\t\t<\/div>\n\t\t\t\t\t<\/div>\n\t\t<\/div>\n\t\t\t\t\t<\/div>\n\t\t<\/section>\n\t\t\t\t<section class=\"elementor-section elementor-top-section elementor-element elementor-element-a7f8d5f elementor-section-boxed elementor-section-height-default elementor-section-height-default\" data-id=\"a7f8d5f\" data-element_type=\"section\">\n\t\t\t\t\t\t<div class=\"elementor-container elementor-column-gap-default\">\n\t\t\t\t\t<div class=\"elementor-column elementor-col-100 elementor-top-column elementor-element elementor-element-197d07f\" data-id=\"197d07f\" data-element_type=\"column\">\n\t\t\t<div class=\"elementor-widget-wrap elementor-element-populated\">\n\t\t\t\t\t\t<section class=\"elementor-section elementor-inner-section elementor-element elementor-element-173d8f5 elementor-section-boxed elementor-section-height-default elementor-section-height-default\" data-id=\"173d8f5\" data-element_type=\"section\">\n\t\t\t\t\t\t<div class=\"elementor-container elementor-column-gap-default\">\n\t\t\t\t\t<div class=\"elementor-column elementor-col-50 elementor-inner-column elementor-element elementor-element-b8cebf6\" data-id=\"b8cebf6\" data-element_type=\"column\">\n\t\t\t<div class=\"elementor-widget-wrap elementor-element-populated\">\n\t\t\t\t\t\t<div class=\"elementor-element elementor-element-1898049 elementor-widget elementor-widget-text-editor\" data-id=\"1898049\" data-element_type=\"widget\" data-widget_type=\"text-editor.default\">\n\t\t\t\t<div class=\"elementor-widget-container\">\n\t\t\t\t\t\t\t\t\t<p class=\"label-sans-serif\">Reconeixements<\/p><p class=\"small-sans-serif\"><strong>Guia Pe\u00f1\u00edn:<\/strong><br \/>2023: 91 punts (anyada 2018)<br \/>2022: 90 punts (anyada 2017)<br \/>2020: 90 punts (anyada 2016)<br \/>2019: 90 punts (anyada 2015)<br \/>2012: 88\u00a0 punts (anyada 2009)<\/p>\t\t\t\t\t\t\t\t<\/div>\n\t\t\t\t<\/div>\n\t\t\t\t\t<\/div>\n\t\t<\/div>\n\t\t\t\t<div class=\"elementor-column elementor-col-50 elementor-inner-column elementor-element elementor-element-eea1f88\" data-id=\"eea1f88\" data-element_type=\"column\">\n\t\t\t<div class=\"elementor-widget-wrap elementor-element-populated\">\n\t\t\t\t\t\t<div class=\"elementor-element elementor-element-117ffe0 elementor-widget elementor-widget-text-editor\" data-id=\"117ffe0\" data-element_type=\"widget\" data-widget_type=\"text-editor.default\">\n\t\t\t\t<div class=\"elementor-widget-container\">\n\t\t\t\t\t\t\t\t\t<p class=\"small-sans-serif\"><strong><br \/>Grenaches du Monde 2021:<\/strong><br \/>Medalla d&#8217;or (anyada 2018)<\/p><p class=\"small-sans-serif\"><strong>International Wine Awards 2019:<\/strong><br \/>Great Gold medal (anyada 2016)<\/p>\t\t\t\t\t\t\t\t<\/div>\n\t\t\t\t<\/div>\n\t\t\t\t\t<\/div>\n\t\t<\/div>\n\t\t\t\t\t<\/div>\n\t\t<\/section>\n\t\t\t\t\t<\/div>\n\t\t<\/div>\n\t\t\t\t\t<\/div>\n\t\t<\/section>\n\t\t\t\t<\/div>\n\t\t","protected":false},"excerpt":{"rendered":"<p class=\"big-serif\">Rasim \u00e9s el nom que rebia el ra\u00efm a Perpiny\u00e0 al segle XIV i l\u2019origen de les paraules <em>ra\u00efm<\/em>, en catal\u00e0, i <em>raisin<\/em>, en franc\u00e8s. Rasim \u00e9s tamb\u00e9 el nom del projecte que neix de la col\u00b7laboraci\u00f3 amb el dissenyador catal\u00e0 Claret Serrahima per elaborar dos vins dol\u00e7os a Vallbona.<\/p>\n<p><img decoding=\"async\" class=\"alignnone wp-image-2083 size-full\" src=\"https:\/\/olivera.org\/wp-content\/uploads\/2021\/01\/rasim-vimadur-lolivera-01.jpg\" alt=\"\" width=\"1200\" height=\"1600\" srcset=\"https:\/\/olivera.org\/wp-content\/uploads\/2021\/01\/rasim-vimadur-lolivera-01.jpg 1200w, https:\/\/olivera.org\/wp-content\/uploads\/2021\/01\/rasim-vimadur-lolivera-01-600x800.jpg 600w, https:\/\/olivera.org\/wp-content\/uploads\/2021\/01\/rasim-vimadur-lolivera-01-225x300.jpg 225w, https:\/\/olivera.org\/wp-content\/uploads\/2021\/01\/rasim-vimadur-lolivera-01-768x1024.jpg 768w, https:\/\/olivera.org\/wp-content\/uploads\/2021\/01\/rasim-vimadur-lolivera-01-1152x1536.jpg 1152w\" sizes=\"(max-width: 1200px) 100vw, 1200px\" \/><\/p>\n<p class=\"big-serif\">El Rasim \u00e9s un vi que demana temps: el temps que ha de passar perqu\u00e8 els gotims de ra\u00efm sobremadurin i despr\u00e9s pansifiquin en el propi cep, buscant la concentraci\u00f3 de sucres \u00f2ptima per fer un vi naturalment dol\u00e7 complex, fresc i equilibrat. El Rasim \u00e9s m\u00e9s que un vi. \u00c9s un projecte compartit, alimentat per un proc\u00e9s de recerca i aprenentatge constants. Amb ell, hem viatjat i descobert diferents zones i experi\u00e8ncies que ens han orientat en aquest trajecte cap a l&#8217;elaboraci\u00f3 de vins naturalment dol\u00e7os.<\/p>\n<p class=\"label-sans-serif\">Paisatge<\/p>\n<p class=\"small-sans-serif\">ORIGEN: Vinyes de la partida dels boscos de Nalec, a la subzona Valls del Riu Corb de la DO Costers del Segre. Paisatges de parcel\u00b7les caracteritzades pels marges de pedra seca, que delimiten les vinyes i conserven la fertilitat dels s\u00f2ls i l\u2019efici\u00e8ncia de l\u2019aigua.<br \/>\nS\u00d2LS: S\u00f2ls argilocalcaris amb nivells de pedregositat i profunditat variables.<br \/>\nCLIMA: El clima \u00e9s mediterrani continental, amb hiverns freds i secs i estius calorosos, dulcificats pel vent que, a les tardes, ve del mar (la marinada) i refresca les nits, sobretot durant el per\u00edode de maduraci\u00f3. Les pluges, escasses, es concentren a la tardor i a la primavera (350-450mm anuals).<\/p>\n<p class=\"label-sans-serif\">Varietats<\/p>\n<p class=\"small-sans-serif\">Garnatxa negra (100%)<\/p>\n<p class=\"label-sans-serif\">Viticultura<\/p>\n<p class=\"small-sans-serif\">Agricultura ecol\u00f2gica. Sobremaduraci\u00f3 i pansificaci\u00f3 a la vinya i verema manual en caixes de 10-12 kg.<\/p>\n<p class=\"label-sans-serif\">Vinificaci\u00f3<\/p>\n<p class=\"small-sans-serif\">El ra\u00efm pansificat fermenta en dip\u00f2sits a temperatura controlada amb <em>pigeage<\/em> manual intens.<\/p>\n<p class=\"label-sans-serif\">Producci\u00f3<\/p>\n<p class=\"small-sans-serif\">Anyada 2018: 1.085 ampolles<\/p>\n","protected":false},"featured_media":19224,"comment_status":"open","ping_status":"closed","template":"","meta":{"_acf_changed":false},"product_brand":[],"product_cat":[44],"product_tag":[],"class_list":{"0":"post-439","1":"product","2":"type-product","3":"status-publish","4":"has-post-thumbnail","6":"product_cat-wines-ca","7":"pa_characteristics-wines-rasim-vins-dolcos","8":"pa_origin-vallbona-ca","9":"pa_unity-single-ca","10":"pa_unity-box-ca","11":"pa_wine-type-dolcos","12":"pa_wine-type-negres","14":"first","15":"instock","16":"shipping-taxable","17":"purchasable","18":"product-type-variable","19":"has-default-attributes"},"acf":[],"jetpack_sharing_enabled":true,"_links":{"self":[{"href":"https:\/\/olivera.org\/ca\/wp-json\/wp\/v2\/product\/439","targetHints":{"allow":["GET"]}}],"collection":[{"href":"https:\/\/olivera.org\/ca\/wp-json\/wp\/v2\/product"}],"about":[{"href":"https:\/\/olivera.org\/ca\/wp-json\/wp\/v2\/types\/product"}],"replies":[{"embeddable":true,"href":"https:\/\/olivera.org\/ca\/wp-json\/wp\/v2\/comments?post=439"}],"version-history":[{"count":2,"href":"https:\/\/olivera.org\/ca\/wp-json\/wp\/v2\/product\/439\/revisions"}],"predecessor-version":[{"id":30706,"href":"https:\/\/olivera.org\/ca\/wp-json\/wp\/v2\/product\/439\/revisions\/30706"}],"wp:featuredmedia":[{"embeddable":true,"href":"https:\/\/olivera.org\/ca\/wp-json\/wp\/v2\/media\/19224"}],"wp:attachment":[{"href":"https:\/\/olivera.org\/ca\/wp-json\/wp\/v2\/media?parent=439"}],"wp:term":[{"taxonomy":"product_brand","embeddable":true,"href":"https:\/\/olivera.org\/ca\/wp-json\/wp\/v2\/product_brand?post=439"},{"taxonomy":"product_cat","embeddable":true,"href":"https:\/\/olivera.org\/ca\/wp-json\/wp\/v2\/product_cat?post=439"},{"taxonomy":"product_tag","embeddable":true,"href":"https:\/\/olivera.org\/ca\/wp-json\/wp\/v2\/product_tag?post=439"}],"curies":[{"name":"wp","href":"https:\/\/api.w.org\/{rel}","templated":true}]}}