{"id":466,"date":"2020-10-22T18:42:08","date_gmt":"2020-10-22T18:42:08","guid":{"rendered":"https:\/\/olivera.org\/?post_type=product&#038;p=466"},"modified":"2025-12-19T11:37:54","modified_gmt":"2025-12-19T11:37:54","slug":"v89-vi-blanc-macabeu-ecologic","status":"publish","type":"product","link":"https:\/\/olivera.org\/ca\/producte\/v89-vi-blanc-macabeu-ecologic\/","title":{"rendered":"V89"},"content":{"rendered":"\t\t<div data-elementor-type=\"wp-post\" data-elementor-id=\"466\" class=\"elementor elementor-466\" data-elementor-post-type=\"product\">\n\t\t\t\t\t\t<section class=\"elementor-section elementor-top-section elementor-element elementor-element-355625e elementor-section-boxed elementor-section-height-default elementor-section-height-default\" data-id=\"355625e\" data-element_type=\"section\">\n\t\t\t\t\t\t<div class=\"elementor-container elementor-column-gap-default\">\n\t\t\t\t\t<div class=\"elementor-column elementor-col-100 elementor-top-column elementor-element elementor-element-dfc6ce8\" data-id=\"dfc6ce8\" data-element_type=\"column\">\n\t\t\t<div class=\"elementor-widget-wrap elementor-element-populated\">\n\t\t\t\t\t\t<div class=\"elementor-element elementor-element-9e8d04e elementor-widget elementor-widget-heading\" data-id=\"9e8d04e\" data-element_type=\"widget\" data-widget_type=\"heading.default\">\n\t\t\t\t<div class=\"elementor-widget-container\">\n\t\t\t\t\t<h2 class=\"elementor-heading-title elementor-size-default\">V89 2019<\/h2>\t\t\t\t<\/div>\n\t\t\t\t<\/div>\n\t\t\t\t\t<\/div>\n\t\t<\/div>\n\t\t\t\t\t<\/div>\n\t\t<\/section>\n\t\t\t\t<section class=\"elementor-section elementor-top-section elementor-element elementor-element-74c278a elementor-section-boxed elementor-section-height-default elementor-section-height-default\" data-id=\"74c278a\" data-element_type=\"section\">\n\t\t\t\t\t\t<div class=\"elementor-container elementor-column-gap-default\">\n\t\t\t\t\t<div class=\"elementor-column elementor-col-100 elementor-top-column elementor-element elementor-element-b97666f\" data-id=\"b97666f\" data-element_type=\"column\">\n\t\t\t<div class=\"elementor-widget-wrap elementor-element-populated\">\n\t\t\t\t\t\t<div class=\"elementor-element elementor-element-a49966d elementor-widget elementor-widget-text-editor\" data-id=\"a49966d\" data-element_type=\"widget\" data-widget_type=\"text-editor.default\">\n\t\t\t\t<div class=\"elementor-widget-container\">\n\t\t\t\t\t\t\t\t\t<p class=\"label-sans-serif\">Caracter\u00edstiques de l\u2019anyada<\/p><p class=\"big-serif\">L\u2019anyada 2019 ens va donar un hivern amb el fred habitual i pluges superiors a la mitjana dels darrers anys. A la primavera i a l&#8217;estiu es va mantenir la pluviometria habitual i una producci\u00f3 mitjana a les diferents parcel\u00b7les, donant com a resultat una maduraci\u00f3 equilibrada. La verema va comen\u00e7ar el 30 d&#8217;agost i va acabar el 15 d&#8217;octubre.<\/p>\t\t\t\t\t\t\t\t<\/div>\n\t\t\t\t<\/div>\n\t\t\t\t\t<\/div>\n\t\t<\/div>\n\t\t\t\t\t<\/div>\n\t\t<\/section>\n\t\t\t\t<section class=\"elementor-section elementor-top-section elementor-element elementor-element-73d2fe0 elementor-section-big elementor-section-height-default elementor-section-height-default\" data-id=\"73d2fe0\" data-element_type=\"section\">\n\t\t\t\t\t\t<div class=\"elementor-container elementor-column-gap-default\">\n\t\t\t\t\t<div class=\"elementor-column elementor-col-50 elementor-top-column elementor-element elementor-element-5ca4d9f\" data-id=\"5ca4d9f\" data-element_type=\"column\">\n\t\t\t<div class=\"elementor-widget-wrap elementor-element-populated\">\n\t\t\t\t\t\t<div class=\"elementor-element elementor-element-962acf1 elementor-widget elementor-widget-image\" data-id=\"962acf1\" data-element_type=\"widget\" data-widget_type=\"image.default\">\n\t\t\t\t<div class=\"elementor-widget-container\">\n\t\t\t\t\t\t\t\t\t\t\t\t\t\t\t<img fetchpriority=\"high\" decoding=\"async\" width=\"1707\" height=\"2560\" src=\"https:\/\/olivera.org\/wp-content\/uploads\/2020\/10\/clara-scaled.jpg\" class=\"attachment-full size-full wp-image-8696\" alt=\"\" srcset=\"https:\/\/olivera.org\/wp-content\/uploads\/2020\/10\/clara-scaled.jpg 1707w, https:\/\/olivera.org\/wp-content\/uploads\/2020\/10\/clara-200x300.jpg 200w, https:\/\/olivera.org\/wp-content\/uploads\/2020\/10\/clara-683x1024.jpg 683w, https:\/\/olivera.org\/wp-content\/uploads\/2020\/10\/clara-768x1152.jpg 768w, https:\/\/olivera.org\/wp-content\/uploads\/2020\/10\/clara-1024x1536.jpg 1024w, https:\/\/olivera.org\/wp-content\/uploads\/2020\/10\/clara-1365x2048.jpg 1365w, https:\/\/olivera.org\/wp-content\/uploads\/2020\/10\/clara-600x900.jpg 600w\" sizes=\"(max-width: 1707px) 100vw, 1707px\" \/>\t\t\t\t\t\t\t\t\t\t\t\t\t\t\t<\/div>\n\t\t\t\t<\/div>\n\t\t\t\t\t<\/div>\n\t\t<\/div>\n\t\t\t\t<div class=\"elementor-column elementor-col-50 elementor-top-column elementor-element elementor-element-4157e8d\" data-id=\"4157e8d\" data-element_type=\"column\">\n\t\t\t<div class=\"elementor-widget-wrap elementor-element-populated\">\n\t\t\t\t\t\t<div class=\"elementor-element elementor-element-fff1d3c elementor-widget elementor-widget-image\" data-id=\"fff1d3c\" data-element_type=\"widget\" data-widget_type=\"image.default\">\n\t\t\t\t<div class=\"elementor-widget-container\">\n\t\t\t\t\t\t\t\t\t\t\t\t\t\t\t<img decoding=\"async\" width=\"1200\" height=\"1200\" src=\"https:\/\/olivera.org\/wp-content\/uploads\/2021\/01\/v89-lolivera-03.jpg\" class=\"attachment-full size-full wp-image-2113\" alt=\"\" srcset=\"https:\/\/olivera.org\/wp-content\/uploads\/2021\/01\/v89-lolivera-03.jpg 1200w, https:\/\/olivera.org\/wp-content\/uploads\/2021\/01\/v89-lolivera-03-600x600.jpg 600w, https:\/\/olivera.org\/wp-content\/uploads\/2021\/01\/v89-lolivera-03-100x100.jpg 100w, https:\/\/olivera.org\/wp-content\/uploads\/2021\/01\/v89-lolivera-03-300x300.jpg 300w, https:\/\/olivera.org\/wp-content\/uploads\/2021\/01\/v89-lolivera-03-1024x1024.jpg 1024w, https:\/\/olivera.org\/wp-content\/uploads\/2021\/01\/v89-lolivera-03-150x150.jpg 150w, https:\/\/olivera.org\/wp-content\/uploads\/2021\/01\/v89-lolivera-03-768x768.jpg 768w\" sizes=\"(max-width: 1200px) 100vw, 1200px\" \/>\t\t\t\t\t\t\t\t\t\t\t\t\t\t\t<\/div>\n\t\t\t\t<\/div>\n\t\t\t\t\t<\/div>\n\t\t<\/div>\n\t\t\t\t\t<\/div>\n\t\t<\/section>\n\t\t\t\t<section class=\"elementor-section elementor-top-section elementor-element elementor-element-3f51ca6 elementor-section-boxed elementor-section-height-default elementor-section-height-default\" data-id=\"3f51ca6\" data-element_type=\"section\">\n\t\t\t\t\t\t<div class=\"elementor-container elementor-column-gap-default\">\n\t\t\t\t\t<div class=\"elementor-column elementor-col-100 elementor-top-column elementor-element elementor-element-716b6a6\" data-id=\"716b6a6\" data-element_type=\"column\">\n\t\t\t<div class=\"elementor-widget-wrap elementor-element-populated\">\n\t\t\t\t\t\t<div class=\"elementor-element elementor-element-bbf37fe elementor-widget elementor-widget-text-editor\" data-id=\"bbf37fe\" data-element_type=\"widget\" data-widget_type=\"text-editor.default\">\n\t\t\t\t<div class=\"elementor-widget-container\">\n\t\t\t\t\t\t\t\t\t<p class=\"label-sans-serif\">Viticultura i elaboraci\u00f3<\/p><p class=\"big-serif\">Viticultura de sec\u00e0 ecol\u00f2gica certificada. Collita manual amb selecci\u00f3 de finques. Premsat amb el gra sencer i la rapa. El vi fermenta a temperatura controlada entre 15 i 17\u00baC en botes noves de fusta francesa. Per elaborar aquest vi busquem la millor boteria per aconseguir que la fusta sigui un ingredient m\u00e9s, sense causar estrid\u00e8ncies i mantenint l\u2019eleg\u00e0ncia varietal d\u2019un Macabeu singular. La crian\u00e7a es fa sobre les pr\u00f2pies lies del vi i, aprofitant l\u2019efecte que generen, realitzem durant els 8 mesos que dura, un <em>battonage<\/em> setmanal per augmentar-ne el volum en boca i buscar una integraci\u00f3 m\u00e9s fina i elegant de la fusta al vi.<\/p>\t\t\t\t\t\t\t\t<\/div>\n\t\t\t\t<\/div>\n\t\t\t\t\t<\/div>\n\t\t<\/div>\n\t\t\t\t\t<\/div>\n\t\t<\/section>\n\t\t\t\t<section class=\"elementor-section elementor-top-section elementor-element elementor-element-161deed elementor-section-boxed elementor-section-height-default elementor-section-height-default\" data-id=\"161deed\" data-element_type=\"section\">\n\t\t\t\t\t\t<div class=\"elementor-container elementor-column-gap-default\">\n\t\t\t\t\t<div class=\"elementor-column elementor-col-100 elementor-top-column elementor-element elementor-element-d231561\" data-id=\"d231561\" data-element_type=\"column\">\n\t\t\t<div class=\"elementor-widget-wrap elementor-element-populated\">\n\t\t\t\t\t\t<div class=\"elementor-element elementor-element-245340e elementor-widget elementor-widget-text-editor\" data-id=\"245340e\" data-element_type=\"widget\" data-widget_type=\"text-editor.default\">\n\t\t\t\t<div class=\"elementor-widget-container\">\n\t\t\t\t\t\t\t\t\t<p class=\"label-sans-serif\">Anal\u00edtica<\/p>\n<p class=\"big-serif small-sans-serif\">Grau alcoh\u00f2lic: 13%<br>Acidesa total: 3,64 g\/l (\u00e0cid sulf\u00faric)<br>Acidesa vol\u00e0til: 0,34 g\/l<br>Sucre residual: 0,3 g\/l (glucosa+fructosa)<br>Sulfur\u00f3s total: 62 mg\/l<br>pH: 3,20<\/p>\t\t\t\t\t\t\t\t<\/div>\n\t\t\t\t<\/div>\n\t\t\t\t\t<\/div>\n\t\t<\/div>\n\t\t\t\t\t<\/div>\n\t\t<\/section>\n\t\t\t\t<section class=\"elementor-section elementor-top-section elementor-element elementor-element-574b0aa elementor-section-boxed elementor-section-height-default elementor-section-height-default\" data-id=\"574b0aa\" data-element_type=\"section\">\n\t\t\t\t\t\t<div class=\"elementor-container elementor-column-gap-default\">\n\t\t\t\t\t<div class=\"elementor-column elementor-col-100 elementor-top-column elementor-element elementor-element-336f79d\" data-id=\"336f79d\" data-element_type=\"column\">\n\t\t\t<div class=\"elementor-widget-wrap elementor-element-populated\">\n\t\t\t\t\t\t<div class=\"elementor-element elementor-element-deaebaa elementor-widget elementor-widget-text-editor\" data-id=\"deaebaa\" data-element_type=\"widget\" data-widget_type=\"text-editor.default\">\n\t\t\t\t<div class=\"elementor-widget-container\">\n\t\t\t\t\t\t\t\t\t<p class=\"label-sans-serif\">Tast<\/p>\n<p class=\"big-serif\">Nas complex i elegant, on sobresurten les notes de brioixeria, tocs cremosos i torrats amb un fons d\u2019anisats i fruita blanca madura. En boca \u00e9s un vi untu\u00f3s, rod\u00f3 i amb una bona acidesa que en mant\u00e9 la frescor. Retornen els records de fruita madura i d&#8217;orellanes, amb notes especiades i c\u00edtriques i un postgust llarg i persistent. Bona harmonia amb els peixos grassos com el salm\u00f3 o la tonyina i tot tipus d\u2019arrossos, com el de muntanya o l\u2019arr\u00f2s crem\u00f3s. Company perfecte del bacall\u00e0 al pil-pil o plats tradicionals com el trinxat.<\/p>\t\t\t\t\t\t\t\t<\/div>\n\t\t\t\t<\/div>\n\t\t\t\t\t<\/div>\n\t\t<\/div>\n\t\t\t\t\t<\/div>\n\t\t<\/section>\n\t\t\t\t<section class=\"elementor-section elementor-top-section elementor-element elementor-element-e0cbb4d elementor-section-boxed elementor-section-height-default elementor-section-height-default\" data-id=\"e0cbb4d\" data-element_type=\"section\">\n\t\t\t\t\t\t<div class=\"elementor-container elementor-column-gap-default\">\n\t\t\t\t\t<div class=\"elementor-column elementor-col-100 elementor-top-column elementor-element elementor-element-a49cc16\" data-id=\"a49cc16\" data-element_type=\"column\">\n\t\t\t<div class=\"elementor-widget-wrap elementor-element-populated\">\n\t\t\t\t\t\t<section class=\"elementor-section elementor-inner-section elementor-element elementor-element-4ac1bc1 elementor-section-boxed elementor-section-height-default elementor-section-height-default\" data-id=\"4ac1bc1\" data-element_type=\"section\">\n\t\t\t\t\t\t<div class=\"elementor-container elementor-column-gap-default\">\n\t\t\t\t\t<div class=\"elementor-column elementor-col-50 elementor-inner-column elementor-element elementor-element-d286527\" data-id=\"d286527\" data-element_type=\"column\">\n\t\t\t<div class=\"elementor-widget-wrap elementor-element-populated\">\n\t\t\t\t\t\t<div class=\"elementor-element elementor-element-0b34a3d elementor-widget elementor-widget-text-editor\" data-id=\"0b34a3d\" data-element_type=\"widget\" data-widget_type=\"text-editor.default\">\n\t\t\t\t<div class=\"elementor-widget-container\">\n\t\t\t\t\t\t\t\t\t<p class=\"label-sans-serif\">Reconeixements<\/p>\n<p class=\"small-sans-serif\"><strong>Guia Pe\u00f1\u00edn:<\/strong><br>2023: 92 punts (anyada 2018)<br>2022: 93 punts (anyada 2018)<br>2021: 93 punts (anyada 2018)<br>2020: 93 punts (anyada 2017)<br>2019: 93 punts (anyada 2016)<br>2013: 92 punts (anyada 2010)<br>2012: 92 punts (anyada 2009)<\/p>\n<p class=\"small-sans-serif\"><strong>Guia de Vins de Catalunya:<\/strong>&nbsp;<br>2021: 9,21 punts (anyada 2018)<\/p>\t\t\t\t\t\t\t\t<\/div>\n\t\t\t\t<\/div>\n\t\t\t\t\t<\/div>\n\t\t<\/div>\n\t\t\t\t<div class=\"elementor-column elementor-col-50 elementor-inner-column elementor-element elementor-element-361d075\" data-id=\"361d075\" data-element_type=\"column\">\n\t\t\t<div class=\"elementor-widget-wrap elementor-element-populated\">\n\t\t\t\t\t\t<div class=\"elementor-element elementor-element-998cd29 elementor-widget elementor-widget-text-editor\" data-id=\"998cd29\" data-element_type=\"widget\" data-widget_type=\"text-editor.default\">\n\t\t\t\t<div class=\"elementor-widget-container\">\n\t\t\t\t\t\t\t\t\t<p class=\"small-sans-serif\"><strong><br \/>Tassello d&#8217;Oro 2019:<\/strong><br \/>Medalla de plata (anyada 2017)<br \/><br \/><strong>Ecoracimo 2019:<\/strong><br \/>Medalla Gran Or (anyada 2017)<br \/><br \/><strong>International Wine Awards 2019:<\/strong><br \/>Medalla d&#8217;or (anyada 2017)<br \/><br \/><strong>Catavinum 2017:<\/strong><br \/>Medalla d&#8217;or (anyada 2011)<\/p>\t\t\t\t\t\t\t\t<\/div>\n\t\t\t\t<\/div>\n\t\t\t\t\t<\/div>\n\t\t<\/div>\n\t\t\t\t\t<\/div>\n\t\t<\/section>\n\t\t\t\t\t<\/div>\n\t\t<\/div>\n\t\t\t\t\t<\/div>\n\t\t<\/section>\n\t\t\t\t<\/div>\n\t\t","protected":false},"excerpt":{"rendered":"<p class=\"big-serif\">El V89 \u00e9s un homenatge als or\u00edgens i a la traject\u00f2ria. L\u2019origen: Vallisbona, el nom que apareix en alguns documents antics que fan refer\u00e8ncia a Vallbona de les Monges <em>(Campomonalium de Vallisbona)<\/em>. Traject\u00f2ria: que comen\u00e7a l\u2019any 89, quan L\u2019Olivera comen\u00e7a la seva aventura de fer vi amb un projecte transformador que posa en valor el paisatge i les persones que hi treballen.<\/p>\n<p><img decoding=\"async\" class=\"alignnone wp-image-2107 size-full\" src=\"https:\/\/olivera.org\/wp-content\/uploads\/2021\/01\/v89-lolivera-01.jpg\" alt=\"\" width=\"1200\" height=\"1600\" srcset=\"https:\/\/olivera.org\/wp-content\/uploads\/2021\/01\/v89-lolivera-01.jpg 1200w, https:\/\/olivera.org\/wp-content\/uploads\/2021\/01\/v89-lolivera-01-600x800.jpg 600w, https:\/\/olivera.org\/wp-content\/uploads\/2021\/01\/v89-lolivera-01-225x300.jpg 225w, https:\/\/olivera.org\/wp-content\/uploads\/2021\/01\/v89-lolivera-01-768x1024.jpg 768w, https:\/\/olivera.org\/wp-content\/uploads\/2021\/01\/v89-lolivera-01-1152x1536.jpg 1152w\" sizes=\"(max-width: 1200px) 100vw, 1200px\" \/><\/p>\n<p class=\"big-serif\">El V89 sintetitza tota aquesta experi\u00e8ncia acumulada en l\u2019elaboraci\u00f3 de vins blancs i \u00e9s tamb\u00e9 la s\u00edntesi de la proposta enol\u00f2gica de L\u2019Olivera. Des de la intu\u00efci\u00f3 inicial fins a arribar a la certesa que aquest paisatge de sec\u00e0 de la Vall del Corb ens podia donar vins blancs de qualitat i expressius partint de les varietats hist\u00f2riques.<br \/>\nD\u2019aquesta idea en surt el V89, monovarietal de Macabeu, fermentat en b\u00f3ta de roure despr\u00e9s d\u2019una lleugera sobremaduraci\u00f3 al cep, amb la qual aconseguim una concentraci\u00f3 especial que conserva la frescor caracter\u00edstica d\u2019aquest paisatge i alhora ens dona un punt m\u00e9s de graduaci\u00f3 alcoh\u00f2lica. El resultat \u00e9s un vi complex, llarg en boca i amb una bona capacitat d\u2019envelliment en ampolla.<\/p>\n<p class=\"label-sans-serif\">Paisatge<\/p>\n<p class=\"small-sans-serif\">ORIGEN: Ra\u00efm procedent de la finca de La Plana i la Vinyeta de Missenyora, l\u2019antiga vinya del monestir de Vallbona de les Monges, dins la DO Costers del Segre. Totes dues, al fons principal de la Vall del Maldanell.<br \/>\nS\u00d2LS: S\u00f2ls argilocalcaris amb nivells de pedregositat i profunditats variables.<br \/>\nCLIMA: El clima \u00e9s mediterrani continental, amb hiverns freds i secs i estius calorosos, dulcificats pel vent que, a les tardes, ve del mar (la marinada) i refresca les nits, sobretot durant el per\u00edode de maduraci\u00f3. Les pluges, escasses, es concentren a la tardor i a la primavera (350-450mm anuals).<\/p>\n<p class=\"label-sans-serif\">Varietats<\/p>\n<p class=\"small-sans-serif\">Macabeu (100%)<\/p>\n<p class=\"label-sans-serif\">Viticultura<\/p>\n<p class=\"small-sans-serif\">Agricultura de sec\u00e0 ecol\u00f2gica certificada. Verema manual seleccionada en caixes (segona passada) de les millors parcel\u00b7les.<\/p>\n<p class=\"label-sans-serif\">Vinificaci\u00f3<\/p>\n<p class=\"small-sans-serif\">Fermentaci\u00f3 a temperatura controlada en b\u00f3tes noves de roure franc\u00e8s. Crian\u00e7a de 8 mesos sobre les pr\u00f2pies lies amb <em>battonage<\/em> setmanal.<\/p>\n<p class=\"label-sans-serif\">Producci\u00f3<\/p>\n<p class=\"small-sans-serif\">Anyada 2019: 2.633 ampolles<\/p>\n","protected":false},"featured_media":362,"comment_status":"open","ping_status":"closed","template":"","meta":{"_acf_changed":false},"product_brand":[],"product_cat":[44],"product_tag":[],"class_list":{"0":"post-466","1":"product","2":"type-product","3":"status-publish","4":"has-post-thumbnail","6":"product_cat-wines-ca","7":"pa_characteristics-wines-macabeus","8":"pa_origin-vallbona-ca","9":"pa_unity-single-ca","10":"pa_unity-box-ca","11":"pa_wine-type-blancs","13":"first","14":"instock","15":"shipping-taxable","16":"purchasable","17":"product-type-variable","18":"has-default-attributes"},"acf":[],"jetpack_sharing_enabled":true,"_links":{"self":[{"href":"https:\/\/olivera.org\/ca\/wp-json\/wp\/v2\/product\/466","targetHints":{"allow":["GET"]}}],"collection":[{"href":"https:\/\/olivera.org\/ca\/wp-json\/wp\/v2\/product"}],"about":[{"href":"https:\/\/olivera.org\/ca\/wp-json\/wp\/v2\/types\/product"}],"replies":[{"embeddable":true,"href":"https:\/\/olivera.org\/ca\/wp-json\/wp\/v2\/comments?post=466"}],"version-history":[{"count":0,"href":"https:\/\/olivera.org\/ca\/wp-json\/wp\/v2\/product\/466\/revisions"}],"wp:featuredmedia":[{"embeddable":true,"href":"https:\/\/olivera.org\/ca\/wp-json\/wp\/v2\/media\/362"}],"wp:attachment":[{"href":"https:\/\/olivera.org\/ca\/wp-json\/wp\/v2\/media?parent=466"}],"wp:term":[{"taxonomy":"product_brand","embeddable":true,"href":"https:\/\/olivera.org\/ca\/wp-json\/wp\/v2\/product_brand?post=466"},{"taxonomy":"product_cat","embeddable":true,"href":"https:\/\/olivera.org\/ca\/wp-json\/wp\/v2\/product_cat?post=466"},{"taxonomy":"product_tag","embeddable":true,"href":"https:\/\/olivera.org\/ca\/wp-json\/wp\/v2\/product_tag?post=466"}],"curies":[{"name":"wp","href":"https:\/\/api.w.org\/{rel}","templated":true}]}}