{"id":14658,"date":"2022-03-28T09:03:28","date_gmt":"2022-03-28T09:03:28","guid":{"rendered":"https:\/\/olivera.org\/visitanos\/can-calopa-2\/aula-rural\/"},"modified":"2025-09-01T10:32:08","modified_gmt":"2025-09-01T10:32:08","slug":"aula-rural","status":"publish","type":"page","link":"https:\/\/olivera.org\/es\/visitanos\/can-calopa-2\/aula-rural\/","title":{"rendered":"Aula de Can Calopa"},"content":{"rendered":"\t\t<div data-elementor-type=\"wp-page\" data-elementor-id=\"14658\" class=\"elementor elementor-14658 elementor-13455\" data-elementor-post-type=\"page\">\n\t\t\t\t\t\t<section class=\"elementor-section elementor-top-section elementor-element elementor-element-4627338 elementor-section-boxed elementor-section-height-default elementor-section-height-default\" data-id=\"4627338\" data-element_type=\"section\">\n\t\t\t\t\t\t<div class=\"elementor-container elementor-column-gap-default\">\n\t\t\t\t\t<div class=\"elementor-column elementor-col-100 elementor-top-column elementor-element elementor-element-91df447\" data-id=\"91df447\" data-element_type=\"column\">\n\t\t\t<div class=\"elementor-widget-wrap elementor-element-populated\">\n\t\t\t\t\t\t<div class=\"elementor-element elementor-element-c7e744e elementor-widget elementor-widget-text-editor\" data-id=\"c7e744e\" data-element_type=\"widget\" data-widget_type=\"text-editor.default\">\n\t\t\t\t<div class=\"elementor-widget-container\">\n\t\t\t\t\t\t\t\t\t<p data-start=\"0\" data-end=\"228\">La propuesta pedag\u00f3gica de L\u2019Olivera en la mas\u00eda de Can Calopa de Dalt es un espacio abierto a la divulgaci\u00f3n ambiental, patrimonial y cultural de Collserola, su relaci\u00f3n con Barcelona y el conjunto del territorio metropolitano.<\/p><p data-start=\"230\" data-end=\"494\">Las actividades educativas dirigidas a escuelas y centros educativos proponen una metodolog\u00eda activa que invita al alumnado a hacer, pensar y sentir en conexi\u00f3n con el entorno, y a intervenir de forma cr\u00edtica, activa y creativa en la sociedad plural que les rodea.<\/p><p data-start=\"496\" data-end=\"786\">Tambi\u00e9n ofrecemos una propuesta dirigida a ciclos formativos para mostrar los modelos de acompa\u00f1amiento que desarrolla el proyecto social de L\u2019Olivera hacia una mayor autonom\u00eda de las personas que se encuentran en situaci\u00f3n de vulnerabilidad, tanto en el \u00e1mbito personal como en el laboral.<\/p><p style=\"text-align: left;\" data-start=\"788\" data-end=\"839\" data-is-last-node=\"\" data-is-only-node=\"\">M\u00e1s informaci\u00f3n y reservas en: formacio@olivera.org<\/p>\t\t\t\t\t\t\t\t<\/div>\n\t\t\t\t<\/div>\n\t\t\t\t<div class=\"elementor-element elementor-element-e936b32 elementor-widget elementor-widget-button\" data-id=\"e936b32\" data-element_type=\"widget\" data-widget_type=\"button.default\">\n\t\t\t\t<div class=\"elementor-widget-container\">\n\t\t\t\t\t\t\t\t\t<div class=\"elementor-button-wrapper\">\n\t\t\t\t\t<a class=\"elementor-button elementor-button-link elementor-size-sm\" href=\"http:\/\/olivera.org\/wp-content\/uploads\/2025\/09\/LO_ActivitatsCE.pdf\">\n\t\t\t\t\t\t<span class=\"elementor-button-content-wrapper\">\n\t\t\t\t\t\t\t\t\t<span class=\"elementor-button-text\">Dossier informatiu<\/span>\n\t\t\t\t\t<\/span>\n\t\t\t\t\t<\/a>\n\t\t\t\t<\/div>\n\t\t\t\t\t\t\t\t<\/div>\n\t\t\t\t<\/div>\n\t\t\t\t\t<\/div>\n\t\t<\/div>\n\t\t\t\t\t<\/div>\n\t\t<\/section>\n\t\t\t\t<section class=\"elementor-section elementor-top-section elementor-element elementor-element-839a38b elementor-section-big elementor-section-height-min-height elementor-section-height-default elementor-section-items-middle\" data-id=\"839a38b\" data-element_type=\"section\">\n\t\t\t\t\t\t<div class=\"elementor-container elementor-column-gap-default\">\n\t\t\t\t\t<div class=\"elementor-column elementor-col-100 elementor-top-column elementor-element elementor-element-24ac8a1\" data-id=\"24ac8a1\" data-element_type=\"column\">\n\t\t\t<div class=\"elementor-widget-wrap elementor-element-populated\">\n\t\t\t\t\t\t<div class=\"elementor-element elementor-element-8403004 elementor-widget elementor-widget-olivera-activitylisting\" data-id=\"8403004\" data-element_type=\"widget\" data-widget_type=\"olivera-activitylisting.default\">\n\t\t\t\t<div class=\"elementor-widget-container\">\n\t\t\t\t\t<div class=\"activity-list\" data-background-color=\"grey\" ><article class=\"activity\"><a class=\"block-link\" href=\"https:\/\/olivera.org\/es\/actividad\/campesia-en-los-margenes-de-la-ciudad\/\"><div class=\"featured-image\"><div class=\"image\" style=\"background-image: url(https:\/\/olivera.org\/wp-content\/uploads\/2022\/02\/250403CanCalopa_180-scaled.jpg);\"><\/div><\/div><div class=\"description\"><div class=\"details\"><p class=\"location\"><svg xmlns=\"http:\/\/www.w3.org\/2000\/svg\" width=\"17.157\" height=\"21.167\" viewBox=\"0 0 17.157 21.167\">\r\n  <path id=\"Trazado_11672\" data-name=\"Trazado 11672\" d=\"M56.723,23.591a2.025,2.025,0,0,0,2.7,0c2.414-2.21,7.224-7.287,7.224-12.684C66.637,6.5,62.8,2.94,58.068,2.94h-.554A8.3,8.3,0,0,0,49.49,11C49.547,16.365,54.318,21.378,56.723,23.591ZM54.639,10.907a3.438,3.438,0,0,1,6.859,0,3.439,3.439,0,0,1-6.859.016Z\" transform=\"translate(-49.49 -2.94)\" fill=\"#001e53\"\/>\r\n<\/svg>\r\nCan Calopa<\/p><p class=\"length\"><svg xmlns=\"http:\/\/www.w3.org\/2000\/svg\" width=\"15.938\" height=\"15.938\" viewBox=\"0 0 15.938 15.938\">\r\n  <path id=\"Trazado_11673\" data-name=\"Trazado 11673\" d=\"M9.367,2.328a8.023,8.023,0,0,0,7.969-7.969,8.035,8.035,0,0,0-7.977-7.969A8.026,8.026,0,0,0,1.4-5.641,8.028,8.028,0,0,0,9.367,2.328ZM9.367,1A6.609,6.609,0,0,1,2.734-5.641a6.607,6.607,0,0,1,6.625-6.641,6.632,6.632,0,0,1,6.648,6.641A6.61,6.61,0,0,1,9.367,1ZM5.281-4.8H9.359a.539.539,0,0,0,.547-.547v-5.266a.537.537,0,0,0-.547-.539.53.53,0,0,0-.539.539v4.727H5.281a.532.532,0,0,0-.547.539A.534.534,0,0,0,5.281-4.8Z\" transform=\"translate(-1.398 13.609)\" fill=\"#001e53\"\/>\r\n<\/svg>\r\n3 horas<\/p><\/div><h1 class=\"title\">CAMPESIA EN LOS MARGENES DE LA CIUDAD<\/h1><p class=\"excerpt\">El alumnado se pondr\u00e1 en la piel de la vida en el campo y conocer\u00e1 las tareas y formas de organizaci\u00f3n de una finca agr\u00edcola: descubrir\u00e1 el cultivo de la vi\u00f1a y del huerto, el cuidado y la utilidad del ganado, y la producci\u00f3n de vino en la bodega. <\/p><p class=\"button\">Saber m\u00e1s<\/p><\/div><\/a><\/article><article class=\"activity\"><a class=\"block-link\" href=\"https:\/\/olivera.org\/es\/actividad\/can-calopa-llena-de-vida\/\"><div class=\"featured-image\"><div class=\"image\" style=\"background-image: url(https:\/\/olivera.org\/wp-content\/uploads\/2025\/06\/250403CanCalopa_243-scaled.jpg);\"><\/div><\/div><div class=\"description\"><div class=\"details\"><p class=\"location\"><svg xmlns=\"http:\/\/www.w3.org\/2000\/svg\" width=\"17.157\" height=\"21.167\" viewBox=\"0 0 17.157 21.167\">\r\n  <path id=\"Trazado_11672\" data-name=\"Trazado 11672\" d=\"M56.723,23.591a2.025,2.025,0,0,0,2.7,0c2.414-2.21,7.224-7.287,7.224-12.684C66.637,6.5,62.8,2.94,58.068,2.94h-.554A8.3,8.3,0,0,0,49.49,11C49.547,16.365,54.318,21.378,56.723,23.591ZM54.639,10.907a3.438,3.438,0,0,1,6.859,0,3.439,3.439,0,0,1-6.859.016Z\" transform=\"translate(-49.49 -2.94)\" fill=\"#001e53\"\/>\r\n<\/svg>\r\nCan Calopa<\/p><p class=\"length\"><svg xmlns=\"http:\/\/www.w3.org\/2000\/svg\" width=\"15.938\" height=\"15.938\" viewBox=\"0 0 15.938 15.938\">\r\n  <path id=\"Trazado_11673\" data-name=\"Trazado 11673\" d=\"M9.367,2.328a8.023,8.023,0,0,0,7.969-7.969,8.035,8.035,0,0,0-7.977-7.969A8.026,8.026,0,0,0,1.4-5.641,8.028,8.028,0,0,0,9.367,2.328ZM9.367,1A6.609,6.609,0,0,1,2.734-5.641a6.607,6.607,0,0,1,6.625-6.641,6.632,6.632,0,0,1,6.648,6.641A6.61,6.61,0,0,1,9.367,1ZM5.281-4.8H9.359a.539.539,0,0,0,.547-.547v-5.266a.537.537,0,0,0-.547-.539.53.53,0,0,0-.539.539v4.727H5.281a.532.532,0,0,0-.547.539A.534.534,0,0,0,5.281-4.8Z\" transform=\"translate(-1.398 13.609)\" fill=\"#001e53\"\/>\r\n<\/svg>\r\n3 horas <\/p><\/div><h1 class=\"title\">CAN CALOPA LLENA DE VIDA<\/h1><p class=\"excerpt\">Esta actividad permite conocer la flora y la fauna que podemos encontrar en la vi\u00f1a, aprender a identificar y reseguir algunos rastros de animales y descubrir los secretos que esconde un huerto situado en medio del bosque.<\/p><p class=\"button\">Saber m\u00e1s<\/p><\/div><\/a><\/article><article class=\"activity\"><a class=\"block-link\" href=\"https:\/\/olivera.org\/es\/actividad\/hacemos-cooperativa\/\"><div class=\"featured-image\"><div class=\"image\" style=\"background-image: url(https:\/\/olivera.org\/wp-content\/uploads\/2025\/06\/250403CanCalopa_35-scaled.jpg);\"><\/div><\/div><div class=\"description\"><div class=\"details\"><p class=\"location\"><svg xmlns=\"http:\/\/www.w3.org\/2000\/svg\" width=\"17.157\" height=\"21.167\" viewBox=\"0 0 17.157 21.167\">\r\n  <path id=\"Trazado_11672\" data-name=\"Trazado 11672\" d=\"M56.723,23.591a2.025,2.025,0,0,0,2.7,0c2.414-2.21,7.224-7.287,7.224-12.684C66.637,6.5,62.8,2.94,58.068,2.94h-.554A8.3,8.3,0,0,0,49.49,11C49.547,16.365,54.318,21.378,56.723,23.591ZM54.639,10.907a3.438,3.438,0,0,1,6.859,0,3.439,3.439,0,0,1-6.859.016Z\" transform=\"translate(-49.49 -2.94)\" fill=\"#001e53\"\/>\r\n<\/svg>\r\nCan Calopa<\/p><p class=\"length\"><svg xmlns=\"http:\/\/www.w3.org\/2000\/svg\" width=\"15.938\" height=\"15.938\" viewBox=\"0 0 15.938 15.938\">\r\n  <path id=\"Trazado_11673\" data-name=\"Trazado 11673\" d=\"M9.367,2.328a8.023,8.023,0,0,0,7.969-7.969,8.035,8.035,0,0,0-7.977-7.969A8.026,8.026,0,0,0,1.4-5.641,8.028,8.028,0,0,0,9.367,2.328ZM9.367,1A6.609,6.609,0,0,1,2.734-5.641a6.607,6.607,0,0,1,6.625-6.641,6.632,6.632,0,0,1,6.648,6.641A6.61,6.61,0,0,1,9.367,1ZM5.281-4.8H9.359a.539.539,0,0,0,.547-.547v-5.266a.537.537,0,0,0-.547-.539.53.53,0,0,0-.539.539v4.727H5.281a.532.532,0,0,0-.547.539A.534.534,0,0,0,5.281-4.8Z\" transform=\"translate(-1.398 13.609)\" fill=\"#001e53\"\/>\r\n<\/svg>\r\n3 horas<\/p><\/div><h1 class=\"title\">HACEMOS COOPERATIVA<\/h1><p class=\"excerpt\">El alumnado trabajar\u00e1 los 7 principios b\u00e1sicos del cooperativismo a partir de 5 estaciones a lo largo de la visita de L'Olivera, proyecto con m\u00e1s de 50 a\u00f1os de historia y experiencia en Econom\u00eda Social y Solidaria. <\/p><p class=\"button\">Saber m\u00e1s<\/p><\/div><\/a><\/article><article class=\"activity\"><a class=\"block-link\" href=\"https:\/\/olivera.org\/es\/actividad\/vidas-autonomas\/\"><div class=\"featured-image\"><div class=\"image\" style=\"background-image: url(https:\/\/olivera.org\/wp-content\/uploads\/2025\/06\/250403CanCalopa_01-scaled.jpg);\"><\/div><\/div><div class=\"description\"><div class=\"details\"><p class=\"location\"><svg xmlns=\"http:\/\/www.w3.org\/2000\/svg\" width=\"17.157\" height=\"21.167\" viewBox=\"0 0 17.157 21.167\">\r\n  <path id=\"Trazado_11672\" data-name=\"Trazado 11672\" d=\"M56.723,23.591a2.025,2.025,0,0,0,2.7,0c2.414-2.21,7.224-7.287,7.224-12.684C66.637,6.5,62.8,2.94,58.068,2.94h-.554A8.3,8.3,0,0,0,49.49,11C49.547,16.365,54.318,21.378,56.723,23.591ZM54.639,10.907a3.438,3.438,0,0,1,6.859,0,3.439,3.439,0,0,1-6.859.016Z\" transform=\"translate(-49.49 -2.94)\" fill=\"#001e53\"\/>\r\n<\/svg>\r\nCan Calopa<\/p><p class=\"length\"><svg xmlns=\"http:\/\/www.w3.org\/2000\/svg\" width=\"15.938\" height=\"15.938\" viewBox=\"0 0 15.938 15.938\">\r\n  <path id=\"Trazado_11673\" data-name=\"Trazado 11673\" d=\"M9.367,2.328a8.023,8.023,0,0,0,7.969-7.969,8.035,8.035,0,0,0-7.977-7.969A8.026,8.026,0,0,0,1.4-5.641,8.028,8.028,0,0,0,9.367,2.328ZM9.367,1A6.609,6.609,0,0,1,2.734-5.641a6.607,6.607,0,0,1,6.625-6.641,6.632,6.632,0,0,1,6.648,6.641A6.61,6.61,0,0,1,9.367,1ZM5.281-4.8H9.359a.539.539,0,0,0,.547-.547v-5.266a.537.537,0,0,0-.547-.539.53.53,0,0,0-.539.539v4.727H5.281a.532.532,0,0,0-.547.539A.534.534,0,0,0,5.281-4.8Z\" transform=\"translate(-1.398 13.609)\" fill=\"#001e53\"\/>\r\n<\/svg>\r\n2 horas<\/p><\/div><h1 class=\"title\">VIDAS AUT\u00d3NOMAS<\/h1><p class=\"excerpt\">La actividad permite descubrir el proyecto social haciendo un paseo por la finca. Durante la actividad, se profundizar\u00e1 en los objetivos del hogar-residencia mediante una din\u00e1mica participativa. A continuaci\u00f3n, se explorar\u00e1 el funcionamiento de la Empresa de Inserci\u00f3n a trav\u00e9s de un juego de rol basado en situaciones reales que pueden tener lugar en este \u00e1mbito.  <\/p><p class=\"button\">Saber m\u00e1s<\/p><\/div><\/a><\/article><\/div>\t\t\t\t<\/div>\n\t\t\t\t<\/div>\n\t\t\t\t\t<\/div>\n\t\t<\/div>\n\t\t\t\t\t<\/div>\n\t\t<\/section>\n\t\t\t\t<section class=\"elementor-section elementor-top-section elementor-element elementor-element-ee1663f elementor-section-boxed elementor-section-height-default elementor-section-height-default\" data-id=\"ee1663f\" data-element_type=\"section\">\n\t\t\t\t\t\t<div class=\"elementor-container elementor-column-gap-default\">\n\t\t\t\t\t<div class=\"elementor-column elementor-col-100 elementor-top-column elementor-element elementor-element-7f900f1\" data-id=\"7f900f1\" data-element_type=\"column\">\n\t\t\t<div class=\"elementor-widget-wrap elementor-element-populated\">\n\t\t\t\t\t\t<div class=\"elementor-element elementor-element-c578eea elementor-widget elementor-widget-heading\" data-id=\"c578eea\" data-element_type=\"widget\" data-widget_type=\"heading.default\">\n\t\t\t\t<div class=\"elementor-widget-container\">\n\t\t\t\t\t<h2 class=\"elementor-heading-title elementor-size-default\">Eventos<\/h2>\t\t\t\t<\/div>\n\t\t\t\t<\/div>\n\t\t\t\t\t<\/div>\n\t\t<\/div>\n\t\t\t\t\t<\/div>\n\t\t<\/section>\n\t\t\t\t<\/div>\n\t\t","protected":false},"excerpt":{"rendered":"<p>La propuesta pedag\u00f3gica de L\u2019Olivera en la mas\u00eda de Can Calopa de Dalt es un espacio abierto a la divulgaci\u00f3n ambiental, patrimonial y cultural de Collserola, su relaci\u00f3n con Barcelona y el conjunto del territorio metropolitano. Las actividades educativas dirigidas a escuelas y centros educativos proponen una metodolog\u00eda activa que invita al alumnado a hacer, [&hellip;]<\/p>\n","protected":false},"author":12,"featured_media":0,"parent":14655,"menu_order":0,"comment_status":"closed","ping_status":"closed","template":"","meta":{"_acf_changed":false,"footnotes":""},"class_list":["post-14658","page","type-page","status-publish","hentry"],"acf":[],"jetpack_sharing_enabled":true,"_links":{"self":[{"href":"https:\/\/olivera.org\/es\/wp-json\/wp\/v2\/pages\/14658","targetHints":{"allow":["GET"]}}],"collection":[{"href":"https:\/\/olivera.org\/es\/wp-json\/wp\/v2\/pages"}],"about":[{"href":"https:\/\/olivera.org\/es\/wp-json\/wp\/v2\/types\/page"}],"author":[{"embeddable":true,"href":"https:\/\/olivera.org\/es\/wp-json\/wp\/v2\/users\/12"}],"replies":[{"embeddable":true,"href":"https:\/\/olivera.org\/es\/wp-json\/wp\/v2\/comments?post=14658"}],"version-history":[{"count":16,"href":"https:\/\/olivera.org\/es\/wp-json\/wp\/v2\/pages\/14658\/revisions"}],"predecessor-version":[{"id":32346,"href":"https:\/\/olivera.org\/es\/wp-json\/wp\/v2\/pages\/14658\/revisions\/32346"}],"up":[{"embeddable":true,"href":"https:\/\/olivera.org\/es\/wp-json\/wp\/v2\/pages\/14655"}],"wp:attachment":[{"href":"https:\/\/olivera.org\/es\/wp-json\/wp\/v2\/media?parent=14658"}],"curies":[{"name":"wp","href":"https:\/\/api.w.org\/{rel}","templated":true}]}}