{"id":14681,"date":"2022-03-28T09:44:35","date_gmt":"2022-03-28T09:44:35","guid":{"rendered":"https:\/\/olivera.org\/visitanos\/can-calopa-2\/alquiler-de-espacios\/"},"modified":"2026-03-12T08:24:54","modified_gmt":"2026-03-12T08:24:54","slug":"alquiler-de-espacios","status":"publish","type":"page","link":"https:\/\/olivera.org\/es\/visitanos\/can-calopa-2\/alquiler-de-espacios\/","title":{"rendered":"Alquiler de espacios"},"content":{"rendered":"\t\t<div data-elementor-type=\"wp-page\" data-elementor-id=\"14681\" class=\"elementor elementor-14681 elementor-13509\" data-elementor-post-type=\"page\">\n\t\t\t\t\t\t<section class=\"elementor-section elementor-top-section elementor-element elementor-element-3126065 elementor-section-boxed elementor-section-height-default elementor-section-height-default\" data-id=\"3126065\" data-element_type=\"section\">\n\t\t\t\t\t\t<div class=\"elementor-container elementor-column-gap-default\">\n\t\t\t\t\t<div class=\"elementor-column elementor-col-100 elementor-top-column elementor-element elementor-element-1642075\" data-id=\"1642075\" data-element_type=\"column\">\n\t\t\t<div class=\"elementor-widget-wrap elementor-element-populated\">\n\t\t\t\t\t\t<div class=\"elementor-element elementor-element-c5c3e3c elementor-widget elementor-widget-text-editor\" data-id=\"c5c3e3c\" data-element_type=\"widget\" data-widget_type=\"text-editor.default\">\n\t\t\t\t<div class=\"elementor-widget-container\">\n\t\t\t\t\t\t\t\t\t<p>Rodeada de bosques y sendas, Can Calopa ofrece un entorno natural y cultural \u00fanico. Y queremos que te lo hagas tuyo para que lo disfrutes de muchas maneras. Abrimos las puertas de nuestra mas\u00eda para que empresas y entidades pod\u00e1is celebrar jornadas de trabajo, reuniones, presentaciones y actos corporativos de todo tipo. Al mismo tiempo, nos ponemos a tu disposici\u00f3n para que organices encuentros, bodas, celebraciones y acontecimientos privados en Can Calopa.<\/p><p>En todos los casos, queremos que aproveches nuestra experiencia para completar tus actos y eventos con servicios complementarios como:<\/p><ul><li>Catas de nuestros vinos y aceites<\/li><li>Cocina propia elaborada con productos de proximidad y comprometidos con los agricultores locales<\/li><li>Actividades enotur\u00edsticas<\/li><li>Voluntariados de responsabilidad social corporativa<\/li><li>Compromiso e inclusi\u00f3n social<\/li><\/ul><p>En Can Calopa no solo encontrar\u00e9is un espacio id\u00edlico en el coraz\u00f3n de Collserola, sin\u00f3 tambi\u00e9n la ocasi\u00f3n perfecta para dotar de compromiso social y de consumo \u00e9tico y solidario cualquier evento que te imagines.<\/p><p><strong><a href=\"http:\/\/olivera.org\/wp-content\/uploads\/2026\/03\/LO-CatalegEmpresaES-4.pdf\">Descarga aqu\u00ed nuestro cat\u00e1logo<\/a><\/strong><\/p><div>M\u00e1s informaci\u00f3n en: <b>visitescancalopa@olivera.org<\/b><\/div>\t\t\t\t\t\t\t\t<\/div>\n\t\t\t\t<\/div>\n\t\t\t\t\t<\/div>\n\t\t<\/div>\n\t\t\t\t\t<\/div>\n\t\t<\/section>\n\t\t\t\t<section class=\"elementor-section elementor-top-section elementor-element elementor-element-46bd740 elementor-section-boxed elementor-section-height-default elementor-section-height-default\" data-id=\"46bd740\" data-element_type=\"section\">\n\t\t\t\t\t\t<div class=\"elementor-container elementor-column-gap-default\">\n\t\t\t\t\t<div class=\"elementor-column elementor-col-100 elementor-top-column elementor-element elementor-element-757a806\" data-id=\"757a806\" data-element_type=\"column\">\n\t\t\t<div class=\"elementor-widget-wrap elementor-element-populated\">\n\t\t\t\t\t\t<div class=\"elementor-element elementor-element-7ec0ae2 elementor-widget elementor-widget-gallery\" data-id=\"7ec0ae2\" data-element_type=\"widget\" data-settings=\"{&quot;lazyload&quot;:&quot;yes&quot;,&quot;gallery_layout&quot;:&quot;grid&quot;,&quot;columns&quot;:4,&quot;columns_tablet&quot;:2,&quot;columns_mobile&quot;:1,&quot;gap&quot;:{&quot;unit&quot;:&quot;px&quot;,&quot;size&quot;:10,&quot;sizes&quot;:[]},&quot;gap_tablet&quot;:{&quot;unit&quot;:&quot;px&quot;,&quot;size&quot;:10,&quot;sizes&quot;:[]},&quot;gap_mobile&quot;:{&quot;unit&quot;:&quot;px&quot;,&quot;size&quot;:10,&quot;sizes&quot;:[]},&quot;link_to&quot;:&quot;file&quot;,&quot;aspect_ratio&quot;:&quot;3:2&quot;,&quot;overlay_background&quot;:&quot;yes&quot;,&quot;content_hover_animation&quot;:&quot;fade-in&quot;}\" data-widget_type=\"gallery.default\">\n\t\t\t\t<div class=\"elementor-widget-container\">\n\t\t\t\t\t\t\t<div class=\"elementor-gallery__container\">\n\t\t\t\t\t\t\t<a class=\"e-gallery-item elementor-gallery-item elementor-animated-content\" href=\"https:\/\/olivera.org\/wp-content\/uploads\/2022\/02\/lloguer-espais2-scaled.jpg\" data-elementor-open-lightbox=\"yes\" data-elementor-lightbox-slideshow=\"7ec0ae2\" data-elementor-lightbox-title=\"lloguer espais2\" data-e-action-hash=\"#elementor-action%3Aaction%3Dlightbox%26settings%3DeyJpZCI6MTM3MzgsInVybCI6Imh0dHBzOlwvXC9vbGl2ZXJhLm9yZ1wvd3AtY29udGVudFwvdXBsb2Fkc1wvMjAyMlwvMDJcL2xsb2d1ZXItZXNwYWlzMi1zY2FsZWQuanBnIiwic2xpZGVzaG93IjoiN2VjMGFlMiJ9\">\n\t\t\t\t\t<div class=\"e-gallery-image elementor-gallery-item__image\" data-thumbnail=\"https:\/\/olivera.org\/wp-content\/uploads\/2022\/02\/lloguer-espais2-300x200.jpg\" data-width=\"300\" data-height=\"200\" aria-label=\"\" role=\"img\" ><\/div>\n\t\t\t\t\t\t\t\t\t\t\t<div class=\"elementor-gallery-item__overlay\"><\/div>\n\t\t\t\t\t\t\t\t\t\t\t\t\t\t<\/a>\n\t\t\t\t\t\t\t<a class=\"e-gallery-item elementor-gallery-item elementor-animated-content\" href=\"https:\/\/olivera.org\/wp-content\/uploads\/2022\/02\/lloguer-espais3-scaled.jpg\" data-elementor-open-lightbox=\"yes\" data-elementor-lightbox-slideshow=\"7ec0ae2\" data-elementor-lightbox-title=\"lloguer espais3\" data-e-action-hash=\"#elementor-action%3Aaction%3Dlightbox%26settings%3DeyJpZCI6MTM3NDIsInVybCI6Imh0dHBzOlwvXC9vbGl2ZXJhLm9yZ1wvd3AtY29udGVudFwvdXBsb2Fkc1wvMjAyMlwvMDJcL2xsb2d1ZXItZXNwYWlzMy1zY2FsZWQuanBnIiwic2xpZGVzaG93IjoiN2VjMGFlMiJ9\">\n\t\t\t\t\t<div class=\"e-gallery-image elementor-gallery-item__image\" data-thumbnail=\"https:\/\/olivera.org\/wp-content\/uploads\/2022\/02\/lloguer-espais3-300x200.jpg\" data-width=\"300\" data-height=\"200\" aria-label=\"\" role=\"img\" ><\/div>\n\t\t\t\t\t\t\t\t\t\t\t<div class=\"elementor-gallery-item__overlay\"><\/div>\n\t\t\t\t\t\t\t\t\t\t\t\t\t\t<\/a>\n\t\t\t\t\t\t\t<a class=\"e-gallery-item elementor-gallery-item elementor-animated-content\" href=\"https:\/\/olivera.org\/wp-content\/uploads\/2022\/02\/lloguer-espais4-scaled.jpg\" data-elementor-open-lightbox=\"yes\" data-elementor-lightbox-slideshow=\"7ec0ae2\" data-elementor-lightbox-title=\"lloguer espais4\" data-e-action-hash=\"#elementor-action%3Aaction%3Dlightbox%26settings%3DeyJpZCI6MTM3NDUsInVybCI6Imh0dHBzOlwvXC9vbGl2ZXJhLm9yZ1wvd3AtY29udGVudFwvdXBsb2Fkc1wvMjAyMlwvMDJcL2xsb2d1ZXItZXNwYWlzNC1zY2FsZWQuanBnIiwic2xpZGVzaG93IjoiN2VjMGFlMiJ9\">\n\t\t\t\t\t<div class=\"e-gallery-image elementor-gallery-item__image\" data-thumbnail=\"https:\/\/olivera.org\/wp-content\/uploads\/2022\/02\/lloguer-espais4-183x300.jpg\" data-width=\"183\" data-height=\"300\" aria-label=\"\" role=\"img\" ><\/div>\n\t\t\t\t\t\t\t\t\t\t\t<div class=\"elementor-gallery-item__overlay\"><\/div>\n\t\t\t\t\t\t\t\t\t\t\t\t\t\t<\/a>\n\t\t\t\t\t\t\t<a class=\"e-gallery-item elementor-gallery-item elementor-animated-content\" href=\"https:\/\/olivera.org\/wp-content\/uploads\/2022\/02\/lloguer-espais5-scaled.jpg\" data-elementor-open-lightbox=\"yes\" data-elementor-lightbox-slideshow=\"7ec0ae2\" data-elementor-lightbox-title=\"lloguer espais5\" data-e-action-hash=\"#elementor-action%3Aaction%3Dlightbox%26settings%3DeyJpZCI6MTM3NDgsInVybCI6Imh0dHBzOlwvXC9vbGl2ZXJhLm9yZ1wvd3AtY29udGVudFwvdXBsb2Fkc1wvMjAyMlwvMDJcL2xsb2d1ZXItZXNwYWlzNS1zY2FsZWQuanBnIiwic2xpZGVzaG93IjoiN2VjMGFlMiJ9\">\n\t\t\t\t\t<div class=\"e-gallery-image elementor-gallery-item__image\" data-thumbnail=\"https:\/\/olivera.org\/wp-content\/uploads\/2022\/02\/lloguer-espais5-300x200.jpg\" data-width=\"300\" data-height=\"200\" aria-label=\"\" role=\"img\" ><\/div>\n\t\t\t\t\t\t\t\t\t\t\t<div class=\"elementor-gallery-item__overlay\"><\/div>\n\t\t\t\t\t\t\t\t\t\t\t\t\t\t<\/a>\n\t\t\t\t\t\t\t<a class=\"e-gallery-item elementor-gallery-item elementor-animated-content\" href=\"https:\/\/olivera.org\/wp-content\/uploads\/2022\/02\/lloguer-espais6-scaled.jpg\" data-elementor-open-lightbox=\"yes\" data-elementor-lightbox-slideshow=\"7ec0ae2\" data-elementor-lightbox-title=\"lloguer espais6\" data-e-action-hash=\"#elementor-action%3Aaction%3Dlightbox%26settings%3DeyJpZCI6MTM3NTEsInVybCI6Imh0dHBzOlwvXC9vbGl2ZXJhLm9yZ1wvd3AtY29udGVudFwvdXBsb2Fkc1wvMjAyMlwvMDJcL2xsb2d1ZXItZXNwYWlzNi1zY2FsZWQuanBnIiwic2xpZGVzaG93IjoiN2VjMGFlMiJ9\">\n\t\t\t\t\t<div class=\"e-gallery-image elementor-gallery-item__image\" data-thumbnail=\"https:\/\/olivera.org\/wp-content\/uploads\/2022\/02\/lloguer-espais6-200x300.jpg\" data-width=\"200\" data-height=\"300\" aria-label=\"\" role=\"img\" ><\/div>\n\t\t\t\t\t\t\t\t\t\t\t<div class=\"elementor-gallery-item__overlay\"><\/div>\n\t\t\t\t\t\t\t\t\t\t\t\t\t\t<\/a>\n\t\t\t\t\t\t\t<a class=\"e-gallery-item elementor-gallery-item elementor-animated-content\" href=\"https:\/\/olivera.org\/wp-content\/uploads\/2022\/02\/lloguer-espais7-scaled.jpg\" data-elementor-open-lightbox=\"yes\" data-elementor-lightbox-slideshow=\"7ec0ae2\" data-elementor-lightbox-title=\"lloguer espais7\" data-e-action-hash=\"#elementor-action%3Aaction%3Dlightbox%26settings%3DeyJpZCI6MTM3NTQsInVybCI6Imh0dHBzOlwvXC9vbGl2ZXJhLm9yZ1wvd3AtY29udGVudFwvdXBsb2Fkc1wvMjAyMlwvMDJcL2xsb2d1ZXItZXNwYWlzNy1zY2FsZWQuanBnIiwic2xpZGVzaG93IjoiN2VjMGFlMiJ9\">\n\t\t\t\t\t<div class=\"e-gallery-image elementor-gallery-item__image\" data-thumbnail=\"https:\/\/olivera.org\/wp-content\/uploads\/2022\/02\/lloguer-espais7-300x200.jpg\" data-width=\"300\" data-height=\"200\" aria-label=\"\" role=\"img\" ><\/div>\n\t\t\t\t\t\t\t\t\t\t\t<div class=\"elementor-gallery-item__overlay\"><\/div>\n\t\t\t\t\t\t\t\t\t\t\t\t\t\t<\/a>\n\t\t\t\t\t\t\t<a class=\"e-gallery-item elementor-gallery-item elementor-animated-content\" href=\"https:\/\/olivera.org\/wp-content\/uploads\/2022\/02\/lloguer-espais8.jpg\" data-elementor-open-lightbox=\"yes\" data-elementor-lightbox-slideshow=\"7ec0ae2\" data-elementor-lightbox-title=\"lloguer espais8\" data-e-action-hash=\"#elementor-action%3Aaction%3Dlightbox%26settings%3DeyJpZCI6MTM3NTcsInVybCI6Imh0dHBzOlwvXC9vbGl2ZXJhLm9yZ1wvd3AtY29udGVudFwvdXBsb2Fkc1wvMjAyMlwvMDJcL2xsb2d1ZXItZXNwYWlzOC5qcGciLCJzbGlkZXNob3ciOiI3ZWMwYWUyIn0%3D\">\n\t\t\t\t\t<div class=\"e-gallery-image elementor-gallery-item__image\" data-thumbnail=\"https:\/\/olivera.org\/wp-content\/uploads\/2022\/02\/lloguer-espais8-300x297.jpg\" data-width=\"300\" data-height=\"297\" aria-label=\"\" role=\"img\" ><\/div>\n\t\t\t\t\t\t\t\t\t\t\t<div class=\"elementor-gallery-item__overlay\"><\/div>\n\t\t\t\t\t\t\t\t\t\t\t\t\t\t<\/a>\n\t\t\t\t\t\t\t<a class=\"e-gallery-item elementor-gallery-item elementor-animated-content\" href=\"https:\/\/olivera.org\/wp-content\/uploads\/2022\/02\/lloguer-espais9-scaled.jpg\" data-elementor-open-lightbox=\"yes\" data-elementor-lightbox-slideshow=\"7ec0ae2\" data-elementor-lightbox-title=\"OLYMPUS DIGITAL CAMERA\" data-e-action-hash=\"#elementor-action%3Aaction%3Dlightbox%26settings%3DeyJpZCI6MTM3NjAsInVybCI6Imh0dHBzOlwvXC9vbGl2ZXJhLm9yZ1wvd3AtY29udGVudFwvdXBsb2Fkc1wvMjAyMlwvMDJcL2xsb2d1ZXItZXNwYWlzOS1zY2FsZWQuanBnIiwic2xpZGVzaG93IjoiN2VjMGFlMiJ9\">\n\t\t\t\t\t<div class=\"e-gallery-image elementor-gallery-item__image\" data-thumbnail=\"https:\/\/olivera.org\/wp-content\/uploads\/2022\/02\/lloguer-espais9-300x225.jpg\" data-width=\"300\" data-height=\"225\" aria-label=\"\" role=\"img\" ><\/div>\n\t\t\t\t\t\t\t\t\t\t\t<div class=\"elementor-gallery-item__overlay\"><\/div>\n\t\t\t\t\t\t\t\t\t\t\t\t\t\t<\/a>\n\t\t\t\t\t\t\t<a class=\"e-gallery-item elementor-gallery-item elementor-animated-content\" href=\"https:\/\/olivera.org\/wp-content\/uploads\/2022\/02\/lloguer-espais10-scaled.jpg\" data-elementor-open-lightbox=\"yes\" data-elementor-lightbox-slideshow=\"7ec0ae2\" data-elementor-lightbox-title=\"OLYMPUS DIGITAL CAMERA\" data-e-action-hash=\"#elementor-action%3Aaction%3Dlightbox%26settings%3DeyJpZCI6MTM3NjMsInVybCI6Imh0dHBzOlwvXC9vbGl2ZXJhLm9yZ1wvd3AtY29udGVudFwvdXBsb2Fkc1wvMjAyMlwvMDJcL2xsb2d1ZXItZXNwYWlzMTAtc2NhbGVkLmpwZyIsInNsaWRlc2hvdyI6IjdlYzBhZTIifQ%3D%3D\">\n\t\t\t\t\t<div class=\"e-gallery-image elementor-gallery-item__image\" data-thumbnail=\"https:\/\/olivera.org\/wp-content\/uploads\/2022\/02\/lloguer-espais10-300x225.jpg\" data-width=\"300\" data-height=\"225\" aria-label=\"\" role=\"img\" ><\/div>\n\t\t\t\t\t\t\t\t\t\t\t<div class=\"elementor-gallery-item__overlay\"><\/div>\n\t\t\t\t\t\t\t\t\t\t\t\t\t\t<\/a>\n\t\t\t\t\t\t\t<a class=\"e-gallery-item elementor-gallery-item elementor-animated-content\" href=\"https:\/\/olivera.org\/wp-content\/uploads\/2022\/02\/lloguer-espais11-scaled.jpg\" data-elementor-open-lightbox=\"yes\" data-elementor-lightbox-slideshow=\"7ec0ae2\" data-elementor-lightbox-title=\"lloguer espais11\" data-e-action-hash=\"#elementor-action%3Aaction%3Dlightbox%26settings%3DeyJpZCI6MTM3NjYsInVybCI6Imh0dHBzOlwvXC9vbGl2ZXJhLm9yZ1wvd3AtY29udGVudFwvdXBsb2Fkc1wvMjAyMlwvMDJcL2xsb2d1ZXItZXNwYWlzMTEtc2NhbGVkLmpwZyIsInNsaWRlc2hvdyI6IjdlYzBhZTIifQ%3D%3D\">\n\t\t\t\t\t<div class=\"e-gallery-image elementor-gallery-item__image\" data-thumbnail=\"https:\/\/olivera.org\/wp-content\/uploads\/2022\/02\/lloguer-espais11-300x200.jpg\" data-width=\"300\" data-height=\"200\" aria-label=\"\" role=\"img\" ><\/div>\n\t\t\t\t\t\t\t\t\t\t\t<div class=\"elementor-gallery-item__overlay\"><\/div>\n\t\t\t\t\t\t\t\t\t\t\t\t\t\t<\/a>\n\t\t\t\t\t<\/div>\n\t\t\t\t\t<\/div>\n\t\t\t\t<\/div>\n\t\t\t\t\t<\/div>\n\t\t<\/div>\n\t\t\t\t\t<\/div>\n\t\t<\/section>\n\t\t\t\t<\/div>\n\t\t","protected":false},"excerpt":{"rendered":"<p>Rodeada de bosques y sendas, Can Calopa ofrece un entorno natural y cultural \u00fanico. Y queremos que te lo hagas tuyo para que lo disfrutes de muchas maneras. Abrimos las puertas de nuestra mas\u00eda para que empresas y entidades pod\u00e1is celebrar jornadas de trabajo, reuniones, presentaciones y actos corporativos de todo tipo. Al mismo tiempo, [&hellip;]<\/p>\n","protected":false},"author":12,"featured_media":14394,"parent":14655,"menu_order":0,"comment_status":"closed","ping_status":"closed","template":"","meta":{"_acf_changed":false,"footnotes":""},"class_list":["post-14681","page","type-page","status-publish","has-post-thumbnail","hentry"],"acf":[],"jetpack_sharing_enabled":true,"_links":{"self":[{"href":"https:\/\/olivera.org\/es\/wp-json\/wp\/v2\/pages\/14681","targetHints":{"allow":["GET"]}}],"collection":[{"href":"https:\/\/olivera.org\/es\/wp-json\/wp\/v2\/pages"}],"about":[{"href":"https:\/\/olivera.org\/es\/wp-json\/wp\/v2\/types\/page"}],"author":[{"embeddable":true,"href":"https:\/\/olivera.org\/es\/wp-json\/wp\/v2\/users\/12"}],"replies":[{"embeddable":true,"href":"https:\/\/olivera.org\/es\/wp-json\/wp\/v2\/comments?post=14681"}],"version-history":[{"count":3,"href":"https:\/\/olivera.org\/es\/wp-json\/wp\/v2\/pages\/14681\/revisions"}],"predecessor-version":[{"id":34600,"href":"https:\/\/olivera.org\/es\/wp-json\/wp\/v2\/pages\/14681\/revisions\/34600"}],"up":[{"embeddable":true,"href":"https:\/\/olivera.org\/es\/wp-json\/wp\/v2\/pages\/14655"}],"wp:featuredmedia":[{"embeddable":true,"href":"https:\/\/olivera.org\/es\/wp-json\/wp\/v2\/media\/14394"}],"wp:attachment":[{"href":"https:\/\/olivera.org\/es\/wp-json\/wp\/v2\/media?parent=14681"}],"curies":[{"name":"wp","href":"https:\/\/api.w.org\/{rel}","templated":true}]}}