{"id":4300,"date":"2021-02-12T10:32:26","date_gmt":"2021-02-12T10:32:26","guid":{"rendered":"https:\/\/olivera.org\/aceites\/"},"modified":"2021-04-30T08:44:31","modified_gmt":"2021-04-30T08:44:31","slug":"aceites","status":"publish","type":"page","link":"https:\/\/olivera.org\/es\/aceites\/","title":{"rendered":"Aceites"},"content":{"rendered":"\t\t<div data-elementor-type=\"wp-page\" data-elementor-id=\"4300\" class=\"elementor elementor-4300 elementor-27\" data-elementor-post-type=\"page\">\n\t\t\t\t\t\t<section class=\"elementor-section elementor-top-section elementor-element elementor-element-402ef0c elementor-section-boxed elementor-section-height-default elementor-section-height-default\" data-id=\"402ef0c\" data-element_type=\"section\">\n\t\t\t\t\t\t<div class=\"elementor-container elementor-column-gap-default\">\n\t\t\t\t\t<div class=\"elementor-column elementor-col-100 elementor-top-column elementor-element elementor-element-3b68c4c\" data-id=\"3b68c4c\" data-element_type=\"column\">\n\t\t\t<div class=\"elementor-widget-wrap elementor-element-populated\">\n\t\t\t\t\t\t<div class=\"elementor-element elementor-element-8718b7f elementor-widget elementor-widget-text-editor\" data-id=\"8718b7f\" data-element_type=\"widget\" data-widget_type=\"text-editor.default\">\n\t\t\t\t<div class=\"elementor-widget-container\">\n\t\t\t\t\t\t\t\t\t<p style=\"text-align: center;\">Nuestros aceites de oliva virgen son b\u00e1sicamente el jugo de las olivas que cosechamos, manualmente, en el momento adecuado. Lo obtenemos por procedimientos \u00fanicamente mec\u00e1nicos y aplicando procesos suaves para respetar el car\u00e1cter de nuestra arbequina de secano. De esta manera, obtenemos una alta concentraci\u00f3n en polifenoles que elevan las propiedades antioxidantes de este aceite. Un aceite que es la expresi\u00f3n de este paisaje abancalado en el cual practicamos una agricultura resistente, de secano y ecol\u00f3gica.<\/p>\n\t\t\t\t\t\t\t\t<\/div>\n\t\t\t\t<\/div>\n\t\t\t\t\t<\/div>\n\t\t<\/div>\n\t\t\t\t\t<\/div>\n\t\t<\/section>\n\t\t\t\t<section class=\"elementor-section elementor-top-section elementor-element elementor-element-878f957 elementor-section-big elementor-section-height-default elementor-section-height-default\" data-id=\"878f957\" data-element_type=\"section\">\n\t\t\t\t\t\t<div class=\"elementor-container elementor-column-gap-default\">\n\t\t\t\t\t<div class=\"elementor-column elementor-col-100 elementor-top-column elementor-element elementor-element-fb4df38\" data-id=\"fb4df38\" data-element_type=\"column\">\n\t\t\t<div class=\"elementor-widget-wrap elementor-element-populated\">\n\t\t\t\t\t\t<div class=\"elementor-element elementor-element-e2338b3 elementor-widget elementor-widget-olivera-highlightslisting\" data-id=\"e2338b3\" data-element_type=\"widget\" data-widget_type=\"olivera-highlightslisting.default\">\n\t\t\t\t<div class=\"elementor-widget-container\">\n\t\t\t\t\t<div class=\"highlights-listing\" data-alignment=\"bottom\" data-disposition=\"three-columns\" ><article class=\"highlight\" style=\"background-image: url(https:\/\/olivera.org\/wp-content\/uploads\/2021\/01\/oli-finques-lolivera-02.jpg);\"><a class=\"block_link\" href=\"\/es\/aceites\/aceite-de-finques\/\"><div class=\"content\"><h1 class=\"heading\">Aceite Finques<\/h1><\/div><\/a><\/article><article class=\"highlight\" style=\"background-image: url(https:\/\/olivera.org\/wp-content\/uploads\/2021\/01\/oli-marges-lolivera-01.jpg);\"><a class=\"block_link\" href=\"\/es\/aceites\/aceite-de-marges\/\"><div class=\"content\"><h1 class=\"heading\">Aceite de Marges<\/h1><\/div><\/a><\/article><article class=\"highlight\" style=\"background-image: url(https:\/\/olivera.org\/wp-content\/uploads\/2021\/01\/oli-marges-can-calopa-lolivera-01.jpg);\"><a class=\"block_link\" href=\"\/es\/aceites\/aceite-de-cada-dia\/\"><div class=\"content\"><h1 class=\"heading\">Aceite de Cada D\u00eda<\/h1><\/div><\/a><\/article><article class=\"highlight\" style=\"background-image: url(https:\/\/olivera.org\/wp-content\/uploads\/2021\/01\/oli-cada-dia-ecologic-lolivera-01.jpg);\"><a class=\"block_link\" href=\"\/es\/aceites\/aceites-urbanos\/\"><div class=\"content\"><h1 class=\"heading\">Aceites urbanos<\/h1><\/div><\/a><\/article><\/div>\t\t\t\t<\/div>\n\t\t\t\t<\/div>\n\t\t\t\t\t<\/div>\n\t\t<\/div>\n\t\t\t\t\t<\/div>\n\t\t<\/section>\n\t\t\t\t<\/div>\n\t\t","protected":false},"excerpt":{"rendered":"<p>Nuestros aceites de oliva virgen son b\u00e1sicamente el jugo de las olivas que cosechamos, manualmente, en el momento adecuado. Lo obtenemos por procedimientos \u00fanicamente mec\u00e1nicos y aplicando procesos suaves para respetar el car\u00e1cter de nuestra arbequina de secano. De esta manera, obtenemos una alta concentraci\u00f3n en polifenoles que elevan las propiedades antioxidantes de este aceite. [&hellip;]<\/p>\n","protected":false},"author":12,"featured_media":0,"parent":0,"menu_order":0,"comment_status":"closed","ping_status":"closed","template":"","meta":{"_acf_changed":false,"footnotes":""},"class_list":["post-4300","page","type-page","status-publish","hentry"],"acf":[],"jetpack_sharing_enabled":true,"_links":{"self":[{"href":"https:\/\/olivera.org\/es\/wp-json\/wp\/v2\/pages\/4300","targetHints":{"allow":["GET"]}}],"collection":[{"href":"https:\/\/olivera.org\/es\/wp-json\/wp\/v2\/pages"}],"about":[{"href":"https:\/\/olivera.org\/es\/wp-json\/wp\/v2\/types\/page"}],"author":[{"embeddable":true,"href":"https:\/\/olivera.org\/es\/wp-json\/wp\/v2\/users\/12"}],"replies":[{"embeddable":true,"href":"https:\/\/olivera.org\/es\/wp-json\/wp\/v2\/comments?post=4300"}],"version-history":[{"count":0,"href":"https:\/\/olivera.org\/es\/wp-json\/wp\/v2\/pages\/4300\/revisions"}],"wp:attachment":[{"href":"https:\/\/olivera.org\/es\/wp-json\/wp\/v2\/media?parent=4300"}],"curies":[{"name":"wp","href":"https:\/\/api.w.org\/{rel}","templated":true}]}}