{"id":4467,"date":"2021-02-23T10:03:44","date_gmt":"2021-02-23T10:03:44","guid":{"rendered":"https:\/\/olivera.org\/vinos\/vinos-de-cada-dia\/"},"modified":"2021-04-30T09:08:48","modified_gmt":"2021-04-30T09:08:48","slug":"vinos-de-cada-dia","status":"publish","type":"page","link":"https:\/\/olivera.org\/es\/vinos\/vinos-de-cada-dia\/","title":{"rendered":"Vinos de cada d\u00eda"},"content":{"rendered":"\t\t<div data-elementor-type=\"wp-page\" data-elementor-id=\"4467\" class=\"elementor elementor-4467 elementor-971\" data-elementor-post-type=\"page\">\n\t\t\t\t\t\t<section class=\"elementor-section elementor-top-section elementor-element elementor-element-a070f2d elementor-section-boxed elementor-section-height-default elementor-section-height-default\" data-id=\"a070f2d\" data-element_type=\"section\">\n\t\t\t\t\t\t<div class=\"elementor-container elementor-column-gap-default\">\n\t\t\t\t\t<div class=\"elementor-column elementor-col-100 elementor-top-column elementor-element elementor-element-83ac6c6\" data-id=\"83ac6c6\" data-element_type=\"column\">\n\t\t\t<div class=\"elementor-widget-wrap elementor-element-populated\">\n\t\t\t\t\t\t<div class=\"elementor-element elementor-element-8835855 elementor-widget elementor-widget-text-editor\" data-id=\"8835855\" data-element_type=\"widget\" data-widget_type=\"text-editor.default\">\n\t\t\t\t<div class=\"elementor-widget-container\">\n\t\t\t\t\t\t\t\t\t<p style=\"text-align: center;\">Una forma pensada para el consumo cotidiano del vino, alimento central de la dieta mediterr\u00e1nea. Los Vinos de Cada D\u00eda son los acompa\u00f1antes perfectos en nuestra mesa diaria: frescos, \u00e1giles y que combinan con todo. El envase es de f\u00e1cil servicio y conserva el vino en buenas condiciones.<\/p>\n\t\t\t\t\t\t\t\t<\/div>\n\t\t\t\t<\/div>\n\t\t\t\t\t<\/div>\n\t\t<\/div>\n\t\t\t\t\t<\/div>\n\t\t<\/section>\n\t\t\t\t<section class=\"elementor-section elementor-top-section elementor-element elementor-element-f1c135a elementor-section-big elementor-section-height-default elementor-section-height-default\" data-id=\"f1c135a\" data-element_type=\"section\">\n\t\t\t\t\t\t<div class=\"elementor-container elementor-column-gap-default\">\n\t\t\t\t\t<div class=\"elementor-column elementor-col-100 elementor-top-column elementor-element elementor-element-87ba3ba\" data-id=\"87ba3ba\" data-element_type=\"column\">\n\t\t\t<div class=\"elementor-widget-wrap elementor-element-populated\">\n\t\t\t\t\t\t<div class=\"elementor-element elementor-element-3624592 elementor-widget elementor-widget-olivera-productlisting\" data-id=\"3624592\" data-element_type=\"widget\" data-widget_type=\"olivera-productlisting.default\">\n\t\t\t\t<div class=\"elementor-widget-container\">\n\t\t\t\t\t<div class=\"product-listing-container\" data-slider=\"no\"><div class=\"product-list\"><article class=\"entry\"><a href=\"https:\/\/olivera.org\/es\/producte\/vino-de-cada-dia-blanco-3l\/\"><img fetchpriority=\"high\" decoding=\"async\" width=\"600\" height=\"716\" src=\"https:\/\/olivera.org\/wp-content\/uploads\/2020\/11\/vicadadiablanc3L-600x716nou.png\" class=\"attachment-woocommerce_thumbnail size-woocommerce_thumbnail\" alt=\"vi-de-cada-dia-blanc-5l\" srcset=\"https:\/\/olivera.org\/wp-content\/uploads\/2020\/11\/vicadadiablanc3L-600x716nou.png 600w, https:\/\/olivera.org\/wp-content\/uploads\/2020\/11\/vicadadiablanc3L-600x716nou-251x300.png 251w\" sizes=\"(max-width: 600px) 100vw, 600px\" \/><h1 class=\"title\">Vino de Cada D\u00eda blanco 3L<\/h1><\/a><\/article><article class=\"entry\"><a href=\"https:\/\/olivera.org\/es\/producte\/vino-de-cada-dia-blanco-5l\/\"><img decoding=\"async\" width=\"600\" height=\"716\" src=\"https:\/\/olivera.org\/wp-content\/uploads\/2020\/12\/vicadadiablanc5L-600x716nou.png\" class=\"attachment-woocommerce_thumbnail size-woocommerce_thumbnail\" alt=\"vi-de-cada-dia-blanc-5l\" srcset=\"https:\/\/olivera.org\/wp-content\/uploads\/2020\/12\/vicadadiablanc5L-600x716nou.png 600w, https:\/\/olivera.org\/wp-content\/uploads\/2020\/12\/vicadadiablanc5L-600x716nou-251x300.png 251w\" sizes=\"(max-width: 600px) 100vw, 600px\" \/><h1 class=\"title\">Vino de Cada D\u00eda blanco 5L<\/h1><\/a><\/article><article class=\"entry\"><a href=\"https:\/\/olivera.org\/es\/producte\/vino-de-cada-dia-tinto-3l\/\"><img decoding=\"async\" width=\"600\" height=\"716\" src=\"https:\/\/olivera.org\/wp-content\/uploads\/2020\/11\/vicadadianegre3L-600x716nou.png\" class=\"attachment-woocommerce_thumbnail size-woocommerce_thumbnail\" alt=\"vi-de-cada-dia-negre-5l\" srcset=\"https:\/\/olivera.org\/wp-content\/uploads\/2020\/11\/vicadadianegre3L-600x716nou.png 600w, https:\/\/olivera.org\/wp-content\/uploads\/2020\/11\/vicadadianegre3L-600x716nou-251x300.png 251w\" sizes=\"(max-width: 600px) 100vw, 600px\" \/><h1 class=\"title\">Vino de Cada D\u00eda tinto 3L<\/h1><\/a><\/article><article class=\"entry\"><a href=\"https:\/\/olivera.org\/es\/producte\/vino-de-cada-dia-tinto-5l\/\"><img loading=\"lazy\" decoding=\"async\" width=\"600\" height=\"716\" src=\"https:\/\/olivera.org\/wp-content\/uploads\/2020\/12\/vicadadianegre5L-600x716nou.png\" class=\"attachment-woocommerce_thumbnail size-woocommerce_thumbnail\" alt=\"vi-de-cada-dia-blanc-3l\" srcset=\"https:\/\/olivera.org\/wp-content\/uploads\/2020\/12\/vicadadianegre5L-600x716nou.png 600w, https:\/\/olivera.org\/wp-content\/uploads\/2020\/12\/vicadadianegre5L-600x716nou-251x300.png 251w\" sizes=\"(max-width: 600px) 100vw, 600px\" \/><h1 class=\"title\">Vino de Cada D\u00eda tinto 5L<\/h1><\/a><\/article><\/div><\/div>\t\t\t\t<\/div>\n\t\t\t\t<\/div>\n\t\t\t\t\t<\/div>\n\t\t<\/div>\n\t\t\t\t\t<\/div>\n\t\t<\/section>\n\t\t\t\t<\/div>\n\t\t","protected":false},"excerpt":{"rendered":"<p>Una forma pensada para el consumo cotidiano del vino, alimento central de la dieta mediterr\u00e1nea. Los Vinos de Cada D\u00eda son los acompa\u00f1antes perfectos en nuestra mesa diaria: frescos, \u00e1giles y que combinan con todo. El envase es de f\u00e1cil servicio y conserva el vino en buenas condiciones. Vi de Cada Dia blanc 3L Vi [&hellip;]<\/p>\n","protected":false},"author":12,"featured_media":0,"parent":16436,"menu_order":6,"comment_status":"closed","ping_status":"closed","template":"","meta":{"_acf_changed":false,"footnotes":""},"class_list":["post-4467","page","type-page","status-publish","hentry"],"acf":[],"jetpack_sharing_enabled":true,"_links":{"self":[{"href":"https:\/\/olivera.org\/es\/wp-json\/wp\/v2\/pages\/4467","targetHints":{"allow":["GET"]}}],"collection":[{"href":"https:\/\/olivera.org\/es\/wp-json\/wp\/v2\/pages"}],"about":[{"href":"https:\/\/olivera.org\/es\/wp-json\/wp\/v2\/types\/page"}],"author":[{"embeddable":true,"href":"https:\/\/olivera.org\/es\/wp-json\/wp\/v2\/users\/12"}],"replies":[{"embeddable":true,"href":"https:\/\/olivera.org\/es\/wp-json\/wp\/v2\/comments?post=4467"}],"version-history":[{"count":0,"href":"https:\/\/olivera.org\/es\/wp-json\/wp\/v2\/pages\/4467\/revisions"}],"up":[{"embeddable":true,"href":"https:\/\/olivera.org\/es\/wp-json\/wp\/v2\/pages\/16436"}],"wp:attachment":[{"href":"https:\/\/olivera.org\/es\/wp-json\/wp\/v2\/media?parent=4467"}],"curies":[{"name":"wp","href":"https:\/\/api.w.org\/{rel}","templated":true}]}}