{"id":15702,"date":"2022-05-12T11:02:29","date_gmt":"2022-05-12T12:20:54","guid":{"rendered":"https:\/\/olivera.org\/product\/ciclo-de-poesia-recital-de-laia-carbonell\/"},"modified":"2022-05-12T12:20:54","modified_gmt":"2022-05-12T12:20:54","slug":"cicle-de-poesia-recital-de-laia-carbonell","status":"publish","type":"product","link":"https:\/\/olivera.org\/es\/producte\/cicle-de-poesia-recital-de-laia-carbonell\/","title":{"rendered":"Ciclo de poes\u00eda: recital de Laia Carbonell"},"content":{"rendered":"","protected":false},"excerpt":{"rendered":"<p><strong>Compra aqu\u00ed tus entradas para el recital po\u00e9tico. <\/strong><\/p>\n<p>A\u00f1ade a la cesta las cantidades deseadas y recibir\u00e1s tu entrada en tu correo electr\u00f3nico. Es necesario mostrar la entrada para acceder al recinto de La Vinoteca.<\/p>\n<p>Recordar que, en caso de querer terminar la jornada con una cena en La Vinoteca, es necesario reservar previamente en <strong><a href=\"mailto:lavinoteca@olivera.org\">lavinoteca@olivera.org<\/a><\/strong> o llamando al 646 619 188.<\/p>\n","protected":false},"featured_media":15619,"comment_status":"open","ping_status":"closed","template":"","meta":{"_acf_changed":false},"product_brand":[],"product_cat":[153,127],"product_tag":[],"class_list":{"0":"post-15702","1":"product","2":"type-product","3":"status-publish","4":"has-post-thumbnail","6":"product_cat-regalos","7":"product_cat-others-es","8":"pa_unity-single-es","10":"first","11":"instock","12":"virtual","13":"purchasable","14":"product-type-simple"},"acf":[],"jetpack_sharing_enabled":true,"_links":{"self":[{"href":"https:\/\/olivera.org\/es\/wp-json\/wp\/v2\/product\/15702","targetHints":{"allow":["GET"]}}],"collection":[{"href":"https:\/\/olivera.org\/es\/wp-json\/wp\/v2\/product"}],"about":[{"href":"https:\/\/olivera.org\/es\/wp-json\/wp\/v2\/types\/product"}],"replies":[{"embeddable":true,"href":"https:\/\/olivera.org\/es\/wp-json\/wp\/v2\/comments?post=15702"}],"version-history":[{"count":0,"href":"https:\/\/olivera.org\/es\/wp-json\/wp\/v2\/product\/15702\/revisions"}],"wp:featuredmedia":[{"embeddable":true,"href":"https:\/\/olivera.org\/es\/wp-json\/wp\/v2\/media\/15619"}],"wp:attachment":[{"href":"https:\/\/olivera.org\/es\/wp-json\/wp\/v2\/media?parent=15702"}],"wp:term":[{"taxonomy":"product_brand","embeddable":true,"href":"https:\/\/olivera.org\/es\/wp-json\/wp\/v2\/product_brand?post=15702"},{"taxonomy":"product_cat","embeddable":true,"href":"https:\/\/olivera.org\/es\/wp-json\/wp\/v2\/product_cat?post=15702"},{"taxonomy":"product_tag","embeddable":true,"href":"https:\/\/olivera.org\/es\/wp-json\/wp\/v2\/product_tag?post=15702"}],"curies":[{"name":"wp","href":"https:\/\/api.w.org\/{rel}","templated":true}]}}