{"id":20000,"date":"2022-04-12T09:31:03","date_gmt":"2022-04-12T09:31:03","guid":{"rendered":"https:\/\/olivera.org\/product\/saborea-can-calopa\/"},"modified":"2023-08-22T11:34:55","modified_gmt":"2023-08-22T11:34:55","slug":"tasta-can-calopa","status":"publish","type":"product","link":"https:\/\/olivera.org\/es\/producte\/tasta-can-calopa\/","title":{"rendered":"Saborea Can Calopa"},"content":{"rendered":"","protected":false},"excerpt":{"rendered":"<p><strong>\u00a1Regala esta visita! A\u00f1ade al cesto las cantidades y recibir\u00e1s un cheque regalo. Recuerda que este cheque tiene una vigencia de un a\u00f1o.<\/strong><\/p>\n<p>Descubre la bodega donde nace el \u00fanico vino elaborado en Barcelona.<\/p>\n<p><span style=\"font-weight: 400;\">M\u00e1s informaci\u00f3n y reservas en<\/span><a href=\"mailto:visitescancalopa@olivera.org\"><span style=\"font-weight: 400;\">visitescancalopa@olivera.org<\/span><\/a><\/p>\n","protected":false},"featured_media":34488,"comment_status":"open","ping_status":"closed","template":"","meta":{"_acf_changed":false},"product_brand":[],"product_cat":[153],"product_tag":[],"class_list":{"0":"post-20000","1":"product","2":"type-product","3":"status-publish","4":"has-post-thumbnail","6":"product_cat-regalos","8":"first","9":"instock","10":"shipping-taxable","11":"purchasable","12":"product-type-variable"},"acf":[],"jetpack_sharing_enabled":true,"_links":{"self":[{"href":"https:\/\/olivera.org\/es\/wp-json\/wp\/v2\/product\/20000","targetHints":{"allow":["GET"]}}],"collection":[{"href":"https:\/\/olivera.org\/es\/wp-json\/wp\/v2\/product"}],"about":[{"href":"https:\/\/olivera.org\/es\/wp-json\/wp\/v2\/types\/product"}],"replies":[{"embeddable":true,"href":"https:\/\/olivera.org\/es\/wp-json\/wp\/v2\/comments?post=20000"}],"version-history":[{"count":0,"href":"https:\/\/olivera.org\/es\/wp-json\/wp\/v2\/product\/20000\/revisions"}],"wp:featuredmedia":[{"embeddable":true,"href":"https:\/\/olivera.org\/es\/wp-json\/wp\/v2\/media\/34488"}],"wp:attachment":[{"href":"https:\/\/olivera.org\/es\/wp-json\/wp\/v2\/media?parent=20000"}],"wp:term":[{"taxonomy":"product_brand","embeddable":true,"href":"https:\/\/olivera.org\/es\/wp-json\/wp\/v2\/product_brand?post=20000"},{"taxonomy":"product_cat","embeddable":true,"href":"https:\/\/olivera.org\/es\/wp-json\/wp\/v2\/product_cat?post=20000"},{"taxonomy":"product_tag","embeddable":true,"href":"https:\/\/olivera.org\/es\/wp-json\/wp\/v2\/product_tag?post=20000"}],"curies":[{"name":"wp","href":"https:\/\/api.w.org\/{rel}","templated":true}]}}