{"id":30662,"date":"2024-04-05T11:42:00","date_gmt":"2025-03-11T15:10:51","guid":{"rendered":"https:\/\/olivera.org\/product\/tote-bag-50-anos\/"},"modified":"2025-03-11T15:10:52","modified_gmt":"2025-03-11T15:10:52","slug":"tote-bag-50-anos","status":"publish","type":"product","link":"https:\/\/olivera.org\/es\/producte\/tote-bag-50-anos\/","title":{"rendered":"Tote bag 50 a\u00f1os"},"content":{"rendered":"\t\t<div data-elementor-type=\"product-post\" data-elementor-id=\"30662\" class=\"elementor elementor-30662 elementor-25358\" data-elementor-post-type=\"product\">\n\t\t\t\t\t\t<section class=\"elementor-section elementor-top-section elementor-element elementor-element-e715b31 elementor-section-boxed elementor-section-height-default elementor-section-height-default\" data-id=\"e715b31\" data-element_type=\"section\">\n\t\t\t\t\t\t<div class=\"elementor-container elementor-column-gap-default\">\n\t\t\t\t\t<div class=\"elementor-column elementor-col-100 elementor-top-column elementor-element elementor-element-c32e28e\" data-id=\"c32e28e\" data-element_type=\"column\">\n\t\t\t<div class=\"elementor-widget-wrap elementor-element-populated\">\n\t\t\t\t\t\t<section class=\"elementor-section elementor-inner-section elementor-element elementor-element-8d912fd elementor-section-boxed elementor-section-height-default elementor-section-height-default\" data-id=\"8d912fd\" data-element_type=\"section\">\n\t\t\t\t\t\t<div class=\"elementor-container elementor-column-gap-default\">\n\t\t\t\t\t<div class=\"elementor-column elementor-col-50 elementor-inner-column elementor-element elementor-element-2c33380\" data-id=\"2c33380\" data-element_type=\"column\">\n\t\t\t<div class=\"elementor-widget-wrap elementor-element-populated\">\n\t\t\t\t\t\t<div class=\"elementor-element elementor-element-a4cd65f elementor-widget elementor-widget-image\" data-id=\"a4cd65f\" data-element_type=\"widget\" data-widget_type=\"image.default\">\n\t\t\t\t<div class=\"elementor-widget-container\">\n\t\t\t\t\t\t\t\t\t\t\t\t\t\t\t<img fetchpriority=\"high\" decoding=\"async\" width=\"600\" height=\"716\" src=\"https:\/\/olivera.org\/wp-content\/uploads\/2024\/04\/bossa_web1.png\" class=\"attachment-medium_large size-medium_large wp-image-25364\" alt=\"\" srcset=\"https:\/\/olivera.org\/wp-content\/uploads\/2024\/04\/bossa_web1.png 600w, https:\/\/olivera.org\/wp-content\/uploads\/2024\/04\/bossa_web1-251x300.png 251w\" sizes=\"(max-width: 600px) 100vw, 600px\" \/>\t\t\t\t\t\t\t\t\t\t\t\t\t\t\t<\/div>\n\t\t\t\t<\/div>\n\t\t\t\t\t<\/div>\n\t\t<\/div>\n\t\t\t\t<div class=\"elementor-column elementor-col-50 elementor-inner-column elementor-element elementor-element-fde68e5\" data-id=\"fde68e5\" data-element_type=\"column\">\n\t\t\t<div class=\"elementor-widget-wrap elementor-element-populated\">\n\t\t\t\t\t\t<div class=\"elementor-element elementor-element-6819d74 elementor-widget elementor-widget-image\" data-id=\"6819d74\" data-element_type=\"widget\" data-widget_type=\"image.default\">\n\t\t\t\t<div class=\"elementor-widget-container\">\n\t\t\t\t\t\t\t\t\t\t\t\t\t\t\t<img decoding=\"async\" width=\"600\" height=\"716\" src=\"https:\/\/olivera.org\/wp-content\/uploads\/2024\/04\/bossa_web2.png\" class=\"attachment-medium_large size-medium_large wp-image-25388\" alt=\"\" srcset=\"https:\/\/olivera.org\/wp-content\/uploads\/2024\/04\/bossa_web2.png 600w, https:\/\/olivera.org\/wp-content\/uploads\/2024\/04\/bossa_web2-251x300.png 251w\" sizes=\"(max-width: 600px) 100vw, 600px\" \/>\t\t\t\t\t\t\t\t\t\t\t\t\t\t\t<\/div>\n\t\t\t\t<\/div>\n\t\t\t\t\t<\/div>\n\t\t<\/div>\n\t\t\t\t\t<\/div>\n\t\t<\/section>\n\t\t\t\t\t<\/div>\n\t\t<\/div>\n\t\t\t\t\t<\/div>\n\t\t<\/section>\n\t\t\t\t<\/div>\n\t\t","protected":false},"excerpt":{"rendered":"<p class=\"big-serif\">Tote bag de algod\u00f3n org\u00e1nico y de color azul, serigrafiada con el lema de los 50 a\u00f1os de L&#8217;Olivera: Tozudas y en pie.<\/p>\n<p class=\"big-serif\">La tote bag conmemora los 50 a\u00f1os de L&#8217;Olivera y est\u00e1 estampada a doble cara.<\/p>\n<p class=\"big-serif\">Con la compra de esta tote bag, ayudas a financiar los eventos de celebraci\u00f3n del cincuenta aniversario de L&#8217;Olivera, a la vez que adquieres un producto de calidad, elaborado por un productor local.<\/p>\n","protected":false},"featured_media":25364,"comment_status":"open","ping_status":"closed","template":"","meta":{"_acf_changed":false},"product_brand":[],"product_cat":[153,127],"product_tag":[],"class_list":{"0":"post-30662","1":"product","2":"type-product","3":"status-publish","4":"has-post-thumbnail","6":"product_cat-regalos","7":"product_cat-others-es","9":"first","10":"instock","11":"shipping-taxable","12":"purchasable","13":"product-type-simple"},"acf":[],"jetpack_sharing_enabled":true,"_links":{"self":[{"href":"https:\/\/olivera.org\/es\/wp-json\/wp\/v2\/product\/30662","targetHints":{"allow":["GET"]}}],"collection":[{"href":"https:\/\/olivera.org\/es\/wp-json\/wp\/v2\/product"}],"about":[{"href":"https:\/\/olivera.org\/es\/wp-json\/wp\/v2\/types\/product"}],"replies":[{"embeddable":true,"href":"https:\/\/olivera.org\/es\/wp-json\/wp\/v2\/comments?post=30662"}],"version-history":[{"count":1,"href":"https:\/\/olivera.org\/es\/wp-json\/wp\/v2\/product\/30662\/revisions"}],"predecessor-version":[{"id":30663,"href":"https:\/\/olivera.org\/es\/wp-json\/wp\/v2\/product\/30662\/revisions\/30663"}],"wp:featuredmedia":[{"embeddable":true,"href":"https:\/\/olivera.org\/es\/wp-json\/wp\/v2\/media\/25364"}],"wp:attachment":[{"href":"https:\/\/olivera.org\/es\/wp-json\/wp\/v2\/media?parent=30662"}],"wp:term":[{"taxonomy":"product_brand","embeddable":true,"href":"https:\/\/olivera.org\/es\/wp-json\/wp\/v2\/product_brand?post=30662"},{"taxonomy":"product_cat","embeddable":true,"href":"https:\/\/olivera.org\/es\/wp-json\/wp\/v2\/product_cat?post=30662"},{"taxonomy":"product_tag","embeddable":true,"href":"https:\/\/olivera.org\/es\/wp-json\/wp\/v2\/product_tag?post=30662"}],"curies":[{"name":"wp","href":"https:\/\/api.w.org\/{rel}","templated":true}]}}