{"id":30674,"date":"2024-04-05T11:40:09","date_gmt":"2025-03-11T15:32:22","guid":{"rendered":"https:\/\/olivera.org\/product\/camiseta-50-anos\/"},"modified":"2025-03-11T15:32:25","modified_gmt":"2025-03-11T15:32:25","slug":"camiseta-50-anos","status":"publish","type":"product","link":"https:\/\/olivera.org\/es\/producte\/camiseta-50-anos\/","title":{"rendered":"Camiseta 50 a\u00f1os"},"content":{"rendered":"\t\t<div data-elementor-type=\"product-post\" data-elementor-id=\"30674\" class=\"elementor elementor-30674\" data-elementor-post-type=\"product\">\n\t\t\t\t\t\t<section class=\"elementor-section elementor-top-section elementor-element elementor-element-5502199 elementor-section-boxed elementor-section-height-default elementor-section-height-default\" data-id=\"5502199\" data-element_type=\"section\">\n\t\t\t\t\t\t<div class=\"elementor-container elementor-column-gap-default\">\n\t\t\t\t\t<div class=\"elementor-column elementor-col-100 elementor-top-column elementor-element elementor-element-d9446de\" data-id=\"d9446de\" data-element_type=\"column\">\n\t\t\t<div class=\"elementor-widget-wrap elementor-element-populated\">\n\t\t\t\t\t\t<section class=\"elementor-section elementor-inner-section elementor-element elementor-element-47d7f70 elementor-section-boxed elementor-section-height-default elementor-section-height-default\" data-id=\"47d7f70\" data-element_type=\"section\">\n\t\t\t\t\t\t<div class=\"elementor-container elementor-column-gap-default\">\n\t\t\t\t\t<div class=\"elementor-column elementor-col-50 elementor-inner-column elementor-element elementor-element-869c41b\" data-id=\"869c41b\" data-element_type=\"column\">\n\t\t\t<div class=\"elementor-widget-wrap elementor-element-populated\">\n\t\t\t\t\t\t<div class=\"elementor-element elementor-element-b238a66 elementor-widget elementor-widget-image\" data-id=\"b238a66\" data-element_type=\"widget\" data-widget_type=\"image.default\">\n\t\t\t\t<div class=\"elementor-widget-container\">\n\t\t\t\t\t\t\t\t\t\t\t\t\t\t\t<img fetchpriority=\"high\" decoding=\"async\" width=\"600\" height=\"716\" src=\"https:\/\/olivera.org\/wp-content\/uploads\/2024\/04\/samarretes_web1.png\" class=\"attachment-medium_large size-medium_large wp-image-25345\" alt=\"\" srcset=\"https:\/\/olivera.org\/wp-content\/uploads\/2024\/04\/samarretes_web1.png 600w, https:\/\/olivera.org\/wp-content\/uploads\/2024\/04\/samarretes_web1-251x300.png 251w\" sizes=\"(max-width: 600px) 100vw, 600px\" \/>\t\t\t\t\t\t\t\t\t\t\t\t\t\t\t<\/div>\n\t\t\t\t<\/div>\n\t\t\t\t\t<\/div>\n\t\t<\/div>\n\t\t\t\t<div class=\"elementor-column elementor-col-50 elementor-inner-column elementor-element elementor-element-b2d44a1\" data-id=\"b2d44a1\" data-element_type=\"column\">\n\t\t\t<div class=\"elementor-widget-wrap elementor-element-populated\">\n\t\t\t\t\t\t<div class=\"elementor-element elementor-element-fe0873f elementor-widget elementor-widget-image\" data-id=\"fe0873f\" data-element_type=\"widget\" data-widget_type=\"image.default\">\n\t\t\t\t<div class=\"elementor-widget-container\">\n\t\t\t\t\t\t\t\t\t\t\t\t\t\t\t<img decoding=\"async\" width=\"600\" height=\"716\" src=\"https:\/\/olivera.org\/wp-content\/uploads\/2024\/04\/samarreta_web2.png\" class=\"attachment-medium_large size-medium_large wp-image-25375\" alt=\"\" srcset=\"https:\/\/olivera.org\/wp-content\/uploads\/2024\/04\/samarreta_web2.png 600w, https:\/\/olivera.org\/wp-content\/uploads\/2024\/04\/samarreta_web2-251x300.png 251w\" sizes=\"(max-width: 600px) 100vw, 600px\" \/>\t\t\t\t\t\t\t\t\t\t\t\t\t\t\t<\/div>\n\t\t\t\t<\/div>\n\t\t\t\t\t<\/div>\n\t\t<\/div>\n\t\t\t\t\t<\/div>\n\t\t<\/section>\n\t\t\t\t\t<\/div>\n\t\t<\/div>\n\t\t\t\t\t<\/div>\n\t\t<\/section>\n\t\t\t\t<\/div>\n\t\t","protected":false},"excerpt":{"rendered":"<p class=\"big-serif\">Camiseta de algod\u00f3n org\u00e1nico con serigraf\u00eda artesanal, con el lema de los 50 a\u00f1os de L&#8217;Olivera: Tozudas y en pie!<\/p>\n<p class=\"big-serif\">La camiseta ha sido serigrafiada por <strong><a href=\"https:\/\/nuscreacions.cat\/\">Nur Creacions<\/a><\/strong>, un peque\u00f1o taller creativo ubicado en L\u00e9rida, especializado en estampaci\u00f3n textil y donde todos los procesos son totalmente manuales.<\/p>\n<p class=\"big-serif\">La camiseta conmemora los 50 a\u00f1os de L&#8217;Olivera y est\u00e1 estampada por los dos lados. Est\u00e1 disponible en diferentes tallas, que hace falta escoger en el desplegable del producto. <\/p>\n<p class=\"big-serif\">Con la compra de esta camiseta, ayudas a financiar los diferentes eventos de celebraci\u00f3n del cincuenta aniversario de L&#8217;Olivera, a la vez que adquieres un producto de calidad, elaborado de forma artesana por un productor local.<\/p>\n","protected":false},"featured_media":25345,"comment_status":"open","ping_status":"closed","template":"","meta":{"_acf_changed":false},"product_brand":[],"product_cat":[153],"product_tag":[],"class_list":{"0":"post-30674","1":"product","2":"type-product","3":"status-publish","4":"has-post-thumbnail","6":"product_cat-regalos","7":"pa_talla-l-es","8":"pa_talla-m-es","9":"pa_talla-s-es","10":"pa_talla-xl-es","11":"pa_talla-xs-es","12":"pa_talla-xxl-es","14":"first","15":"instock","16":"shipping-taxable","17":"purchasable","18":"product-type-variable"},"acf":[],"jetpack_sharing_enabled":true,"_links":{"self":[{"href":"https:\/\/olivera.org\/es\/wp-json\/wp\/v2\/product\/30674","targetHints":{"allow":["GET"]}}],"collection":[{"href":"https:\/\/olivera.org\/es\/wp-json\/wp\/v2\/product"}],"about":[{"href":"https:\/\/olivera.org\/es\/wp-json\/wp\/v2\/types\/product"}],"replies":[{"embeddable":true,"href":"https:\/\/olivera.org\/es\/wp-json\/wp\/v2\/comments?post=30674"}],"version-history":[{"count":1,"href":"https:\/\/olivera.org\/es\/wp-json\/wp\/v2\/product\/30674\/revisions"}],"predecessor-version":[{"id":30681,"href":"https:\/\/olivera.org\/es\/wp-json\/wp\/v2\/product\/30674\/revisions\/30681"}],"wp:featuredmedia":[{"embeddable":true,"href":"https:\/\/olivera.org\/es\/wp-json\/wp\/v2\/media\/25345"}],"wp:attachment":[{"href":"https:\/\/olivera.org\/es\/wp-json\/wp\/v2\/media?parent=30674"}],"wp:term":[{"taxonomy":"product_brand","embeddable":true,"href":"https:\/\/olivera.org\/es\/wp-json\/wp\/v2\/product_brand?post=30674"},{"taxonomy":"product_cat","embeddable":true,"href":"https:\/\/olivera.org\/es\/wp-json\/wp\/v2\/product_cat?post=30674"},{"taxonomy":"product_tag","embeddable":true,"href":"https:\/\/olivera.org\/es\/wp-json\/wp\/v2\/product_tag?post=30674"}],"curies":[{"name":"wp","href":"https:\/\/api.w.org\/{rel}","templated":true}]}}