{"id":4316,"date":"2020-11-25T10:43:40","date_gmt":"2020-11-25T10:43:40","guid":{"rendered":"https:\/\/olivera.org\/product\/aceite-de-cada-dia-del-raig-5l\/"},"modified":"2025-12-26T09:04:43","modified_gmt":"2025-12-26T09:04:43","slug":"aceite-de-cada-dia-del-raig-5l","status":"publish","type":"product","link":"https:\/\/olivera.org\/es\/producte\/aceite-de-cada-dia-del-raig-5l\/","title":{"rendered":"Aceite de Cada D\u00eda del Raig 5L"},"content":{"rendered":"","protected":false},"excerpt":{"rendered":"<p class=\"big-serif\">Aceite de Cada D\u00eda, de cada comida, de cada mesa. Este aceite es una reivindicaci\u00f3n: la de incluir el aceite de oliva virgen extra en nuestro consumo cotidiano y convertirlo en un elemento imprescindible en nuestra dieta diaria, en nuestra cocina, en nuestra cultura gastron\u00f3mica en el d\u00eda a d\u00eda.<\/p>\n<h2><img fetchpriority=\"high\" decoding=\"async\" class=\"alignnone wp-image-2044 size-full\" src=\"https:\/\/olivera.org\/wp-content\/uploads\/2021\/01\/oli-cada-dia-raig-lolivera-01.jpg\" alt=\"\" width=\"1200\" height=\"1600\" srcset=\"https:\/\/olivera.org\/wp-content\/uploads\/2021\/01\/oli-cada-dia-raig-lolivera-01.jpg 1200w, https:\/\/olivera.org\/wp-content\/uploads\/2021\/01\/oli-cada-dia-raig-lolivera-01-600x800.jpg 600w, https:\/\/olivera.org\/wp-content\/uploads\/2021\/01\/oli-cada-dia-raig-lolivera-01-225x300.jpg 225w, https:\/\/olivera.org\/wp-content\/uploads\/2021\/01\/oli-cada-dia-raig-lolivera-01-768x1024.jpg 768w, https:\/\/olivera.org\/wp-content\/uploads\/2021\/01\/oli-cada-dia-raig-lolivera-01-1152x1536.jpg 1152w\" sizes=\"(max-width: 1200px) 100vw, 1200px\" \/><\/h2>\n<p class=\"big-serif\">Procedente de aceitunas arbequinas de La Granadella, en Les Garrigues, el Oli de Cada Dia del Raig se obtiene de aceitunas cosechadas las primeras semanas, a\u00fan verdes, que le otorgan aromas salvajes y toques verdes. Es un aceite poco filtrado, a fin de expresar su car\u00e1cter verde. Por ello, es un producto estacional, disponible s\u00f3lo durante los meses de noviembre y diciembre. Es recomendable consumirlo pronto.<\/p>\n<p class=\"label-sans-serif\">Variedades<\/p>\n<p class=\"small-sans-serif\">Arbequina<\/p>\n<p class=\"label-sans-serif\">Cata<\/p>\n<p class=\"small-sans-serif\">Denso, verde y afrutado. Aromas potentes y un punto herb\u00e1ceas. Toques verdes y final con puntos amargos y picantes. Un aceite para consumir en crudo y para animar los platos m\u00e1s b\u00e1sicos, los que nos acompa\u00f1an en nuestra cocina diaria.<\/p>\n","protected":false},"featured_media":1584,"comment_status":"open","ping_status":"closed","template":"","meta":{"_acf_changed":false},"product_brand":[],"product_cat":[46],"product_tag":[],"class_list":{"0":"post-4316","1":"product","2":"type-product","3":"status-publish","4":"has-post-thumbnail","6":"product_cat-oils-es","7":"pa_characteristics-oils-cada-dia-es","8":"pa_origin-vallbona-es","9":"pa_unity-caja-3-unidades","10":"pa_unity-single-es","12":"first","13":"instock","14":"shipping-taxable","15":"purchasable","16":"product-type-simple"},"acf":[],"jetpack_sharing_enabled":true,"_links":{"self":[{"href":"https:\/\/olivera.org\/es\/wp-json\/wp\/v2\/product\/4316","targetHints":{"allow":["GET"]}}],"collection":[{"href":"https:\/\/olivera.org\/es\/wp-json\/wp\/v2\/product"}],"about":[{"href":"https:\/\/olivera.org\/es\/wp-json\/wp\/v2\/types\/product"}],"replies":[{"embeddable":true,"href":"https:\/\/olivera.org\/es\/wp-json\/wp\/v2\/comments?post=4316"}],"version-history":[{"count":0,"href":"https:\/\/olivera.org\/es\/wp-json\/wp\/v2\/product\/4316\/revisions"}],"wp:featuredmedia":[{"embeddable":true,"href":"https:\/\/olivera.org\/es\/wp-json\/wp\/v2\/media\/1584"}],"wp:attachment":[{"href":"https:\/\/olivera.org\/es\/wp-json\/wp\/v2\/media?parent=4316"}],"wp:term":[{"taxonomy":"product_brand","embeddable":true,"href":"https:\/\/olivera.org\/es\/wp-json\/wp\/v2\/product_brand?post=4316"},{"taxonomy":"product_cat","embeddable":true,"href":"https:\/\/olivera.org\/es\/wp-json\/wp\/v2\/product_cat?post=4316"},{"taxonomy":"product_tag","embeddable":true,"href":"https:\/\/olivera.org\/es\/wp-json\/wp\/v2\/product_tag?post=4316"}],"curies":[{"name":"wp","href":"https:\/\/api.w.org\/{rel}","templated":true}]}}