{"id":4327,"date":"2020-11-25T09:59:30","date_gmt":"2020-11-25T09:59:30","guid":{"rendered":"https:\/\/olivera.org\/product\/aceite-de-cada-dia-5l\/"},"modified":"2026-04-13T17:38:32","modified_gmt":"2026-04-13T17:38:32","slug":"aceite-de-cada-dia-5l","status":"publish","type":"product","link":"https:\/\/olivera.org\/es\/producte\/aceite-de-cada-dia-5l\/","title":{"rendered":"Aceite de Cada D\u00eda 5L"},"content":{"rendered":"","protected":false},"excerpt":{"rendered":"<p class=\"big-serif\">Aceite de Cada D\u00eda, de cada comida, de cada mesa. Este aceite es una reivindicaci\u00f3n: la de incluir el aceite de oliva virgen extra en nuestro consumo cotidiano y convertirlo en un elemento imprescindible en nuestra dieta diaria, en nuestra cocina, en nuestra cultura gastron\u00f3mica en el d\u00eda a d\u00eda.<\/p>\n<h2><img fetchpriority=\"high\" decoding=\"async\" class=\"alignnone wp-image-2047 size-full\" src=\"https:\/\/olivera.org\/wp-content\/uploads\/2021\/01\/oli-cada-dia-lolivera-01.jpg\" alt=\"\" width=\"1200\" height=\"1600\" srcset=\"https:\/\/olivera.org\/wp-content\/uploads\/2021\/01\/oli-cada-dia-lolivera-01.jpg 1200w, https:\/\/olivera.org\/wp-content\/uploads\/2021\/01\/oli-cada-dia-lolivera-01-600x800.jpg 600w, https:\/\/olivera.org\/wp-content\/uploads\/2021\/01\/oli-cada-dia-lolivera-01-225x300.jpg 225w, https:\/\/olivera.org\/wp-content\/uploads\/2021\/01\/oli-cada-dia-lolivera-01-768x1024.jpg 768w, https:\/\/olivera.org\/wp-content\/uploads\/2021\/01\/oli-cada-dia-lolivera-01-1152x1536.jpg 1152w\" sizes=\"(max-width: 1200px) 100vw, 1200px\" \/><\/h2>\n<p class=\"big-serif\">Suave y equilibrado, el Oli de Cada Dia se obtiene de olivas arbequinas procedentes de la zona de La Granadella, en Les Garrigues. Su sutileza lo convierte en un aceite apto para todos los usos, ya sea en crudo o para cocinar.<\/p>\n<p class=\"label-sans-serif\">Variedades<\/p>\n<p class=\"small-sans-serif\">Arbequina<\/p>\n<p class=\"label-sans-serif\">Cata<\/p>\n<p class=\"small-sans-serif\">Amargos y picantes ligeros, en un aceite que se presenta a la vez suave y arom\u00e1tico. Perfecto acompa\u00f1ante de nuestra cocina diaria, ya que no roba el protagonismo a los platos m\u00e1s b\u00e1sicos. Ideal para cocinar, pero tambi\u00e9n se puede tomar en crudo, en platos calientes y fr\u00edos a base de verduras o pescados blancos.<\/p>\n","protected":false},"featured_media":1484,"comment_status":"open","ping_status":"closed","template":"","meta":{"_acf_changed":false},"product_brand":[],"product_cat":[46],"product_tag":[],"class_list":{"0":"post-4327","1":"product","2":"type-product","3":"status-publish","4":"has-post-thumbnail","6":"product_cat-oils-es","7":"pa_characteristics-oils-cada-dia-es","8":"pa_origin-vallbona-es","9":"pa_unity-caja-3-unidades","10":"pa_unity-single-es","12":"first","13":"instock","14":"shipping-taxable","15":"purchasable","16":"product-type-simple"},"acf":[],"jetpack_sharing_enabled":true,"_links":{"self":[{"href":"https:\/\/olivera.org\/es\/wp-json\/wp\/v2\/product\/4327","targetHints":{"allow":["GET"]}}],"collection":[{"href":"https:\/\/olivera.org\/es\/wp-json\/wp\/v2\/product"}],"about":[{"href":"https:\/\/olivera.org\/es\/wp-json\/wp\/v2\/types\/product"}],"replies":[{"embeddable":true,"href":"https:\/\/olivera.org\/es\/wp-json\/wp\/v2\/comments?post=4327"}],"version-history":[{"count":0,"href":"https:\/\/olivera.org\/es\/wp-json\/wp\/v2\/product\/4327\/revisions"}],"wp:featuredmedia":[{"embeddable":true,"href":"https:\/\/olivera.org\/es\/wp-json\/wp\/v2\/media\/1484"}],"wp:attachment":[{"href":"https:\/\/olivera.org\/es\/wp-json\/wp\/v2\/media?parent=4327"}],"wp:term":[{"taxonomy":"product_brand","embeddable":true,"href":"https:\/\/olivera.org\/es\/wp-json\/wp\/v2\/product_brand?post=4327"},{"taxonomy":"product_cat","embeddable":true,"href":"https:\/\/olivera.org\/es\/wp-json\/wp\/v2\/product_cat?post=4327"},{"taxonomy":"product_tag","embeddable":true,"href":"https:\/\/olivera.org\/es\/wp-json\/wp\/v2\/product_tag?post=4327"}],"curies":[{"name":"wp","href":"https:\/\/api.w.org\/{rel}","templated":true}]}}