{"id":4331,"date":"2020-11-25T11:23:16","date_gmt":"2020-11-25T11:23:16","guid":{"rendered":"https:\/\/olivera.org\/product\/aceite-de-marges-de-can-calopa-025l\/"},"modified":"2024-12-14T22:04:47","modified_gmt":"2024-12-14T22:04:47","slug":"aceite-de-marges-de-can-calopa-025l","status":"publish","type":"product","link":"https:\/\/olivera.org\/es\/producte\/aceite-de-marges-de-can-calopa-025l\/","title":{"rendered":"Aceite de Marges de Can Calopa 0,25L"},"content":{"rendered":"\t\t<div data-elementor-type=\"wp-post\" data-elementor-id=\"4331\" class=\"elementor elementor-4331 elementor-1510\" data-elementor-post-type=\"product\">\n\t\t\t\t\t\t<section class=\"elementor-section elementor-top-section elementor-element elementor-element-74c278a elementor-section-boxed elementor-section-height-default elementor-section-height-default\" data-id=\"74c278a\" data-element_type=\"section\">\n\t\t\t\t\t\t<div class=\"elementor-container elementor-column-gap-default\">\n\t\t\t\t\t<div class=\"elementor-column elementor-col-100 elementor-top-column elementor-element elementor-element-b97666f\" data-id=\"b97666f\" data-element_type=\"column\">\n\t\t\t<div class=\"elementor-widget-wrap elementor-element-populated\">\n\t\t\t\t\t\t<div class=\"elementor-element elementor-element-a49966d elementor-widget elementor-widget-text-editor\" data-id=\"a49966d\" data-element_type=\"widget\" data-widget_type=\"text-editor.default\">\n\t\t\t\t<div class=\"elementor-widget-container\">\n\t\t\t\t\t\t\t\t\t<p class=\"label-sans-serif\">Cultivo y elaboraci\u00f3n<\/p>\n<p class=\"big-serif\">Olivicultura de secano ecol\u00f3gica certificada. Cosecha manual y transporte en cajas peque\u00f1as de 11-13 kg para mantener las aceitunas en \u00f3ptimas condiciones en el patio de recepci\u00f3n hasta el momento de ser elaboradas. La aceituna se muele en un molino de martillos de tecnolog\u00eda toscana, con un posterior batido ligero (&lt;45 minutos) y a baja temperatura (22-25\u00baC), mediante el proceso de extracci\u00f3n en fr\u00edo. Separaci\u00f3n del aceite por centrifugaci\u00f3n en dos fases y filtrado posterior. Envasado en lotes peque\u00f1os seg\u00fan demanda. <\/p>\n\t\t\t\t\t\t\t\t<\/div>\n\t\t\t\t<\/div>\n\t\t\t\t\t<\/div>\n\t\t<\/div>\n\t\t\t\t\t<\/div>\n\t\t<\/section>\n\t\t\t\t<section class=\"elementor-section elementor-top-section elementor-element elementor-element-73d2fe0 elementor-section-big elementor-section-height-default elementor-section-height-default\" data-id=\"73d2fe0\" data-element_type=\"section\">\n\t\t\t\t\t\t<div class=\"elementor-container elementor-column-gap-default\">\n\t\t\t\t\t<div class=\"elementor-column elementor-col-50 elementor-top-column elementor-element elementor-element-5ca4d9f\" data-id=\"5ca4d9f\" data-element_type=\"column\">\n\t\t\t<div class=\"elementor-widget-wrap elementor-element-populated\">\n\t\t\t\t\t\t<div class=\"elementor-element elementor-element-6af556e elementor-widget elementor-widget-video\" data-id=\"6af556e\" data-element_type=\"widget\" data-settings=\"{&quot;video_type&quot;:&quot;hosted&quot;,&quot;autoplay&quot;:&quot;yes&quot;,&quot;play_on_mobile&quot;:&quot;yes&quot;,&quot;mute&quot;:&quot;yes&quot;,&quot;loop&quot;:&quot;yes&quot;}\" data-widget_type=\"video.default\">\n\t\t\t\t<div class=\"elementor-widget-container\">\n\t\t\t\t\t\t\t<div class=\"e-hosted-video elementor-wrapper elementor-open-inline\">\n\t\t\t\t\t<video class=\"elementor-video\" src=\"http:\/\/olivera.whads.com\/wp-content\/uploads\/2020\/11\/oli-marges-can-calopa-lolivera.mp4\" autoplay=\"\" loop=\"\" muted=\"muted\" playsinline=\"\" controlsList=\"nodownload\"><\/video>\n\t\t\t\t<\/div>\n\t\t\t\t\t\t<\/div>\n\t\t\t\t<\/div>\n\t\t\t\t\t<\/div>\n\t\t<\/div>\n\t\t\t\t<div class=\"elementor-column elementor-col-50 elementor-top-column elementor-element elementor-element-4157e8d\" data-id=\"4157e8d\" data-element_type=\"column\">\n\t\t\t<div class=\"elementor-widget-wrap elementor-element-populated\">\n\t\t\t\t\t\t<div class=\"elementor-element elementor-element-fff1d3c elementor-widget elementor-widget-image\" data-id=\"fff1d3c\" data-element_type=\"widget\" data-widget_type=\"image.default\">\n\t\t\t\t<div class=\"elementor-widget-container\">\n\t\t\t\t\t\t\t\t\t\t\t\t\t\t\t<img fetchpriority=\"high\" decoding=\"async\" width=\"1200\" height=\"1600\" src=\"https:\/\/olivera.org\/wp-content\/uploads\/2021\/01\/oli-marges-can-calopa-lolivera-01.jpg\" class=\"attachment-full size-full wp-image-2064\" alt=\"\" srcset=\"https:\/\/olivera.org\/wp-content\/uploads\/2021\/01\/oli-marges-can-calopa-lolivera-01.jpg 1200w, https:\/\/olivera.org\/wp-content\/uploads\/2021\/01\/oli-marges-can-calopa-lolivera-01-600x800.jpg 600w, https:\/\/olivera.org\/wp-content\/uploads\/2021\/01\/oli-marges-can-calopa-lolivera-01-225x300.jpg 225w, https:\/\/olivera.org\/wp-content\/uploads\/2021\/01\/oli-marges-can-calopa-lolivera-01-768x1024.jpg 768w, https:\/\/olivera.org\/wp-content\/uploads\/2021\/01\/oli-marges-can-calopa-lolivera-01-1152x1536.jpg 1152w\" sizes=\"(max-width: 1200px) 100vw, 1200px\" \/>\t\t\t\t\t\t\t\t\t\t\t\t\t\t\t<\/div>\n\t\t\t\t<\/div>\n\t\t\t\t\t<\/div>\n\t\t<\/div>\n\t\t\t\t\t<\/div>\n\t\t<\/section>\n\t\t\t\t<section class=\"elementor-section elementor-top-section elementor-element elementor-element-161deed elementor-section-boxed elementor-section-height-default elementor-section-height-default\" data-id=\"161deed\" data-element_type=\"section\">\n\t\t\t\t\t\t<div class=\"elementor-container elementor-column-gap-default\">\n\t\t\t\t\t<div class=\"elementor-column elementor-col-100 elementor-top-column elementor-element elementor-element-d231561\" data-id=\"d231561\" data-element_type=\"column\">\n\t\t\t<div class=\"elementor-widget-wrap elementor-element-populated\">\n\t\t\t\t\t\t<div class=\"elementor-element elementor-element-245340e elementor-widget elementor-widget-text-editor\" data-id=\"245340e\" data-element_type=\"widget\" data-widget_type=\"text-editor.default\">\n\t\t\t\t<div class=\"elementor-widget-container\">\n\t\t\t\t\t\t\t\t\t<p class=\"label-sans-serif\">Anal\u00edtica<\/p>\n<p class=\"big-serif small-sans-serif\">Acidez (% \u00e1cido oleico): &lt;0,15<br \/>Polifenoles (mg\/kg, ppm): 280-350 ppm<br \/>\u00c1cido oleico: &gt;70%<\/p>\n\t\t\t\t\t\t\t\t<\/div>\n\t\t\t\t<\/div>\n\t\t\t\t<div class=\"elementor-element elementor-element-68b638b elementor-widget elementor-widget-text-editor\" data-id=\"68b638b\" data-element_type=\"widget\" data-widget_type=\"text-editor.default\">\n\t\t\t\t<div class=\"elementor-widget-container\">\n\t\t\t\t\t\t\t\t\t<p class=\"label-sans-serif\">Perfil sensorial<\/p>\n<p class=\"big-serif small-sans-serif\">Afrutado de oliva: &gt;5,2<br \/>Amargo: &gt;4<br \/>Picante: &gt;4,5<\/p>\n\t\t\t\t\t\t\t\t<\/div>\n\t\t\t\t<\/div>\n\t\t\t\t\t<\/div>\n\t\t<\/div>\n\t\t\t\t\t<\/div>\n\t\t<\/section>\n\t\t\t\t<section class=\"elementor-section elementor-top-section elementor-element elementor-element-574b0aa elementor-section-boxed elementor-section-height-default elementor-section-height-default\" data-id=\"574b0aa\" data-element_type=\"section\">\n\t\t\t\t\t\t<div class=\"elementor-container elementor-column-gap-default\">\n\t\t\t\t\t<div class=\"elementor-column elementor-col-100 elementor-top-column elementor-element elementor-element-336f79d\" data-id=\"336f79d\" data-element_type=\"column\">\n\t\t\t<div class=\"elementor-widget-wrap elementor-element-populated\">\n\t\t\t\t\t\t<div class=\"elementor-element elementor-element-deaebaa elementor-widget elementor-widget-text-editor\" data-id=\"deaebaa\" data-element_type=\"widget\" data-widget_type=\"text-editor.default\">\n\t\t\t\t<div class=\"elementor-widget-container\">\n\t\t\t\t\t\t\t\t\t<p class=\"label-sans-serif\">Cata<\/p>\n<p class=\"big-serif\">Aromas afrutados con toques verdes de almendra tierna y alcachofa. Amargo y final con un toque picante. Ideal para tomar en crudo, combina bien con platos calientes porque potencia la fracci\u00f3n arom\u00e1tica de los mismos: pan tostado de masa madre, cazuela de verduras o pescado al vapor.&nbsp;<\/p>\n\t\t\t\t\t\t\t\t<\/div>\n\t\t\t\t<\/div>\n\t\t\t\t\t<\/div>\n\t\t<\/div>\n\t\t\t\t\t<\/div>\n\t\t<\/section>\n\t\t\t\t<\/div>\n\t\t","protected":false},"excerpt":{"rendered":"<p class=\"big-serif\">Aceite que nace de la voluntad de salvaguardar el mosaico agr\u00edcola de secano de la sierra de Collserola, recuperando olivos en fincas periurbanas y poniendo en valor variedades hist\u00f3ricas como la Arbequina y la Becaruda. Olivos que se cultivan en parcelas familiares que perduran en esta paisaje mediterr\u00e1neo de secano que reivindica la actividad agr\u00edcola vinculada a las grandes ciudades.<\/p>\n<h2><img decoding=\"async\" class=\"alignnone wp-image-2068 size-full\" src=\"http:\/\/olivera.whads.com\/wp-content\/uploads\/2021\/01\/oli-marges-can-calopa-lolivera-03.jpg\" alt=\"\" width=\"1200\" height=\"1600\" srcset=\"https:\/\/olivera.org\/wp-content\/uploads\/2021\/01\/oli-marges-can-calopa-lolivera-03.jpg 1200w, https:\/\/olivera.org\/wp-content\/uploads\/2021\/01\/oli-marges-can-calopa-lolivera-03-600x800.jpg 600w, https:\/\/olivera.org\/wp-content\/uploads\/2021\/01\/oli-marges-can-calopa-lolivera-03-225x300.jpg 225w, https:\/\/olivera.org\/wp-content\/uploads\/2021\/01\/oli-marges-can-calopa-lolivera-03-768x1024.jpg 768w, https:\/\/olivera.org\/wp-content\/uploads\/2021\/01\/oli-marges-can-calopa-lolivera-03-1152x1536.jpg 1152w\" sizes=\"(max-width: 1200px) 100vw, 1200px\" \/><\/h2>\n<p class=\"big-serif\">El Aceite de Marges de Can Calopa es fiel a su paisaje periurbano, con una agricultura de resistencia que plantea una mirada contempor\u00e1nea a la tradici\u00f3n agr\u00edcola de esta zona.<\/p>\n<p class=\"label-sans-serif\">Paisaje<\/p>\n<p class=\"small-sans-serif\">ORIGEN: Fincas familiares en un paisaje mediterr\u00e1neo de secano, en la sierra de Collserola, rodeadas de pinares y contiguas a Sant Feliu de Llobregat.<br \/>\nSUELOS: Suelos de pizarra troceada, distribuidos en diferentes bancales de la vertiente sur de Collserola.<br \/>\nCLIMA: Clima de influencia mediterr\u00e1nea, con inviernos suaves, veranos calurosos, oscilaci\u00f3n t\u00e9rmica moderada y precipitaciones estacionales y fuertemente irregulares, entorno a los 500-700 mm.<\/p>\n<p class=\"label-sans-serif\">Variedades<\/p>\n<p class=\"small-sans-serif\">Arbequina y Becaruda.<\/p>\n<p class=\"label-sans-serif\">Olivicultura<\/p>\n<p class=\"small-sans-serif\">Agricultura de secano ecol\u00f3gica certificada. Cosecha manual.<\/p>\n<p class=\"label-sans-serif\">Elaboraci\u00f3n<\/p>\n<p class=\"small-sans-serif\">Aceite obtenido mediante procedimientos mec\u00e1nicos. Elaboraci\u00f3n del aceite en fr\u00edo (&lt;27\u00baC), batido ligero y extracci\u00f3n centr\u00edfuga en dos fases.<\/p>\n<p class=\"label-sans-serif\">Producci\u00f3n<\/p>\n<p class=\"small-sans-serif\">Cosecha 2020: 900 botellas.<\/p>\n","protected":false},"featured_media":33773,"comment_status":"open","ping_status":"closed","template":"","meta":{"_acf_changed":false},"product_brand":[],"product_cat":[46],"product_tag":[],"class_list":{"0":"post-4331","1":"product","2":"type-product","3":"status-publish","4":"has-post-thumbnail","6":"product_cat-oils-es","7":"pa_characteristics-oils-premium-es","8":"pa_origin-can-calopa-es","9":"pa_unity-caja-12-unidades","10":"pa_unity-single-es","12":"first","13":"outofstock","14":"shipping-taxable","15":"purchasable","16":"product-type-simple"},"acf":[],"jetpack_sharing_enabled":true,"_links":{"self":[{"href":"https:\/\/olivera.org\/es\/wp-json\/wp\/v2\/product\/4331","targetHints":{"allow":["GET"]}}],"collection":[{"href":"https:\/\/olivera.org\/es\/wp-json\/wp\/v2\/product"}],"about":[{"href":"https:\/\/olivera.org\/es\/wp-json\/wp\/v2\/types\/product"}],"replies":[{"embeddable":true,"href":"https:\/\/olivera.org\/es\/wp-json\/wp\/v2\/comments?post=4331"}],"version-history":[{"count":0,"href":"https:\/\/olivera.org\/es\/wp-json\/wp\/v2\/product\/4331\/revisions"}],"wp:featuredmedia":[{"embeddable":true,"href":"https:\/\/olivera.org\/es\/wp-json\/wp\/v2\/media\/33773"}],"wp:attachment":[{"href":"https:\/\/olivera.org\/es\/wp-json\/wp\/v2\/media?parent=4331"}],"wp:term":[{"taxonomy":"product_brand","embeddable":true,"href":"https:\/\/olivera.org\/es\/wp-json\/wp\/v2\/product_brand?post=4331"},{"taxonomy":"product_cat","embeddable":true,"href":"https:\/\/olivera.org\/es\/wp-json\/wp\/v2\/product_cat?post=4331"},{"taxonomy":"product_tag","embeddable":true,"href":"https:\/\/olivera.org\/es\/wp-json\/wp\/v2\/product_tag?post=4331"}],"curies":[{"name":"wp","href":"https:\/\/api.w.org\/{rel}","templated":true}]}}