{"id":4556,"date":"2020-10-22T18:33:09","date_gmt":"2020-10-22T18:33:09","guid":{"rendered":"https:\/\/olivera.org\/product\/tossudes\/"},"modified":"2026-04-06T14:48:27","modified_gmt":"2026-04-06T14:48:27","slug":"tossudes","status":"publish","type":"product","link":"https:\/\/olivera.org\/es\/producte\/tossudes\/","title":{"rendered":"Tossudes"},"content":{"rendered":"\t\t<div data-elementor-type=\"wp-post\" data-elementor-id=\"4556\" class=\"elementor elementor-4556 elementor-459\" data-elementor-post-type=\"product\">\n\t\t\t\t\t\t<section class=\"elementor-section elementor-top-section elementor-element elementor-element-24bec9dd elementor-section-boxed elementor-section-height-default elementor-section-height-default\" data-id=\"24bec9dd\" data-element_type=\"section\">\n\t\t\t\t\t\t<div class=\"elementor-container elementor-column-gap-default\">\n\t\t\t\t\t<div class=\"elementor-column elementor-col-100 elementor-top-column elementor-element elementor-element-4fa321e6\" data-id=\"4fa321e6\" data-element_type=\"column\">\n\t\t\t<div class=\"elementor-widget-wrap elementor-element-populated\">\n\t\t\t\t\t\t<div class=\"elementor-element elementor-element-853b140 elementor-widget elementor-widget-heading\" data-id=\"853b140\" data-element_type=\"widget\" data-widget_type=\"heading.default\">\n\t\t\t\t<div class=\"elementor-widget-container\">\n\t\t\t\t\t<h2 class=\"elementor-heading-title elementor-size-default\">Tossudes 2023<\/h2>\t\t\t\t<\/div>\n\t\t\t\t<\/div>\n\t\t\t\t<div class=\"elementor-element elementor-element-b1183d0 elementor-widget elementor-widget-text-editor\" data-id=\"b1183d0\" data-element_type=\"widget\" data-widget_type=\"text-editor.default\">\n\t\t\t\t<div class=\"elementor-widget-container\">\n\t\t\t\t\t\t\t\t\t<p class=\"label-sans-serif\">Caracter\u00edsticas de la cosecha<\/p>\n<p class=\"big-serif\">La a\u00f1ada 2023 fue, como la 2022, tambi\u00e9n muy complicada a nivel agron\u00f3mico, sobre todo por la escasa pluviometr\u00eda y distintos episodios excepcionales con numerosos d\u00edas con temperaturas m\u00e1ximas por encima de los 35\u00baC. Todos estos elementos provocaron un desarrollo limitado de las plantas y una reducci\u00f3n considerable de la producci\u00f3n (entre un 30 y un 80% inferior a la media en nuestras condiciones de viticultura de secano). Estas condiciones extremas de calor y sequ\u00eda nos obligaron a avanzar la vendimia para mantener el equilibrio y la calidad de la uva. La iniciamos muy temprano, el 18 de agosto y la terminamos el 4 de octubre. Las condiciones de sequ\u00eda y baja humedad permitieron, al menos, obtener una uva en condiciones sanitarias ideales y sin ninguna afectaci\u00f3n f\u00fangica.<\/p>\n\t\t\t\t\t\t\t\t<\/div>\n\t\t\t\t<\/div>\n\t\t\t\t\t<\/div>\n\t\t<\/div>\n\t\t\t\t\t<\/div>\n\t\t<\/section>\n\t\t\t\t<section class=\"elementor-section elementor-top-section elementor-element elementor-element-3d2796f elementor-section-big elementor-section-height-default elementor-section-height-default\" data-id=\"3d2796f\" data-element_type=\"section\">\n\t\t\t\t\t\t<div class=\"elementor-container elementor-column-gap-default\">\n\t\t\t\t\t<div class=\"elementor-column elementor-col-50 elementor-top-column elementor-element elementor-element-286b55e\" data-id=\"286b55e\" data-element_type=\"column\">\n\t\t\t<div class=\"elementor-widget-wrap elementor-element-populated\">\n\t\t\t\t\t\t<div class=\"elementor-element elementor-element-17bf31d elementor-widget elementor-widget-image\" data-id=\"17bf31d\" data-element_type=\"widget\" data-widget_type=\"image.default\">\n\t\t\t\t<div class=\"elementor-widget-container\">\n\t\t\t\t\t\t\t\t\t\t\t\t\t\t\t<img fetchpriority=\"high\" decoding=\"async\" width=\"1200\" height=\"1200\" src=\"https:\/\/olivera.org\/wp-content\/uploads\/2021\/01\/tossudes-lolivera-01.jpg\" class=\"attachment-full size-full wp-image-2100\" alt=\"\" srcset=\"https:\/\/olivera.org\/wp-content\/uploads\/2021\/01\/tossudes-lolivera-01.jpg 1200w, https:\/\/olivera.org\/wp-content\/uploads\/2021\/01\/tossudes-lolivera-01-600x600.jpg 600w, https:\/\/olivera.org\/wp-content\/uploads\/2021\/01\/tossudes-lolivera-01-100x100.jpg 100w, https:\/\/olivera.org\/wp-content\/uploads\/2021\/01\/tossudes-lolivera-01-300x300.jpg 300w, https:\/\/olivera.org\/wp-content\/uploads\/2021\/01\/tossudes-lolivera-01-1024x1024.jpg 1024w, https:\/\/olivera.org\/wp-content\/uploads\/2021\/01\/tossudes-lolivera-01-150x150.jpg 150w, https:\/\/olivera.org\/wp-content\/uploads\/2021\/01\/tossudes-lolivera-01-768x768.jpg 768w\" sizes=\"(max-width: 1200px) 100vw, 1200px\" \/>\t\t\t\t\t\t\t\t\t\t\t\t\t\t\t<\/div>\n\t\t\t\t<\/div>\n\t\t\t\t\t<\/div>\n\t\t<\/div>\n\t\t\t\t<div class=\"elementor-column elementor-col-50 elementor-top-column elementor-element elementor-element-d3c2618\" data-id=\"d3c2618\" data-element_type=\"column\">\n\t\t\t<div class=\"elementor-widget-wrap elementor-element-populated\">\n\t\t\t\t\t\t<div class=\"elementor-element elementor-element-34de79d elementor-widget elementor-widget-image\" data-id=\"34de79d\" data-element_type=\"widget\" data-widget_type=\"image.default\">\n\t\t\t\t<div class=\"elementor-widget-container\">\n\t\t\t\t\t\t\t\t\t\t\t\t\t\t\t<img decoding=\"async\" width=\"1200\" height=\"1600\" src=\"https:\/\/olivera.org\/wp-content\/uploads\/2021\/01\/tossudes-lolivera-03.jpg\" class=\"attachment-full size-full wp-image-2106\" alt=\"\" srcset=\"https:\/\/olivera.org\/wp-content\/uploads\/2021\/01\/tossudes-lolivera-03.jpg 1200w, https:\/\/olivera.org\/wp-content\/uploads\/2021\/01\/tossudes-lolivera-03-600x800.jpg 600w, https:\/\/olivera.org\/wp-content\/uploads\/2021\/01\/tossudes-lolivera-03-225x300.jpg 225w, https:\/\/olivera.org\/wp-content\/uploads\/2021\/01\/tossudes-lolivera-03-768x1024.jpg 768w, https:\/\/olivera.org\/wp-content\/uploads\/2021\/01\/tossudes-lolivera-03-1152x1536.jpg 1152w\" sizes=\"(max-width: 1200px) 100vw, 1200px\" \/>\t\t\t\t\t\t\t\t\t\t\t\t\t\t\t<\/div>\n\t\t\t\t<\/div>\n\t\t\t\t\t<\/div>\n\t\t<\/div>\n\t\t\t\t\t<\/div>\n\t\t<\/section>\n\t\t\t\t<section class=\"elementor-section elementor-top-section elementor-element elementor-element-d0b12d0 elementor-section-boxed elementor-section-height-default elementor-section-height-default\" data-id=\"d0b12d0\" data-element_type=\"section\">\n\t\t\t\t\t\t<div class=\"elementor-container elementor-column-gap-default\">\n\t\t\t\t\t<div class=\"elementor-column elementor-col-100 elementor-top-column elementor-element elementor-element-4f57db7\" data-id=\"4f57db7\" data-element_type=\"column\">\n\t\t\t<div class=\"elementor-widget-wrap elementor-element-populated\">\n\t\t\t\t\t\t<div class=\"elementor-element elementor-element-195ca30 elementor-widget elementor-widget-text-editor\" data-id=\"195ca30\" data-element_type=\"widget\" data-widget_type=\"text-editor.default\">\n\t\t\t\t<div class=\"elementor-widget-container\">\n\t\t\t\t\t\t\t\t\t<p class=\"label-sans-serif\">Viticultura y elaboraci\u00f3n<\/p>\n<p class=\"big-serif\">Viticultura de secano ecol\u00f3gica certificada. Vendimiada a mano en peque\u00f1as cajas de 10-12 quilos, la uva, si es necesario, pasa por una mesa de selecci\u00f3n. Las variedades de uva fermentan en dep\u00f3sitos de<em>pigeage<\/em> con hundimiento peri\u00f3dico del hollejo que, al final de la fermentaci\u00f3n, combinamos con alg\u00fan remontado abierto. Elaboramos las variedades por separado en dep\u00f3sitos que trabajamos manualmente y a temperatura controlada a fin de obtener extracciones suaves. Es durante el proceso de mezcla que decidimos las proporciones de cada una de las variedades que conformar\u00e1n el Tossudes.<\/p>\n\t\t\t\t\t\t\t\t<\/div>\n\t\t\t\t<\/div>\n\t\t\t\t\t<\/div>\n\t\t<\/div>\n\t\t\t\t\t<\/div>\n\t\t<\/section>\n\t\t\t\t<section class=\"elementor-section elementor-top-section elementor-element elementor-element-988e726 elementor-section-boxed elementor-section-height-default elementor-section-height-default\" data-id=\"988e726\" data-element_type=\"section\">\n\t\t\t\t\t\t<div class=\"elementor-container elementor-column-gap-default\">\n\t\t\t\t\t<div class=\"elementor-column elementor-col-100 elementor-top-column elementor-element elementor-element-cd6a6cf\" data-id=\"cd6a6cf\" data-element_type=\"column\">\n\t\t\t<div class=\"elementor-widget-wrap elementor-element-populated\">\n\t\t\t\t\t\t<div class=\"elementor-element elementor-element-366b44c elementor-widget elementor-widget-text-editor\" data-id=\"366b44c\" data-element_type=\"widget\" data-widget_type=\"text-editor.default\">\n\t\t\t\t<div class=\"elementor-widget-container\">\n\t\t\t\t\t\t\t\t\t<p class=\"label-sans-serif\">Anal\u00edtica<\/p>\n<p class=\"small-sans-serif\">Grau alcoh\u00f2lic: 13,5%<br \/>Acidesa total: 3,77 g\/l (\u00e0cid sulf\u00faric)<br \/>Acidesa vol\u00e0til: 0,36 g\/l<br \/>Sucre residual: &lt;0,5 g\/l (glucosa + fructosa)<br \/>Sulfur\u00f3s total: 65 mg\/l<\/p>\n\t\t\t\t\t\t\t\t<\/div>\n\t\t\t\t<\/div>\n\t\t\t\t\t<\/div>\n\t\t<\/div>\n\t\t\t\t\t<\/div>\n\t\t<\/section>\n\t\t\t\t<section class=\"elementor-section elementor-top-section elementor-element elementor-element-cb8ed34 elementor-section-boxed elementor-section-height-default elementor-section-height-default\" data-id=\"cb8ed34\" data-element_type=\"section\">\n\t\t\t\t\t\t<div class=\"elementor-container elementor-column-gap-default\">\n\t\t\t\t\t<div class=\"elementor-column elementor-col-100 elementor-top-column elementor-element elementor-element-5ea3b49\" data-id=\"5ea3b49\" data-element_type=\"column\">\n\t\t\t<div class=\"elementor-widget-wrap elementor-element-populated\">\n\t\t\t\t\t\t<div class=\"elementor-element elementor-element-317ca94 elementor-widget elementor-widget-text-editor\" data-id=\"317ca94\" data-element_type=\"widget\" data-widget_type=\"text-editor.default\">\n\t\t\t\t<div class=\"elementor-widget-container\">\n\t\t\t\t\t\t\t\t\t<p class=\"label-sans-serif\">Cata<\/p>\n<p class=\"big-serif\">Color granate con ribete azulado. En nariz es fresco, con un aroma intenso donde sobresalen las notas florales (violeta) y la fruta roja (cereza) y negra, con un toque especiado. En boca es ligero y fresco, con una buena acidez en un vino \u00e1gil y f\u00e1cil de beber. El Tossudes combina bien con la pizza y la pasta, las carnes blancas y los quesos blandos de intensidad media. Tambi\u00e9n es un vino ideal para tomar a copas.<\/p>\n\t\t\t\t\t\t\t\t<\/div>\n\t\t\t\t<\/div>\n\t\t\t\t\t<\/div>\n\t\t<\/div>\n\t\t\t\t\t<\/div>\n\t\t<\/section>\n\t\t\t\t<section class=\"elementor-section elementor-top-section elementor-element elementor-element-3a78b3d elementor-section-boxed elementor-section-height-default elementor-section-height-default\" data-id=\"3a78b3d\" data-element_type=\"section\">\n\t\t\t\t\t\t<div class=\"elementor-container elementor-column-gap-default\">\n\t\t\t\t\t<div class=\"elementor-column elementor-col-100 elementor-top-column elementor-element elementor-element-a94e5d6\" data-id=\"a94e5d6\" data-element_type=\"column\">\n\t\t\t<div class=\"elementor-widget-wrap elementor-element-populated\">\n\t\t\t\t\t\t<section class=\"elementor-section elementor-inner-section elementor-element elementor-element-9a6c081 elementor-section-boxed elementor-section-height-default elementor-section-height-default\" data-id=\"9a6c081\" data-element_type=\"section\">\n\t\t\t\t\t\t<div class=\"elementor-container elementor-column-gap-default\">\n\t\t\t\t\t<div class=\"elementor-column elementor-col-50 elementor-inner-column elementor-element elementor-element-0f172a7\" data-id=\"0f172a7\" data-element_type=\"column\">\n\t\t\t<div class=\"elementor-widget-wrap elementor-element-populated\">\n\t\t\t\t\t\t<div class=\"elementor-element elementor-element-f869da9 elementor-widget elementor-widget-text-editor\" data-id=\"f869da9\" data-element_type=\"widget\" data-widget_type=\"text-editor.default\">\n\t\t\t\t<div class=\"elementor-widget-container\">\n\t\t\t\t\t\t\t\t\t<p class=\"small-sans-serif label-sans-serif\">Reconocimientos<\/p>\n<p class=\"small-sans-serif\"><strong>Guia Pe\u00f1\u00edn:<\/strong><br \/>2022: 87 puntos (a\u00f1ada 2019)<br \/><strong><br \/>Guia de Vins de Catalunya:<\/strong><br \/>2021: 7,79 puntos (a\u00f1ada 2018)<br \/>2019: 9,2 puntos (a\u00f1ada 2016)<br \/>2018: 9,4 puntos (a\u00f1ada 2015)<\/p>\n\t\t\t\t\t\t\t\t<\/div>\n\t\t\t\t<\/div>\n\t\t\t\t\t<\/div>\n\t\t<\/div>\n\t\t\t\t<div class=\"elementor-column elementor-col-50 elementor-inner-column elementor-element elementor-element-1c4a711\" data-id=\"1c4a711\" data-element_type=\"column\">\n\t\t\t<div class=\"elementor-widget-wrap elementor-element-populated\">\n\t\t\t\t\t\t<div class=\"elementor-element elementor-element-2edbfc4 elementor-widget elementor-widget-text-editor\" data-id=\"2edbfc4\" data-element_type=\"widget\" data-widget_type=\"text-editor.default\">\n\t\t\t\t<div class=\"elementor-widget-container\">\n\t\t\t\t\t\t\t\t\t<p><span style=\"font-weight: bolder; font-family: Inter, sans-serif; font-size: 18px;\">International Wine Awards 2019:<br \/><\/span><span style=\"font-family: Inter, sans-serif; font-size: 18px;\">Medalla de plata (a\u00f1ada 2017)<br \/><\/span><span style=\"font-weight: bolder; font-family: Inter, sans-serif; font-size: 18px;\"><br \/><\/span><\/p><\/p>\n\t\t\t\t\t\t\t\t<\/div>\n\t\t\t\t<\/div>\n\t\t\t\t\t<\/div>\n\t\t<\/div>\n\t\t\t\t\t<\/div>\n\t\t<\/section>\n\t\t\t\t\t<\/div>\n\t\t<\/div>\n\t\t\t\t\t<\/div>\n\t\t<\/section>\n\t\t\t\t<\/div>\n\t\t","protected":false},"excerpt":{"rendered":"<p class=\"big-serif\">En L&#8217;Olivera somos TOSSUDES. Tozudas como las vi\u00f1as que resisten en nuestras tierras de secano. Tozudas como la niebla del invierno y el bochorno de los mediod\u00edas de verano. Tozudas como la ilusi\u00f3n que nos impulsa a hacer viable un proyecto como el nuestro, a veces a contracorriente de algunos valores que los nuevos tiempos van imponiendo. De este car\u00e1cter tozudo y perseverante proviene el primer vino tinto de L&#8217;Olivera, que nace en el a\u00f1o 2008 despu\u00e9s de 20 a\u00f1os de trayectoria en la elaboraci\u00f3n de vinos blancos. Un vino que sale de vendimias tozudas, con ilusiones tozudas como las manos que en ellas trabajan.<\/p>\n<p><img decoding=\"async\" class=\"alignnone wp-image-2101 size-full\" src=\"https:\/\/olivera.org\/wp-content\/uploads\/2021\/01\/tossudes-lolivera-02.jpg\" alt=\"\" width=\"1200\" height=\"1600\" srcset=\"https:\/\/olivera.org\/wp-content\/uploads\/2021\/01\/tossudes-lolivera-02.jpg 1200w, https:\/\/olivera.org\/wp-content\/uploads\/2021\/01\/tossudes-lolivera-02-600x800.jpg 600w, https:\/\/olivera.org\/wp-content\/uploads\/2021\/01\/tossudes-lolivera-02-225x300.jpg 225w, https:\/\/olivera.org\/wp-content\/uploads\/2021\/01\/tossudes-lolivera-02-768x1024.jpg 768w, https:\/\/olivera.org\/wp-content\/uploads\/2021\/01\/tossudes-lolivera-02-1152x1536.jpg 1152w\" sizes=\"(max-width: 1200px) 100vw, 1200px\" \/><\/p>\n<p class=\"big-serif\">El Tossudes es un joven maduro, con un cuidado coupage de variedades tintas y una crianza en dep\u00f3sito y botella a fin de conseguir el afinamiento y la m\u00e1xima expresi\u00f3n que nos hemos propuesto. El resultado es un vino complejo, con aromas de fruta negra y notas blas\u00e1micas, de sotobosque y especiadas. Con el Tossudes queremos ir un paso m\u00e1s all\u00e1 en la elaboraci\u00f3n de vinos tintos, dot\u00e1ndolos de la personalidad que nos ha hecho perseverar y llegar donde estamos. Un car\u00e1cter joven y \u00e1gil y, a la vez, maduro y complejo. As\u00ed es L&#8217;Olivera. As\u00ed es el Tossudes: un universo vivido y pensado por personas valientes y con car\u00e1cter.<\/p>\n<p class=\"label-sans-serif\">Paisaje<\/p>\n<p class=\"small-sans-serif\">ORIGEN: Vi\u00f1as de diferentes municipios de la subzona Valls del Riu Corb de la DO Costers del Segre y parcelas familiares del entorno de Bonretorn, en la vertiente sur de la sierra de Prades, en Tarragona. SUELOS: Suelos arcillocalc\u00e1reos con niveles de pedregosidad y profundidad variables. CLIMA: El clima es mediterr\u00e1neo continental, con inviernos fr\u00edos y secos y veranos calurosos, dulcificados por el viento que, por las tardes, viene del mar (la marinada) y refresca las noches, sobre todo durante el per\u00edodo de maduraci\u00f3n. Las lluvias, escasas, se concentran en oto\u00f1o y primavera (350-450 mm anuales).<\/p>\n<p class=\"label-sans-serif\">Variedades<\/p>\n<p class=\"small-sans-serif\">Garnacha (90%), Cari\u00f1ena (7%) y Tempranillo (3%)<\/p>\n<p class=\"label-sans-serif\">Viticultura<\/p>\n<p class=\"small-sans-serif\">Agricultura ecol\u00f3gica. Vendimia manual en cajas de 10-12 kg.<\/p>\n<p class=\"label-sans-serif\">Vinificaci\u00f3n<\/p>\n<p class=\"small-sans-serif\">Fermentaci\u00f3n a temperatura controlada en dep\u00f3sitos de <em>pigeage<\/em> con hundimiento peri\u00f3dico del hollejo. Crianza de un a\u00f1o en botella.<\/p>\n<p class=\"label-sans-serif\">Producci\u00f3n<\/p>\n<p class=\"small-sans-serif\">A\u00f1ada 2024: 11.426 botellas<\/p>\n","protected":false},"featured_media":33866,"comment_status":"open","ping_status":"closed","template":"","meta":{"_acf_changed":false},"product_brand":[],"product_cat":[47],"product_tag":[],"class_list":{"0":"post-4556","1":"product","2":"type-product","3":"status-publish","4":"has-post-thumbnail","6":"product_cat-wines-es","7":"pa_characteristics-wines-jovenes","8":"pa_origin-vallbona-es","9":"pa_unity-box-es","10":"pa_unity-single-es","11":"pa_wine-type-negros","13":"first","14":"instock","15":"shipping-taxable","16":"purchasable","17":"product-type-simple"},"acf":[],"jetpack_sharing_enabled":true,"_links":{"self":[{"href":"https:\/\/olivera.org\/es\/wp-json\/wp\/v2\/product\/4556","targetHints":{"allow":["GET"]}}],"collection":[{"href":"https:\/\/olivera.org\/es\/wp-json\/wp\/v2\/product"}],"about":[{"href":"https:\/\/olivera.org\/es\/wp-json\/wp\/v2\/types\/product"}],"replies":[{"embeddable":true,"href":"https:\/\/olivera.org\/es\/wp-json\/wp\/v2\/comments?post=4556"}],"version-history":[{"count":6,"href":"https:\/\/olivera.org\/es\/wp-json\/wp\/v2\/product\/4556\/revisions"}],"predecessor-version":[{"id":34715,"href":"https:\/\/olivera.org\/es\/wp-json\/wp\/v2\/product\/4556\/revisions\/34715"}],"wp:featuredmedia":[{"embeddable":true,"href":"https:\/\/olivera.org\/es\/wp-json\/wp\/v2\/media\/33866"}],"wp:attachment":[{"href":"https:\/\/olivera.org\/es\/wp-json\/wp\/v2\/media?parent=4556"}],"wp:term":[{"taxonomy":"product_brand","embeddable":true,"href":"https:\/\/olivera.org\/es\/wp-json\/wp\/v2\/product_brand?post=4556"},{"taxonomy":"product_cat","embeddable":true,"href":"https:\/\/olivera.org\/es\/wp-json\/wp\/v2\/product_cat?post=4556"},{"taxonomy":"product_tag","embeddable":true,"href":"https:\/\/olivera.org\/es\/wp-json\/wp\/v2\/product_tag?post=4556"}],"curies":[{"name":"wp","href":"https:\/\/api.w.org\/{rel}","templated":true}]}}