{"id":4566,"date":"2020-12-04T12:19:55","date_gmt":"2021-02-24T16:08:21","guid":{"rendered":"https:\/\/olivera.org\/product\/vino-de-cada-dia-blanco-5l\/"},"modified":"2026-03-26T00:53:59","modified_gmt":"2026-03-26T00:53:59","slug":"vino-de-cada-dia-blanco-5l","status":"publish","type":"product","link":"https:\/\/olivera.org\/es\/producte\/vino-de-cada-dia-blanco-5l\/","title":{"rendered":"Vino de Cada D\u00eda blanco 5L"},"content":{"rendered":"","protected":false},"excerpt":{"rendered":"<p class=\"big-serif\">Pensado para disfrutarlo cada d\u00eda, ideal para aquellas personas que incorporan el vino como un alimento m\u00e1s en su dieta mediterr\u00e1nea diaria, buscando perfiles suaves y \u00e1giles que les acompa\u00f1en en la mesa.<\/p>\n<h2><img fetchpriority=\"high\" decoding=\"async\" class=\"alignnone wp-image-2116 size-full\" src=\"https:\/\/olivera.org\/wp-content\/uploads\/2021\/01\/vi-blanc-cada-dia-lolivera-01.jpg\" alt=\"\" width=\"1200\" height=\"1600\" srcset=\"https:\/\/olivera.org\/wp-content\/uploads\/2021\/01\/vi-blanc-cada-dia-lolivera-01.jpg 1200w, https:\/\/olivera.org\/wp-content\/uploads\/2021\/01\/vi-blanc-cada-dia-lolivera-01-600x800.jpg 600w, https:\/\/olivera.org\/wp-content\/uploads\/2021\/01\/vi-blanc-cada-dia-lolivera-01-225x300.jpg 225w, https:\/\/olivera.org\/wp-content\/uploads\/2021\/01\/vi-blanc-cada-dia-lolivera-01-768x1024.jpg 768w, https:\/\/olivera.org\/wp-content\/uploads\/2021\/01\/vi-blanc-cada-dia-lolivera-01-1152x1536.jpg 1152w\" sizes=\"(max-width: 1200px) 100vw, 1200px\" \/><\/h2>\n<p class=\"big-serif\">Fresco y joven, el Vi de Cada Dia Blanc nos transporta al paisaje fresco de Vallbona de les Monges, de donde sale este vino que riega nuestra comidas. El formato de <em>bag-in-box<\/em>, adem\u00e1s, conserva el vino en buenas condiciones, es apto para guardarlo en el frigor\u00edfico y permite un f\u00e1cil servicio.<\/p>\n<p class=\"label-sans-serif\">Variedades<\/p>\n<p class=\"small-sans-serif\">El coupage puede variar en funci\u00f3n de cada cosecha y lote, integrando sobre todo Macabeo, Parellada, Garnacha Blanca y Xarel\u00b7lo.<\/p>\n<p class=\"label-sans-serif\">Cata<\/p>\n<p class=\"small-sans-serif\">Suave y equilibrado, es el tipo de vino que acompa\u00f1a la cocina diaria Su frescor lo hace ideal para tomar a copas.<\/p>\n","protected":false},"featured_media":25401,"comment_status":"open","ping_status":"closed","template":"","meta":{"_acf_changed":false},"product_brand":[],"product_cat":[47],"product_tag":[],"class_list":{"0":"post-4566","1":"product","2":"type-product","3":"status-publish","4":"has-post-thumbnail","6":"product_cat-wines-es","7":"pa_characteristics-wines-cada-dia-es","8":"pa_origin-vallbona-es","9":"pa_unity-single-es","10":"pa_wine-type-blancos","12":"first","13":"instock","14":"shipping-taxable","15":"purchasable","16":"product-type-variable"},"acf":[],"jetpack_sharing_enabled":true,"_links":{"self":[{"href":"https:\/\/olivera.org\/es\/wp-json\/wp\/v2\/product\/4566","targetHints":{"allow":["GET"]}}],"collection":[{"href":"https:\/\/olivera.org\/es\/wp-json\/wp\/v2\/product"}],"about":[{"href":"https:\/\/olivera.org\/es\/wp-json\/wp\/v2\/types\/product"}],"replies":[{"embeddable":true,"href":"https:\/\/olivera.org\/es\/wp-json\/wp\/v2\/comments?post=4566"}],"version-history":[{"count":0,"href":"https:\/\/olivera.org\/es\/wp-json\/wp\/v2\/product\/4566\/revisions"}],"wp:featuredmedia":[{"embeddable":true,"href":"https:\/\/olivera.org\/es\/wp-json\/wp\/v2\/media\/25401"}],"wp:attachment":[{"href":"https:\/\/olivera.org\/es\/wp-json\/wp\/v2\/media?parent=4566"}],"wp:term":[{"taxonomy":"product_brand","embeddable":true,"href":"https:\/\/olivera.org\/es\/wp-json\/wp\/v2\/product_brand?post=4566"},{"taxonomy":"product_cat","embeddable":true,"href":"https:\/\/olivera.org\/es\/wp-json\/wp\/v2\/product_cat?post=4566"},{"taxonomy":"product_tag","embeddable":true,"href":"https:\/\/olivera.org\/es\/wp-json\/wp\/v2\/product_tag?post=4566"}],"curies":[{"name":"wp","href":"https:\/\/api.w.org\/{rel}","templated":true}]}}