{"id":6276,"date":"2020-10-15T16:02:40","date_gmt":"2020-10-15T16:02:40","guid":{"rendered":"https:\/\/olivera.org\/product\/agaliu\/"},"modified":"2026-04-13T08:49:37","modified_gmt":"2026-04-13T08:49:37","slug":"agaliu-vino-blanco","status":"publish","type":"product","link":"https:\/\/olivera.org\/es\/producte\/agaliu-vino-blanco\/","title":{"rendered":"Agaliu"},"content":{"rendered":"\t\t<div data-elementor-type=\"wp-post\" data-elementor-id=\"6276\" class=\"elementor elementor-6276 elementor-202\" data-elementor-post-type=\"product\">\n\t\t\t\t\t\t<section class=\"elementor-section elementor-top-section elementor-element elementor-element-355625e elementor-section-boxed elementor-section-height-default elementor-section-height-default\" data-id=\"355625e\" data-element_type=\"section\">\n\t\t\t\t\t\t<div class=\"elementor-container elementor-column-gap-default\">\n\t\t\t\t\t<div class=\"elementor-column elementor-col-100 elementor-top-column elementor-element elementor-element-dfc6ce8\" data-id=\"dfc6ce8\" data-element_type=\"column\">\n\t\t\t<div class=\"elementor-widget-wrap elementor-element-populated\">\n\t\t\t\t\t\t<div class=\"elementor-element elementor-element-9e8d04e elementor-widget elementor-widget-heading\" data-id=\"9e8d04e\" data-element_type=\"widget\" data-widget_type=\"heading.default\">\n\t\t\t\t<div class=\"elementor-widget-container\">\n\t\t\t\t\t<h2 class=\"elementor-heading-title elementor-size-default\">Agaliu 2024<\/h2>\t\t\t\t<\/div>\n\t\t\t\t<\/div>\n\t\t\t\t\t<\/div>\n\t\t<\/div>\n\t\t\t\t\t<\/div>\n\t\t<\/section>\n\t\t\t\t<section class=\"elementor-section elementor-top-section elementor-element elementor-element-74c278a elementor-section-boxed elementor-section-height-default elementor-section-height-default\" data-id=\"74c278a\" data-element_type=\"section\">\n\t\t\t\t\t\t<div class=\"elementor-container elementor-column-gap-default\">\n\t\t\t\t\t<div class=\"elementor-column elementor-col-100 elementor-top-column elementor-element elementor-element-b97666f\" data-id=\"b97666f\" data-element_type=\"column\">\n\t\t\t<div class=\"elementor-widget-wrap elementor-element-populated\">\n\t\t\t\t\t\t<div class=\"elementor-element elementor-element-a49966d elementor-widget elementor-widget-text-editor\" data-id=\"a49966d\" data-element_type=\"widget\" data-widget_type=\"text-editor.default\">\n\t\t\t\t<div class=\"elementor-widget-container\">\n\t\t\t\t\t\t\t\t\t<p class=\"label-sans-serif\">Caracter\u00edsticas de la cosecha<\/p><p class=\"big-serif\">La a\u00f1ada 2024, al igual que las de 2022 y 2023, fue muy complicada a nivel clim\u00e1tico. En nuestra zona, la pluviometr\u00eda hasta el oto\u00f1o fue muy escasa, lo que se sum\u00f3 a la sequ\u00eda persistente de los dos a\u00f1os anteriores. Esto provoc\u00f3 que, en condiciones de secano, el desarrollo de las plantas fuera m\u00e1s de resistencia que de productividad. Adem\u00e1s, la helada de la noche del 23 de abril afect\u00f3 gravemente los brotes tiernos, especialmente en las vi\u00f1as situadas en el fondo del valle. Estas condiciones redujeron la productividad a un 20% de la media interanual. A nivel t\u00e9rmico, no adelantamos tanto la vendimia como en las dos \u00faltimas a\u00f1adas y la alargamos un poco m\u00e1s: tuvo lugar entre el 21 de agosto y el 8 de octubre. No obstante, la sequ\u00eda y la baja humedad favorecieron una uva con un estado sanitario excelente, sin presencia de hongos ni enfermedades.<\/p>\t\t\t\t\t\t\t\t<\/div>\n\t\t\t\t<\/div>\n\t\t\t\t\t<\/div>\n\t\t<\/div>\n\t\t\t\t\t<\/div>\n\t\t<\/section>\n\t\t\t\t<section class=\"elementor-section elementor-top-section elementor-element elementor-element-73d2fe0 elementor-section-big elementor-section-height-default elementor-section-height-default\" data-id=\"73d2fe0\" data-element_type=\"section\">\n\t\t\t\t\t\t<div class=\"elementor-container elementor-column-gap-default\">\n\t\t\t\t\t<div class=\"elementor-column elementor-col-50 elementor-top-column elementor-element elementor-element-5ca4d9f\" data-id=\"5ca4d9f\" data-element_type=\"column\">\n\t\t\t<div class=\"elementor-widget-wrap elementor-element-populated\">\n\t\t\t\t\t\t<div class=\"elementor-element elementor-element-962acf1 elementor-widget elementor-widget-image\" data-id=\"962acf1\" data-element_type=\"widget\" data-widget_type=\"image.default\">\n\t\t\t\t<div class=\"elementor-widget-container\">\n\t\t\t\t\t\t\t\t\t\t\t\t\t\t\t<img fetchpriority=\"high\" decoding=\"async\" width=\"1200\" height=\"1200\" src=\"https:\/\/olivera.org\/wp-content\/uploads\/2021\/01\/agaliu-lolivera-01.jpg\" class=\"attachment-full size-full wp-image-1968\" alt=\"\" srcset=\"https:\/\/olivera.org\/wp-content\/uploads\/2021\/01\/agaliu-lolivera-01.jpg 1200w, https:\/\/olivera.org\/wp-content\/uploads\/2021\/01\/agaliu-lolivera-01-600x600.jpg 600w, https:\/\/olivera.org\/wp-content\/uploads\/2021\/01\/agaliu-lolivera-01-100x100.jpg 100w, https:\/\/olivera.org\/wp-content\/uploads\/2021\/01\/agaliu-lolivera-01-300x300.jpg 300w, https:\/\/olivera.org\/wp-content\/uploads\/2021\/01\/agaliu-lolivera-01-1024x1024.jpg 1024w, https:\/\/olivera.org\/wp-content\/uploads\/2021\/01\/agaliu-lolivera-01-150x150.jpg 150w, https:\/\/olivera.org\/wp-content\/uploads\/2021\/01\/agaliu-lolivera-01-768x768.jpg 768w\" sizes=\"(max-width: 1200px) 100vw, 1200px\" \/>\t\t\t\t\t\t\t\t\t\t\t\t\t\t\t<\/div>\n\t\t\t\t<\/div>\n\t\t\t\t\t<\/div>\n\t\t<\/div>\n\t\t\t\t<div class=\"elementor-column elementor-col-50 elementor-top-column elementor-element elementor-element-4157e8d\" data-id=\"4157e8d\" data-element_type=\"column\">\n\t\t\t<div class=\"elementor-widget-wrap elementor-element-populated\">\n\t\t\t\t\t\t<div class=\"elementor-element elementor-element-33c917b elementor-widget elementor-widget-video\" data-id=\"33c917b\" data-element_type=\"widget\" data-settings=\"{&quot;video_type&quot;:&quot;hosted&quot;,&quot;autoplay&quot;:&quot;yes&quot;,&quot;loop&quot;:&quot;yes&quot;,&quot;play_on_mobile&quot;:&quot;yes&quot;,&quot;mute&quot;:&quot;yes&quot;}\" data-widget_type=\"video.default\">\n\t\t\t\t<div class=\"elementor-widget-container\">\n\t\t\t\t\t\t\t<div class=\"e-hosted-video elementor-wrapper elementor-open-inline\">\n\t\t\t\t\t<video class=\"elementor-video\" src=\"https:\/\/olivera.org\/wp-content\/uploads\/2020\/10\/agaliu-lolivera.mp4\" autoplay=\"\" loop=\"\" muted=\"muted\" playsinline=\"\" controlsList=\"nodownload\"><\/video>\n\t\t\t\t<\/div>\n\t\t\t\t\t\t<\/div>\n\t\t\t\t<\/div>\n\t\t\t\t\t<\/div>\n\t\t<\/div>\n\t\t\t\t\t<\/div>\n\t\t<\/section>\n\t\t\t\t<section class=\"elementor-section elementor-top-section elementor-element elementor-element-3f51ca6 elementor-section-boxed elementor-section-height-default elementor-section-height-default\" data-id=\"3f51ca6\" data-element_type=\"section\">\n\t\t\t\t\t\t<div class=\"elementor-container elementor-column-gap-default\">\n\t\t\t\t\t<div class=\"elementor-column elementor-col-100 elementor-top-column elementor-element elementor-element-716b6a6\" data-id=\"716b6a6\" data-element_type=\"column\">\n\t\t\t<div class=\"elementor-widget-wrap elementor-element-populated\">\n\t\t\t\t\t\t<div class=\"elementor-element elementor-element-bbf37fe elementor-widget elementor-widget-text-editor\" data-id=\"bbf37fe\" data-element_type=\"widget\" data-widget_type=\"text-editor.default\">\n\t\t\t\t<div class=\"elementor-widget-container\">\n\t\t\t\t\t\t\t\t\t<p class=\"label-sans-serif\">Viticultura y elaboraci\u00f3n<\/p><p class=\"big-serif\">Viticultura de secano ecol\u00f3gica certificada. Cosecha manual y prensa con el grano entero y el rasp\u00f3n. El 65% del mosto fermenta a temperatura controlada (15-17\u00baC) en barrica de roble americano y franc\u00e9s, con un porcentaje de madera nueva que nunca supera el 15%, para respetar el car\u00e1cter varietal del Macabeo. La crianza se realiza sobre las l\u00edas del vino durante 6-8 meses con battonage semanal para augmentar el volumen en boca y buscar una integraci\u00f3n m\u00e1s fina y elegante de la madera en el vino. Otra proporci\u00f3n del mosto, del 25%, fermenta en dep\u00f3sito de acero inoxidable y posteriormente hace una crianza de 2 meses en dep\u00f3sito de cemento, buscando un perfil m\u00e1s tensionado, m\u00e1s volumen en boca y un aroma m\u00e1s fresco. Un 6% del mosto ha estado 2 meses en \u00e1nfora de gres, para darle m\u00e1s complejidad arom\u00e1tica y m\u00e1s intensidad en boca. Finalmente, un 4% restante del vino fermenta en inoxidable para aportar frescor al coupage final.<\/p>\t\t\t\t\t\t\t\t<\/div>\n\t\t\t\t<\/div>\n\t\t\t\t\t<\/div>\n\t\t<\/div>\n\t\t\t\t\t<\/div>\n\t\t<\/section>\n\t\t\t\t<section class=\"elementor-section elementor-top-section elementor-element elementor-element-161deed elementor-section-boxed elementor-section-height-default elementor-section-height-default\" data-id=\"161deed\" data-element_type=\"section\">\n\t\t\t\t\t\t<div class=\"elementor-container elementor-column-gap-default\">\n\t\t\t\t\t<div class=\"elementor-column elementor-col-100 elementor-top-column elementor-element elementor-element-d231561\" data-id=\"d231561\" data-element_type=\"column\">\n\t\t\t<div class=\"elementor-widget-wrap elementor-element-populated\">\n\t\t\t\t\t\t<div class=\"elementor-element elementor-element-245340e elementor-widget elementor-widget-text-editor\" data-id=\"245340e\" data-element_type=\"widget\" data-widget_type=\"text-editor.default\">\n\t\t\t\t<div class=\"elementor-widget-container\">\n\t\t\t\t\t\t\t\t\t<p class=\"label-sans-serif\">Anal\u00edtica<\/p><p class=\"big-serif small-sans-serif\">Grado alcoh\u00f3lico: 13,07%<br \/>Acidez total: 5,2 g\/l (\u00e1cido sulf\u00farico)<br \/>Acidez vol\u00e1til: 0,39 g\/l<br \/>Az\u00facar residual: 0,3 g\/l (glucosa+fructosa)<br \/>Sulfuroso total: 63 mg\/l<\/p>\t\t\t\t\t\t\t\t<\/div>\n\t\t\t\t<\/div>\n\t\t\t\t\t<\/div>\n\t\t<\/div>\n\t\t\t\t\t<\/div>\n\t\t<\/section>\n\t\t\t\t<section class=\"elementor-section elementor-top-section elementor-element elementor-element-574b0aa elementor-section-boxed elementor-section-height-default elementor-section-height-default\" data-id=\"574b0aa\" data-element_type=\"section\">\n\t\t\t\t\t\t<div class=\"elementor-container elementor-column-gap-default\">\n\t\t\t\t\t<div class=\"elementor-column elementor-col-100 elementor-top-column elementor-element elementor-element-336f79d\" data-id=\"336f79d\" data-element_type=\"column\">\n\t\t\t<div class=\"elementor-widget-wrap elementor-element-populated\">\n\t\t\t\t\t\t<div class=\"elementor-element elementor-element-deaebaa elementor-widget elementor-widget-text-editor\" data-id=\"deaebaa\" data-element_type=\"widget\" data-widget_type=\"text-editor.default\">\n\t\t\t\t<div class=\"elementor-widget-container\">\n\t\t\t\t\t\t\t\t\t<p class=\"label-sans-serif\">Cata<\/p>\n<p class=\"big-serif\">Color amarillo paja, de aspecto limpio y brillante. Nariz intensa, con aromas de fruta fresca y c\u00edtricos y una presencia sutil de la fruta blanca (pera, manzana). Sutil y elegante, sobresalen tambi\u00e9n las notas florales, de flores blancas y flor de naranjo y un punto de miel. En boca es fino y equilibrado, con una buena acidez que le da persistencia. Buena armon\u00eda con todo tipo de arroces, mariscos macerados con lim\u00f3n (ceviche) o las verduras asadas.    <\/p>\n\t\t\t\t\t\t\t\t<\/div>\n\t\t\t\t<\/div>\n\t\t\t\t\t<\/div>\n\t\t<\/div>\n\t\t\t\t\t<\/div>\n\t\t<\/section>\n\t\t\t\t<section class=\"elementor-section elementor-top-section elementor-element elementor-element-3ed3530 elementor-section-boxed elementor-section-height-default elementor-section-height-default\" data-id=\"3ed3530\" data-element_type=\"section\">\n\t\t\t\t\t\t<div class=\"elementor-container elementor-column-gap-default\">\n\t\t\t\t\t<div class=\"elementor-column elementor-col-100 elementor-top-column elementor-element elementor-element-44239f6\" data-id=\"44239f6\" data-element_type=\"column\">\n\t\t\t<div class=\"elementor-widget-wrap elementor-element-populated\">\n\t\t\t\t\t\t<section class=\"elementor-section elementor-inner-section elementor-element elementor-element-eaaac32 elementor-section-boxed elementor-section-height-default elementor-section-height-default\" data-id=\"eaaac32\" data-element_type=\"section\">\n\t\t\t\t\t\t<div class=\"elementor-container elementor-column-gap-default\">\n\t\t\t\t\t<div class=\"elementor-column elementor-col-50 elementor-inner-column elementor-element elementor-element-6a8b298\" data-id=\"6a8b298\" data-element_type=\"column\">\n\t\t\t<div class=\"elementor-widget-wrap elementor-element-populated\">\n\t\t\t\t\t\t<div class=\"elementor-element elementor-element-ee8627b elementor-widget elementor-widget-text-editor\" data-id=\"ee8627b\" data-element_type=\"widget\" data-widget_type=\"text-editor.default\">\n\t\t\t\t<div class=\"elementor-widget-container\">\n\t\t\t\t\t\t\t\t\t<p class=\"label-sans-serif\">Reconocimientos<\/p><p class=\"small-sans-serif\"><strong>Gu\u00eda Pe\u00f1\u00edn<\/strong>: <br \/>2023: 91 puntos (a\u00f1ada 2020)<br \/>2022: 91 puntos (a\u00f1ada 2019)<br \/>2021: 91 puntos (a\u00f1ada 2018)<br \/>2020: 91 puntos (a\u00f1ada 2017)<\/p><p class=\"small-sans-serif\"><strong>Guia de Vins de Catalunya:<br \/><\/strong>2024: 9,68 puntos (a\u00f1ada 2021)<br \/>2021: 9,24 puntos (a\u00f1ada 2018)<br \/>2020: 9,5 puntos (a\u00f1ada 2018)<br \/>2019: 9,6 puntos (a\u00f1ada 2017)<br \/>2018: 9,6 puntos (a\u00f1ada 2016)<\/p><p><strong>Decanter, World Wine Awards:<\/strong><br \/>2025: Medalla de plata (a\u00f1ada 2023)<\/p>\t\t\t\t\t\t\t\t<\/div>\n\t\t\t\t<\/div>\n\t\t\t\t\t<\/div>\n\t\t<\/div>\n\t\t\t\t<div class=\"elementor-column elementor-col-50 elementor-inner-column elementor-element elementor-element-5e98b7b\" data-id=\"5e98b7b\" data-element_type=\"column\">\n\t\t\t<div class=\"elementor-widget-wrap elementor-element-populated\">\n\t\t\t\t\t\t<div class=\"elementor-element elementor-element-cb23db1 elementor-widget elementor-widget-text-editor\" data-id=\"cb23db1\" data-element_type=\"widget\" data-widget_type=\"text-editor.default\">\n\t\t\t\t<div class=\"elementor-widget-container\">\n\t\t\t\t\t\t\t\t\t<p class=\"small-sans-serif\"><strong><br \/>Decanter 2022:<br \/><\/strong>Medalla de plata (a\u00f1ada 2020)<strong><\/p>\n<p>Concours Mondial de Bruxelles 2022:<br \/><\/strong>Medalla de plata (a\u00f1ada 2020)<strong><\/p>\n<p>Golden Leaf Awards 2015:<\/strong><br \/>Medalla de plata (a\u00f1ada 2014)<\/p>\n\t\t\t\t\t\t\t\t<\/div>\n\t\t\t\t<\/div>\n\t\t\t\t\t<\/div>\n\t\t<\/div>\n\t\t\t\t\t<\/div>\n\t\t<\/section>\n\t\t\t\t\t<\/div>\n\t\t<\/div>\n\t\t\t\t\t<\/div>\n\t\t<\/section>\n\t\t\t\t<\/div>\n\t\t","protected":false},"excerpt":{"rendered":"<p class=\"big-serif\">Agaliu es una palabra del catal\u00e1n antiguo que significa esperanza, confianza de poder satisfacer un deseo. Nuestro deseo con este vino es reinterpretar los or\u00edgenes explorando nuevos caminos con elaboraciones m\u00e1s complejas. Es el deseo de buscar nuevas expresiones con una variedad como la Macabeo, conocida por su aptitud productiva y su sutilidad con la que trabajamos para conseguir vinos sutiles y complejos a la vez. Agaliu representa, pues, la ilusi\u00f3n de poner en valor esta variedad hist\u00f3rica y hacerlo con un vino monovarietal, el primer de la Denominaci\u00f3n de Origen Costers del Segre y uno de los primeros en Catalu\u00f1a.<\/p>\n<p><img decoding=\"async\" class=\"alignnone wp-image-1969 size-full\" src=\"https:\/\/olivera.org\/wp-content\/uploads\/2021\/01\/agaliu-lolivera-02.jpg\" alt=\"\" width=\"1200\" height=\"1600\" srcset=\"https:\/\/olivera.org\/wp-content\/uploads\/2021\/01\/agaliu-lolivera-02.jpg 1200w, https:\/\/olivera.org\/wp-content\/uploads\/2021\/01\/agaliu-lolivera-02-600x800.jpg 600w, https:\/\/olivera.org\/wp-content\/uploads\/2021\/01\/agaliu-lolivera-02-225x300.jpg 225w, https:\/\/olivera.org\/wp-content\/uploads\/2021\/01\/agaliu-lolivera-02-768x1024.jpg 768w, https:\/\/olivera.org\/wp-content\/uploads\/2021\/01\/agaliu-lolivera-02-1152x1536.jpg 1152w\" sizes=\"(max-width: 1200px) 100vw, 1200px\" \/><\/p>\n<p class=\"big-serif\">Con el Agaliu queremos insistir en que, con un buen trabajo en vi\u00f1a, con producciones equilibradas y con macabeos procedentes de zonas relativamente frescas, se consigue explorar la potencialidad de esta variedad para expresarse en vinos tranquilos singulares. La elaboraci\u00f3n en barrica de roble de diferentes vol\u00famenes y el trabajo de <em>battonage<\/em> peri\u00f3dico, adem\u00e1s de la experimentaci\u00f3n en nuevos materiales como los dep\u00f3sitos de cemento, nos permite llegar a encontrar esta expresi\u00f3n m\u00e1s pura del Macabeo con una aportaci\u00f3n muy equilibrada de la madera.<\/p>\n<p class=\"label-sans-serif\">Paisaje<\/p>\n<p class=\"small-sans-serif\">ORIGEN: Vi\u00f1as de Vallbona de les Monges, en la subzona Valls del Riu Corb de la DO Costers del Segre. Paisajes de parcelas caracterizadas por los m\u00e1rgenes de piedra seca, que delimitan las vi\u00f1as y conservan la fertilidad de los suelos y la eficiencia del agua. SUELOS: Suelos argilocalc\u00e1reos con niveles de pedregosidad y profundidad variables. CLIMA: El clima es mediterr\u00e1neo continental, con inviernos fr\u00edos y secos y veranos calurosos, dulcificados por el viento que, por las tardes, viene del mar (la marinada) y refresca las noches, sobre todo durante el periodo de maduraci\u00f3n. Las lluvias, escasas, se concentran en oto\u00f1o y primavera (350-450 mm anuales).<\/p>\n<p class=\"label-sans-serif\">Variedades<\/p>\n<p class=\"small-sans-serif\">Macabeo (100%)<\/p>\n<p class=\"label-sans-serif\">Viticultura<\/p>\n<p class=\"small-sans-serif\">Agricultura ecol\u00f3gica. Vendimia manual en cajas de 10-12 kg.<\/p>\n<p class=\"label-sans-serif\">Vinificaci\u00f3n<\/p>\n<p class=\"small-sans-serif\">Coupage de dos elaboraciones diferentes. Una parte del mosto fermenta a temperatura controlada (15-17\u00baC) en barrica de roble americano y franc\u00e9s, con 6-8 meses de crianza sobre las l\u00edas y <em>battonage<\/em> semanal. El resto, fermenta en dep\u00f3sito de acero inoxidable y hace una crianza de 2 meses en dep\u00f3sitos de cemento.<\/p>\n<p class=\"label-sans-serif\">Producci\u00f3n<\/p>\n<p class=\"small-sans-serif\">A\u00f1ada 2024: 14.573 botellas<\/p>\n","protected":false},"featured_media":34077,"comment_status":"open","ping_status":"closed","template":"","meta":{"_acf_changed":false},"product_brand":[],"product_cat":[47],"product_tag":[],"class_list":{"0":"post-6276","1":"product","2":"type-product","3":"status-publish","4":"has-post-thumbnail","6":"product_cat-wines-es","7":"pa_characteristics-wines-macabeos","8":"pa_origin-vallbona-es","9":"pa_unity-box-es","10":"pa_unity-single-es","11":"pa_wine-type-blancos","13":"first","14":"instock","15":"shipping-taxable","16":"purchasable","17":"product-type-simple"},"acf":[],"jetpack_sharing_enabled":true,"_links":{"self":[{"href":"https:\/\/olivera.org\/es\/wp-json\/wp\/v2\/product\/6276","targetHints":{"allow":["GET"]}}],"collection":[{"href":"https:\/\/olivera.org\/es\/wp-json\/wp\/v2\/product"}],"about":[{"href":"https:\/\/olivera.org\/es\/wp-json\/wp\/v2\/types\/product"}],"replies":[{"embeddable":true,"href":"https:\/\/olivera.org\/es\/wp-json\/wp\/v2\/comments?post=6276"}],"version-history":[{"count":14,"href":"https:\/\/olivera.org\/es\/wp-json\/wp\/v2\/product\/6276\/revisions"}],"predecessor-version":[{"id":34696,"href":"https:\/\/olivera.org\/es\/wp-json\/wp\/v2\/product\/6276\/revisions\/34696"}],"wp:featuredmedia":[{"embeddable":true,"href":"https:\/\/olivera.org\/es\/wp-json\/wp\/v2\/media\/34077"}],"wp:attachment":[{"href":"https:\/\/olivera.org\/es\/wp-json\/wp\/v2\/media?parent=6276"}],"wp:term":[{"taxonomy":"product_brand","embeddable":true,"href":"https:\/\/olivera.org\/es\/wp-json\/wp\/v2\/product_brand?post=6276"},{"taxonomy":"product_cat","embeddable":true,"href":"https:\/\/olivera.org\/es\/wp-json\/wp\/v2\/product_cat?post=6276"},{"taxonomy":"product_tag","embeddable":true,"href":"https:\/\/olivera.org\/es\/wp-json\/wp\/v2\/product_tag?post=6276"}],"curies":[{"name":"wp","href":"https:\/\/api.w.org\/{rel}","templated":true}]}}